{"id":8762,"date":"2023-11-28T10:10:06","date_gmt":"2023-11-28T09:10:06","guid":{"rendered":"https:\/\/www.wecity.com\/cnmv-plataforma-financiacion-participativa\/"},"modified":"2026-02-11T11:30:14","modified_gmt":"2026-02-11T10:30:14","slug":"cnmv-plataforma-financiacion-participativa","status":"publish","type":"page","link":"https:\/\/www.wecity.com\/pt-pt\/cnmv-plataforma-financiacion-participativa\/","title":{"rendered":"CNMV"},"content":{"rendered":"\n    <div class=\"bloque bloque_apertura confoto alignfull\" style=\"background:#e7f0ee url(https:\/\/www.wecity.com\/wp-content\/uploads\/2023\/11\/wecity-cnmv-3.jpg) no-repeat right bottom;\">\n\n        <div class=\"bloque_apertura__contenedor\">\n\n            <div class=\"container\">\n\n                <div class=\"bloque_apertura__textos\">\n                    <div>\n\n                        <p>CNMV<\/p>\n                        <h1 >\n                            Comisi\u00f3n Nacional del Mercado de Valores                                                    <\/h1>\n\n                        <p>wecity \u00e9 um prestador de servi\u00e7os de Financiamento Participativo autorizado pela Comiss\u00e3o Nacional do Mercado de Valores.<\/p>\n<p>Somos transparentes e trabalhamos no melhor interesse dos nossos clientes.<\/p>\n                    <\/div>\n                <\/div><!-- \/ .bloque-apertura__textos -->\n\t\t\t\t            <\/div><!-- \/ .container -->\n\n        <\/div><!-- \/ .bloque_apertura__contenedor -->\n\n    <\/div><!-- \/ .bloque-apertura -->\n\n\n\n<div style=\"height:30px\" aria-hidden=\"true\" class=\"wp-block-spacer\"><\/div>\n\n\n\n<div style=\"height:30px\" aria-hidden=\"true\" class=\"wp-block-spacer\"><\/div>\n\n\n\n<div class=\"wp-block-columns is-layout-flex wp-container-core-columns-is-layout-9d6595d7 wp-block-columns-is-layout-flex\">\n<div class=\"wp-block-column is-layout-flow wp-block-column-is-layout-flow\"><\/div>\n\n\n\n<div class=\"wp-block-column is-layout-flow wp-block-column-is-layout-flow\" style=\"flex-basis:500px\">\n<p class=\"has-text-align-center\">A <strong>Comisi\u00f3n Nacional del Mercado de Valores<\/strong> \u00e9 um organismo regulador independente dependente da Secretaria de Estado da Economia e Apoio \u00e0s Empresas do Minist\u00e9rio dos Assuntos Econ\u00f3micos e da Transforma\u00e7\u00e3o Digital.<\/p>\n<\/div>\n\n\n\n<div class=\"wp-block-column is-layout-flow wp-block-column-is-layout-flow\"><\/div>\n<\/div>\n\n\n\n<div style=\"height:30px\" aria-hidden=\"true\" class=\"wp-block-spacer\"><\/div>\n\n\n\n<div class=\"wp-block-columns is-style-carrusel is-style-sin-separacion is-layout-flex wp-container-core-columns-is-layout-9d6595d7 wp-block-columns-is-layout-flex\">\n<div class=\"wp-block-column is-layout-flow wp-block-column-is-layout-flow\" style=\"flex-basis:17.31%\"><\/div>\n\n\n\n<div class=\"wp-block-column is-layout-flow wp-block-column-is-layout-flow\" style=\"flex-basis:33%\"><div class=\"wp-block-image\">\n<figure class=\"aligncenter size-full\"><img decoding=\"async\" width=\"60\" height=\"60\" src=\"https:\/\/www.wecity.com\/wp-content\/uploads\/2023\/11\/wecity-cnmv.png\" alt=\"\" class=\"wp-image-8597\" style=\"object-fit:cover\" srcset=\"https:\/\/www.wecity.com\/wp-content\/uploads\/2023\/11\/wecity-cnmv.png 60w, https:\/\/www.wecity.com\/wp-content\/uploads\/2023\/11\/wecity-cnmv-48x48.png 48w\" sizes=\"(max-width: 60px) 100vw, 60px\" \/><\/figure>\n<\/div>\n\n\n<p class=\"has-text-align-center has-normal-font-size\"><strong>Licen\u00e7a n\u00ba9<\/strong><\/p>\n\n\n\n<div style=\"height:30px\" aria-hidden=\"true\" class=\"wp-block-spacer\"><\/div>\n\n\n\n<div class=\"wp-block-group is-content-justification-center is-nowrap is-layout-flex wp-container-core-group-is-layout-94bc23d7 wp-block-group-is-layout-flex\">\n<div class=\"wp-block-buttons is-layout-flex wp-block-buttons-is-layout-flex\">\n<div class=\"wp-block-button is-style-outline is-style-outline--1\"><a class=\"wp-block-button__link has-text-align-center wp-element-button\" href=\"https:\/\/www.cnmv.es\/portal\/consultas\/servicios-financiacion-participativa\/proveedor.aspx?vista=0&amp;nreg=9&amp;nif=B88317003\" target=\"_blank\" rel=\"noreferrer noopener nofollow\">Ver<\/a><\/div>\n<\/div>\n<\/div>\n\n\n\n<div style=\"height:16px\" aria-hidden=\"true\" class=\"wp-block-spacer\"><\/div>\n<\/div>\n\n\n\n<div class=\"wp-block-column is-layout-flow wp-block-column-is-layout-flow\" style=\"flex-basis:33%\"><div class=\"wp-block-image\">\n<figure class=\"aligncenter size-full\"><img decoding=\"async\" width=\"60\" height=\"60\" src=\"https:\/\/www.wecity.com\/wp-content\/uploads\/2023\/11\/wecity-actividades.png\" alt=\"\" class=\"wp-image-8601\" style=\"object-fit:cover\" srcset=\"https:\/\/www.wecity.com\/wp-content\/uploads\/2023\/11\/wecity-actividades.png 60w, https:\/\/www.wecity.com\/wp-content\/uploads\/2023\/11\/wecity-actividades-48x48.png 48w\" sizes=\"(max-width: 60px) 100vw, 60px\" \/><\/figure>\n<\/div>\n\n\n<p class=\"has-text-align-center has-normal-font-size\"><strong>Programa de actividades<\/strong><\/p>\n\n\n\n<div style=\"height:30px\" aria-hidden=\"true\" class=\"wp-block-spacer\"><\/div>\n\n\n\n<div class=\"wp-block-group is-style-default is-content-justification-center is-nowrap is-layout-flex wp-container-core-group-is-layout-94bc23d7 wp-block-group-is-layout-flex\">\n<div class=\"wp-block-buttons is-layout-flex wp-block-buttons-is-layout-flex\">\n<div class=\"wp-block-button is-style-outline is-style-outline--2\"><a class=\"wp-block-button__link has-text-align-center wp-element-button\" href=\"https:\/\/www.wecity.com\/wp-content\/uploads\/2023\/02\/verDoc.axd_.pdf\" target=\"_blank\" rel=\"noreferrer noopener\">Ver<\/a><\/div>\n<\/div>\n<\/div>\n\n\n\n<div style=\"height:16px\" aria-hidden=\"true\" class=\"wp-block-spacer\"><\/div>\n<\/div>\n\n\n\n<div class=\"wp-block-column is-layout-flow wp-block-column-is-layout-flow\" style=\"flex-basis:25%\"><\/div>\n<\/div>\n\n\n\n<div class=\"wp-block-cover alignfull is-light\" style=\"min-height:430px;aspect-ratio:unset;\"><img decoding=\"async\" width=\"1446\" height=\"463\" class=\"wp-block-cover__image-background wp-image-8586\" alt=\"\" src=\"https:\/\/www.wecity.com\/wp-content\/uploads\/2023\/11\/wecity-cnmv.jpg\" data-object-fit=\"cover\" srcset=\"https:\/\/www.wecity.com\/wp-content\/uploads\/2023\/11\/wecity-cnmv.jpg 1446w, https:\/\/www.wecity.com\/wp-content\/uploads\/2023\/11\/wecity-cnmv-300x96.jpg 300w, https:\/\/www.wecity.com\/wp-content\/uploads\/2023\/11\/wecity-cnmv-1024x328.jpg 1024w, https:\/\/www.wecity.com\/wp-content\/uploads\/2023\/11\/wecity-cnmv-768x246.jpg 768w\" sizes=\"(max-width: 1446px) 100vw, 1446px\" \/><span aria-hidden=\"true\" class=\"wp-block-cover__background has-background-dim-30 has-background-dim\"><\/span><div class=\"wp-block-cover__inner-container is-layout-flow wp-block-cover-is-layout-flow\">\n<p class=\"has-text-align-center has-large-font-size\"><\/p>\n<\/div><\/div>\n\n\n\n<div style=\"height:24px\" aria-hidden=\"true\" class=\"wp-block-spacer\"><\/div>\n\n\n\n<div class=\"wp-block-group is-vertical is-content-justification-center is-layout-flex wp-container-core-group-is-layout-4b2eccd6 wp-block-group-is-layout-flex\">\n<p class=\"has-text-align-center\" style=\"font-size:24px\"><strong>Informa\u00e7\u00e3o financeira<\/strong><\/p>\n<\/div>\n\n\n\n<div class=\"wp-block-columns is-layout-flex wp-container-core-columns-is-layout-9d6595d7 wp-block-columns-is-layout-flex\">\n<div class=\"wp-block-column is-layout-flow wp-block-column-is-layout-flow\"><\/div>\n\n\n\n<div class=\"wp-block-column is-layout-flow wp-block-column-is-layout-flow\" style=\"flex-basis:500px\">\n<p class=\"has-text-align-center\">Trata-se das contas anuais e dos relat\u00f3rios de auditoria que a wecity apresentou aos Registos Oficiais da CNMV<\/p>\n<\/div>\n\n\n\n<div class=\"wp-block-column is-layout-flow wp-block-column-is-layout-flow\"><\/div>\n<\/div>\n\n\n\n<div style=\"height:30px\" aria-hidden=\"true\" class=\"wp-block-spacer\"><\/div>\n\n\n\n<div class=\"wp-block-columns is-style-carrusel is-style-sin-separacion is-layout-flex wp-container-core-columns-is-layout-9d6595d7 wp-block-columns-is-layout-flex\">\n<div class=\"wp-block-column is-layout-flow wp-block-column-is-layout-flow\" style=\"flex-basis:15%\"><\/div>\n\n\n\n<div class=\"wp-block-column is-layout-flow wp-block-column-is-layout-flow\" style=\"flex-basis:25%\"><div class=\"wp-block-image\">\n<figure class=\"aligncenter size-full\"><img decoding=\"async\" width=\"60\" height=\"60\" src=\"https:\/\/www.wecity.com\/wp-content\/uploads\/2023\/11\/wecity-auditoria.png\" alt=\"\" class=\"wp-image-8605\" srcset=\"https:\/\/www.wecity.com\/wp-content\/uploads\/2023\/11\/wecity-auditoria.png 60w, https:\/\/www.wecity.com\/wp-content\/uploads\/2023\/11\/wecity-auditoria-48x48.png 48w\" sizes=\"(max-width: 60px) 100vw, 60px\" \/><\/figure>\n<\/div>\n\n\n<p class=\"has-text-align-center\"><strong>Auditoria 2020<\/strong><\/p>\n\n\n\n<div style=\"height:30px\" aria-hidden=\"true\" class=\"wp-block-spacer\"><\/div>\n\n\n\n<div class=\"wp-block-group is-content-justification-center is-nowrap is-layout-flex wp-container-core-group-is-layout-94bc23d7 wp-block-group-is-layout-flex\">\n<div class=\"wp-block-buttons is-layout-flex wp-block-buttons-is-layout-flex\">\n<div class=\"wp-block-button is-style-outline is-style-outline--3\"><a class=\"wp-block-button__link wp-element-button\" href=\"https:\/\/www.wecity.com\/wp-content\/uploads\/2023\/02\/Cityprive_auditoria2020.pdf\" target=\"_blank\" rel=\"noreferrer noopener\">Descarregar<\/a><\/div>\n<\/div>\n<\/div>\n\n\n\n<div style=\"height:16px\" aria-hidden=\"true\" class=\"wp-block-spacer\"><\/div>\n\n\n\n<p class=\"has-text-align-center has-text-color has-normal-font-size\" style=\"color:#001136\"><\/p>\n<\/div>\n\n\n\n<div class=\"wp-block-column is-layout-flow wp-block-column-is-layout-flow\" style=\"flex-basis:25%\"><div class=\"wp-block-image\">\n<figure class=\"aligncenter size-full\"><img decoding=\"async\" width=\"60\" height=\"60\" src=\"https:\/\/www.wecity.com\/wp-content\/uploads\/2023\/11\/wecity-auditoria.png\" alt=\"\" class=\"wp-image-8605\" srcset=\"https:\/\/www.wecity.com\/wp-content\/uploads\/2023\/11\/wecity-auditoria.png 60w, https:\/\/www.wecity.com\/wp-content\/uploads\/2023\/11\/wecity-auditoria-48x48.png 48w\" sizes=\"(max-width: 60px) 100vw, 60px\" \/><\/figure>\n<\/div>\n\n\n<p class=\"has-text-align-center\"><strong>Auditoria 2021<\/strong><\/p>\n\n\n\n<div style=\"height:30px\" aria-hidden=\"true\" class=\"wp-block-spacer\"><\/div>\n\n\n\n<div class=\"wp-block-group is-content-justification-center is-nowrap is-layout-flex wp-container-core-group-is-layout-94bc23d7 wp-block-group-is-layout-flex\">\n<div class=\"wp-block-buttons is-layout-flex wp-block-buttons-is-layout-flex\">\n<div class=\"wp-block-button is-style-outline is-style-outline--4\"><a class=\"wp-block-button__link wp-element-button\" href=\"https:\/\/www.wecity.com\/wp-content\/uploads\/2023\/02\/CUENTAS-ANUALES-2021.pdf\" target=\"_blank\" rel=\"noreferrer noopener\">Descarregar<\/a><\/div>\n<\/div>\n<\/div>\n\n\n\n<div style=\"height:16px\" aria-hidden=\"true\" class=\"wp-block-spacer\"><\/div>\n\n\n\n<p class=\"has-text-align-center has-text-color has-normal-font-size\" style=\"color:#001136\"><\/p>\n<\/div>\n\n\n\n<div class=\"wp-block-column is-layout-flow wp-block-column-is-layout-flow\" style=\"flex-basis:25%\"><div class=\"wp-block-image\">\n<figure class=\"aligncenter size-full\"><img decoding=\"async\" width=\"60\" height=\"60\" src=\"https:\/\/www.wecity.com\/wp-content\/uploads\/2023\/11\/wecity-auditoria.png\" alt=\"\" class=\"wp-image-8605\" srcset=\"https:\/\/www.wecity.com\/wp-content\/uploads\/2023\/11\/wecity-auditoria.png 60w, https:\/\/www.wecity.com\/wp-content\/uploads\/2023\/11\/wecity-auditoria-48x48.png 48w\" sizes=\"(max-width: 60px) 100vw, 60px\" \/><\/figure>\n<\/div>\n\n\n<p class=\"has-text-align-center\"><strong>Auditoria 2022<\/strong><\/p>\n\n\n\n<div style=\"height:30px\" aria-hidden=\"true\" class=\"wp-block-spacer\"><\/div>\n\n\n\n<div class=\"wp-block-group is-content-justification-center is-nowrap is-layout-flex wp-container-core-group-is-layout-94bc23d7 wp-block-group-is-layout-flex\">\n<div class=\"wp-block-buttons is-layout-flex wp-block-buttons-is-layout-flex\">\n<div class=\"wp-block-button is-style-outline is-style-outline--5\"><a class=\"wp-block-button__link wp-element-button\" href=\"https:\/\/www.wecity.com\/wp-content\/uploads\/2023\/11\/CITYPRIVE-2022-cuentas-anuales-auditadas.pdf\" target=\"_blank\" rel=\"noreferrer noopener\">Descarregar<\/a><\/div>\n<\/div>\n<\/div>\n\n\n\n<div style=\"height:16px\" aria-hidden=\"true\" class=\"wp-block-spacer\"><\/div>\n\n\n\n<p class=\"has-text-align-center has-text-color has-normal-font-size\" style=\"color:#001136\"><\/p>\n<\/div>\n\n\n\n<div class=\"wp-block-column is-layout-flow wp-block-column-is-layout-flow\" style=\"flex-basis:25%\"><div class=\"wp-block-image\">\n<figure class=\"aligncenter size-full\"><img decoding=\"async\" width=\"60\" height=\"60\" src=\"https:\/\/www.wecity.com\/wp-content\/uploads\/2023\/11\/wecity-auditoria.png\" alt=\"\" class=\"wp-image-8605\" srcset=\"https:\/\/www.wecity.com\/wp-content\/uploads\/2023\/11\/wecity-auditoria.png 60w, https:\/\/www.wecity.com\/wp-content\/uploads\/2023\/11\/wecity-auditoria-48x48.png 48w\" sizes=\"(max-width: 60px) 100vw, 60px\" \/><\/figure>\n<\/div>\n\n\n<p class=\"has-text-align-center\"><strong>Auditoria 2023<\/strong><\/p>\n\n\n\n<div style=\"height:30px\" aria-hidden=\"true\" class=\"wp-block-spacer\"><\/div>\n\n\n\n<div class=\"wp-block-group is-content-justification-center is-nowrap is-layout-flex wp-container-core-group-is-layout-94bc23d7 wp-block-group-is-layout-flex\">\n<div class=\"wp-block-buttons is-layout-flex wp-block-buttons-is-layout-flex\">\n<div class=\"wp-block-button is-style-outline is-style-outline--6\"><a class=\"wp-block-button__link wp-element-button\" href=\"https:\/\/www.wecity.com\/wp-content\/uploads\/2024\/10\/CITYPRIVE-2023-cuentas-anuales-auditadas.pdf\" target=\"_blank\" rel=\"noreferrer noopener\">Descarregar<\/a><\/div>\n<\/div>\n<\/div>\n\n\n\n<div style=\"height:16px\" aria-hidden=\"true\" class=\"wp-block-spacer\"><\/div>\n\n\n\n<p class=\"has-text-align-center has-text-color has-normal-font-size\" style=\"color:#001136\"><\/p>\n<\/div>\n\n\n\n<div class=\"wp-block-column is-layout-flow wp-block-column-is-layout-flow\" style=\"flex-basis:25%\"><div class=\"wp-block-image\">\n<figure class=\"aligncenter size-full\"><img decoding=\"async\" width=\"60\" height=\"60\" src=\"https:\/\/www.wecity.com\/wp-content\/uploads\/2023\/11\/wecity-auditoria.png\" alt=\"\" class=\"wp-image-8605\" srcset=\"https:\/\/www.wecity.com\/wp-content\/uploads\/2023\/11\/wecity-auditoria.png 60w, https:\/\/www.wecity.com\/wp-content\/uploads\/2023\/11\/wecity-auditoria-48x48.png 48w\" sizes=\"(max-width: 60px) 100vw, 60px\" \/><\/figure>\n<\/div>\n\n\n<p class=\"has-text-align-center\"><strong>Auditoria 2024<\/strong><\/p>\n\n\n\n<div style=\"height:30px\" aria-hidden=\"true\" class=\"wp-block-spacer\"><\/div>\n\n\n\n<div class=\"wp-block-group is-content-justification-center is-nowrap is-layout-flex wp-container-core-group-is-layout-94bc23d7 wp-block-group-is-layout-flex\">\n<div class=\"wp-block-buttons is-layout-flex wp-block-buttons-is-layout-flex\">\n<div class=\"wp-block-button is-style-outline is-style-outline--7\"><a class=\"wp-block-button__link wp-element-button\" href=\"https:\/\/www.wecity.com\/wp-content\/uploads\/2026\/02\/Cuentas-AUDITADAS-ejercicio-2.024.pdf\" target=\"_blank\" rel=\"noreferrer noopener\">Descarregar<\/a><\/div>\n<\/div>\n<\/div>\n\n\n\n<div style=\"height:16px\" aria-hidden=\"true\" class=\"wp-block-spacer\"><\/div>\n\n\n\n<p class=\"has-text-align-center has-text-color has-normal-font-size\" style=\"color:#001136\"><\/p>\n<\/div>\n\n\n\n<div class=\"wp-block-column is-layout-flow wp-block-column-is-layout-flow\" style=\"flex-basis:15%\"><\/div>\n<\/div>\n\n\n\n<div style=\"height:40px\" aria-hidden=\"true\" class=\"wp-block-spacer\"><\/div>\n\n\n\n<p class=\"has-text-align-center\" style=\"font-size:24px\"><strong>Ley de fomento <\/strong><br><strong>de la financiaci\u00f3n empresarial<\/strong><\/p>\n\n\n\n<div class=\"wp-block-columns is-layout-flex wp-container-core-columns-is-layout-9d6595d7 wp-block-columns-is-layout-flex\">\n<div class=\"wp-block-column is-layout-flow wp-block-column-is-layout-flow\"><\/div>\n\n\n\n<div class=\"wp-block-column is-vertically-aligned-center is-layout-flow wp-block-column-is-layout-flow\" style=\"flex-basis:800px\">\n<p class=\"has-text-align-center has-small-font-size\"><br>O wecity est\u00e1 em conformidade com a <a href=\"https:\/\/www.boe.es\/buscar\/act.php?id=BOE-A-2015-4607&amp;p=20230318&amp;tn=1\" target=\"_blank\" rel=\"noreferrer noopener nofollow\">ley 5\/2015 de fomento de la financiaci\u00f3n empresarial.<\/a>&nbsp;. Alerta para os riscos inerentes \u00e0 participa\u00e7\u00e3o na subscri\u00e7\u00e3o de ac\u00e7\u00f5es, participa\u00e7\u00f5es ou outros t\u00edtulos representativos de capital e obriga\u00e7\u00f5es, o risco de perda total ou parcial do capital investido, o risco de n\u00e3o obter o rendimento pecuni\u00e1rio esperado, o risco de falta de liquidez, o risco de dilui\u00e7\u00e3o da participa\u00e7\u00e3o, o risco de n\u00e3o receber dividendos e o risco de n\u00e3o poder influenciar a gest\u00e3o. N\u00e3o \u00e9 uma sociedade de servi\u00e7os de investimento ou uma institui\u00e7\u00e3o de cr\u00e9dito e n\u00e3o \u00e9 membro de nenhum fundo de garantia de investimentos ou de dep\u00f3sitos. As oportunidades n\u00e3o est\u00e3o sujeitas a autoriza\u00e7\u00e3o ou supervis\u00e3o da CNMV ou do Banco de Espanha e as informa\u00e7\u00f5es fornecidas pelo promotor n\u00e3o foram revistas por estas entidades, nem constituem, no caso da emiss\u00e3o de t\u00edtulos, um prospeto aprovado pela Comiss\u00e3o Nacional do Mercado de Valores Mobili\u00e1rios. O investimento em bens imobili\u00e1rios deve ser efectuado no \u00e2mbito de uma carteira diversificada. wecity destina-se a investidores com conhecimentos suficientes para compreender os riscos do investimento em empresas em fase de arranque.<\/p>\n<\/div>\n\n\n\n<div class=\"wp-block-column is-layout-flow wp-block-column-is-layout-flow\"><\/div>\n<\/div>\n\n\n\n<div style=\"height:25px\" aria-hidden=\"true\" class=\"wp-block-spacer\"><\/div>\n","protected":false},"excerpt":{"rendered":"<p>A Comisi\u00f3n Nacional del Mercado de Valores \u00e9 um organismo regulador independente dependente da Secretaria de Estado da Economia e [&hellip;]<\/p>\n","protected":false},"author":2,"featured_media":0,"parent":0,"menu_order":3,"comment_status":"closed","ping_status":"closed","template":"","meta":{"_acf_changed":false,"footnotes":""},"class_list":["post-8762","page","type-page","status-publish","hentry"],"acf":[],"_links":{"self":[{"href":"https:\/\/www.wecity.com\/pt-pt\/wp-json\/wp\/v2\/pages\/8762","targetHints":{"allow":["GET"]}}],"collection":[{"href":"https:\/\/www.wecity.com\/pt-pt\/wp-json\/wp\/v2\/pages"}],"about":[{"href":"https:\/\/www.wecity.com\/pt-pt\/wp-json\/wp\/v2\/types\/page"}],"author":[{"embeddable":true,"href":"https:\/\/www.wecity.com\/pt-pt\/wp-json\/wp\/v2\/users\/2"}],"replies":[{"embeddable":true,"href":"https:\/\/www.wecity.com\/pt-pt\/wp-json\/wp\/v2\/comments?post=8762"}],"version-history":[{"count":2,"href":"https:\/\/www.wecity.com\/pt-pt\/wp-json\/wp\/v2\/pages\/8762\/revisions"}],"predecessor-version":[{"id":24003,"href":"https:\/\/www.wecity.com\/pt-pt\/wp-json\/wp\/v2\/pages\/8762\/revisions\/24003"}],"wp:attachment":[{"href":"https:\/\/www.wecity.com\/pt-pt\/wp-json\/wp\/v2\/media?parent=8762"}],"curies":[{"name":"wp","href":"https:\/\/api.w.org\/{rel}","templated":true}]}}