{"id":8685,"date":"2023-11-28T15:30:31","date_gmt":"2023-11-28T14:30:31","guid":{"rendered":"https:\/\/www.wecity.com\/?page_id=8685"},"modified":"2023-11-30T17:06:53","modified_gmt":"2023-11-30T16:06:53","slug":"seguranca-dos-investidores","status":"publish","type":"page","link":"https:\/\/www.wecity.com\/pt-pt\/seguranca-dos-investidores\/","title":{"rendered":"Seguran\u00e7a dos investidores"},"content":{"rendered":"\n    <div class=\"bloque bloque_apertura confoto alignfull\" style=\"background:#f4f5f7 url(https:\/\/www.wecity.com\/wp-content\/uploads\/2023\/02\/fondo-seguridad-2.png) no-repeat right bottom;\">\n\n        <div class=\"bloque_apertura__contenedor\">\n\n            <div class=\"container\">\n\n                <div class=\"bloque_apertura__textos\">\n                    <div>\n\n                        <p>Seguran\u00e7a dos investidores<\/p>\n                        <h1 >\n                            Seguran\u00e7a:                                                    <\/h1>\n\n                        <p><em><strong>&#8220;Um sentimento de total confian\u00e7a em algo ou algu\u00e9m&#8221;.<\/strong><\/em><br \/>\n<em>@rae<\/em><\/p>\n<p>Na wecity trabalhamos com a tecnologia mais segura para proteger tanto os seus investimentos como a sua informa\u00e7\u00e3o.<\/p>\n                    <\/div>\n                <\/div><!-- \/ .bloque-apertura__textos -->\n\t\t\t\t            <\/div><!-- \/ .container -->\n\n        <\/div><!-- \/ .bloque_apertura__contenedor -->\n\n    <\/div><!-- \/ .bloque-apertura -->\n\n\n\n    <div class=\"bloque bloque-tipos bloque-tipos--generico\" style=\"background:#ffffff\">\n\n        <div class=\"container\">\n\n\t\t\t                <h2 class=\"titulo-bloque\">\n\t\t\t\t\tSeguran\u00e7a tecnol\u00f3gica, seguran\u00e7a dos dados                <\/h2>\n\t\t\t\n\t\t\t<p>Na wecity dispomos dos \u00faltimos avan\u00e7os tecnol\u00f3gicos e contamos com os protocolos de seguran\u00e7a mais avan\u00e7ados para garantir a privacidade da informa\u00e7\u00e3o.<\/p>\n\n\t\t\t\n                                <ul class=\"bloque-tipos__wrapper\">\n\t\t\t\t\t                            <li class=\"bloque-tipos__tipo\">\n\t\t\t\t\t\t\t\t                                    <img decoding=\"async\" src=\"https:\/\/www.wecity.com\/wp-content\/uploads\/2023\/02\/Transparencia-wecity.png\"\n                                         width=\"348\"\n                                         height=\"325\"\n                                         alt=\"\"  loading=\"lazy\"\/>\n\t\t\t\t\t\t\t\t\t\t\t\t\t\t\t\t                                    <h3>Verifica\u00e7\u00e3o e controlo<\/h3>\n\t\t\t\t\t\t\t\t\t\t\t\t\t\t\t\t<p>A identidade dos nossos clientes \u00e9 verificada antes e depois de cada transa\u00e7\u00e3o.<\/p>\n                            <\/li>\n\t\t\t\t\t\t\t\t\t\t\t                            <li class=\"bloque-tipos__tipo\">\n\t\t\t\t\t\t\t\t                                    <img decoding=\"async\" src=\"https:\/\/www.wecity.com\/wp-content\/uploads\/2023\/02\/24-7-wecity.png\"\n                                         width=\"404\"\n                                         height=\"271\"\n                                         alt=\"\"  loading=\"lazy\"\/>\n\t\t\t\t\t\t\t\t\t\t\t\t\t\t\t\t                                    <h3>Ajuda 24\/7<\/h3>\n\t\t\t\t\t\t\t\t\t\t\t\t\t\t\t\t<p>Identificou uma atividade suspeita?<br \/>\nContacte a <strong>wecity<\/strong> e daremos in\u00edcio ao nosso protocolo de seguran\u00e7a e mitiga\u00e7\u00e3o.<\/p>\n                            <\/li>\n\t\t\t\t\t\t\t\t\t\t\t                            <li class=\"bloque-tipos__tipo\">\n\t\t\t\t\t\t\t\t                                    <img decoding=\"async\" src=\"https:\/\/www.wecity.com\/wp-content\/uploads\/2023\/02\/Seguridad-wecity.png\"\n                                         width=\"279\"\n                                         height=\"354\"\n                                         alt=\"\"  loading=\"lazy\"\/>\n\t\t\t\t\t\t\t\t\t\t\t\t\t\t\t\t                                    <h3>C\u00f3pias de seguran\u00e7a<\/h3>\n\t\t\t\t\t\t\t\t\t\t\t\t\t\t\t\t<p>Dispomos de um sistema avan\u00e7ado de c\u00f3pias de seguran\u00e7a que nos permite garantir que nenhum dado se perde.<\/p>\n                            <\/li>\n\t\t\t\t\t\t\t\t\t\t\t                            <li class=\"bloque-tipos__tipo\">\n\t\t\t\t\t\t\t\t                                    <img decoding=\"async\" src=\"https:\/\/www.wecity.com\/wp-content\/uploads\/2023\/02\/Seguridad-operativa-wecity-2.png\"\n                                         width=\"297\"\n                                         height=\"378\"\n                                         alt=\"\"  loading=\"lazy\"\/>\n\t\t\t\t\t\t\t\t\t\t\t\t\t\t\t\t                                    <h3>Encripta\u00e7\u00e3o de informa\u00e7\u00f5es<\/h3>\n\t\t\t\t\t\t\t\t\t\t\t\t\t\t\t\t<p>Estabelecemos uma liga\u00e7\u00e3o encriptada atrav\u00e9s de um certificado SSL entre o navegador e a plataforma. Garantimos a seguran\u00e7a da transfer\u00eancia das suas informa\u00e7\u00f5es.<\/p>\n                            <\/li>\n\t\t\t\t\t\t\t\t\t\t\t                            <li class=\"bloque-tipos__tipo\">\n\t\t\t\t\t\t\t\t                                    <img decoding=\"async\" src=\"https:\/\/www.wecity.com\/wp-content\/uploads\/2023\/02\/Servidores-wecity.png\"\n                                         width=\"321\"\n                                         height=\"267\"\n                                         alt=\"\"  loading=\"lazy\"\/>\n\t\t\t\t\t\t\t\t\t\t\t\t\t\t\t\t                                    <h3>Servidores pr\u00f3prios<\/h3>\n\t\t\t\t\t\t\t\t\t\t\t\t\t\t\t\t<p>Dispomos dos nossos pr\u00f3prios servidores para garantir a integridade dos dados e impedir o acesso fraudulento.<\/p>\n                            <\/li>\n\t\t\t\t\t\t\t\t\t\t\t                            <li class=\"bloque-tipos__tipo\">\n\t\t\t\t\t\t\t\t                                    <img decoding=\"async\" src=\"https:\/\/www.wecity.com\/wp-content\/uploads\/2023\/02\/candado_wecity.png\"\n                                         width=\"258\"\n                                         height=\"317\"\n                                         alt=\"\"  loading=\"lazy\"\/>\n\t\t\t\t\t\t\t\t\t\t\t\t\t\t\t\t                                    <h3>As suas informa\u00e7\u00f5es s\u00e3o exclusivamente suas<\/h3>\n\t\t\t\t\t\t\t\t\t\t\t\t\t\t\t\t<p>Nunca partilhamos as suas informa\u00e7\u00f5es de pagamento com outros utilizadores. Sem excep\u00e7\u00f5es. Este \u00e9 o nosso compromisso para consigo.<\/p>\n                            <\/li>\n\t\t\t\t\t\t\t\t\t\t\t                <\/ul>\n\n                \t\t\t\n\t\t\t\n\t\t\t        <\/div><!-- \/ .container -->\n    <\/div><!-- \/ .bloque-tipos -->\n\n\n\n    <div class=\"bloque bloque-tipos bloque-tipos--generico\" >\n\n        <div class=\"container\">\n\n\t\t\t                <h2 class=\"titulo-bloque\">\n\t\t\t\t\tSeguridad normativa, seguridad operativa                <\/h2>\n\t\t\t\n\t\t\t<p>wecity es una plataforma tecnol\u00f3gica que ha sido autorizada por la Comisi\u00f3n Nacional del Mercado de Valores e inscrita con el n\u00famero de registro 9.<\/p>\n\n\t\t\t\n                                <ul class=\"bloque-tipos__wrapper\">\n\t\t\t\t\t                            <li class=\"bloque-tipos__tipo\">\n\t\t\t\t\t\t\t\t                                    <img decoding=\"async\" src=\"https:\/\/www.wecity.com\/wp-content\/uploads\/2023\/02\/CNMV-ok-wecity.png\"\n                                         width=\"425\"\n                                         height=\"430\"\n                                         alt=\"\"  loading=\"lazy\"\/>\n\t\t\t\t\t\t\t\t\t\t\t\t\t\t\t\t                                    <h3>CNMV<\/h3>\n\t\t\t\t\t\t\t\t\t\t\t\t\t\t\t\t<p>Somos una Plataforma de Financiaci\u00f3n Participativa autorizada por la Comisi\u00f3n Nacional del Mercado de Valores (CNMV), inscrita con n\u00famero de registro 30.<\/p>\n                            <\/li>\n\t\t\t\t\t\t\t\t\t\t\t                            <li class=\"bloque-tipos__tipo\">\n\t\t\t\t\t\t\t\t                                    <img decoding=\"async\" src=\"https:\/\/www.wecity.com\/wp-content\/uploads\/2023\/02\/cnmv-wecity.png\"\n                                         width=\"408\"\n                                         height=\"371\"\n                                         alt=\"\"  loading=\"lazy\"\/>\n\t\t\t\t\t\t\t\t\t\t\t\t\t\t\t\t                                    <h3>Banco de Espa\u00f1a<\/h3>\n\t\t\t\t\t\t\t\t\t\t\t\t\t\t\t\t<p>La transacci\u00f3n est\u00e1 garantizada a trav\u00e9s de Lemonway. Esta entidad est\u00e1 registrada en Banco de Espa\u00f1a como Entidad de Pago Comunitaria operante.<\/p>\n                            <\/li>\n\t\t\t\t\t\t\t\t\t\t\t                            <li class=\"bloque-tipos__tipo\">\n\t\t\t\t\t\t\t\t                                    <img decoding=\"async\" src=\"https:\/\/www.wecity.com\/wp-content\/uploads\/2023\/02\/Seguridad-operativa-wecity-1.png\"\n                                         width=\"297\"\n                                         height=\"378\"\n                                         alt=\"\"  loading=\"lazy\"\/>\n\t\t\t\t\t\t\t\t\t\t\t\t\t\t\t\t                                    <h3>Seguridad Operativa<\/h3>\n\t\t\t\t\t\t\t\t\t\t\t\t\t\t\t\t<p>Desde tu monedero electr\u00f3nico en Lemonway podr\u00e1s controlar tus fondos en todo momento. Solo se transfieren en el momento en que la oportunidad de inversi\u00f3n alcance su objetivo.<\/p>\n                            <\/li>\n\t\t\t\t\t\t\t\t\t\t\t                            <li class=\"bloque-tipos__tipo\">\n\t\t\t\t\t\t\t\t                                    <img decoding=\"async\" src=\"https:\/\/www.wecity.com\/wp-content\/uploads\/2023\/02\/Antifraude_wecity.png\"\n                                         width=\"348\"\n                                         height=\"370\"\n                                         alt=\"\"  loading=\"lazy\"\/>\n\t\t\t\t\t\t\t\t\t\t\t\t\t\t\t\t                                    <h3>Auditor\u00eda a Promotores<\/h3>\n\t\t\t\t\t\t\t\t\t\t\t\t\t\t\t\t<p>El Comit\u00e9 de Expertos de wecity analiza a los promotores que est\u00e1n detr\u00e1s de los proyectos. Llevamos a cabo un sistema de an\u00e1lisis del gestor y del proyecto.<\/p>\n                            <\/li>\n\t\t\t\t\t\t\t\t\t\t\t                            <li class=\"bloque-tipos__tipo\">\n\t\t\t\t\t\t\t\t                                    <img decoding=\"async\" src=\"https:\/\/www.wecity.com\/wp-content\/uploads\/2023\/02\/Vigilancia-wecity.png\"\n                                         width=\"416\"\n                                         height=\"337\"\n                                         alt=\"\"  loading=\"lazy\"\/>\n\t\t\t\t\t\t\t\t\t\t\t\t\t\t\t\t                                    <h3>Vigilancia<\/h3>\n\t\t\t\t\t\t\t\t\t\t\t\t\t\t\t\t<p>Nuestros equipos tecnol\u00f3gicos vigilan la aparici\u00f3n de actividad sospechosa durante las 24 horas del d\u00eda, durante toda la vida del cliente.<\/p>\n                            <\/li>\n\t\t\t\t\t\t\t\t\t\t\t                            <li class=\"bloque-tipos__tipo\">\n\t\t\t\t\t\t\t\t                                    <img decoding=\"async\" src=\"https:\/\/www.wecity.com\/wp-content\/uploads\/2023\/02\/Antifraude_wecity-1.png\"\n                                         width=\"348\"\n                                         height=\"370\"\n                                         alt=\"\"  loading=\"lazy\"\/>\n\t\t\t\t\t\t\t\t\t\t\t\t\t\t\t\t                                    <h3>Especialistas antifraude<\/h3>\n\t\t\t\t\t\t\t\t\t\t\t\t\t\t\t\t<p>Especialistas antifraude controlan todas y cada una de las inversiones realizadas a trav\u00e9s de wecity.<\/p>\n                            <\/li>\n\t\t\t\t\t\t\t\t\t\t\t                <\/ul>\n\n                \t\t\t\n\t\t\t\n\t\t\t        <\/div><!-- \/ .container -->\n    <\/div><!-- \/ .bloque-tipos -->\n\n\n\n    <div class=\"bloque bloque-tipos bloque-tipos--generico\" >\n\n        <div class=\"container\">\n\n\t\t\t                <h2 class=\"titulo-bloque\">\n\t\t\t\t\tAjudamo-lo                <\/h2>\n\t\t\t\n\t\t\t<p>Se tiver d\u00favidas ou suspeitar de alguma atividade,<br \/>\nn\u00e3o hesite em contactar-nos o mais rapidamente poss\u00edvel.<\/p>\n\n\t\t\t\n                                <ul class=\"bloque-tipos__wrapper\">\n\t\t\t\t\t                            <li class=\"bloque-tipos__tipo\">\n\t\t\t\t\t\t\t\t                                    <img decoding=\"async\" src=\"https:\/\/www.wecity.com\/wp-content\/uploads\/2023\/02\/contacto-wecity.png\"\n                                         width=\"150\"\n                                         height=\"98\"\n                                         alt=\"\"  loading=\"lazy\"\/>\n\t\t\t\t\t\t\t\t\t\t\t\t\t\t\t\t\t\t\t\t\t\t\t\t<p><a href=\"mailto:info@wecity.com\">info@wecity.com<\/a><\/p>\n                            <\/li>\n\t\t\t\t\t\t\t\t\t\t\t                            <li class=\"bloque-tipos__tipo\">\n\t\t\t\t\t\t\t\t                                    <img decoding=\"async\" src=\"https:\/\/www.wecity.com\/wp-content\/uploads\/2023\/02\/phone-wecity.png\"\n                                         width=\"150\"\n                                         height=\"156\"\n                                         alt=\"\"  loading=\"lazy\"\/>\n\t\t\t\t\t\t\t\t\t\t\t\t\t\t\t\t\t\t\t\t\t\t\t\t<p><a href=\"tel:+34628534063\">+34 628 534 063<\/a><\/p>\n                            <\/li>\n\t\t\t\t\t\t\t\t\t\t\t                <\/ul>\n\n                \t\t\t\n\t\t\t\n\t\t\t        <\/div><!-- \/ .container -->\n    <\/div><!-- \/ .bloque-tipos -->\n","protected":false},"excerpt":{"rendered":"","protected":false},"author":3,"featured_media":0,"parent":0,"menu_order":0,"comment_status":"closed","ping_status":"closed","template":"","meta":{"_acf_changed":false,"footnotes":""},"class_list":["post-8685","page","type-page","status-publish","hentry"],"acf":[],"_links":{"self":[{"href":"https:\/\/www.wecity.com\/pt-pt\/wp-json\/wp\/v2\/pages\/8685","targetHints":{"allow":["GET"]}}],"collection":[{"href":"https:\/\/www.wecity.com\/pt-pt\/wp-json\/wp\/v2\/pages"}],"about":[{"href":"https:\/\/www.wecity.com\/pt-pt\/wp-json\/wp\/v2\/types\/page"}],"author":[{"embeddable":true,"href":"https:\/\/www.wecity.com\/pt-pt\/wp-json\/wp\/v2\/users\/3"}],"replies":[{"embeddable":true,"href":"https:\/\/www.wecity.com\/pt-pt\/wp-json\/wp\/v2\/comments?post=8685"}],"version-history":[{"count":2,"href":"https:\/\/www.wecity.com\/pt-pt\/wp-json\/wp\/v2\/pages\/8685\/revisions"}],"predecessor-version":[{"id":8772,"href":"https:\/\/www.wecity.com\/pt-pt\/wp-json\/wp\/v2\/pages\/8685\/revisions\/8772"}],"wp:attachment":[{"href":"https:\/\/www.wecity.com\/pt-pt\/wp-json\/wp\/v2\/media?parent=8685"}],"curies":[{"name":"wp","href":"https:\/\/api.w.org\/{rel}","templated":true}]}}