{"id":8282,"date":"2023-01-15T07:20:37","date_gmt":"2023-01-15T06:20:37","guid":{"rendered":"https:\/\/www.wecity.com\/?page_id=8282"},"modified":"2024-04-23T10:21:43","modified_gmt":"2024-04-23T08:21:43","slug":"oportunidades","status":"publish","type":"page","link":"https:\/\/www.wecity.com\/pt-pt\/oportunidades\/","title":{"rendered":"Investidores"},"content":{"rendered":"\n    <div class=\"bloque bloque_apertura nomovil confoto alignfull\" style=\"background:#f4f5f7 url(https:\/\/www.wecity.com\/wp-content\/uploads\/2023\/11\/inversores-oportunidades-1.png) no-repeat right bottom;\">\n\n        <div class=\"bloque_apertura__contenedor\">\n\n            <div class=\"container\">\n\n                <div class=\"bloque_apertura__textos\">\n                    <div>\n\n                        <p>Oportunidades<\/p>\n                        <h1 >\n                            Oportunidades imobili\u00e1rias                                                    <\/h1>\n\n                        <p><i><span style=\"font-weight: 400\">\u201c90% dos milion\u00e1rios tornam-se propriet\u00e1rios de bens im\u00f3veis\u201d<\/span><\/i><br \/>\n@Andrew Carnegie<\/p>\n<p><span style=\"font-weight: 400\">Apresentamos-lhe as melhores oportunidades para que possa diversificar os seus investimentos.<\/span><\/p>\n<p><span style=\"font-weight: 400\">\u00c9 assim t\u00e3o f\u00e1cil. \u00c9 assim t\u00e3o claro.<\/span><\/p>\n                    <\/div>\n                <\/div><!-- \/ .bloque-apertura__textos -->\n\t\t\t\t            <\/div><!-- \/ .container -->\n\n        <\/div><!-- \/ .bloque_apertura__contenedor -->\n\n    <\/div><!-- \/ .bloque-apertura -->\n\n\n    <div class=\"bloque bloque-oportunidades bloque-oportunidades--ajax\">\n        <div class=\"container\">\n\t\t\t                <h2 class=\"titulo-bloque\">\n\t\t\t\t\tOportunidades para investir                <\/h2>\n\t\t\t\n\t\t\t\n            <p id=\"contador-oportunidades-activas\" class=\"contador-oportunidades-activas\" style=\"display: none;\"><\/p>\n\n\t\t\t                <div id=\"oportunidades_para_invertir\">\n                    <div id=\"loading-spinner-invertir\" style=\"width: 50px; margin: 50px auto;\">\n                        <svg xmlns='http:\/\/www.w3.org\/2000\/svg' viewBox='0 0 200 200'>\n                            <radialGradient id='a11' cx='.66' fx='.66' cy='.3125' fy='.3125' gradientTransform='scale(1.5)'>\n                                <stop offset='0' stop-color='#030718'><\/stop>\n                                <stop offset='.3' stop-color='#030718' stop-opacity='.9'><\/stop>\n                                <stop offset='.6' stop-color='#030718' stop-opacity='.6'><\/stop>\n                                <stop offset='.8' stop-color='#030718' stop-opacity='.3'><\/stop>\n                                <stop offset='1' stop-color='#030718' stop-opacity='0'><\/stop>\n                            <\/radialGradient>\n                            <circle transform-origin='center' fill='none' stroke='url(#a11)' stroke-width='28'\n                                    stroke-linecap='round' stroke-dasharray='200 1000' stroke-dashoffset='0' cx='100'\n                                    cy='100' r='70'>\n                                <animateTransform type='rotate' attributeName='transform' calcMode='spline' dur='1'\n                                                  values='360;0' keyTimes='0;1' keySplines='0 0 1 1'\n                                                  repeatCount='indefinite'><\/animateTransform>\n                            <\/circle>\n                            <circle transform-origin='center' fill='none' opacity='.2' stroke='#030718' stroke-width='28'\n                                    stroke-linecap='round' cx='100' cy='100' r='70'><\/circle>\n                        <\/svg>\n                    <\/div>\n                <\/div>\n\t\t\t\t\n\t\t\t        <\/div>\n    <\/div>\n\n\n    <div class=\"bloque bloque-oportunidades\">\n        <div class=\"container\">\n\t\t\t                <h2 class=\"titulo-bloque\">\n\t\t\t\t\tOportunidades financiadas                 <\/h2>\n\t\t\t\n\t\t\t\n            <div id=\"oportunidades_financiadas\" data-lang=\"pt-pt\"><\/div>\n        <\/div>\n    <\/div>\n\n\n\n    <div class=\"bloque bloque-tipos bloque-tipos--cuenta\" >\n\n        <div class=\"container\">\n\n\t\t\t                <h2 class=\"titulo-bloque\">\n\t\t\t\t\tA sua conta wecity em menos de um minuto                <\/h2>\n\t\t\t\n\t\t\t\n\t\t\t\n                                <ul class=\"bloque-tipos__wrapper\">\n\t\t\t\t\t                            <li class=\"bloque-tipos__tipo\">\n\t\t\t\t\t\t\t\t                                    <img decoding=\"async\" src=\"https:\/\/www.wecity.com\/wp-content\/uploads\/2023\/11\/Rapidez-wecity.png\"\n                                         width=\"327\"\n                                         height=\"400\"\n                                         alt=\"\"  loading=\"lazy\"\/>\n\t\t\t\t\t\t\t\t\t\t\t\t\t\t\t\t                                    <h3> R\u00e1pido<\/h3>\n\t\t\t\t\t\t\t\t\t\t\t\t\t\t\t\t<p><span style=\"font-weight: 400\">Registe-se em<\/span><span style=\"font-weight: 400\"><br \/>\n<\/span><span style=\"font-weight: 400\"> menos de um minuto<\/span><\/p>\n                            <\/li>\n\t\t\t\t\t\t\t\t\t\t\t                            <li class=\"bloque-tipos__tipo\">\n\t\t\t\t\t\t\t\t                                    <img decoding=\"async\" src=\"https:\/\/www.wecity.com\/wp-content\/uploads\/2023\/11\/Cero-comisiones-wecity-2.png\"\n                                         width=\"395\"\n                                         height=\"395\"\n                                         alt=\"\"  loading=\"lazy\"\/>\n\t\t\t\t\t\t\t\t\t\t\t\t\t\t\t\t                                    <h3>Sem comiss\u00f5es<\/h3>\n\t\t\t\t\t\t\t\t\t\t\t\t\t\t\t\t<p><span style=\"font-weight: 400\">Sem comiss\u00f5es<\/span><span style=\"font-weight: 400\"><br \/>\n<\/span><span style=\"font-weight: 400\"> para investir<\/span><\/p>\n                            <\/li>\n\t\t\t\t\t\t\t\t\t\t\t                            <li class=\"bloque-tipos__tipo\">\n\t\t\t\t\t\t\t\t                                    <img decoding=\"async\" src=\"https:\/\/www.wecity.com\/wp-content\/uploads\/2023\/11\/Seguridad-operativa-wecity.png\"\n                                         width=\"297\"\n                                         height=\"378\"\n                                         alt=\"\"  loading=\"lazy\"\/>\n\t\t\t\t\t\t\t\t\t\t\t\t\t\t\t\t                                    <h3> Seguro<\/h3>\n\t\t\t\t\t\t\t\t\t\t\t\t\t\t\t\t<p style=\"text-align: left\"><span style=\"font-weight: 400\">Se n\u00e3o for atingido o objetivo de financiamento,<\/span><span style=\"font-weight: 400\"><br \/>\n<\/span><span style=\"font-weight: 400\"> recupera o seu dinheiro<\/span><\/p>\n                            <\/li>\n\t\t\t\t\t\t\t\t\t\t\t                <\/ul>\n\n                \t\t\t\n\t\t\t\n\t\t\t\n                <div class=\"is-content-justification-center is-layout-flex wp-block-buttons boton boton--negro\">\n                    <div class=\"wp-block-button\">\n                        <a href=\"https:\/\/www.wecity.com\/pt-pt\/registo\/\"  class=\"wp-block-button__link wp-element-button \"\n                           title=\"Registo\" >\n\t\t\t\t\t\t\tRegisto                        <\/a>\n                    <\/div>\n                <\/div>\n\t\t\t\t        <\/div><!-- \/ .container -->\n    <\/div><!-- \/ .bloque-tipos -->\n\n\n\n    <div class=\"bloque bloque-tipos bloque-nuestras-tarifas\" >\n\n        <div class=\"container\">\n\n\t\t\t                <h2 class=\"titulo-bloque\">\n\t\t\t\t\tAs nossas tarifas                <\/h2>\n\t\t\t\n\t\t\t<p><span style=\"font-weight: 400\">N\u00e3o fique na d\u00favida quanto \u00e0s tarifas que lhe vamos cobrar\u2026 porque s\u00e3o o melhor da wecity.<\/span><\/p>\n<p><span style=\"font-weight: 400\">Para si, como investidor, \u00e9 TOTALMENTE GR\u00c1TIS.<\/span><\/p>\n\n\t\t\t\n                                <ul class=\"bloque-tipos__wrapper\">\n\t\t\t\t\t                            <li class=\"bloque-tipos__tipo\">\n\t\t\t\t\t\t\t\t                                    <img decoding=\"async\" src=\"https:\/\/www.wecity.com\/wp-content\/uploads\/2023\/02\/Cero-comisiones-wecity.png\"\n                                         width=\"395\"\n                                         height=\"395\"\n                                         alt=\"\"  loading=\"lazy\"\/>\n\t\t\t\t\t\t\t\t\t\t\t\t\t\t\t\t                                    <h3>A investidores<\/h3>\n\t\t\t\t\t\t\t\t\t\t\t\t\t\t\t\t<p><span style=\"font-weight: 400\">Tarifa de Suporte: Gr\u00e1tis<\/span><span style=\"font-weight: 400\"><br \/>\n<\/span><span style=\"font-weight: 400\"> Tarifa de Sucesso: Gr\u00e1tis<\/span><span style=\"font-weight: 400\"><br \/>\n<\/span><span style=\"font-weight: 400\"> Portal de pagamento: Gr\u00e1tis<\/span><\/p>\n                            <\/li>\n\t\t\t\t\t\t\t\t\t\t\t                            <li class=\"bloque-tipos__tipo\">\n\t\t\t\t\t\t\t\t                                    <img decoding=\"async\" src=\"https:\/\/www.wecity.com\/wp-content\/uploads\/2023\/02\/3-por-ciento-wecity.png\"\n                                         width=\"395\"\n                                         height=\"395\"\n                                         alt=\"\"  loading=\"lazy\"\/>\n\t\t\t\t\t\t\t\t\t\t\t\t\t\t\t\t                                    <h3> A promotores\t<\/h3>\n\t\t\t\t\t\t\t\t\t\t\t\t\t\t\t\t<p><span style=\"font-weight: 400\">Tarifa de Sucesso: de 3% a 8%<\/span><span style=\"font-weight: 400\"><br \/>\n<\/span><span style=\"font-weight: 400\">Portal de pagamento: inclu\u00eddo<\/span><\/p>\n                            <\/li>\n\t\t\t\t\t\t\t\t\t\t\t                <\/ul>\n\n                \t\t\t\n\t\t\t\n\t\t\t        <\/div><!-- \/ .container -->\n    <\/div><!-- \/ .bloque-tipos -->\n","protected":false},"excerpt":{"rendered":"","protected":false},"author":1,"featured_media":0,"parent":0,"menu_order":1,"comment_status":"closed","ping_status":"closed","template":"template-inversores.php","meta":{"_acf_changed":false,"footnotes":""},"class_list":["post-8282","page","type-page","status-publish","hentry"],"acf":[],"_links":{"self":[{"href":"https:\/\/www.wecity.com\/pt-pt\/wp-json\/wp\/v2\/pages\/8282","targetHints":{"allow":["GET"]}}],"collection":[{"href":"https:\/\/www.wecity.com\/pt-pt\/wp-json\/wp\/v2\/pages"}],"about":[{"href":"https:\/\/www.wecity.com\/pt-pt\/wp-json\/wp\/v2\/types\/page"}],"author":[{"embeddable":true,"href":"https:\/\/www.wecity.com\/pt-pt\/wp-json\/wp\/v2\/users\/1"}],"replies":[{"embeddable":true,"href":"https:\/\/www.wecity.com\/pt-pt\/wp-json\/wp\/v2\/comments?post=8282"}],"version-history":[{"count":1,"href":"https:\/\/www.wecity.com\/pt-pt\/wp-json\/wp\/v2\/pages\/8282\/revisions"}],"predecessor-version":[{"id":13401,"href":"https:\/\/www.wecity.com\/pt-pt\/wp-json\/wp\/v2\/pages\/8282\/revisions\/13401"}],"wp:attachment":[{"href":"https:\/\/www.wecity.com\/pt-pt\/wp-json\/wp\/v2\/media?parent=8282"}],"curies":[{"name":"wp","href":"https:\/\/api.w.org\/{rel}","templated":true}]}}