{"id":8260,"date":"2023-02-06T12:12:23","date_gmt":"2023-02-06T11:12:23","guid":{"rendered":"https:\/\/www.wecity.com\/?page_id=8260"},"modified":"2024-02-27T12:59:16","modified_gmt":"2024-02-27T11:59:16","slug":"riscos","status":"publish","type":"page","link":"https:\/\/www.wecity.com\/pt-pt\/riscos\/","title":{"rendered":"Riscos"},"content":{"rendered":"\n<h1 class=\"wp-block-heading has-medium-font-size\">Riscos<\/h1>\n\n\n\n<h2 class=\"wp-block-heading has-normal-font-size\">Riscos gerais de investimento<\/h2>\n\n\n\n<p>O principal risco associado a qualquer tipo de investimento \u00e9 a perda total ou parcial do dinheiro investido, bem como a probabilidade de a rendibilidade obtida ser inferior \u00e0 esperada ou estimada. Deve partir-se da ideia de que quanto maior for a rendibilidade estimada de um investimento, maior ser\u00e1 o risco associado ao mesmo. Ao avaliar previamente este ponto, ter\u00e1 dado um passo importante para se informar sobre um investimento. A este respeito, recomendamos vivamente que consulte o resto das informa\u00e7\u00f5es contidas neste documento.<\/p>\n\n\n\n<p><strong>Riscos operacionais<\/strong><\/p>\n\n\n\n<p>Falhas ou inadequa\u00e7\u00f5es nos processos, pessoas e sistemas podem ter um impacto significativo num investimento. Este \u00e9 o risco operacional presente em qualquer atividade de mercado. A wecity disp\u00f5e de medidas de seguran\u00e7a t\u00e9cnicas e organizacionais adequadas para minimizar o risco operacional da nossa atividade e, consequentemente, tamb\u00e9m o risco para os investidores e promotores que utilizam a nossa plataforma. Adicionalmente, dispomos de <a href=\"https:\/\/www.wecity.com\/pt-pt\/regras-para-a-defesa-do-cliente\/\" target=\"_blank\" rel=\"noreferrer noopener\">um Regulamento de Provedoria do Cliente<\/a> que regula os requisitos e procedimentos do nosso Servi\u00e7o de Apoio ao Cliente para dar o devido tratamento a todas as <a href=\"mailto:reclamaciones@wecity.com\">queixas e reclama\u00e7\u00f5es que pretenda apresentar<\/a>, de forma a resolv\u00ea-las de forma legal e eficaz.<\/p>\n\n\n\n<p><strong>Riscos de infla\u00e7\u00e3o<\/strong><\/p>\n\n\n\n<p>Numa situa\u00e7\u00e3o real de infla\u00e7\u00e3o, com o aumento cont\u00ednuo e generalizado dos pre\u00e7os dos produtos e servi\u00e7os no mercado, a perda de valor do dinheiro \u00e9 inevit\u00e1vel e, por conseguinte, a sua capacidade de consumo e o seu poder de compra s\u00e3o tamb\u00e9m reduzidos. O efeito da infla\u00e7\u00e3o em qualquer investimento \u00e9 precisamente esse: o rendimento real do investimento efectuado diminui.<\/p>\n\n\n\n<p><strong>Riscos associados \u00e0 disponibilidade do capital investido<\/strong><\/p>\n\n\n\n<p>Antes de efetuar qualquer investimento, deve considerar a disponibilidade do dinheiro que pretende investir &#8211; vai precisar dele a curto prazo? Investir significa que pode n\u00e3o conseguir ter o dinheiro investido quando precisar dele, pelo que ter\u00e1 de estar ciente do prazo estimado para a liquidez do seu investimento e o correspondente retorno. Para mais informa\u00e7\u00f5es, consulte as nossas <a href=\"https:\/\/www.wecity.com\/pt-pt\/condicoes-gerais-servicos-de-financiamento-participativo\/\">Condi\u00e7\u00f5es Gerais aplic\u00e1veis aos Servi\u00e7os de Financiamento Participativo.<\/a><\/p>\n\n\n\n<p><strong>Riscos associados \u00e0 concentra\u00e7\u00e3o de investimentos<\/strong><\/p>\n\n\n\n<p>N\u00e3o lhe vamos dizer se deve concentrar ou diversificar os seus investimentos, a decis\u00e3o \u00e9 sua, mas queremos que compreenda a regra b\u00e1sica da diversifica\u00e7\u00e3o em finan\u00e7as. Diversificar, por oposi\u00e7\u00e3o a concentrar, significa multiplicar e variar. No mundo dos investimentos, diversificar significa repartir os investimentos, distribuindo-os por uma variedade de projectos e op\u00e7\u00f5es, assumindo assim riscos menores; por oposi\u00e7\u00e3o a concentrar os investimentos num \u00fanico projeto, assumindo assim um risco mais elevado.<\/p>\n","protected":false},"excerpt":{"rendered":"<p>Riscos Riscos gerais de investimento O principal risco associado a qualquer tipo de investimento \u00e9 a perda total ou parcial [&hellip;]<\/p>\n","protected":false},"author":3,"featured_media":0,"parent":0,"menu_order":20,"comment_status":"closed","ping_status":"closed","template":"","meta":{"_acf_changed":false,"footnotes":""},"class_list":["post-8260","page","type-page","status-publish","hentry"],"acf":[],"_links":{"self":[{"href":"https:\/\/www.wecity.com\/pt-pt\/wp-json\/wp\/v2\/pages\/8260","targetHints":{"allow":["GET"]}}],"collection":[{"href":"https:\/\/www.wecity.com\/pt-pt\/wp-json\/wp\/v2\/pages"}],"about":[{"href":"https:\/\/www.wecity.com\/pt-pt\/wp-json\/wp\/v2\/types\/page"}],"author":[{"embeddable":true,"href":"https:\/\/www.wecity.com\/pt-pt\/wp-json\/wp\/v2\/users\/3"}],"replies":[{"embeddable":true,"href":"https:\/\/www.wecity.com\/pt-pt\/wp-json\/wp\/v2\/comments?post=8260"}],"version-history":[{"count":2,"href":"https:\/\/www.wecity.com\/pt-pt\/wp-json\/wp\/v2\/pages\/8260\/revisions"}],"predecessor-version":[{"id":11234,"href":"https:\/\/www.wecity.com\/pt-pt\/wp-json\/wp\/v2\/pages\/8260\/revisions\/11234"}],"wp:attachment":[{"href":"https:\/\/www.wecity.com\/pt-pt\/wp-json\/wp\/v2\/media?parent=8260"}],"curies":[{"name":"wp","href":"https:\/\/api.w.org\/{rel}","templated":true}]}}