{"id":8243,"date":"2023-01-10T18:44:33","date_gmt":"2023-01-10T17:44:33","guid":{"rendered":"https:\/\/www.wecity.com\/?page_id=8243"},"modified":"2026-01-29T16:30:01","modified_gmt":"2026-01-29T15:30:01","slug":"politica-de-privacidade","status":"publish","type":"page","link":"https:\/\/www.wecity.com\/pt-pt\/politica-de-privacidade\/","title":{"rendered":"Pol\u00edtica de privacidade\u00a0"},"content":{"rendered":"\n<p class=\"has-medium-font-size\"><strong>Pol\u00edtica de Privacidade<\/strong><\/p>\n\n\n\n<p>Esta pol\u00edtica de privacidade tem como objetivo fornecer informa\u00e7\u00f5es relacionadas ao tratamento de dados pessoais pela CITYPRIVE PSFP, S.L.U. (doravante, <strong>wecity<\/strong>) e descrever os direitos dos interessados, de acordo com o Regulamento (UE) 2016\/679 do Parlamento Europeu e do Conselho, de 27 de abril de 2016, relativo \u00e0 prote\u00e7\u00e3o das pessoas singulares no que diz respeito ao tratamento de dados pessoais e \u00e0 livre circula\u00e7\u00e3o desses dados (RGPD), e \u00e0 Lei Org\u00e2nica 3\/2018, de 5 de dezembro, de Prote\u00e7\u00e3o de Dados Pessoais e garantia dos direitos digitais (LOPDGDD).<\/p>\n\n\n\n<p><strong>Identidade e dados de contacto do Respons\u00e1vel<\/strong><\/p>\n\n\n\n<p>Titular: CITYPRIVE PSFP, S.L.U.<\/p>\n\n\n\n<p>CIF \/ NIF: B88317003<\/p>\n\n\n\n<p>Telefone: +34 919 49 03 73<\/p>\n\n\n\n<p>\u00c9 respons\u00e1vel pelo tratamento dos dados que se enumeram a seguir. Para entrar em contacto com a mesma, podem ser utilizados os seguintes canais:<\/p>\n\n\n\n<p>Atrav\u00e9s do endere\u00e7o de correio eletr\u00f3nico: <a href=\"mailto:comunicacion@wecity.com\">comunicacion@wecity.com<\/a><\/p>\n\n\n\n<p><strong>Finalidade do tratamento dos seus dados pessoais<\/strong><\/p>\n\n\n\n<p>Dentro da plataforma digital e dos meios de comunica\u00e7\u00e3o da<strong> wecity<\/strong>, a recolha e o tratamento dos dados pessoais do utilizador ser\u00e3o realizados em fun\u00e7\u00e3o do contexto e da natureza, com as seguintes finalidades:<\/p>\n\n\n\n<ul class=\"wp-block-list\">\n<li>A gest\u00e3o do atendimento de consultas e pedidos de informa\u00e7\u00e3o recebidos atrav\u00e9s do formul\u00e1rio de contacto do site.<\/li>\n\n\n\n<li>Registo de Investidores: Gerir o registo simult\u00e2neo de utilizadores investidores na plataforma wecity e na Lemonway, o que inclui dados de identifica\u00e7\u00e3o e de contacto necess\u00e1rios para cumprir as obriga\u00e7\u00f5es legais relativas a investimentos.<\/li>\n\n\n\n<li>Formul\u00e1rio de contacto para Promotores: Atender e gerir pedidos espec\u00edficos de promotores interessados em oferecer projetos, incluindo o estabelecimento de uma rela\u00e7\u00e3o contratual ou pr\u00e9-contratual.<\/li>\n\n\n\n<li>Formul\u00e1rio de contacto padr\u00e3o: Gerir consultas gerais e pedidos de informa\u00e7\u00e3o enviados por utilizadores interessados atrav\u00e9s dos formul\u00e1rios disponibilizados no site.<\/li>\n\n\n\n<li>Gest\u00e3o de investimentos: Gerir e registar informa\u00e7\u00f5es relativas aos investimentos realizados por utilizadores investidores quando surge uma oportunidade de investimento.<\/li>\n\n\n\n<li>Formul\u00e1rio de reclama\u00e7\u00f5es: Processar e responder a reclama\u00e7\u00f5es ou queixas apresentadas pelos utilizadores da plataforma.<\/li>\n<\/ul>\n\n\n\n<p><strong>Base jur\u00eddica para o tratamento dos seus dados<\/strong><\/p>\n\n\n\n<p>Consentimento do interessado (Art. 6.1.a RGPD): Para consultas gerais, pedidos de informa\u00e7\u00e3o, registo de utilizadores investidores e envio de comunica\u00e7\u00f5es comerciais, quando aplic\u00e1vel.<\/p>\n\n\n\n<p>Execu\u00e7\u00e3o de contrato ou medidas pr\u00e9-contratuais (Art. 6.1.b RGPD): Tratamento de dados necess\u00e1rios para a gest\u00e3o de investidores, promotores, clientes e fornecedores.<\/p>\n\n\n\n<p>Interesse leg\u00edtimo (Art. 6.1.f RGPD e Art. 19 LOPDGDD): Gest\u00e3o de dados de contacto profissional e envio de comunica\u00e7\u00f5es comerciais a clientes atuais, de acordo com o artigo 21.2 LSSI.<\/p>\n\n\n\n<p><strong>Conserva\u00e7\u00e3o dos dados<\/strong><\/p>\n\n\n\n<p>Em cada tratamento, os dados ser\u00e3o conservados durante a manuten\u00e7\u00e3o das rela\u00e7\u00f5es estabelecidas e, posteriormente, durante os prazos legais aplic\u00e1veis e o tempo necess\u00e1rio para cumprir a finalidade para a qual foram recolhidos e para determinar as poss\u00edveis responsabilidades que possam decorrer dessa finalidade e do tratamento dos dados. Apenas s\u00e3o solicitados os dados necess\u00e1rios para cada tratamento. A n\u00e3o comunica\u00e7\u00e3o dos dados dos nossos formul\u00e1rios online implicar\u00e1 a impossibilidade de atender \u00e0s suas solicita\u00e7\u00f5es.<\/p>\n\n\n\n<p><strong>Destinat\u00e1rios<\/strong><\/p>\n\n\n\n<p>Os seus dados pessoais poder\u00e3o ser comunicados \u00e0 Lemonway para o registo simult\u00e2neo de investidores, bem como a agentes comerciais, se o servi\u00e7o solicitado assim o exigir, a not\u00e1rios e registos, quando necess\u00e1rio para a formaliza\u00e7\u00e3o ou inscri\u00e7\u00e3o de documentos, a entidades financeiras ou prestadores de servi\u00e7os para a correta presta\u00e7\u00e3o do servi\u00e7o e a organismos p\u00fablicos competentes, quando a regulamenta\u00e7\u00e3o assim o exigir. Fora destes casos, os dados n\u00e3o ser\u00e3o cedidos, salvo obriga\u00e7\u00e3o legal. Mais informa\u00e7\u00f5es em: <a href=\"https:\/\/www.lemonway.com\/en\/terms-and-conditions\" rel=\"nofollow noopener\" target=\"_blank\"><u>https:\/\/www.lemonway.com\/en\/terms-and-conditions<\/u><\/a>.<\/p>\n\n\n\n<p><strong>Exerc\u00edcio de direitos<\/strong><\/p>\n\n\n\n<p>Informamos que poder\u00e1 exercer os seguintes direitos:<\/p>\n\n\n\n<ol class=\"wp-block-list\">\n<li>Direito de acesso aos seus dados pessoais para saber quais est\u00e3o a ser objeto de tratamento;<\/li>\n\n\n\n<li>Direito de retifica\u00e7\u00e3o de quaisquer dados pessoais inexatos;<\/li>\n\n\n\n<li>Direito de supress\u00e3o dos seus dados pessoais, quando poss\u00edvel;<\/li>\n\n\n\n<li>Direito de solicitar a limita\u00e7\u00e3o do tratamento dos seus dados pessoais quando a exatid\u00e3o, a legalidade ou a necessidade do tratamento dos dados for duvidosa, caso em que poderemos conservar os dados para o exerc\u00edcio ou a defesa de reclama\u00e7\u00f5es.<\/li>\n\n\n\n<li>Direito de se opor ao tratamento dos seus dados pessoais, quando a base legal que nos habilita para o seu tratamento for o interesse leg\u00edtimo. A <strong>wecity<\/strong> deixar\u00e1 de tratar os seus dados, a menos que tenha um interesse leg\u00edtimo imperioso ou para a formula\u00e7\u00e3o, o exerc\u00edcio ou a defesa de reclama\u00e7\u00f5es.<\/li>\n\n\n\n<li>Direito \u00e0 portabilidade dos seus dados, quando a base legal que nos habilita para o seu tratamento for o seu consentimento.<\/li>\n<\/ol>\n\n\n\n<p>Esses direitos podem ser exercidos gratuitamente pelo interessado e, se for o caso, por quem o representa, mediante solicita\u00e7\u00e3o por escrito dirigida a <a href=\"mailto:resp-tratamiento-datos@vicrila.com\"><u>comunicacion@wecity.io<\/u><\/a><\/p>\n\n\n\n<p>Al\u00e9m dos direitos acima mencionados, o interessado ter\u00e1 o direito de retirar o consentimento concedido a qualquer momento, sem que tal retirada de consentimento afete a legalidade do tratamento anterior \u00e0 retirada do mesmo. A <strong>wecity<\/strong> poder\u00e1 continuar a tratar os dados do interessado na medida em que a lei aplic\u00e1vel o permita.<\/p>\n\n\n\n<p><strong>wecity<\/strong> lembra ao interessado que tem o direito de apresentar uma reclama\u00e7\u00e3o \u00e0 Autoridade de Controlo competente do pa\u00eds em que se encontra.<\/p>\n\n\n\n<p><strong>Que medidas de seguran\u00e7a temos implementadas?<\/strong><\/p>\n\n\n\n<p><strong>wecity<\/strong> compromete-se a cumprir a sua obriga\u00e7\u00e3o de sigilo dos dados pessoais e o seu dever de os guardar, e adotar\u00e1 as medidas necess\u00e1rias para evitar a sua altera\u00e7\u00e3o, perda, tratamento ou acesso n\u00e3o autorizado, de acordo com o estabelecido pela regulamenta\u00e7\u00e3o aplic\u00e1vel.<\/p>\n\n\n\n<p>A <strong>wecity<\/strong> implementou as medidas de seguran\u00e7a t\u00e9cnicas e organizativas necess\u00e1rias para garantir a seguran\u00e7a dos seus dados pessoais e evitar a sua altera\u00e7\u00e3o, perda e tratamento e\/ou acesso n\u00e3o autorizado, tendo em conta o estado da tecnologia, a natureza dos dados armazenados e os riscos a que est\u00e3o expostos, quer provenham da a\u00e7\u00e3o humana ou do meio f\u00edsico ou natural, de acordo com o estabelecido pela regulamenta\u00e7\u00e3o aplic\u00e1vel.<\/p>\n\n\n\n<p><strong>Transfer\u00eancia dos seus dados<\/strong><\/p>\n\n\n\n<p>Informamos que, no caso de recorrer a fornecedores terceiros que tratem os seus dados pessoais fora do Espa\u00e7o Econ\u00f3mico Europeu, ocorrer\u00e1 uma transfer\u00eancia internacional, que ser\u00e1 sempre efetuada com base numa decis\u00e3o de adequa\u00e7\u00e3o da Comiss\u00e3o, em cl\u00e1usulas-tipo de prote\u00e7\u00e3o de dados, num c\u00f3digo de conduta aprovado ou noutro mecanismo de transfer\u00eancia previsto pela regulamenta\u00e7\u00e3o de prote\u00e7\u00e3o de dados.<\/p>\n\n\n\n<p>Concretamente, a <strong>wecity<\/strong> utiliza o seguinte fornecedor localizado nos Estados Unidos para o envio de comunica\u00e7\u00f5es aos seus clientes: HubSpot, Inc., com sede em Two Canal Park, Cambridge, MA 02141, EUA, o que implica transfer\u00eancias internacionais de dados para fora do Espa\u00e7o Econ\u00f3mico Europeu. Por conseguinte, recomendamos que consulte a sua pol\u00edtica de privacidade para se informar sobre como tratam os seus dados pessoais.<\/p>\n\n\n\n<p><strong>Confidencialidade<\/strong><\/p>\n\n\n\n<p>Os dados pessoais que possamos recolher atrav\u00e9s do site ou atrav\u00e9s das diferentes comunica\u00e7\u00f5es que mantemos consigo ser\u00e3o tratados com confidencialidade, comprometendo-nos a manter o sigilo sobre os mesmos, de acordo com o estabelecido na legisla\u00e7\u00e3o aplic\u00e1vel.<\/p>\n\n\n\n<p><strong>Links para outros sites<\/strong><\/p>\n\n\n\n<p>Este site pode incluir hiperliga\u00e7\u00f5es para outros sites que n\u00e3o s\u00e3o operados ou controlados pela <strong>wecity<\/strong>. Por isso, a <strong>wecity<\/strong> n\u00e3o garante nem se responsabiliza pela legalidade, fiabilidade, utilidade, veracidade e atualidade dos conte\u00fados desses sites ou das suas pr\u00e1ticas de privacidade. Antes de fornecer as suas informa\u00e7\u00f5es pessoais a esses sites externos \u00e0 <strong>wecity<\/strong>, tenha em considera\u00e7\u00e3o que a sua conformidade em mat\u00e9ria de prote\u00e7\u00e3o de dados pode diferir da nossa.<\/p>\n\n\n\n<p><strong>Atualiza\u00e7\u00e3o da pol\u00edtica de privacidade<\/strong><\/p>\n\n\n\n<p>O conte\u00fado da pol\u00edtica de prote\u00e7\u00e3o de dados poder\u00e1 ser objeto de altera\u00e7\u00f5es para se adaptar a mudan\u00e7as legislativas que possam ocorrer, bem como a crit\u00e9rios e posi\u00e7\u00f5es emitidos pelas autoridades de controlo.<\/p>\n\n\n\n<p>Em qualquer caso, qualquer altera\u00e7\u00e3o \u00e0 Pol\u00edtica de Privacidade ser\u00e1 devidamente notificada ao Interessado para que este fique informado das altera\u00e7\u00f5es realizadas no tratamento dos seus dados pessoais e, caso a regulamenta\u00e7\u00e3o aplic\u00e1vel assim o exija, o Interessado possa dar o seu consentimento.<\/p>\n","protected":false},"excerpt":{"rendered":"<p>Pol\u00edtica de Privacidade Esta pol\u00edtica de privacidade tem como objetivo fornecer informa\u00e7\u00f5es relacionadas ao tratamento de dados pessoais pela CITYPRIVE [&hellip;]<\/p>\n","protected":false},"author":3,"featured_media":0,"parent":0,"menu_order":20,"comment_status":"closed","ping_status":"open","template":"","meta":{"_acf_changed":false,"footnotes":""},"class_list":["post-8243","page","type-page","status-publish","hentry"],"acf":[],"_links":{"self":[{"href":"https:\/\/www.wecity.com\/pt-pt\/wp-json\/wp\/v2\/pages\/8243","targetHints":{"allow":["GET"]}}],"collection":[{"href":"https:\/\/www.wecity.com\/pt-pt\/wp-json\/wp\/v2\/pages"}],"about":[{"href":"https:\/\/www.wecity.com\/pt-pt\/wp-json\/wp\/v2\/types\/page"}],"author":[{"embeddable":true,"href":"https:\/\/www.wecity.com\/pt-pt\/wp-json\/wp\/v2\/users\/3"}],"replies":[{"embeddable":true,"href":"https:\/\/www.wecity.com\/pt-pt\/wp-json\/wp\/v2\/comments?post=8243"}],"version-history":[{"count":2,"href":"https:\/\/www.wecity.com\/pt-pt\/wp-json\/wp\/v2\/pages\/8243\/revisions"}],"predecessor-version":[{"id":23819,"href":"https:\/\/www.wecity.com\/pt-pt\/wp-json\/wp\/v2\/pages\/8243\/revisions\/23819"}],"wp:attachment":[{"href":"https:\/\/www.wecity.com\/pt-pt\/wp-json\/wp\/v2\/media?parent=8243"}],"curies":[{"name":"wp","href":"https:\/\/api.w.org\/{rel}","templated":true}]}}