{"id":8238,"date":"2023-02-12T10:53:38","date_gmt":"2023-02-12T09:53:38","guid":{"rendered":"https:\/\/www.wecity.com\/?page_id=8238"},"modified":"2026-03-23T12:41:25","modified_gmt":"2026-03-23T11:41:25","slug":"aviso-legal","status":"publish","type":"page","link":"https:\/\/www.wecity.com\/pt-pt\/aviso-legal\/","title":{"rendered":"Aviso Legal"},"content":{"rendered":"\n<h1 class=\"wp-block-heading has-medium-font-size\">Aviso Legal<\/h1>\n\n\n\n<h2 class=\"wp-block-heading has-normal-font-size\">1. Aviso Legal<\/h2>\n\n\n\n<p>CityPrive PSFP, S.L.U., (doravante o Propriet\u00e1rio) com o n\u00famero de identifica\u00e7\u00e3o fiscal B88317003, e sede em Madrid, Paseo de la Castellana n\u00ba 8, 2\u00ba andar, 28046, inscrita no Registo Comercial de Madrid sob o n\u00famero de registo M- 696208; \u00e9 o propriet\u00e1rio do site acess\u00edvel atrav\u00e9s do URL https:\/\/www.wecity.com\/ (doravante, wecity, a plataforma ou o site, indistintamente).<\/p>\n\n\n\n<p>A wecity est\u00e1 devidamente autorizada pela Comisi\u00f3n Nacional de los Mercados de Valores (CNMV) e est\u00e1 registada com o <a href=\"https:\/\/www.cnmv.es\/portal\/consultas\/servicios-financiacion-participativa\/proveedor.aspx?vista=0&amp;nreg=9&amp;nif=B88317003&amp;lang=en\" rel=\"nofollow noopener\" target=\"_blank\">n\u00famero de registo 9.<\/a><\/p>\n\n\n\n<p>O Titular do Registo nomeou como sua equipa de auditoria: GIMENO AUDITORES, S.L.P. com sede social na calle Doce de Octubre 5, 28009 Madrid, CIF B-85592343 inscrita no Registo Comercial de Madrid e inscrita no ROAC com o n\u00famero S1959.<\/p>\n\n\n\n<p>Para qualquer consulta, d\u00favida ou sugest\u00e3o sobre wecity, pode contactar-nos atrav\u00e9s do seguinte endere\u00e7o de correio eletr\u00f3nico: <a href=\"mailto:info@wecity.com\">info@wecity.com<\/a> ou atrav\u00e9s do telefone +34 628 534 063.<\/p>\n\n\n\n<p>As seguintes s\u00e3o as condi\u00e7\u00f5es que, de uma forma geral, regulam o acesso ao s\u00edtio Web do Propriet\u00e1rio, tanto os servi\u00e7os como as funcionalidades nele oferecidos, sem preju\u00edzo da aplica\u00e7\u00e3o de outras condi\u00e7\u00f5es que n\u00e3o sejam a contrata\u00e7\u00e3o de bens ou servi\u00e7os ou a sua modifica\u00e7\u00e3o. Recomenda-se a leitura e revis\u00e3o peri\u00f3dica, uma vez que pode haver altera\u00e7\u00f5es nos textos legais.<\/p>\n\n\n\n<h2 class=\"wp-block-heading has-normal-font-size\">2. Condi\u00e7\u00f5es gerais de utiliza\u00e7\u00e3o<\/h2>\n\n\n\n<p class=\"has-normal-font-size\"><strong>2.1. <\/strong>Identifica\u00e7\u00e3o das partes<\/p>\n\n\n\n<p>Las presentes condiciones generales de uso quedan suscritas, de una parte, por el Titular y de otra, por t\u00ed, como usuario persona f\u00edsica o jur\u00eddica que accede voluntariamente de manera libre y gratuita al sitio web. Estas condiciones ser\u00e1n aplicables con independencia de la suscripci\u00f3n de los servicios de financiaci\u00f3n participativa ofrecidos en la plataforma.<\/p>\n\n\n\n<p class=\"has-normal-font-size\"><strong>2.2. Objeto del sitio web<\/strong><\/p>\n\n\n\n<p><strong>wecity<\/strong> es una plataforma de financiaci\u00f3n participativa en l\u00ednea que permite que los usuarios (Promotores) inicien contactos con el Titular del sitio web con la finalidad de publicar su proyecto en el sitio web y poner a su disposici\u00f3n una cartera de otros usuarios (Inversores) que aseguren su financiaci\u00f3n.&nbsp;<\/p>\n\n\n\n<p class=\"has-normal-font-size\"><strong>2.3. Obligaciones del usuario<\/strong><\/p>\n\n\n\n<p>Como usuario mediante el mero acceso y navegaci\u00f3n a trav\u00e9s del sitio web, deber\u00e1:<\/p>\n\n\n\n<p>a) Emplear el sitio web de manera diligente, correcta y l\u00edcita, siempre en respeto a la legislaci\u00f3n vigente, la moral y las buenas costumbres, as\u00ed como el orden p\u00fablico.<\/p>\n\n\n\n<p>b) Revisar peri\u00f3dicamente estas condiciones, o cualesquiera otras que resulten aplicables, comprobando las modificaciones que pudieran producirse.<\/p>\n\n\n\n<p>c) Revisar las comunicaciones que <strong>wecity<\/strong> te remita, ya que pueden contener informaci\u00f3n importante.<\/p>\n\n\n\n<p>d) No utilizar el sitio web con fines comerciales, especialmente para recabar informaci\u00f3n o contenidos con la finalidad de prestar servicios que constituyan claramente una competencia para <strong>wecity<\/strong>.<\/p>\n\n\n\n<p>e) No modificar o tratar de modificar en modo alguno, ni realizar acciones o utilizar medios orientados a simular la apariencia o las funciones del sitio web.<\/p>\n\n\n\n<p>f) No da\u00f1ar, deshabilitar, sobrecargar o dificultar el servicio (o la red o redes conectadas al servicio), o interferir en su uso y disfrute.<\/p>\n\n\n\n<p>g) Abstenerse de llevar a cabo acci\u00f3n alguna que conlleve la introducci\u00f3n de virus inform\u00e1ticos, gusanos, troyanos o cualquier otra clase de c\u00f3digo malicioso destinado a interrumpir, destruir o limitar las funcionalidades del sitio web.<\/p>\n\n\n\n<p>h) No emplear t\u00e9cnicas de ingenier\u00eda inversa y\/o descifrar, descompilar o utilizar cualquier otro sistema destinado a conocer el c\u00f3digo fuente de <strong>wecity<\/strong>.<\/p>\n\n\n\n<p>i) En cualquier caso, no realizar ning\u00fan tipo de acto que pueda vulnerar derechos o intereses del Titular o de terceros como puedan ser, a modo de ejemplo, derechos de propiedad intelectual o industrial (patentes, marcas, derechos de copyright, secretos comerciales&#8230;).<\/p>\n\n\n\n<p class=\"has-normal-font-size\"><strong>2.4. Disponibilidad del sitio web<\/strong><\/p>\n\n\n\n<p>El Titular trata de mejorar y expandir <strong>wecity<\/strong>, al igual que su contenido y los servicios en \u00e9l ofrecidos. A pesar de ello, el sitio web se mostrar\u00e1 tal y como se encuentre en cada momento, seg\u00fan disponibilidad, limitaciones y otras circunstancias concurrentes.<\/p>\n\n\n\n<p class=\"has-normal-font-size\"><strong>2.5. Condiciones particulares de registro<\/strong><\/p>\n\n\n\n<p>Las presentes condiciones particulares de registro son suscritas, de un lado, por wecity, y de otro, por aquel usuario que haya completado el formulario correspondiente para crear una cuenta como inversor y los pasos indicados en el sitio web destinados a llevar a cabo el registro; junto con la aceptaci\u00f3n de estas condiciones particulares.<\/p>\n\n\n\n<p class=\"has-normal-font-size\"><strong>Requisitos y procedimiento para crear una cuenta de \u201cInversor\u201d<\/strong><\/p>\n\n\n\n<p>Para crear una cuenta en el sitio web es imprescindible que el Usuario sea una persona f\u00edsica mayor de edad de conformidad a lo establecido en la legislaci\u00f3n espa\u00f1ola.<\/p>\n\n\n\n<p>El usuario deber\u00e1 acceder a la opci\u00f3n \u201c<em>Reg\u00edstrate<\/em>\u201d en la parte superior derecha de la web y posteriormente&nbsp;facilitar los datos solicitados. Estos datos variar\u00e1n dependiendo si el cliente desea ser inversor como persona f\u00edsica (particular) o inversor como persona jur\u00eddica (empresa). Deber\u00e1 completar todos los pasos indicados, entre los que se incluye la lectura de la informaci\u00f3n relativa a la <a href=\"https:\/\/www.wecity.com\/es\/politica-de-privacidad\/\">Pol\u00edtica de Privacidad<\/a> y el resto de <a href=\"https:\/\/www.wecity.com\/pt-pt\/informacao-investidor\/\">Informaci\u00f3n al Inversor.<\/a><\/p>\n\n\n\n<p><strong>wecity<\/strong>, confirmar\u00e1 al usuario su registro en el sitio web, a trav\u00e9s del env\u00edo de una comunicaci\u00f3n de bienvenida, momento a partir del cual pasa a ser usuario registrado.<\/p>\n\n\n\n<p>Si el usuario registrado no recuerda su contrase\u00f1a deber\u00e1 hacer clic sobre <em>\u201cHe olvidado mi contrase\u00f1a\u201d, <\/em>e introducir el correo electr\u00f3nico a trav\u00e9s del cual efectu\u00f3 el registro, para su restablecimiento.<\/p>\n\n\n\n<p>El Titular se reserva el derecho de comprobar y verificar la identidad del usuario en cualquier momento. El no cumplimiento de los requisitos exigidos en el presente apartado o enga\u00f1o en cuanto a identidad, faculta al Titular a dar de baja en cualquier momento a tal usuario, eximiendo de cualquier tipo de responsabilidad al titular de tal acci\u00f3n.<\/p>\n\n\n\n<p>Las presentes Condiciones \u00fanicamente resultan de aplicaci\u00f3n al uso del sitio web y el registro gen\u00e9rico inicial como usuario inversor. Para m\u00e1s informaci\u00f3n sobre el proceso de registro y verificaci\u00f3n de inversores cons\u00faltese las <a href=\"https:\/\/www.wecity.com\/pt-pt\/condicoes-gerais-servicos-de-financiamento-participativo\/\">condiciones generales aplicables a los servicios de financiaci\u00f3n participativa<\/a> y la <a href=\"https:\/\/www.wecity.com\/pt-pt\/informacao-investidor\/\">informaci\u00f3n al inversor.&nbsp;<\/a><\/p>\n\n\n\n<p class=\"has-normal-font-size\"><strong>Obligaciones del usuario inversor registrado<\/strong><\/p>\n\n\n\n<p>El usuario inversor registrado tiene las siguientes obligaciones:<\/p>\n\n\n\n<p>a) No registrarse con varias cuentas de usuario en el sitio web, ni hacerlo con datos falsos o suplantando la personalidad de terceros. Eres responsable de facilitar tus datos reales.<\/p>\n\n\n\n<p>b) No utilizar o intentar servirse de la cuenta de otro usuario, sin autorizaci\u00f3n o consentimiento.<\/p>\n\n\n\n<p>c) Ser el \u00fanico responsable de todas las actividades que se realicen desde tu cuenta personal en <strong>wecity<\/strong>.<\/p>\n\n\n\n<p>d) Cuidar la confidencialidad de tus datos de acceso, ya que ser\u00e1s responsable de cualquier da\u00f1o que sufra o sufran terceros por incumplir estas condiciones. Tambi\u00e9n eres responsable de lo que suceda en tu cuenta personal salvo que la seguridad de la misma se haya visto comprometida por causas ajenas. En concreto, deber\u00e1s:<\/p>\n\n\n\n<p>I. Mantener la cuenta actualizada.<\/p>\n\n\n\n<p>II. Almacenar la contrase\u00f1a escogida de manera confidencial.<\/p>\n\n\n\n<p>III. Ser el \u00fanico Usuario que utilice la cuenta creada.<\/p>\n\n\n\n<p>IV. No comercializar, vender o transferir la cuenta a un tercero.<\/p>\n\n\n\n<p><strong>e) wecity<\/strong> se reserva el derecho de verificar el perfil del usuario inversor, pudiendo eliminar o suspender la cuenta en caso de incumplimiento de los presentes textos legales o cualesquiera otros aplicables.<\/p>\n\n\n\n<p class=\"has-normal-font-size\"><strong>Requisitos y procedimiento para crear una cuenta de \u201cPromotor\u201d<\/strong><\/p>\n\n\n\n<p>Para crear una cuenta de promotor en <strong>wecity<\/strong> es imprescindible ser una persona jur\u00eddica (Sociedad An\u00f3nima o Sociedad Limitada), de conformidad con lo establecido en la legislaci\u00f3n espa\u00f1ola.<\/p>\n\n\n\n<p>El promotor, para darse de alta en el Sistema, deber\u00e1 acceder al bot\u00f3n de registro del sitio web y elegir la opci\u00f3n de \u201cRegistrarme como Promotor\u201d, incluyendo los datos e informaciones requeridos por el formulario.<\/p>\n\n\n\n<p>El registro se deber\u00e1 realizar con su correo electr\u00f3nico y contrase\u00f1a y previa lectura y aceptaci\u00f3n de la informaci\u00f3n relativa a la <a href=\"https:\/\/www.wecity.com\/es\/politica-de-privacidad\/\">Pol\u00edtica de Privacidad<\/a> y el resto de textos legales aplicables. Una vez registrado, se le generar\u00e1 un perfil de promotor con una ID propia y \u00fanica y <strong>wecity<\/strong>, confirmar\u00e1 al usuario su registro en el sitio web, a trav\u00e9s del env\u00edo de una comunicaci\u00f3n de bienvenida, momento a partir del cual pasa a ser \u201cUsuario Promotor Registrado\u201d.<\/p>\n\n\n\n<p>Si el usuario registrado no recuerda su contrase\u00f1a deber\u00e1 hacer clic sobre <em>\u201cHe olvidado mi contrase\u00f1a\u201d, <\/em>e introducir el correo electr\u00f3nico a trav\u00e9s del cual efectu\u00f3 el registro, para su restablecimiento.<\/p>\n\n\n\n<p>El Titular se reserva el derecho de comprobar y verificar la identidad del usuario en cualquier momento. El no cumplimiento de los requisitos exigidos en el presente apartado o enga\u00f1o en cuanto a identidad, faculta al Titular a dar de baja en cualquier momento a tal usuario, eximiendo de cualquier tipo de responsabilidad al titular de tal acci\u00f3n.<\/p>\n\n\n\n<p>&nbsp;Las presentes condiciones \u00fanicamente resultan de aplicaci\u00f3n al uso del sitio web y el registro gen\u00e9rico inicial como usuario promotor. Para m\u00e1s informaci\u00f3n y condiciones sobre el proceso de tramitaci\u00f3n y publicaci\u00f3n de los proyectos cons\u00faltese las <a href=\"https:\/\/www.wecity.com\/pt-pt\/condicoes-gerais-servicos-de-financiamento-participativo\/\">Condiciones Generales aplicables a los servicios de financiaci\u00f3n participativa<\/a> y las <a href=\"https:\/\/www.wecity.com\/pt-pt\/condicoes-gerais-promotores\/\">Condiciones Particulares de promotores<\/a><\/p>\n\n\n\n<p class=\"has-normal-font-size\"><strong>Obligaciones del usuario promotor registrado<\/strong><\/p>\n\n\n\n<p>El usuario promotor registrado tiene las siguientes obligaciones:<\/p>\n\n\n\n<p>a) No registrarse con varias cuentas de usuario promotor en el sitio web, ni hacerlo con datos falsos o suplantando la personalidad de terceros. Eres responsable de facilitar tus datos reales.<\/p>\n\n\n\n<p>b) No utilizar o intentar servirse de la cuenta de otro usuario, sin autorizaci\u00f3n o consentimiento.<\/p>\n\n\n\n<p>c) Ser el \u00fanico responsable de todas las actividades que se realicen desde tu cuenta personal en <strong>wecity<\/strong>.<\/p>\n\n\n\n<p>d) No enviar ni publicar m\u00e1s de un proyecto con esa cuenta de usuario promotor ni registrar m\u00e1s cuentas de usuario promotor con la finalidad de enviar m\u00e1s de un proyecto.&nbsp;<\/p>\n\n\n\n<p>e) Cuidar la confidencialidad de tus datos de acceso, ya que ser\u00e1s responsable de cualquier da\u00f1o que sufra o sufran terceros por incumplir estas condiciones. Tambi\u00e9n eres responsable de lo que suceda en tu cuenta personal salvo que la seguridad de la misma se haya visto comprometida por causas ajenas. En concreto, deber\u00e1s:<\/p>\n\n\n\n<p>I. Mantener la cuenta actualizada.<\/p>\n\n\n\n<p>II. Almacenar la contrase\u00f1a escogida de manera confidencial.<\/p>\n\n\n\n<p>III. Ser el \u00fanico usuario que utilice la cuenta creada.<\/p>\n\n\n\n<p>No comercializar, vender o transferir la cuenta a un tercero.<\/p>\n\n\n\n<p><strong>wecity<\/strong> se reserva el derecho de verificar el perfil del usuario inversor, pudiendo eliminar o suspender la cuenta en caso de incumplimiento de los presentes textos legales o cualesquiera otros aplicables.<\/p>\n\n\n\n<p class=\"has-normal-font-size\"><strong>2.6. Exclusi\u00f3n de responsabilidad<\/strong><\/p>\n\n\n\n<p><strong>wecity<\/strong> trabaja para que los servicios y funcionalidades del sitio web se encuentren siempre disponibles. No obstante, cuando acceda a \u00e9ste, le ser\u00e1 mostrado seg\u00fan la disponibilidad y las limitaciones que concurran en cada momento.<\/p>\n\n\n\n<p>A pesar del continuo esfuerzo del Titular por proteger los sistemas y los contenidos incluidos en el sitio web, a cuyo efecto emplea los est\u00e1ndares de seguridad habituales en Internet, no es posible ofrecer plenas garant\u00edas en relaci\u00f3n con las intrusiones o p\u00e9rdidas de informaci\u00f3n que puedan producirse. Del mismo modo, no puede garantizarse la ausencia de virus o de otros elementos da\u00f1inos en el sitio web o en sitios web de terceros que puedan producir alteraciones en el sistema inform\u00e1tico, tanto software como hardware, del usuario. Por esta raz\u00f3n, el usuario asume y comprende que existan situaciones que puedan escapar al control de <strong>wecity<\/strong>.<\/p>\n\n\n\n<p>La plataforma puede incluir enlaces a p\u00e1ginas o sitios de terceros ajenos al Titular, sobre los cuales no asume ning\u00fan tipo de responsabilidad al no aprobar ni revisar sus funciones y contenidos. El usuario que acceda a cualquier enlace publicado en el sitio web lo hace bajo su propio riesgo y ventura, sin que el Titular asuma ninguna responsabilidad por ello.<\/p>\n\n\n\n<p>De igual manera, el sitio web queda eximido de toda responsabilidad derivada de un mal uso del mismo por parte de los los usuarios, as\u00ed como por el incumplimiento de las obligaciones o compromisos asumidos en virtud de estas condiciones o cualesquiera otra aplicables.<\/p>\n\n\n\n<p class=\"has-normal-font-size\"><strong>2.7. Derechos de propiedad intelectual e industrial<\/strong><\/p>\n\n\n\n<p>Todos los derechos de propiedad intelectual e industrial sobre el sitio web y sus contenidos, entre los que se incluye la programaci\u00f3n, el dise\u00f1o, aplicaciones, los gr\u00e1ficos, los c\u00f3digos, texto o im\u00e1genes, las marcas, nombres comerciales, signos distintivos y dem\u00e1s elementos all\u00ed presentes pertenecen en exclusiva al Titular, incluida la marca <strong>wecity<\/strong>, o cuenta con derechos y\/o autorizaciones bastantes para su explotaci\u00f3n.<\/p>\n\n\n\n<p>Como consecuencia de lo anterior, cualquier reproducci\u00f3n, distribuci\u00f3n, comunicaci\u00f3n p\u00fablica (incluida la puesta a disposici\u00f3n), transformaci\u00f3n o cualquier otra forma de explotaci\u00f3n, ni tan siquiera citando las fuentes, queda prohibida, salvo que se cuente con el consentimiento previo, expreso y por escrito del Titular o del titular en exclusiva de los derechos afectados.<\/p>\n\n\n\n<p>Si detectas alguna infracci\u00f3n, rogamos nos lo comuniques al correo electr\u00f3nico indicado en la cabecera.&nbsp;<\/p>\n\n\n\n<p class=\"has-normal-font-size\"><strong>2.8. Indemnizaci\u00f3n<\/strong><\/p>\n\n\n\n<p>El Titular puede sancionar a cualquiera de los usuarios que incumplan las condiciones que le son aplicables, con la imposibilidad de acceder, temporal o indefinidamente al sitio web. La duraci\u00f3n de la sanci\u00f3n depender\u00e1 del tipo de infracci\u00f3n cometida. La restricci\u00f3n de acceso no conllevar\u00e1 en ning\u00fan caso derecho a indemnizaci\u00f3n.<\/p>\n\n\n\n<p>Cualquier tipo de da\u00f1o, perjuicio, p\u00e9rdida o coste (incluidos honorarios de abogados y\/o procuradores) derivado de un incumplimiento por parte del usuario de estas condiciones o de cualesquiera otras que resultaren aplicables, en que incurriera <strong>wecity<\/strong> deber\u00e1 ser resarcido por el usuario que lo origin\u00f3. Ello abarca cualquier reclamaci\u00f3n de terceros derivada de dichos incumplimientos.<\/p>\n\n\n\n<p class=\"has-normal-font-size\"><strong>2.9. Modificaciones<\/strong><\/p>\n\n\n\n<p>Las presentes condiciones pueden ser en cualquier momento modificadas y\/o actualizadas sin necesidad de previo aviso. Las modificaciones efectuadas entrar\u00e1n en vigor a partir de su publicaci\u00f3n en el sitio web, sea cual sea el medio y forma empleado para ello.<\/p>\n\n\n\n<p>La modificaci\u00f3n solo afectar\u00e1 a los usuarios que las hubieran aceptado con posterioridad a dicha modificaci\u00f3n.<\/p>\n\n\n\n<p class=\"has-normal-font-size\"><strong>2.10. Otras cuestiones<\/strong><\/p>\n\n\n\n<p class=\"has-normal-font-size\"><strong>Salvaguarda e interpretaci\u00f3n<\/strong><\/p>\n\n\n\n<p>Si la Autoridad competente declarara alguna de estas disposiciones como ilegal, inv\u00e1lida o no ejecutable, ello supondr\u00e1 que la misma deba ser interpretada de la manera m\u00e1s pr\u00f3xima a la intenci\u00f3n original de tal disposici\u00f3n. En cualquier caso, tal declaraci\u00f3n respecto de alguna o algunas cl\u00e1usulas no perjudicar\u00e1 la validez de las restantes.<\/p>\n\n\n\n<p>La no exigencia por parte del Titular del cumplimiento estricto de alguno de los t\u00e9rminos de estas condiciones, no constituye ni podr\u00e1 interpretarse en ning\u00fan caso como una renuncia por su parte a exigirlo en un futuro.<\/p>\n\n\n\n<p class=\"has-normal-font-size\"><strong>Idioma<\/strong><\/p>\n\n\n\n<p>El idioma aplicable a las presentes condiciones es el espa\u00f1ol. Si se facilitan versiones en otros en otros idiomas como el ingl\u00e9s, ser\u00e1 \u00fanicamente por mera cortes\u00eda y mayor comodidad para el usuario. En caso de contradicci\u00f3n prevalecer\u00e1 la versi\u00f3n en espa\u00f1ol.<\/p>\n\n\n\n<p class=\"has-normal-font-size\"><strong>Legislaci\u00f3n y fuero<\/strong><\/p>\n\n\n\n<p>Las relaciones entre el Titular y el usuario se regir\u00e1n por la legislaci\u00f3n espa\u00f1ola y las discrepancias o conflictos en torno a estas condiciones, depender\u00e1 de que el usuario ostente la condici\u00f3n de consumidor y\/o usuario de conformidad a la normativa aplicable.<\/p>\n\n\n\n<p>Siendo consumidor y\/o usuario los conflictos, se someter\u00e1n a los Juzgados y Tribunales del domicilio del usuario. En caso de que no tuviera tal condici\u00f3n, los conflictos se determinar\u00e1n en los Juzgados y Tribunales de Madrid.<\/p>\n","protected":false},"excerpt":{"rendered":"<p>Aviso Legal 1. Aviso Legal CityPrive PSFP, S.L.U., (doravante o Propriet\u00e1rio) com o n\u00famero de identifica\u00e7\u00e3o fiscal B88317003, e sede [&hellip;]<\/p>\n","protected":false},"author":1,"featured_media":0,"parent":0,"menu_order":0,"comment_status":"closed","ping_status":"closed","template":"","meta":{"_acf_changed":false,"footnotes":""},"class_list":["post-8238","page","type-page","status-publish","hentry"],"acf":[],"_links":{"self":[{"href":"https:\/\/www.wecity.com\/pt-pt\/wp-json\/wp\/v2\/pages\/8238","targetHints":{"allow":["GET"]}}],"collection":[{"href":"https:\/\/www.wecity.com\/pt-pt\/wp-json\/wp\/v2\/pages"}],"about":[{"href":"https:\/\/www.wecity.com\/pt-pt\/wp-json\/wp\/v2\/types\/page"}],"author":[{"embeddable":true,"href":"https:\/\/www.wecity.com\/pt-pt\/wp-json\/wp\/v2\/users\/1"}],"replies":[{"embeddable":true,"href":"https:\/\/www.wecity.com\/pt-pt\/wp-json\/wp\/v2\/comments?post=8238"}],"version-history":[{"count":2,"href":"https:\/\/www.wecity.com\/pt-pt\/wp-json\/wp\/v2\/pages\/8238\/revisions"}],"predecessor-version":[{"id":24565,"href":"https:\/\/www.wecity.com\/pt-pt\/wp-json\/wp\/v2\/pages\/8238\/revisions\/24565"}],"wp:attachment":[{"href":"https:\/\/www.wecity.com\/pt-pt\/wp-json\/wp\/v2\/media?parent=8238"}],"curies":[{"name":"wp","href":"https:\/\/api.w.org\/{rel}","templated":true}]}}