{"id":8211,"date":"2023-02-12T10:54:21","date_gmt":"2023-02-12T09:54:21","guid":{"rendered":"https:\/\/www.wecity.com\/?page_id=8211"},"modified":"2026-01-29T17:32:38","modified_gmt":"2026-01-29T16:32:38","slug":"politica-de-cookies","status":"publish","type":"page","link":"https:\/\/www.wecity.com\/pt-pt\/politica-de-cookies\/","title":{"rendered":"Pol\u00edtica de cookies"},"content":{"rendered":"\n<p><strong><strong>Instru\u00e7\u00f5es de utiliza\u00e7\u00e3o<\/strong><\/strong><\/p>\n\n\n\n<p>A utiliza\u00e7\u00e3o de cookies e de qualquer outro dispositivo ou elemento de rastreamento das informa\u00e7\u00f5es dos utilizadores das p\u00e1ginas web \u00e9 regulamentada fundamentalmente pela legisla\u00e7\u00e3o da Lei dos Servi\u00e7os da Sociedade da Informa\u00e7\u00e3o, pela normativa de prote\u00e7\u00e3o de dados e por outras legisla\u00e7\u00f5es que acrescentaram disposi\u00e7\u00f5es para a utiliza\u00e7\u00e3o de cookies. Por tudo isso, a Ag\u00eancia elaborou um Guia de conformidade em rela\u00e7\u00e3o aos cookies que exige a todos os sites o seguinte:<\/p>\n\n\n\n<p>Informa\u00e7\u00e3o sobre cada um dos cookies utilizados no site, indicando a finalidade do mesmo, o fornecedor (se n\u00e3o for pr\u00f3prio) e o tempo de validade do cookie. Esta informa\u00e7\u00e3o pode estar acess\u00edvel no painel de configura\u00e7\u00e3o mencionado no par\u00e1grafo anterior ou numa pol\u00edtica de privacidade.<\/p>\n\n\n\n<p>Uma janela pop-up inicial com informa\u00e7\u00e3o sobre a utiliza\u00e7\u00e3o de cookies, onde se pode aceitar ou n\u00e3o a utiliza\u00e7\u00e3o de cookies no equipamento. Este painel n\u00e3o deve permitir a navega\u00e7\u00e3o at\u00e9 que todos os cookies sejam aceites ou que se aceda a um painel de configura\u00e7\u00e3o dos cookies.<br>O painel de configura\u00e7\u00e3o de cookies \u00e9 uma janela onde se pode facilmente conceder ou retirar o consentimento para cada tipo ou categoria de cookie. Para cada categoria, deve existir informa\u00e7\u00e3o detalhada sobre a sua finalidade, que pode estar no pr\u00f3prio painel ou numa pol\u00edtica de cookies separada.<\/p>\n\n\n\n<p><strong><strong>Janela pop-up<\/strong><\/strong><\/p>\n\n\n\n<figure class=\"wp-block-image is-resized\"><img decoding=\"async\" width=\"1024\" height=\"528\" src=\"https:\/\/www.wecity.com\/wp-content\/uploads\/2026\/01\/Captura-de-pantalla-2026-01-29-a-las-16.03.57-1024x528.png\" alt=\"\" class=\"wp-image-23795\" style=\"width:977px;height:auto\" srcset=\"https:\/\/www.wecity.com\/wp-content\/uploads\/2026\/01\/Captura-de-pantalla-2026-01-29-a-las-16.03.57-1024x528.png 1024w, https:\/\/www.wecity.com\/wp-content\/uploads\/2026\/01\/Captura-de-pantalla-2026-01-29-a-las-16.03.57-300x155.png 300w, https:\/\/www.wecity.com\/wp-content\/uploads\/2026\/01\/Captura-de-pantalla-2026-01-29-a-las-16.03.57-768x396.png 768w, https:\/\/www.wecity.com\/wp-content\/uploads\/2026\/01\/Captura-de-pantalla-2026-01-29-a-las-16.03.57-1536x792.png 1536w, https:\/\/www.wecity.com\/wp-content\/uploads\/2026\/01\/Captura-de-pantalla-2026-01-29-a-las-16.03.57.png 1808w\" sizes=\"(max-width: 1024px) 100vw, 1024px\" \/><\/figure>\n\n\n\n<p><strong><strong>Painel de configura\u00e7\u00e3o<\/strong><\/strong><\/p>\n\n\n\n<figure class=\"wp-block-image\"><img decoding=\"async\" width=\"984\" height=\"1024\" src=\"https:\/\/www.wecity.com\/wp-content\/uploads\/2026\/01\/Captura-de-pantalla-2026-01-29-a-las-16.04.32-984x1024.png\" alt=\"\" class=\"wp-image-23800\" srcset=\"https:\/\/www.wecity.com\/wp-content\/uploads\/2026\/01\/Captura-de-pantalla-2026-01-29-a-las-16.04.32-984x1024.png 984w, https:\/\/www.wecity.com\/wp-content\/uploads\/2026\/01\/Captura-de-pantalla-2026-01-29-a-las-16.04.32-288x300.png 288w, https:\/\/www.wecity.com\/wp-content\/uploads\/2026\/01\/Captura-de-pantalla-2026-01-29-a-las-16.04.32-768x799.png 768w, https:\/\/www.wecity.com\/wp-content\/uploads\/2026\/01\/Captura-de-pantalla-2026-01-29-a-las-16.04.32-1476x1536.png 1476w, https:\/\/www.wecity.com\/wp-content\/uploads\/2026\/01\/Captura-de-pantalla-2026-01-29-a-las-16.04.32.png 1812w\" sizes=\"(max-width: 984px) 100vw, 984px\" \/><\/figure>\n\n\n\n<p><strong>Pol\u00edtica de Cookies<\/strong><\/p>\n\n\n\n<p>Um cookie \u00e9 um ficheiro que \u00e9 descarregado para o seu computador quando acede a determinadas p\u00e1ginas web. Os cookies permitem que uma p\u00e1gina web, entre outras coisas, armazene e recupere informa\u00e7\u00f5es sobre os h\u00e1bitos de navega\u00e7\u00e3o de um utilizador ou do seu equipamento e, dependendo das informa\u00e7\u00f5es que cont\u00eam e da forma como utiliza o seu equipamento, podem ser utilizados para reconhecer o utilizador.<\/p>\n\n\n\n<p>Os cookies s\u00e3o essenciais para o funcionamento da Internet, proporcionando in\u00fameras vantagens na presta\u00e7\u00e3o de servi\u00e7os interativos, facilitando a navega\u00e7\u00e3o e a usabilidade do nosso site.<\/p>\n\n\n\n<p>As informa\u00e7\u00f5es que lhe fornecemos a seguir ir\u00e3o ajud\u00e1-lo a compreender os diferentes tipos de cookies.<\/p>\n\n\n\n<p><strong>Tipos de cookies<\/strong><\/p>\n\n\n\n<p>De acordo com a entidade que os gere:<\/p>\n\n\n\n<ul class=\"wp-block-list\">\n<li><strong>Cookies pr\u00f3prios<\/strong>: s\u00e3o aqueles que s\u00e3o recolhidos pelo pr\u00f3prio editor para prestar o servi\u00e7o solicitado pelo utilizador.<\/li>\n\n\n\n<li><strong>Cookies de terceiros<\/strong>: s\u00e3o aqueles que s\u00e3o recolhidos e geridos por terceiros, n\u00e3o podendo ser considerados pr\u00f3prios.<\/li>\n<\/ul>\n\n\n\n<p>De acordo com o per\u00edodo de tempo em que permanecem ativados:<\/p>\n\n\n\n<ul class=\"wp-block-list\">\n<li><strong>Cookies de sess\u00e3o<\/strong>: recolhem dados enquanto o utilizador navega na rede com o objetivo de prestar o servi\u00e7o solicitado.<\/li>\n\n\n\n<li><strong>Cookies persistentes<\/strong>: s\u00e3o armazenados no terminal e as informa\u00e7\u00f5es obtidas ser\u00e3o utilizadas pelo respons\u00e1vel pelo cookie com o objetivo de prestar o servi\u00e7o solicitado.<\/li>\n<\/ul>\n\n\n\n<p>De acordo com a sua finalidade:<\/p>\n\n\n\n<ul class=\"wp-block-list\">\n<li><strong>Cookies t\u00e9cnicos<\/strong>: s\u00e3o os necess\u00e1rios para a navega\u00e7\u00e3o correta na web.<\/li>\n\n\n\n<li><strong>Cookies de personaliza\u00e7\u00e3o<\/strong>: permitem ao utilizador as caracter\u00edsticas (idioma) para a navega\u00e7\u00e3o no website.<\/li>\n\n\n\n<li><strong>Cookies de an\u00e1lise<\/strong>: permitem ao prestador a an\u00e1lise relacionada com a navega\u00e7\u00e3o realizada pelo utilizador, com o objetivo de acompanhar a utiliza\u00e7\u00e3o da p\u00e1gina web, bem como realizar estat\u00edsticas dos conte\u00fados mais visitados, n\u00famero de visitantes, etc.<\/li>\n<\/ul>\n\n\n\n<ul class=\"wp-block-list\">\n<li><strong>Cookies publicit\u00e1rios<\/strong>: permitem ao editor incluir no site espa\u00e7os publicit\u00e1rios, de acordo com o conte\u00fado do pr\u00f3prio site.<\/li>\n\n\n\n<li><strong>Cookies de publicidade comportamental<\/strong>: permitem ao editor incluir no site espa\u00e7os publicit\u00e1rios, de acordo com as informa\u00e7\u00f5es obtidas atrav\u00e9s dos h\u00e1bitos de navega\u00e7\u00e3o do utilizador.<\/li>\n<\/ul>\n\n\n\n<p>De acordo com o disposto no artigo 22.2 da Lei 34\/2002, de 11 de julho, sobre Servi\u00e7os da Sociedade da Informa\u00e7\u00e3o e Com\u00e9rcio Eletr\u00f3nico (LSSI-CE), a CITYPRIVE PSFP, S.L.U. informa sobre os cookies utilizados no nosso website:<\/p>\n\n\n\n<ul class=\"wp-block-list\">\n<li><strong>Cookies t\u00e9cnicos<\/strong>: cookies pr\u00f3prios, cookies persistentes.<\/li>\n<\/ul>\n\n\n\n<ul class=\"wp-block-list\">\n<li><strong>Cookies de personaliza\u00e7\u00e3o<\/strong>: cookies pr\u00f3prios, cookies persistentes.<\/li>\n\n\n\n<li><strong>Cookies de an\u00e1lise<\/strong>: cookies de terceiros, cookies de sess\u00e3o, cookies persistentes.<\/li>\n<\/ul>\n\n\n\n<p>A tabela com os cookies que utilizamos \u00e9 a seguinte:<\/p>\n\n\n\n<figure class=\"wp-block-image is-resized\"><img decoding=\"async\" width=\"692\" height=\"1024\" src=\"https:\/\/www.wecity.com\/wp-content\/uploads\/2026\/01\/Tabla-Cookies-1-692x1024.jpg\" alt=\"\" class=\"wp-image-23828\" style=\"width:1044px;height:auto\" srcset=\"https:\/\/www.wecity.com\/wp-content\/uploads\/2026\/01\/Tabla-Cookies-1-692x1024.jpg 692w, https:\/\/www.wecity.com\/wp-content\/uploads\/2026\/01\/Tabla-Cookies-1-203x300.jpg 203w, https:\/\/www.wecity.com\/wp-content\/uploads\/2026\/01\/Tabla-Cookies-1-768x1137.jpg 768w, https:\/\/www.wecity.com\/wp-content\/uploads\/2026\/01\/Tabla-Cookies-1-1037x1536.jpg 1037w, https:\/\/www.wecity.com\/wp-content\/uploads\/2026\/01\/Tabla-Cookies-1-1383x2048.jpg 1383w, https:\/\/www.wecity.com\/wp-content\/uploads\/2026\/01\/Tabla-Cookies-1.jpg 1560w\" sizes=\"(max-width: 692px) 100vw, 692px\" \/><\/figure>\n\n\n\n<p>Pode desativar o uso de cookies quando considerar oportuno atrav\u00e9s das op\u00e7\u00f5es de configura\u00e7\u00e3o\/ajuste do seu navegador, de forma a bloquear, restringir, desativar ou apagar a aceita\u00e7\u00e3o de cookies. No entanto, lembramos que, caso decida alterar a configura\u00e7\u00e3o dos cookies, o servi\u00e7o prestado atrav\u00e9s do website poder\u00e1 ser afetado parcial ou totalmente.<\/p>\n\n\n\n<p>Informamos que tem a possibilidade de configurar o seu navegador para que seja informado sobre a rece\u00e7\u00e3o de cookies, podendo, se assim o desejar, impedir que sejam instalados no seu disco r\u00edgido.<\/p>\n\n\n\n<p>A seguir, fornecemos os links de v\u00e1rios navegadores, atrav\u00e9s dos quais pode realizar essa configura\u00e7\u00e3o:<\/p>\n\n\n\n<ul class=\"wp-block-list\">\n<li>Firefox a partir <a href=\"http:\/\/support.mozilla.org\/es\/kb\/habilitar-y-deshabilitar-cookies-que-los-sitios-we\" rel=\"nofollow noopener\" target=\"_blank\">aqui<\/a>.<\/li>\n\n\n\n<li>Chrome a partir <a href=\"http:\/\/support.google.com\/chrome\/bin\/answer.py?hl=es&amp;answer=95647\" rel=\"nofollow noopener\" target=\"_blank\">aqui<\/a>.<\/li>\n\n\n\n<li>Explorer a partir <a href=\"http:\/\/windows.microsoft.com\/es-es\/internet-explorer\/delete-manage-cookies#ie=ie-10\" rel=\"nofollow noopener\" target=\"_blank\">aqui<\/a>.<\/li>\n\n\n\n<li>Safari a partir <a href=\"https:\/\/support.apple.com\/kb\/ph17191?locale=es_ES\" rel=\"nofollow noopener\" target=\"_blank\">aqui<\/a>.<\/li>\n\n\n\n<li>Opera a partir <a href=\"http:\/\/help.opera.com\/Windows\/11.50\/es-ES\/cookies.html\" rel=\"nofollow noopener\" target=\"_blank\">aqui<\/a>.<\/li>\n<\/ul>\n\n\n\n<p>Utilizamos cookies do Google Analytics<\/p>\n\n\n\n<p>Medimos de forma an\u00f3nima a utiliza\u00e7\u00e3o do website para melhorar a sua experi\u00eancia de utilizador atrav\u00e9s da ferramenta Google Analytics<\/p>\n\n\n\n<p>O Google Analytics armazena cookies para poder elaborar estat\u00edsticas sobre o tr\u00e1fego e o volume de visitas deste website. Ao utilizar este website, est\u00e1 a consentir o tratamento de informa\u00e7\u00f5es sobre si pelo Google. Portanto, o exerc\u00edcio de qualquer direito neste sentido deve ser feito diretamente com a Google.<\/p>\n\n\n\n<p>Os cookies do Google Analytics s\u00e3o armazenados em servidores localizados nos Estados Unidos e comprometem-se a n\u00e3o partilh\u00e1-los com terceiros, exceto nos casos em que seja necess\u00e1rio para o funcionamento do sistema ou quando a lei o exija. De acordo com a Google, a sua endere\u00e7o IP n\u00e3o \u00e9 guardado.<\/p>\n\n\n\n<p>A Google Inc. \u00e9 uma empresa aderente ao \u00abData Privacy Framework\u00bb (escudo de privacidade) que garante que todos os dados transferidos ser\u00e3o tratados com um n\u00edvel de prote\u00e7\u00e3o de acordo com a normativa europeia.<\/p>\n\n\n\n<p>Pode consultar informa\u00e7\u00f5es detalhadas a este respeito atrav\u00e9s do <a href=\"https:\/\/support.google.com\/analytics\/answer\/6004245\" rel=\"nofollow noopener\" target=\"_blank\">seguinte link<\/a>.<\/p>\n\n\n\n<p>Se desejar, pode utilizar o Complemento de desativa\u00e7\u00e3o para navegadores do Google Analytics, atrav\u00e9s do qual \u00e9 poss\u00edvel rejeitar os cookies anal\u00edticos desse servi\u00e7o em todos os navegadores.<\/p>\n\n\n\n<p>Pode consultar mais informa\u00e7\u00f5es a este respeito no <a href=\"https:\/\/tools.google.com\/dlpage\/gaoptout\" rel=\"nofollow noopener\" target=\"_blank\">seguinte link<\/a>.<\/p>\n","protected":false},"excerpt":{"rendered":"<p>Instru\u00e7\u00f5es de utiliza\u00e7\u00e3o A utiliza\u00e7\u00e3o de cookies e de qualquer outro dispositivo ou elemento de rastreamento das informa\u00e7\u00f5es dos utilizadores [&hellip;]<\/p>\n","protected":false},"author":3,"featured_media":0,"parent":0,"menu_order":0,"comment_status":"closed","ping_status":"closed","template":"","meta":{"_acf_changed":false,"footnotes":""},"class_list":["post-8211","page","type-page","status-publish","hentry"],"acf":[],"_links":{"self":[{"href":"https:\/\/www.wecity.com\/pt-pt\/wp-json\/wp\/v2\/pages\/8211","targetHints":{"allow":["GET"]}}],"collection":[{"href":"https:\/\/www.wecity.com\/pt-pt\/wp-json\/wp\/v2\/pages"}],"about":[{"href":"https:\/\/www.wecity.com\/pt-pt\/wp-json\/wp\/v2\/types\/page"}],"author":[{"embeddable":true,"href":"https:\/\/www.wecity.com\/pt-pt\/wp-json\/wp\/v2\/users\/3"}],"replies":[{"embeddable":true,"href":"https:\/\/www.wecity.com\/pt-pt\/wp-json\/wp\/v2\/comments?post=8211"}],"version-history":[{"count":1,"href":"https:\/\/www.wecity.com\/pt-pt\/wp-json\/wp\/v2\/pages\/8211\/revisions"}],"predecessor-version":[{"id":23840,"href":"https:\/\/www.wecity.com\/pt-pt\/wp-json\/wp\/v2\/pages\/8211\/revisions\/23840"}],"wp:attachment":[{"href":"https:\/\/www.wecity.com\/pt-pt\/wp-json\/wp\/v2\/media?parent=8211"}],"curies":[{"name":"wp","href":"https:\/\/api.w.org\/{rel}","templated":true}]}}