{"id":8203,"date":"2023-02-06T09:28:41","date_gmt":"2023-02-06T08:28:41","guid":{"rendered":"https:\/\/www.wecity.com\/?page_id=8203"},"modified":"2023-11-28T15:26:04","modified_gmt":"2023-11-28T14:26:04","slug":"charity-policy","status":"publish","type":"page","link":"https:\/\/www.wecity.com\/pt-pt\/charity-policy\/","title":{"rendered":"Charity policy"},"content":{"rendered":"\n    <div class=\"bloque bloque_apertura sinfoto alignfull\" style=\"background:#f4f5f7\">\n\n        <div class=\"bloque_apertura__contenedor\">\n\n            <div class=\"container\">\n\n                <div class=\"bloque_apertura__textos\">\n                    <div>\n\n                        <p>Charity Policy<\/p>\n                        <h1 >\n                            <em>A pergunta mais urgente e persistente da vida \u00e9: o que est\u00e1 a fazer pelos outros? <\/em>                                                    <\/h1>\n\n                        <p><strong>@Martin Luther King<\/strong><\/p>\n                    <\/div>\n                <\/div><!-- \/ .bloque-apertura__textos -->\n\t\t\t\t            <\/div><!-- \/ .container -->\n\n        <\/div><!-- \/ .bloque_apertura__contenedor -->\n\n    <\/div><!-- \/ .bloque-apertura -->\n\n\n\n<div style=\"height:100px\" aria-hidden=\"true\" class=\"wp-block-spacer\"><\/div>\n\n\n\n<div class=\"wp-block-group\"><div class=\"wp-block-group__inner-container is-layout-constrained wp-block-group-is-layout-constrained\">\n<h2 class=\"wp-block-heading has-text-align-center\">Charity Policy<\/h2>\n\n\n\n<p class=\"has-text-align-center\">&#8220;Um sentimento ou atitude de se preocupar com os outros e querer ajud\u00e1-los, especialmente os mais necessitados.&#8221;<\/p>\n\n\n\n<p class=\"has-text-align-center\"><strong>@RAE<\/strong><\/p>\n<\/div><\/div>\n\n\n\n    <div class=\"bloque bloque-tipos bloque-tipos--generico\" >\n\n        <div class=\"container\">\n\n\t\t\t\n\t\t\t\n\t\t\t\n                                <ul class=\"bloque-tipos__wrapper\">\n\t\t\t\t\t                            <li class=\"bloque-tipos__tipo\">\n\t\t\t\t\t\t\t\t                                    <img decoding=\"async\" src=\"https:\/\/www.wecity.com\/wp-content\/uploads\/2023\/02\/Cero-comisiones-wecity.png\"\n                                         width=\"395\"\n                                         height=\"395\"\n                                         alt=\"\"  loading=\"lazy\"\/>\n\t\t\t\t\t\t\t\t\t\t\t\t\t\t\t\t                                    <h3>Comiss\u00f5es<\/h3>\n\t\t\t\t\t\t\t\t\t\t\t\t\t\t\t\t<p>Do financiamento de projectos a oportunidades imobili\u00e1rias ligadas a benef\u00edcios sociais.<\/p>\n                            <\/li>\n\t\t\t\t\t\t\t\t\t\t\t                            <li class=\"bloque-tipos__tipo\">\n\t\t\t\t\t\t\t\t                                    <img decoding=\"async\" src=\"https:\/\/www.wecity.com\/wp-content\/uploads\/2023\/02\/Banco-de-Espana-wecity.png\"\n                                         width=\"393\"\n                                         height=\"361\"\n                                         alt=\"\"  loading=\"lazy\"\/>\n\t\t\t\t\t\t\t\t\t\t\t\t\t\t\t\t                                    <h3>Benef\u00edcios<\/h3>\n\t\t\t\t\t\t\t\t\t\t\t\t\t\t\t\t<p>O <strong>wecity<\/strong> doar\u00e1 3% dos seus lucros a projectos de caridade.<\/p>\n                            <\/li>\n\t\t\t\t\t\t\t\t\t\t\t                            <li class=\"bloque-tipos__tipo\">\n\t\t\t\t\t\t\t\t                                    <img decoding=\"async\" src=\"https:\/\/www.wecity.com\/wp-content\/uploads\/2023\/02\/3-por-ciento-wecity.png\"\n                                         width=\"395\"\n                                         height=\"395\"\n                                         alt=\"\"  loading=\"lazy\"\/>\n\t\t\t\t\t\t\t\t\t\t\t\t\t\t\t\t                                    <h3>Habita\u00e7\u00e3o protegida<\/h3>\n\t\t\t\t\t\t\t\t\t\t\t\t\t\t\t\t<p><strong>O wecity<\/strong> fornecer\u00e1 a sua tecnologia gratuitamente a todas as autarquias locais para a promo\u00e7\u00e3o de habita\u00e7\u00e3o social.<\/p>\n                            <\/li>\n\t\t\t\t\t\t\t\t\t\t\t                <\/ul>\n\n                \t\t\t\n\t\t\t\n\t\t\t        <\/div><!-- \/ .container -->\n    <\/div><!-- \/ .bloque-tipos -->\n\n\n\n<div class=\"wp-block-group alignfull has-background\" style=\"background-color:#dce2de\"><div class=\"wp-block-group__inner-container is-layout-constrained wp-block-group-is-layout-constrained\">\n<div style=\"height:20px\" aria-hidden=\"true\" class=\"wp-block-spacer\"><\/div>\n\n\n\n<h2 class=\"wp-block-heading has-text-align-center\">Are you city?<br>Yes, wecity!<\/h2>\n\n\n\n<div style=\"height:20px\" aria-hidden=\"true\" class=\"wp-block-spacer\"><\/div>\n<\/div><\/div>\n","protected":false},"excerpt":{"rendered":"<p>Charity Policy &#8220;Um sentimento ou atitude de se preocupar com os outros e querer ajud\u00e1-los, especialmente os mais necessitados.&#8221; @RAE [&hellip;]<\/p>\n","protected":false},"author":3,"featured_media":0,"parent":0,"menu_order":15,"comment_status":"closed","ping_status":"closed","template":"","meta":{"_acf_changed":false,"footnotes":""},"class_list":["post-8203","page","type-page","status-publish","hentry"],"acf":[],"_links":{"self":[{"href":"https:\/\/www.wecity.com\/pt-pt\/wp-json\/wp\/v2\/pages\/8203","targetHints":{"allow":["GET"]}}],"collection":[{"href":"https:\/\/www.wecity.com\/pt-pt\/wp-json\/wp\/v2\/pages"}],"about":[{"href":"https:\/\/www.wecity.com\/pt-pt\/wp-json\/wp\/v2\/types\/page"}],"author":[{"embeddable":true,"href":"https:\/\/www.wecity.com\/pt-pt\/wp-json\/wp\/v2\/users\/3"}],"replies":[{"embeddable":true,"href":"https:\/\/www.wecity.com\/pt-pt\/wp-json\/wp\/v2\/comments?post=8203"}],"version-history":[{"count":2,"href":"https:\/\/www.wecity.com\/pt-pt\/wp-json\/wp\/v2\/pages\/8203\/revisions"}],"predecessor-version":[{"id":8732,"href":"https:\/\/www.wecity.com\/pt-pt\/wp-json\/wp\/v2\/pages\/8203\/revisions\/8732"}],"wp:attachment":[{"href":"https:\/\/www.wecity.com\/pt-pt\/wp-json\/wp\/v2\/media?parent=8203"}],"curies":[{"name":"wp","href":"https:\/\/api.w.org\/{rel}","templated":true}]}}