{"id":8184,"date":"2023-02-04T07:03:49","date_gmt":"2023-02-04T06:03:49","guid":{"rendered":"https:\/\/www.wecity.com\/?page_id=8184"},"modified":"2024-07-09T08:40:34","modified_gmt":"2024-07-09T06:40:34","slug":"partners","status":"publish","type":"page","link":"https:\/\/www.wecity.com\/pt-pt\/partners\/","title":{"rendered":"Partners"},"content":{"rendered":"\n    <div class=\"bloque bloque_apertura sinfoto alignfull\" style=\"background:#f4f5f7\">\n\n        <div class=\"bloque_apertura__contenedor\">\n\n            <div class=\"container\">\n\n                <div class=\"bloque_apertura__textos\">\n                    <div>\n\n                        <p>Partners<\/p>\n                        <h1 >\n                            Os nossos Partners                                                    <\/h1>\n\n                        <p><em>\u201cO segredo para contratar as melhores pessoas \u00e9 procurar pessoas que queiram mudar o mundo&#8221;\u201d<br \/>\n<\/em><\/p>\n<p><strong>@Marc Benioff,<br \/>\n<\/strong>CEO da Salesforce<\/p>\n                    <\/div>\n                <\/div><!-- \/ .bloque-apertura__textos -->\n\t\t\t\t            <\/div><!-- \/ .container -->\n\n        <\/div><!-- \/ .bloque_apertura__contenedor -->\n\n    <\/div><!-- \/ .bloque-apertura -->\n\n\n\n<div style=\"height:100px\" aria-hidden=\"true\" class=\"wp-block-spacer\"><\/div>\n\n\n\n<div class=\"wp-block-columns are-vertically-aligned-top is-style-listado-iconos is-layout-flex wp-container-core-columns-is-layout-9d6595d7 wp-block-columns-is-layout-flex\">\n<div class=\"wp-block-column is-vertically-aligned-top is-layout-flow wp-block-column-is-layout-flow\">\n<figure class=\"wp-block-image size-full\"><img decoding=\"async\" width=\"200\" height=\"200\" src=\"https:\/\/www.wecity.com\/wp-content\/uploads\/2023\/02\/CNMV.jpg\" alt=\"\" class=\"wp-image-633\" srcset=\"https:\/\/www.wecity.com\/wp-content\/uploads\/2023\/02\/CNMV.jpg 200w, https:\/\/www.wecity.com\/wp-content\/uploads\/2023\/02\/CNMV-150x150.jpg 150w, https:\/\/www.wecity.com\/wp-content\/uploads\/2023\/02\/CNMV-80x80.jpg 80w, https:\/\/www.wecity.com\/wp-content\/uploads\/2023\/02\/CNMV-48x48.jpg 48w\" sizes=\"(max-width: 200px) 100vw, 200px\" \/><\/figure>\n\n\n\n<p><strong>CNMV<\/strong><\/p>\n\n\n\n<p class=\"has-verde-color has-text-color\">REGULADOR<\/p>\n<\/div>\n\n\n\n<div class=\"wp-block-column is-vertically-aligned-top is-layout-flow wp-block-column-is-layout-flow\">\n<figure class=\"wp-block-image size-full\"><img decoding=\"async\" width=\"200\" height=\"200\" src=\"https:\/\/www.wecity.com\/wp-content\/uploads\/2023\/02\/Garrigues-Partner.jpg\" alt=\"\" class=\"wp-image-637\" srcset=\"https:\/\/www.wecity.com\/wp-content\/uploads\/2023\/02\/Garrigues-Partner.jpg 200w, https:\/\/www.wecity.com\/wp-content\/uploads\/2023\/02\/Garrigues-Partner-150x150.jpg 150w, https:\/\/www.wecity.com\/wp-content\/uploads\/2023\/02\/Garrigues-Partner-80x80.jpg 80w, https:\/\/www.wecity.com\/wp-content\/uploads\/2023\/02\/Garrigues-Partner-48x48.jpg 48w\" sizes=\"(max-width: 200px) 100vw, 200px\" \/><\/figure>\n\n\n\n<p><strong>Garrigues<\/strong><\/p>\n\n\n\n<p class=\"has-verde-color has-text-color\">LEGAL<\/p>\n<\/div>\n\n\n\n<div class=\"wp-block-column is-vertically-aligned-top is-layout-flow wp-block-column-is-layout-flow\">\n<figure class=\"wp-block-image size-full\"><img decoding=\"async\" width=\"200\" height=\"200\" src=\"https:\/\/www.wecity.com\/wp-content\/uploads\/2023\/02\/Cortes-abogados-partner.jpg\" alt=\"\" class=\"wp-image-640\" srcset=\"https:\/\/www.wecity.com\/wp-content\/uploads\/2023\/02\/Cortes-abogados-partner.jpg 200w, https:\/\/www.wecity.com\/wp-content\/uploads\/2023\/02\/Cortes-abogados-partner-150x150.jpg 150w, https:\/\/www.wecity.com\/wp-content\/uploads\/2023\/02\/Cortes-abogados-partner-80x80.jpg 80w, https:\/\/www.wecity.com\/wp-content\/uploads\/2023\/02\/Cortes-abogados-partner-48x48.jpg 48w\" sizes=\"(max-width: 200px) 100vw, 200px\" \/><\/figure>\n\n\n\n<p><strong>Cort\u00e9s, Abogados<\/strong><\/p>\n\n\n\n<p class=\"has-verde-color has-text-color\">LEGAL\/FISCAL<\/p>\n<\/div>\n\n\n\n<div class=\"wp-block-column is-vertically-aligned-top is-layout-flow wp-block-column-is-layout-flow\">\n<figure class=\"wp-block-image size-full\"><img decoding=\"async\" width=\"200\" height=\"200\" src=\"https:\/\/www.wecity.com\/wp-content\/uploads\/2024\/07\/CEIBA.jpg\" alt=\"\" class=\"wp-image-15023\" srcset=\"https:\/\/www.wecity.com\/wp-content\/uploads\/2024\/07\/CEIBA.jpg 200w, https:\/\/www.wecity.com\/wp-content\/uploads\/2024\/07\/CEIBA-150x150.jpg 150w, https:\/\/www.wecity.com\/wp-content\/uploads\/2024\/07\/CEIBA-80x80.jpg 80w, https:\/\/www.wecity.com\/wp-content\/uploads\/2024\/07\/CEIBA-48x48.jpg 48w\" sizes=\"(max-width: 200px) 100vw, 200px\" \/><\/figure>\n\n\n\n<p><strong>CEIBA Legal<\/strong><\/p>\n\n\n\n<p class=\"has-verde-color has-text-color\">LEGAL\/GARANT\u00cdAS JUR\u00cdDICAS<\/p>\n<\/div>\n<\/div>\n\n\n\n<div class=\"wp-block-columns are-vertically-aligned-top is-style-listado-iconos is-layout-flex wp-container-core-columns-is-layout-9d6595d7 wp-block-columns-is-layout-flex\">\n<div class=\"wp-block-column is-vertically-aligned-top is-layout-flow wp-block-column-is-layout-flow\">\n<figure class=\"wp-block-image size-full\"><img decoding=\"async\" width=\"200\" height=\"200\" src=\"https:\/\/www.wecity.com\/wp-content\/uploads\/2023\/02\/Pinset-Masons.jpg\" alt=\"\" class=\"wp-image-646\" srcset=\"https:\/\/www.wecity.com\/wp-content\/uploads\/2023\/02\/Pinset-Masons.jpg 200w, https:\/\/www.wecity.com\/wp-content\/uploads\/2023\/02\/Pinset-Masons-150x150.jpg 150w, https:\/\/www.wecity.com\/wp-content\/uploads\/2023\/02\/Pinset-Masons-80x80.jpg 80w, https:\/\/www.wecity.com\/wp-content\/uploads\/2023\/02\/Pinset-Masons-48x48.jpg 48w\" sizes=\"(max-width: 200px) 100vw, 200px\" \/><\/figure>\n\n\n\n<p><strong>Pinsent Masons<\/strong><\/p>\n\n\n\n<p class=\"has-verde-color has-text-color\">LEGAL<\/p>\n<\/div>\n\n\n\n<div class=\"wp-block-column is-vertically-aligned-top is-layout-flow wp-block-column-is-layout-flow\">\n<figure class=\"wp-block-image size-full\"><img decoding=\"async\" width=\"200\" height=\"200\" src=\"https:\/\/www.wecity.com\/wp-content\/uploads\/2024\/07\/MOORE.jpg\" alt=\"\" class=\"wp-image-15027\" srcset=\"https:\/\/www.wecity.com\/wp-content\/uploads\/2024\/07\/MOORE.jpg 200w, https:\/\/www.wecity.com\/wp-content\/uploads\/2024\/07\/MOORE-150x150.jpg 150w, https:\/\/www.wecity.com\/wp-content\/uploads\/2024\/07\/MOORE-80x80.jpg 80w, https:\/\/www.wecity.com\/wp-content\/uploads\/2024\/07\/MOORE-48x48.jpg 48w\" sizes=\"(max-width: 200px) 100vw, 200px\" \/><\/figure>\n\n\n\n<p><strong>MOORE<\/strong><\/p>\n\n\n\n<p class=\"has-verde-color has-text-color\">IMOBILI\u00c1RIO<\/p>\n<\/div>\n\n\n\n<div class=\"wp-block-column is-vertically-aligned-top is-layout-flow wp-block-column-is-layout-flow\">\n<figure class=\"wp-block-image size-full\"><img decoding=\"async\" width=\"200\" height=\"200\" src=\"https:\/\/www.wecity.com\/wp-content\/uploads\/2023\/02\/Banco-Sabadell-partner.jpg\" alt=\"\" class=\"wp-image-652\"\/><\/figure>\n\n\n\n<p><strong>Sabadell<\/strong><\/p>\n\n\n\n<p class=\"has-verde-color has-text-color\">BANCO<\/p>\n<\/div>\n\n\n\n<div class=\"wp-block-column is-vertically-aligned-top is-layout-flow wp-block-column-is-layout-flow\">\n<figure class=\"wp-block-image size-full\"><img decoding=\"async\" width=\"200\" height=\"200\" src=\"https:\/\/www.wecity.com\/wp-content\/uploads\/2023\/02\/Lemonway.jpg\" alt=\"\" class=\"wp-image-655\" srcset=\"https:\/\/www.wecity.com\/wp-content\/uploads\/2023\/02\/Lemonway.jpg 200w, https:\/\/www.wecity.com\/wp-content\/uploads\/2023\/02\/Lemonway-150x150.jpg 150w, https:\/\/www.wecity.com\/wp-content\/uploads\/2023\/02\/Lemonway-80x80.jpg 80w, https:\/\/www.wecity.com\/wp-content\/uploads\/2023\/02\/Lemonway-48x48.jpg 48w\" sizes=\"(max-width: 200px) 100vw, 200px\" \/><\/figure>\n\n\n\n<p><strong>Lemonway<\/strong><\/p>\n\n\n\n<p class=\"has-verde-color has-text-color\">BANCO<\/p>\n<\/div>\n<\/div>\n\n\n\n<div class=\"wp-block-columns are-vertically-aligned-top is-style-listado-iconos is-layout-flex wp-container-core-columns-is-layout-9d6595d7 wp-block-columns-is-layout-flex\">\n<div class=\"wp-block-column is-vertically-aligned-top is-layout-flow wp-block-column-is-layout-flow\">\n<figure class=\"wp-block-image size-full\"><img decoding=\"async\" width=\"200\" height=\"200\" src=\"https:\/\/www.wecity.com\/wp-content\/uploads\/2023\/02\/Google-partner.jpg\" alt=\"\" class=\"wp-image-658\" srcset=\"https:\/\/www.wecity.com\/wp-content\/uploads\/2023\/02\/Google-partner.jpg 200w, https:\/\/www.wecity.com\/wp-content\/uploads\/2023\/02\/Google-partner-150x150.jpg 150w, https:\/\/www.wecity.com\/wp-content\/uploads\/2023\/02\/Google-partner-80x80.jpg 80w, https:\/\/www.wecity.com\/wp-content\/uploads\/2023\/02\/Google-partner-48x48.jpg 48w\" sizes=\"(max-width: 200px) 100vw, 200px\" \/><\/figure>\n\n\n\n<p><strong>Google<\/strong><\/p>\n\n\n\n<p class=\"has-verde-color has-text-color\">DIGITAL<\/p>\n<\/div>\n\n\n\n<div class=\"wp-block-column is-vertically-aligned-top is-layout-flow wp-block-column-is-layout-flow\">\n<figure class=\"wp-block-image size-full\"><img decoding=\"async\" width=\"200\" height=\"200\" src=\"https:\/\/www.wecity.com\/wp-content\/uploads\/2023\/02\/Facebook-partner.jpg\" alt=\"\" class=\"wp-image-661\" srcset=\"https:\/\/www.wecity.com\/wp-content\/uploads\/2023\/02\/Facebook-partner.jpg 200w, https:\/\/www.wecity.com\/wp-content\/uploads\/2023\/02\/Facebook-partner-150x150.jpg 150w, https:\/\/www.wecity.com\/wp-content\/uploads\/2023\/02\/Facebook-partner-80x80.jpg 80w, https:\/\/www.wecity.com\/wp-content\/uploads\/2023\/02\/Facebook-partner-48x48.jpg 48w\" sizes=\"(max-width: 200px) 100vw, 200px\" \/><\/figure>\n\n\n\n<p><strong>Facebook<\/strong><\/p>\n\n\n\n<p class=\"has-verde-color has-text-color\">DIGITAL<\/p>\n<\/div>\n\n\n\n<div class=\"wp-block-column is-vertically-aligned-top is-layout-flow wp-block-column-is-layout-flow\">\n<figure class=\"wp-block-image size-full\"><img decoding=\"async\" width=\"200\" height=\"200\" src=\"https:\/\/www.wecity.com\/wp-content\/uploads\/2023\/02\/Linkedin-partner.jpg\" alt=\"\" class=\"wp-image-664\" srcset=\"https:\/\/www.wecity.com\/wp-content\/uploads\/2023\/02\/Linkedin-partner.jpg 200w, https:\/\/www.wecity.com\/wp-content\/uploads\/2023\/02\/Linkedin-partner-150x150.jpg 150w, https:\/\/www.wecity.com\/wp-content\/uploads\/2023\/02\/Linkedin-partner-80x80.jpg 80w, https:\/\/www.wecity.com\/wp-content\/uploads\/2023\/02\/Linkedin-partner-48x48.jpg 48w\" sizes=\"(max-width: 200px) 100vw, 200px\" \/><\/figure>\n\n\n\n<p><strong>Linkedin<\/strong><\/p>\n\n\n\n<p class=\"has-verde-color has-text-color\">DIGITAL<\/p>\n<\/div>\n\n\n\n<div class=\"wp-block-column is-vertically-aligned-top is-layout-flow wp-block-column-is-layout-flow\">\n<figure class=\"wp-block-image size-full\"><img decoding=\"async\" width=\"200\" height=\"200\" src=\"https:\/\/www.wecity.com\/wp-content\/uploads\/2023\/02\/Trustpilot.jpg\" alt=\"\" class=\"wp-image-667\" srcset=\"https:\/\/www.wecity.com\/wp-content\/uploads\/2023\/02\/Trustpilot.jpg 200w, https:\/\/www.wecity.com\/wp-content\/uploads\/2023\/02\/Trustpilot-150x150.jpg 150w, https:\/\/www.wecity.com\/wp-content\/uploads\/2023\/02\/Trustpilot-80x80.jpg 80w, https:\/\/www.wecity.com\/wp-content\/uploads\/2023\/02\/Trustpilot-48x48.jpg 48w\" sizes=\"(max-width: 200px) 100vw, 200px\" \/><\/figure>\n\n\n\n<p><strong>Trustpilot<\/strong><\/p>\n\n\n\n<p class=\"has-verde-color has-text-color\">DIGITAL<\/p>\n<\/div>\n<\/div>\n\n\n\n<div class=\"wp-block-columns are-vertically-aligned-top is-style-listado-iconos is-layout-flex wp-container-core-columns-is-layout-9d6595d7 wp-block-columns-is-layout-flex\">\n<div class=\"wp-block-column is-vertically-aligned-top is-layout-flow wp-block-column-is-layout-flow\">\n<figure class=\"wp-block-image size-full\"><img decoding=\"async\" width=\"200\" height=\"200\" src=\"https:\/\/www.wecity.com\/wp-content\/uploads\/2023\/02\/Datmean-partner.jpg\" alt=\"\" class=\"wp-image-670\" srcset=\"https:\/\/www.wecity.com\/wp-content\/uploads\/2023\/02\/Datmean-partner.jpg 200w, https:\/\/www.wecity.com\/wp-content\/uploads\/2023\/02\/Datmean-partner-150x150.jpg 150w, https:\/\/www.wecity.com\/wp-content\/uploads\/2023\/02\/Datmean-partner-80x80.jpg 80w, https:\/\/www.wecity.com\/wp-content\/uploads\/2023\/02\/Datmean-partner-48x48.jpg 48w\" sizes=\"(max-width: 200px) 100vw, 200px\" \/><\/figure>\n\n\n\n<p><strong>Datmean<\/strong><\/p>\n\n\n\n<p class=\"has-verde-color has-text-color\">DIGITAL<\/p>\n<\/div>\n\n\n\n<div class=\"wp-block-column is-vertically-aligned-top is-layout-flow wp-block-column-is-layout-flow\">\n<figure class=\"wp-block-image size-full\"><img decoding=\"async\" width=\"200\" height=\"200\" src=\"https:\/\/www.wecity.com\/wp-content\/uploads\/2023\/02\/Conficanza-online-partner.jpg\" alt=\"\" class=\"wp-image-673\" srcset=\"https:\/\/www.wecity.com\/wp-content\/uploads\/2023\/02\/Conficanza-online-partner.jpg 200w, https:\/\/www.wecity.com\/wp-content\/uploads\/2023\/02\/Conficanza-online-partner-150x150.jpg 150w, https:\/\/www.wecity.com\/wp-content\/uploads\/2023\/02\/Conficanza-online-partner-80x80.jpg 80w, https:\/\/www.wecity.com\/wp-content\/uploads\/2023\/02\/Conficanza-online-partner-48x48.jpg 48w\" sizes=\"(max-width: 200px) 100vw, 200px\" \/><\/figure>\n\n\n\n<p><strong>Confianza Online<\/strong><\/p>\n\n\n\n<p class=\"has-verde-color has-text-color\">PARCERIAS<\/p>\n<\/div>\n\n\n\n<div class=\"wp-block-column is-vertically-aligned-top is-layout-flow wp-block-column-is-layout-flow\">\n<figure class=\"wp-block-image size-full\"><img decoding=\"async\" width=\"200\" height=\"200\" src=\"https:\/\/www.wecity.com\/wp-content\/uploads\/2023\/02\/Adigital-partner.jpg\" alt=\"\" class=\"wp-image-676\" srcset=\"https:\/\/www.wecity.com\/wp-content\/uploads\/2023\/02\/Adigital-partner.jpg 200w, https:\/\/www.wecity.com\/wp-content\/uploads\/2023\/02\/Adigital-partner-150x150.jpg 150w, https:\/\/www.wecity.com\/wp-content\/uploads\/2023\/02\/Adigital-partner-80x80.jpg 80w, https:\/\/www.wecity.com\/wp-content\/uploads\/2023\/02\/Adigital-partner-48x48.jpg 48w\" sizes=\"(max-width: 200px) 100vw, 200px\" \/><\/figure>\n\n\n\n<p><strong>Adigital<\/strong><\/p>\n\n\n\n<p class=\"has-verde-color has-text-color\">PARCERIAS<\/p>\n<\/div>\n\n\n\n<div class=\"wp-block-column is-vertically-aligned-top is-layout-flow wp-block-column-is-layout-flow\">\n<figure class=\"wp-block-image size-full\"><img decoding=\"async\" width=\"200\" height=\"200\" src=\"https:\/\/www.wecity.com\/wp-content\/uploads\/2023\/02\/AEFI-partner.jpg\" alt=\"\" class=\"wp-image-679\" srcset=\"https:\/\/www.wecity.com\/wp-content\/uploads\/2023\/02\/AEFI-partner.jpg 200w, https:\/\/www.wecity.com\/wp-content\/uploads\/2023\/02\/AEFI-partner-150x150.jpg 150w, https:\/\/www.wecity.com\/wp-content\/uploads\/2023\/02\/AEFI-partner-80x80.jpg 80w, https:\/\/www.wecity.com\/wp-content\/uploads\/2023\/02\/AEFI-partner-48x48.jpg 48w\" sizes=\"(max-width: 200px) 100vw, 200px\" \/><\/figure>\n\n\n\n<p><strong>Fintech &amp; Insurtech<\/strong><\/p>\n\n\n\n<p class=\"has-verde-color has-text-color\">PARCERIAS<\/p>\n<\/div>\n<\/div>\n\n\n\n<div style=\"height:100px\" aria-hidden=\"true\" class=\"wp-block-spacer\"><\/div>\n","protected":false},"excerpt":{"rendered":"<p>CNMV REGULADOR Garrigues LEGAL Cort\u00e9s, Abogados LEGAL\/FISCAL CEIBA Legal LEGAL\/GARANT\u00cdAS JUR\u00cdDICAS Pinsent Masons LEGAL MOORE IMOBILI\u00c1RIO Sabadell BANCO Lemonway BANCO [&hellip;]<\/p>\n","protected":false},"author":3,"featured_media":0,"parent":0,"menu_order":0,"comment_status":"closed","ping_status":"closed","template":"","meta":{"_acf_changed":false,"footnotes":""},"class_list":["post-8184","page","type-page","status-publish","hentry"],"acf":[],"_links":{"self":[{"href":"https:\/\/www.wecity.com\/pt-pt\/wp-json\/wp\/v2\/pages\/8184","targetHints":{"allow":["GET"]}}],"collection":[{"href":"https:\/\/www.wecity.com\/pt-pt\/wp-json\/wp\/v2\/pages"}],"about":[{"href":"https:\/\/www.wecity.com\/pt-pt\/wp-json\/wp\/v2\/types\/page"}],"author":[{"embeddable":true,"href":"https:\/\/www.wecity.com\/pt-pt\/wp-json\/wp\/v2\/users\/3"}],"replies":[{"embeddable":true,"href":"https:\/\/www.wecity.com\/pt-pt\/wp-json\/wp\/v2\/comments?post=8184"}],"version-history":[{"count":2,"href":"https:\/\/www.wecity.com\/pt-pt\/wp-json\/wp\/v2\/pages\/8184\/revisions"}],"predecessor-version":[{"id":15033,"href":"https:\/\/www.wecity.com\/pt-pt\/wp-json\/wp\/v2\/pages\/8184\/revisions\/15033"}],"wp:attachment":[{"href":"https:\/\/www.wecity.com\/pt-pt\/wp-json\/wp\/v2\/media?parent=8184"}],"curies":[{"name":"wp","href":"https:\/\/api.w.org\/{rel}","templated":true}]}}