{"id":8173,"date":"2023-02-04T07:35:58","date_gmt":"2023-02-04T06:35:58","guid":{"rendered":"https:\/\/www.wecity.com\/?page_id=8173"},"modified":"2023-11-28T15:26:58","modified_gmt":"2023-11-28T14:26:58","slug":"preguntas-frecuentes","status":"publish","type":"page","link":"https:\/\/www.wecity.com\/pt-pt\/preguntas-frecuentes\/","title":{"rendered":"Preguntas frecuentes"},"content":{"rendered":"\n    <div class=\"bloque bloque_apertura sinfoto alignfull\" style=\"background:#e7f0ee\">\n\n        <div class=\"bloque_apertura__contenedor\">\n\n            <div class=\"container\">\n\n                <div class=\"bloque_apertura__textos\">\n                    <div>\n\n                        <p>Perguntas mais frequentes<\/p>\n                        <h1 class=\"conicono\">\n                            Bem-vindo ao centro de ajuda wecity                            <img decoding=\"async\" src=\"https:\/\/www.wecity.com\/wp-content\/uploads\/2023\/02\/lifeguard.png\" width=\"90\" height=\"90\" \/>                        <\/h1>\n\n                        <p>A sec\u00e7\u00e3o do gloss\u00e1rio financeiro pode tamb\u00e9m ser-lhe \u00fatil.<br \/>\nSe desejar uma ajuda personalizada, n\u00e3o hesite em contactar-nos diretamente.<\/p>\n                    <\/div>\n                <\/div><!-- \/ .bloque-apertura__textos -->\n\t\t\t\t            <\/div><!-- \/ .container -->\n\n        <\/div><!-- \/ .bloque_apertura__contenedor -->\n\n    <\/div><!-- \/ .bloque-apertura -->\n","protected":false},"excerpt":{"rendered":"","protected":false},"author":3,"featured_media":0,"parent":0,"menu_order":0,"comment_status":"closed","ping_status":"closed","template":"template-faqs.php","meta":{"_acf_changed":false,"footnotes":""},"class_list":["post-8173","page","type-page","status-publish","hentry"],"acf":[],"_links":{"self":[{"href":"https:\/\/www.wecity.com\/pt-pt\/wp-json\/wp\/v2\/pages\/8173","targetHints":{"allow":["GET"]}}],"collection":[{"href":"https:\/\/www.wecity.com\/pt-pt\/wp-json\/wp\/v2\/pages"}],"about":[{"href":"https:\/\/www.wecity.com\/pt-pt\/wp-json\/wp\/v2\/types\/page"}],"author":[{"embeddable":true,"href":"https:\/\/www.wecity.com\/pt-pt\/wp-json\/wp\/v2\/users\/3"}],"replies":[{"embeddable":true,"href":"https:\/\/www.wecity.com\/pt-pt\/wp-json\/wp\/v2\/comments?post=8173"}],"version-history":[{"count":2,"href":"https:\/\/www.wecity.com\/pt-pt\/wp-json\/wp\/v2\/pages\/8173\/revisions"}],"predecessor-version":[{"id":8733,"href":"https:\/\/www.wecity.com\/pt-pt\/wp-json\/wp\/v2\/pages\/8173\/revisions\/8733"}],"wp:attachment":[{"href":"https:\/\/www.wecity.com\/pt-pt\/wp-json\/wp\/v2\/media?parent=8173"}],"curies":[{"name":"wp","href":"https:\/\/api.w.org\/{rel}","templated":true}]}}