{"id":8168,"date":"2023-02-02T19:51:57","date_gmt":"2023-02-02T18:51:57","guid":{"rendered":"https:\/\/www.wecity.com\/?page_id=8168"},"modified":"2024-10-07T11:40:01","modified_gmt":"2024-10-07T09:40:01","slug":"equipo","status":"publish","type":"page","link":"https:\/\/www.wecity.com\/pt-pt\/equipo\/","title":{"rendered":"Equipo"},"content":{"rendered":"\n<div class=\"wp-block-group alignfull has-gris-muy-claro-background-color has-background\"><div class=\"wp-block-group__inner-container is-layout-constrained wp-block-group-is-layout-constrained\"><div class=\"wp-block-image\">\n<figure class=\"aligncenter size-large\"><img decoding=\"async\" width=\"1024\" height=\"683\" src=\"https:\/\/www.wecity.com\/wp-content\/uploads\/2023\/12\/WeCity-Team-6-1024x683.webp\" alt=\"Equipo de wecity\" class=\"wp-image-9216\" style=\"object-fit:cover\" srcset=\"https:\/\/www.wecity.com\/wp-content\/uploads\/2023\/12\/WeCity-Team-6-1024x683.webp 1024w, https:\/\/www.wecity.com\/wp-content\/uploads\/2023\/12\/WeCity-Team-6-300x200.webp 300w, https:\/\/www.wecity.com\/wp-content\/uploads\/2023\/12\/WeCity-Team-6-768x512.webp 768w, https:\/\/www.wecity.com\/wp-content\/uploads\/2023\/12\/WeCity-Team-6-1536x1024.webp 1536w, https:\/\/www.wecity.com\/wp-content\/uploads\/2023\/12\/WeCity-Team-6-2048x1365.webp 2048w, https:\/\/www.wecity.com\/wp-content\/uploads\/2023\/12\/WeCity-Team-6-400x267.webp 400w\" sizes=\"(max-width: 1024px) 100vw, 1024px\" \/><\/figure>\n<\/div>\n\n\n<h1 class=\"wp-block-heading has-text-align-center\">we are city<\/h1>\n\n\n\n<p><em>&#8220;Estamos numa miss\u00e3o para democratizar <\/em>(<strong><em>we <\/em><\/strong><em>are&nbsp;crowd<\/em>) o acesso aos elevados retornos do mercado institucional (<em>we are&nbsp;<\/em><strong><em>city<\/em><\/strong>)&#8221;.<br>Na wecity, cri\u00e1mos o ecossistema tecnol\u00f3gico e inovador onde os promotores e os investidores comunicam, financiam e partilham os retornos.<\/p>\n\n\n\n<h2 class=\"wp-block-heading has-text-align-center\">we are proptech<\/h2>\n\n\n\n<p class=\"has-text-align-center\">Somos uma equipa multidisciplinar com uma vasta experi\u00eancia nos sectores imobili\u00e1rio, financeiro e digital.<\/p>\n\n\n\n<h2 class=\"wp-block-heading has-text-align-center\">we are &#8220;exits&#8221;<\/h2>\n\n\n\n<p class=\"has-text-align-center\">Na wecity, estamos focados nos resultados (&#8220;exits&#8221;) e no servi\u00e7o aos nossos clientes.<br><strong>[E]<\/strong>xcel\u00eancia + e<strong>[X]<\/strong>peri\u00eancia + <strong>[I]<\/strong>nova\u00e7\u00e3o + <strong>[T]<\/strong>ecnologia + <strong>[S]<\/strong>eguro<\/p>\n\n\n\n<h2 class=\"wp-block-heading has-text-align-center\"><\/h2>\n<\/div><\/div>\n\n\n\n<div class=\"wp-block-group alignfull has-background\" style=\"background-color:#dce2de\"><div class=\"wp-block-group__inner-container is-layout-constrained wp-block-group-is-layout-constrained\">\n<h2 class=\"wp-block-heading has-text-align-center\">Lei dei promo\u00e7\u00e3o do Financiamento das empresas<\/h2>\n\n\n\n<p class=\"has-text-align-center\"><strong>Artigo 55\u00ba, al\u00ednea e)<\/strong><\/p>\n\n\n\n<p class=\"has-text-align-center\"><em>&#8220;Os administradores da plataforma de financiamento coletivo de capitais devem ser pessoas de reconhecida reputa\u00e7\u00e3o comercial ou profissional e possuir conhecimentos e experi\u00eancia adequados nas mat\u00e9rias necess\u00e1rias ao exerc\u00edcio das suas fun\u00e7\u00f5es.<\/em><\/p>\n<\/div><\/div>\n\n\n\n    <div class=\"bloque bloque-tipos bloque-tipos--que-dicen\" >\n\n        <div class=\"container\">\n\n\t\t\t                <h2 class=\"titulo-bloque\">\n\t\t\t\t\tO que sobre n\u00f3s                <\/h2>\n\t\t\t\n\t\t\t\n\t\t\t\n                                    <div class=\"bloque-tipos-slider\">\n                        <button class=\"slider-arrow slider-arrow--prev\" aria-label=\"Anterior\">\n                            <svg width=\"24\" height=\"24\" viewBox=\"0 0 24 24\" fill=\"none\" xmlns=\"http:\/\/www.w3.org\/2000\/svg\">\n                                <path d=\"M15 18L9 12L15 6\" stroke=\"#000\" stroke-width=\"2\" stroke-linecap=\"round\" stroke-linejoin=\"round\"\/>\n                            <\/svg>\n                        <\/button>\n\n                        <div class=\"bloque-tipos-slider__container\">\n                                <ul class=\"bloque-tipos__wrapper\">\n\t\t\t\t\t                            <li class=\"bloque-tipos__tipo\">\n\t\t\t\t\t\t\t\t                                    <img decoding=\"async\" src=\"https:\/\/www.wecity.com\/wp-content\/uploads\/2023\/11\/eje-prime-pieza-prensa.webp\"\n                                         width=\"2451\"\n                                         height=\"964\"\n                                         alt=\"\"  loading=\"lazy\"\/>\n\t\t\t\t\t\t\t\t\t\t\t\t\t\t\t\t\t\t\t\t\t\t\t\t<p><em><span style=\"font-weight: 400\">\u00abA wecity bate recordes no crowdfunding imobili\u00e1rio.\u00bb<\/span><\/em><\/p>\n                            <\/li>\n\t\t\t\t\t\t\t\t\t\t\t                            <li class=\"bloque-tipos__tipo\">\n\t\t\t\t\t\t\t\t                                    <img decoding=\"async\" src=\"https:\/\/www.wecity.com\/wp-content\/uploads\/2023\/11\/Prensa_europa-press.webp\"\n                                         width=\"2451\"\n                                         height=\"964\"\n                                         alt=\"\"  loading=\"lazy\"\/>\n\t\t\t\t\t\t\t\t\t\t\t\t\t\t\t\t\t\t\t\t\t\t\t\t<p><em>\u00abA wecity fecha uma ronda de financiamento participativa de 3 milh\u00f5es de euros para a compra de instala\u00e7\u00f5es em Madrid.\u00bb<\/em><\/p>\n                            <\/li>\n\t\t\t\t\t\t\t\t\t\t\t                            <li class=\"bloque-tipos__tipo\">\n\t\t\t\t\t\t\t\t                                    <img decoding=\"async\" src=\"https:\/\/www.wecity.com\/wp-content\/uploads\/2023\/11\/Prensa_hi-retail.webp\"\n                                         width=\"2451\"\n                                         height=\"964\"\n                                         alt=\"\"  loading=\"lazy\"\/>\n\t\t\t\t\t\t\t\t\t\t\t\t\t\t\t\t\t\t\t\t\t\t\t\t<p><em>\u00abA wecity fecha a maior ronda de financiamento do mercado de crowdfunding imobili\u00e1rio de Espanha\u00bb<\/em><\/p>\n                            <\/li>\n\t\t\t\t\t\t\t\t\t\t\t                            <li class=\"bloque-tipos__tipo\">\n\t\t\t\t\t\t\t\t                                    <img decoding=\"async\" src=\"https:\/\/www.wecity.com\/wp-content\/uploads\/2023\/11\/cinco-dias-pieza-prensa.webp\"\n                                         width=\"2451\"\n                                         height=\"964\"\n                                         alt=\"\"  loading=\"lazy\"\/>\n\t\t\t\t\t\t\t\t\t\t\t\t\t\t\t\t\t\t\t\t\t\t\t\t<p><em><span style=\"font-weight: 400\">\u00abA wecity come\u00e7a com uma forte experi\u00eancia em ativos terci\u00e1rios como o retail, os escrit\u00f3rios ou a log\u00edstica.\u00bb<\/span><\/em><\/p>\n                            <\/li>\n\t\t\t\t\t\t\t\t\t\t\t                            <li class=\"bloque-tipos__tipo\">\n\t\t\t\t\t\t\t\t                                    <img decoding=\"async\" src=\"https:\/\/www.wecity.com\/wp-content\/uploads\/2023\/11\/El-confidencial-pieza-prensa.webp\"\n                                         width=\"2451\"\n                                         height=\"964\"\n                                         alt=\"\"  loading=\"lazy\"\/>\n\t\t\t\t\t\t\t\t\t\t\t\t\t\t\t\t\t\t\t\t\t\t\t\t<p><em><span style=\"font-weight: 400\">\u00abA wecity nasce como uma plataforma para canalizar a procura de promotores e investidores.\u00bb<\/span><span style=\"font-weight: 400\"><br \/>\n<\/span><\/em><\/p>\n                            <\/li>\n\t\t\t\t\t\t\t\t\t\t\t                            <li class=\"bloque-tipos__tipo\">\n\t\t\t\t\t\t\t\t                                    <img decoding=\"async\" src=\"https:\/\/www.wecity.com\/wp-content\/uploads\/2023\/11\/Emprendedores.webp\"\n                                         width=\"2451\"\n                                         height=\"964\"\n                                         alt=\"\"  loading=\"lazy\"\/>\n\t\t\t\t\t\t\t\t\t\t\t\t\t\t\t\t\t\t\t\t\t\t\t\t<p><em><span style=\"font-weight: 400\">\u00abInvestir no sector imobili\u00e1rio de m\u00e3os dadas com os grandes.\u00bb<\/span><\/em><\/p>\n                            <\/li>\n\t\t\t\t\t\t\t\t\t\t\t                <\/ul>\n\n                                    <\/div>\n\n                    <button class=\"slider-arrow slider-arrow--next\" aria-label=\"Siguiente\">\n                        <svg width=\"24\" height=\"24\" viewBox=\"0 0 24 24\" fill=\"none\" xmlns=\"http:\/\/www.w3.org\/2000\/svg\">\n                            <path d=\"M9 18L15 12L9 6\" stroke=\"#000\" stroke-width=\"2\" stroke-linecap=\"round\" stroke-linejoin=\"round\"\/>\n                        <\/svg>\n                    <\/button>\n                    <\/div>\n                \t\t\t\n\t\t\t\n\t\t\t        <\/div><!-- \/ .container -->\n    <\/div><!-- \/ .bloque-tipos -->\n","protected":false},"excerpt":{"rendered":"<p>we are city &#8220;Estamos numa miss\u00e3o para democratizar (we are&nbsp;crowd) o acesso aos elevados retornos do mercado institucional (we are&nbsp;city)&#8221;.Na [&hellip;]<\/p>\n","protected":false},"author":3,"featured_media":0,"parent":0,"menu_order":12,"comment_status":"closed","ping_status":"closed","template":"","meta":{"_acf_changed":false,"footnotes":""},"class_list":["post-8168","page","type-page","status-publish","hentry"],"acf":[],"_links":{"self":[{"href":"https:\/\/www.wecity.com\/pt-pt\/wp-json\/wp\/v2\/pages\/8168","targetHints":{"allow":["GET"]}}],"collection":[{"href":"https:\/\/www.wecity.com\/pt-pt\/wp-json\/wp\/v2\/pages"}],"about":[{"href":"https:\/\/www.wecity.com\/pt-pt\/wp-json\/wp\/v2\/types\/page"}],"author":[{"embeddable":true,"href":"https:\/\/www.wecity.com\/pt-pt\/wp-json\/wp\/v2\/users\/3"}],"replies":[{"embeddable":true,"href":"https:\/\/www.wecity.com\/pt-pt\/wp-json\/wp\/v2\/comments?post=8168"}],"version-history":[{"count":2,"href":"https:\/\/www.wecity.com\/pt-pt\/wp-json\/wp\/v2\/pages\/8168\/revisions"}],"predecessor-version":[{"id":16233,"href":"https:\/\/www.wecity.com\/pt-pt\/wp-json\/wp\/v2\/pages\/8168\/revisions\/16233"}],"wp:attachment":[{"href":"https:\/\/www.wecity.com\/pt-pt\/wp-json\/wp\/v2\/media?parent=8168"}],"curies":[{"name":"wp","href":"https:\/\/api.w.org\/{rel}","templated":true}]}}