{"id":8124,"date":"2023-02-01T17:06:32","date_gmt":"2023-02-01T16:06:32","guid":{"rendered":"https:\/\/www.wecity.com\/?page_id=8124"},"modified":"2023-11-28T16:53:15","modified_gmt":"2023-11-28T15:53:15","slug":"responsabilidade-social-corporativa","status":"publish","type":"page","link":"https:\/\/www.wecity.com\/pt-pt\/responsabilidade-social-corporativa\/","title":{"rendered":"Responsabilidade social corporativa"},"content":{"rendered":"\n    <div class=\"bloque bloque_apertura confoto alignfull\" style=\"background:#F4F5F7 url(https:\/\/www.wecity.com\/wp-content\/uploads\/2023\/02\/fondo-rsc.png) no-repeat right bottom;\">\n\n        <div class=\"bloque_apertura__contenedor\">\n\n            <div class=\"container\">\n\n                <div class=\"bloque_apertura__textos\">\n                    <div>\n\n                        <p>RSC<\/p>\n                        <h1 >\n                            Responsabilidade social das empresas                                                    <\/h1>\n\n                        <p><em><strong>\u201cConstruir uma empresa forte e construir um mundo melhor n\u00e3o s\u00e3o objectivos contradit\u00f3rios: ambos s\u00e3o ingredientes indispens\u00e1veis para o sucesso a longo praz<\/strong><\/em><strong>o\u201d<\/strong><\/p>\n<p>@William Clay Ford Jr, Ford Motor Company<\/p>\n<p>&#8220;A partir da wecity queremos &#8220;construir um mundo melhor&#8221;, apoiando e dando visibilidade a grandes projectos que melhoram a vida de todos. Saiba como colaborar com iniciativas solid\u00e1rias&#8221;.<\/p>\n                    <\/div>\n                <\/div><!-- \/ .bloque-apertura__textos -->\n\t\t\t\t            <\/div><!-- \/ .container -->\n\n        <\/div><!-- \/ .bloque_apertura__contenedor -->\n\n    <\/div><!-- \/ .bloque-apertura -->\n\n\n    <div class=\"bloque bloque-oportunidades bloque-oportunidades--ajax\">\n        <div class=\"container\">\n\t\t\t\n\t\t\t\n            <p id=\"contador-oportunidades-activas\" class=\"contador-oportunidades-activas\" style=\"display: none;\"><\/p>\n\n\t\t\t                <div id=\"oportunidades_para_invertir\">\n                    <div id=\"loading-spinner-invertir\" style=\"width: 50px; margin: 50px auto;\">\n                        <svg xmlns='http:\/\/www.w3.org\/2000\/svg' viewBox='0 0 200 200'>\n                            <radialGradient id='a11' cx='.66' fx='.66' cy='.3125' fy='.3125' gradientTransform='scale(1.5)'>\n                                <stop offset='0' stop-color='#030718'><\/stop>\n                                <stop offset='.3' stop-color='#030718' stop-opacity='.9'><\/stop>\n                                <stop offset='.6' stop-color='#030718' stop-opacity='.6'><\/stop>\n                                <stop offset='.8' stop-color='#030718' stop-opacity='.3'><\/stop>\n                                <stop offset='1' stop-color='#030718' stop-opacity='0'><\/stop>\n                            <\/radialGradient>\n                            <circle transform-origin='center' fill='none' stroke='url(#a11)' stroke-width='28'\n                                    stroke-linecap='round' stroke-dasharray='200 1000' stroke-dashoffset='0' cx='100'\n                                    cy='100' r='70'>\n                                <animateTransform type='rotate' attributeName='transform' calcMode='spline' dur='1'\n                                                  values='360;0' keyTimes='0;1' keySplines='0 0 1 1'\n                                                  repeatCount='indefinite'><\/animateTransform>\n                            <\/circle>\n                            <circle transform-origin='center' fill='none' opacity='.2' stroke='#030718' stroke-width='28'\n                                    stroke-linecap='round' cx='100' cy='100' r='70'><\/circle>\n                        <\/svg>\n                    <\/div>\n                <\/div>\n\t\t\t\t\n\t\t\t        <\/div>\n    <\/div>\n","protected":false},"excerpt":{"rendered":"","protected":false},"author":3,"featured_media":0,"parent":0,"menu_order":0,"comment_status":"closed","ping_status":"closed","template":"","meta":{"_acf_changed":false,"footnotes":""},"class_list":["post-8124","page","type-page","status-publish","hentry"],"acf":[],"_links":{"self":[{"href":"https:\/\/www.wecity.com\/pt-pt\/wp-json\/wp\/v2\/pages\/8124","targetHints":{"allow":["GET"]}}],"collection":[{"href":"https:\/\/www.wecity.com\/pt-pt\/wp-json\/wp\/v2\/pages"}],"about":[{"href":"https:\/\/www.wecity.com\/pt-pt\/wp-json\/wp\/v2\/types\/page"}],"author":[{"embeddable":true,"href":"https:\/\/www.wecity.com\/pt-pt\/wp-json\/wp\/v2\/users\/3"}],"replies":[{"embeddable":true,"href":"https:\/\/www.wecity.com\/pt-pt\/wp-json\/wp\/v2\/comments?post=8124"}],"version-history":[{"count":2,"href":"https:\/\/www.wecity.com\/pt-pt\/wp-json\/wp\/v2\/pages\/8124\/revisions"}],"predecessor-version":[{"id":8760,"href":"https:\/\/www.wecity.com\/pt-pt\/wp-json\/wp\/v2\/pages\/8124\/revisions\/8760"}],"wp:attachment":[{"href":"https:\/\/www.wecity.com\/pt-pt\/wp-json\/wp\/v2\/media?parent=8124"}],"curies":[{"name":"wp","href":"https:\/\/api.w.org\/{rel}","templated":true}]}}