{"id":8105,"date":"2023-01-15T07:21:53","date_gmt":"2023-01-15T06:21:53","guid":{"rendered":"https:\/\/www.wecity.com\/?page_id=8105"},"modified":"2024-01-26T10:01:14","modified_gmt":"2024-01-26T09:01:14","slug":"como-funciona","status":"publish","type":"page","link":"https:\/\/www.wecity.com\/pt-pt\/como-funciona\/","title":{"rendered":"Como funciona"},"content":{"rendered":"\n    <div class=\"bloque bloque_apertura confoto alignfull\" style=\"background:#e7f0ee url(https:\/\/www.wecity.com\/wp-content\/uploads\/2023\/02\/wecity_quienes_somos-1.png) no-repeat right bottom;\">\n\n        <div class=\"bloque_apertura__contenedor\">\n\n            <div class=\"container\">\n\n                <div class=\"bloque_apertura__textos\">\n                    <div>\n\n                        <p>Como funciona<\/p>\n                        <h1 >\n                            Visitar oportunidades. Investir com seguran\u00e7a. Gerir os seus rendimentos.                                                    <\/h1>\n\n                        <p><em>&#8220;Nunca dependa de um \u00fanico rendimento, fa\u00e7a um investimento para criar uma segunda fonte de rendimento&#8221;<\/em><\/p>\n<p><strong>@Warren Buffett<\/strong><\/p>\n\n                            <div class=\"is-layout-flex wp-block-buttons boton boton--video\">\n                                <div class=\"wp-block-button\">\n                                    <a href=\"https:\/\/www.youtube.com\/watch?v=3jFtr8T1lo8\" data-fslightbox=\"lightbox-apertura\" class=\"wp-block-button__link wp-element-button\" title=\"Ver o v\u00eddeo\" rel=\"nofollow noopener\" target=\"_blank\">\n                                        Ver o v\u00eddeo                                    <\/a>\n                                <\/div>\n                            <\/div>\n                                                <\/div>\n                <\/div><!-- \/ .bloque-apertura__textos -->\n\t\t\t\t            <\/div><!-- \/ .container -->\n\n        <\/div><!-- \/ .bloque_apertura__contenedor -->\n\n    <\/div><!-- \/ .bloque-apertura -->\n\n\n\n<div class=\"wp-block-group alignfull has-background\" style=\"background-color:#fbfbfb\"><div class=\"wp-block-group__inner-container is-layout-constrained wp-block-group-is-layout-constrained\">\n<div style=\"height:40px\" aria-hidden=\"true\" class=\"wp-block-spacer\"><\/div>\n\n\n\n<div class=\"wp-block-columns is-layout-flex wp-container-core-columns-is-layout-9d6595d7 wp-block-columns-is-layout-flex\">\n<div class=\"wp-block-column is-layout-flow wp-block-column-is-layout-flow\" style=\"flex-basis:40%\">\n<figure class=\"wp-block-image size-large is-resized\"><img decoding=\"async\" width=\"735\" height=\"1024\" src=\"https:\/\/www.wecity.com\/wp-content\/uploads\/2023\/01\/ilustracion-como-funciona-crowdfunding-inmobiliario-735x1024.png\" alt=\"\" class=\"wp-image-306\" style=\"width:413px;height:574px\" srcset=\"https:\/\/www.wecity.com\/wp-content\/uploads\/2023\/01\/ilustracion-como-funciona-crowdfunding-inmobiliario-735x1024.png 735w, https:\/\/www.wecity.com\/wp-content\/uploads\/2023\/01\/ilustracion-como-funciona-crowdfunding-inmobiliario-215x300.png 215w, https:\/\/www.wecity.com\/wp-content\/uploads\/2023\/01\/ilustracion-como-funciona-crowdfunding-inmobiliario-768x1070.png 768w, https:\/\/www.wecity.com\/wp-content\/uploads\/2023\/01\/ilustracion-como-funciona-crowdfunding-inmobiliario-1103x1536.png 1103w, https:\/\/www.wecity.com\/wp-content\/uploads\/2023\/01\/ilustracion-como-funciona-crowdfunding-inmobiliario.png 1225w\" sizes=\"(max-width: 735px) 100vw, 735px\" \/><\/figure>\n\n\n\n    <div class=\"is-layout-flex wp-block-buttons boton boton--negro\">\n        <div class=\"wp-block-button\">\n            <a href=\"https:\/\/www.wecity.com\/es\/register\/\" class=\"wp-block-button__link wp-element-button  boton-modal-registro\" title=\"Reg\u00edstrate\">\n\t\t\t\tReg\u00edstrate            <\/a>\n        <\/div>\n    <\/div>\n\t<\/div>\n\n\n\n<div class=\"wp-block-column is-layout-flow wp-block-column-is-layout-flow\" style=\"flex-basis:60%\">\n<div class=\"wp-block-group grupo-card is-style-border-radius has-blanco-background-color has-background\"><div class=\"wp-block-group__inner-container is-layout-constrained wp-block-group-is-layout-constrained\">\n<h3 class=\"wp-block-heading\">1. Eu escolho as oportunidades em que vou investir<\/h3>\n\n\n\n<p><strong>wecity<\/strong> selecciona as melhores oportunidades do mercado institucional, anteriormente inacess\u00edveis \u00e0 maioria dos investidores.<\/p>\n<\/div><\/div>\n\n\n\n<div class=\"wp-block-group grupo-card is-style-border-radius has-blanco-background-color has-background\"><div class=\"wp-block-group__inner-container is-layout-constrained wp-block-group-is-layout-constrained\">\n<h3 class=\"wp-block-heading\">2. Registo-me e invisto com seguran\u00e7a<\/h3>\n\n\n\n<p>Registo-me na<strong> wecit<\/strong>y em 1 minuto.<br>Invisto de forma segura com cart\u00e3o de cr\u00e9dito ou transfer\u00eancia banc\u00e1ria.<\/p>\n<\/div><\/div>\n\n\n\n<div class=\"wp-block-group grupo-card is-style-border-radius has-blanco-background-color has-background\"><div class=\"wp-block-group__inner-container is-layout-constrained wp-block-group-is-layout-constrained\">\n<h3 class=\"wp-block-heading\">3. Gerir os meus rendimentos<\/h3>\n\n\n\n<p>A partir de &#8220;Os meus investimentos&#8221;, posso facilmente monitorizar o investimento nas minhas diferentes propriedades e gerir os meus rendimentos.<\/p>\n<\/div><\/div>\n<\/div>\n<\/div>\n<\/div><\/div>\n\n\n\n    <div class=\"bloque bloque-tipos bloque-nuestras-tarifas\" style=\"background:#ffffff\">\n\n        <div class=\"container\">\n\n\t\t\t                <h2 class=\"titulo-bloque\">\n\t\t\t\t\tAs nossas tarifas                <\/h2>\n\t\t\t\n\t\t\t<p><span style=\"font-weight: 400\">N\u00e3o fique na d\u00favida quanto \u00e0s tarifas que lhe vamos cobrar\u2026 porque s\u00e3o o melhor da wecity.<\/span><\/p>\n<p><span style=\"font-weight: 400\">Para si, como investidor, \u00e9 TOTALMENTE GR\u00c1TIS.<\/span><\/p>\n\n\t\t\t\n                                <ul class=\"bloque-tipos__wrapper\">\n\t\t\t\t\t                            <li class=\"bloque-tipos__tipo\">\n\t\t\t\t\t\t\t\t                                    <img decoding=\"async\" src=\"https:\/\/www.wecity.com\/wp-content\/uploads\/2023\/02\/Cero-comisiones-wecity.png\"\n                                         width=\"395\"\n                                         height=\"395\"\n                                         alt=\"\"  loading=\"lazy\"\/>\n\t\t\t\t\t\t\t\t\t\t\t\t\t\t\t\t                                    <h3>A investidores<\/h3>\n\t\t\t\t\t\t\t\t\t\t\t\t\t\t\t\t<p><span style=\"font-weight: 400\">Tarifa de Suporte: Gr\u00e1tis<\/span><span style=\"font-weight: 400\"><br \/>\n<\/span><span style=\"font-weight: 400\"> Tarifa de Sucesso: Gr\u00e1tis<\/span><span style=\"font-weight: 400\"><br \/>\n<\/span><span style=\"font-weight: 400\"> Portal de pagamento: Gr\u00e1tis<\/span><\/p>\n                            <\/li>\n\t\t\t\t\t\t\t\t\t\t\t                            <li class=\"bloque-tipos__tipo\">\n\t\t\t\t\t\t\t\t                                    <img decoding=\"async\" src=\"https:\/\/www.wecity.com\/wp-content\/uploads\/2023\/02\/3-por-ciento-wecity.png\"\n                                         width=\"395\"\n                                         height=\"395\"\n                                         alt=\"\"  loading=\"lazy\"\/>\n\t\t\t\t\t\t\t\t\t\t\t\t\t\t\t\t                                    <h3> A promotores\t<\/h3>\n\t\t\t\t\t\t\t\t\t\t\t\t\t\t\t\t<p><span style=\"font-weight: 400\">Tarifa de Sucesso: de 3% a 8%<\/span><span style=\"font-weight: 400\"><br \/>\n<\/span><span style=\"font-weight: 400\">Portal de pagamento: inclu\u00eddo<\/span><\/p>\n                            <\/li>\n\t\t\t\t\t\t\t\t\t\t\t                <\/ul>\n\n                \t\t\t\n\t\t\t\n\t\t\t        <\/div><!-- \/ .container -->\n    <\/div><!-- \/ .bloque-tipos -->\n\n\n\n    <div class=\"bloque bloque-tipos bloque-tipos--cuenta\" style=\"background:#a2d2cd\">\n\n        <div class=\"container\">\n\n\t\t\t                <h2 class=\"titulo-bloque\">\n\t\t\t\t\tA sua conta wecity em menos de um minuto                <\/h2>\n\t\t\t\n\t\t\t\n\t\t\t\n                                <ul class=\"bloque-tipos__wrapper\">\n\t\t\t\t\t                            <li class=\"bloque-tipos__tipo\">\n\t\t\t\t\t\t\t\t                                    <img decoding=\"async\" src=\"https:\/\/www.wecity.com\/wp-content\/uploads\/2023\/11\/Rapidez-wecity.png\"\n                                         width=\"327\"\n                                         height=\"400\"\n                                         alt=\"\"  loading=\"lazy\"\/>\n\t\t\t\t\t\t\t\t\t\t\t\t\t\t\t\t                                    <h3> R\u00e1pido<\/h3>\n\t\t\t\t\t\t\t\t\t\t\t\t\t\t\t\t<p><span style=\"font-weight: 400\">Registe-se em<\/span><span style=\"font-weight: 400\"><br \/>\n<\/span><span style=\"font-weight: 400\"> menos de um minuto<\/span><\/p>\n                            <\/li>\n\t\t\t\t\t\t\t\t\t\t\t                            <li class=\"bloque-tipos__tipo\">\n\t\t\t\t\t\t\t\t                                    <img decoding=\"async\" src=\"https:\/\/www.wecity.com\/wp-content\/uploads\/2023\/11\/Cero-comisiones-wecity-2.png\"\n                                         width=\"395\"\n                                         height=\"395\"\n                                         alt=\"\"  loading=\"lazy\"\/>\n\t\t\t\t\t\t\t\t\t\t\t\t\t\t\t\t                                    <h3>Sem comiss\u00f5es<\/h3>\n\t\t\t\t\t\t\t\t\t\t\t\t\t\t\t\t<p><span style=\"font-weight: 400\">Sem comiss\u00f5es<\/span><span style=\"font-weight: 400\"><br \/>\n<\/span><span style=\"font-weight: 400\"> para investir<\/span><\/p>\n                            <\/li>\n\t\t\t\t\t\t\t\t\t\t\t                            <li class=\"bloque-tipos__tipo\">\n\t\t\t\t\t\t\t\t                                    <img decoding=\"async\" src=\"https:\/\/www.wecity.com\/wp-content\/uploads\/2023\/11\/Seguridad-operativa-wecity.png\"\n                                         width=\"297\"\n                                         height=\"378\"\n                                         alt=\"\"  loading=\"lazy\"\/>\n\t\t\t\t\t\t\t\t\t\t\t\t\t\t\t\t                                    <h3> Seguro<\/h3>\n\t\t\t\t\t\t\t\t\t\t\t\t\t\t\t\t<p style=\"text-align: left\"><span style=\"font-weight: 400\">Se n\u00e3o for atingido o objetivo de financiamento,<\/span><span style=\"font-weight: 400\"><br \/>\n<\/span><span style=\"font-weight: 400\"> recupera o seu dinheiro<\/span><\/p>\n                            <\/li>\n\t\t\t\t\t\t\t\t\t\t\t                <\/ul>\n\n                \t\t\t\n\t\t\t\n\t\t\t\n                <div class=\"is-content-justification-center is-layout-flex wp-block-buttons boton boton--negro\">\n                    <div class=\"wp-block-button\">\n                        <a href=\"https:\/\/www.wecity.com\/pt-pt\/registo\/\" class=\"wp-block-button__link wp-element-button \" title=\"Registo\">\n\t\t\t\t\t\t\tRegisto                        <\/a>\n                    <\/div>\n                <\/div>\n\t\t\t\t        <\/div><!-- \/ .container -->\n    <\/div><!-- \/ .bloque-tipos -->\n\n\n\n    <div class=\"bloque bloque-tipos bloque-tipos--generico\" >\n\n        <div class=\"container\">\n\n\t\t\t                <h2 class=\"titulo-bloque\">\n\t\t\t\t\tsem d\u00favida, wecity                <\/h2>\n\t\t\t\n\t\t\t<p style=\"text-align: center\">Para a equipa da wecity \u00e9 muito importante que esteja seguro do seu investimento.<\/p>\n<p style=\"text-align: center\">N\u00e3o tenha d\u00favidas e pergunte-nos em <a href=\"mailto:soporte@wecity.com\">soporte@wecity.com<\/a><\/p>\n\n\t\t\t\n                                <ul class=\"bloque-tipos__wrapper\">\n\t\t\t\t\t                            <li class=\"bloque-tipos__tipo\">\n\t\t\t\t\t\t\t\t                                    <img decoding=\"async\" src=\"https:\/\/www.wecity.com\/wp-content\/uploads\/2023\/02\/Pregunstas-frecuentes.png\"\n                                         width=\"344\"\n                                         height=\"335\"\n                                         alt=\"\"  loading=\"lazy\"\/>\n\t\t\t\t\t\t\t\t\t\t\t\t\t\t\t\t                                    <h3>Perguntas mais frequentes<\/h3>\n\t\t\t\t\t\t\t\t\t\t\t\t\t\t\t\t<p>Se precisar de encontrar respostas, esta \u00e9 a sec\u00e7\u00e3o a visitar.<\/p>\n<p><a href=\"https:\/\/www.wecity.com\/pt-pt\/preguntas-frecuentes\/\"><strong>&gt; mais informa\u00e7\u00f5es<\/strong><\/a><\/p>\n                            <\/li>\n\t\t\t\t\t\t\t\t\t\t\t                            <li class=\"bloque-tipos__tipo\">\n\t\t\t\t\t\t\t\t                                    <img decoding=\"async\" src=\"https:\/\/www.wecity.com\/wp-content\/uploads\/2023\/02\/Seguridad-operativa-wecity.png\"\n                                         width=\"297\"\n                                         height=\"378\"\n                                         alt=\"\"  loading=\"lazy\"\/>\n\t\t\t\t\t\t\t\t\t\t\t\t\t\t\t\t                                    <h3>Seguran\u00e7a dos investidores<\/h3>\n\t\t\t\t\t\t\t\t\t\t\t\t\t\t\t\t<p>A seguran\u00e7a do seu investimento \u00e9 de extrema import\u00e2ncia para n\u00f3s.<br \/>\nQuer saber como?<\/p>\n<p><a href=\"https:\/\/www.wecity.com\/seguridad-al-inversor\/\"><strong>&gt; mais informa\u00e7\u00f5es<\/strong><\/a><\/p>\n                            <\/li>\n\t\t\t\t\t\t\t\t\t\t\t                            <li class=\"bloque-tipos__tipo\">\n\t\t\t\t\t\t\t\t                                    <img decoding=\"async\" src=\"https:\/\/www.wecity.com\/wp-content\/uploads\/2023\/02\/persona-fisica_wecity.png\"\n                                         width=\"324\"\n                                         height=\"371\"\n                                         alt=\"\"  loading=\"lazy\"\/>\n\t\t\t\t\t\t\t\t\t\t\t\t\t\t\t\t                                    <h3>Partners<\/h3>\n\t\t\t\t\t\t\t\t\t\t\t\t\t\t\t\t<p>S\u00f3 trabalhando com os melhores \u00e9 que se pode beneficiar dos melhores resultados.<\/p>\n<p><a href=\"https:\/\/www.wecity.com\/pt-pt\/partners\/\"><strong>&gt; mais informa\u00e7\u00f5es<\/strong><\/a><\/p>\n                            <\/li>\n\t\t\t\t\t\t\t\t\t\t\t                <\/ul>\n\n                \t\t\t\n\t\t\t\n\t\t\t        <\/div><!-- \/ .container -->\n    <\/div><!-- \/ .bloque-tipos -->\n","protected":false},"excerpt":{"rendered":"<p>1. Eu escolho as oportunidades em que vou investir wecity selecciona as melhores oportunidades do mercado institucional, anteriormente inacess\u00edveis \u00e0 [&hellip;]<\/p>\n","protected":false},"author":3,"featured_media":8113,"parent":0,"menu_order":3,"comment_status":"closed","ping_status":"closed","template":"","meta":{"_acf_changed":false,"footnotes":""},"class_list":["post-8105","page","type-page","status-publish","has-post-thumbnail","hentry"],"acf":[],"_links":{"self":[{"href":"https:\/\/www.wecity.com\/pt-pt\/wp-json\/wp\/v2\/pages\/8105","targetHints":{"allow":["GET"]}}],"collection":[{"href":"https:\/\/www.wecity.com\/pt-pt\/wp-json\/wp\/v2\/pages"}],"about":[{"href":"https:\/\/www.wecity.com\/pt-pt\/wp-json\/wp\/v2\/types\/page"}],"author":[{"embeddable":true,"href":"https:\/\/www.wecity.com\/pt-pt\/wp-json\/wp\/v2\/users\/3"}],"replies":[{"embeddable":true,"href":"https:\/\/www.wecity.com\/pt-pt\/wp-json\/wp\/v2\/comments?post=8105"}],"version-history":[{"count":2,"href":"https:\/\/www.wecity.com\/pt-pt\/wp-json\/wp\/v2\/pages\/8105\/revisions"}],"predecessor-version":[{"id":10361,"href":"https:\/\/www.wecity.com\/pt-pt\/wp-json\/wp\/v2\/pages\/8105\/revisions\/10361"}],"wp:featuredmedia":[{"embeddable":true,"href":"https:\/\/www.wecity.com\/pt-pt\/wp-json\/wp\/v2\/media\/8113"}],"wp:attachment":[{"href":"https:\/\/www.wecity.com\/pt-pt\/wp-json\/wp\/v2\/media?parent=8105"}],"curies":[{"name":"wp","href":"https:\/\/api.w.org\/{rel}","templated":true}]}}