{"id":25779,"date":"2025-09-05T09:28:14","date_gmt":"2025-09-05T07:28:14","guid":{"rendered":"https:\/\/www.wecity.com\/ainvest\/"},"modified":"2026-05-11T17:09:31","modified_gmt":"2026-05-11T15:09:31","slug":"ainvest","status":"publish","type":"page","link":"https:\/\/www.wecity.com\/pt-pt\/ainvest\/","title":{"rendered":""},"content":{"rendered":"\n    <div class=\"bloque bloque_apertura confoto alignfull apertura-autoinvest\" style=\"background: url(https:\/\/www.wecity.com\/wp-content\/uploads\/2025\/03\/autoinvest-scaled-1.webp) no-repeat right bottom;\">\n\n        <div class=\"bloque_apertura__contenedor\">\n\n            <div class=\"container\">\n\n                <div class=\"bloque_apertura__textos\">\n                    <div>\n\n                        <p><span class=\"ai-destacar\">AI<\/span>nvest<\/p>\n                        <h1 >\n                            Invista <span>sem complica\u00e7\u00f5es<\/span> e de forma <span>autom\u00e1tica<\/span>                                                    <\/h1>\n\n                        <p><b>AInvest<\/b> \u00e9 uma solu\u00e7\u00e3o automatizada para investir em oportunidades de forma diversificada, alocando capital de maneira eficiente e sistem\u00e1tica. Permite personalizar a sua estrat\u00e9gia de investimento, definindo par\u00e2metros como o montante a investir, a taxa de juro, o prazo estimado e o n\u00edvel de risco.<\/p>\n<p>Leia mais sobre <b>AInvest<\/b>\u00a0<a href=\"https:\/\/www.wecity.com\/pt-pt\/autoinvestimento-informacoes\/\">aqu\u00ed<\/a><\/p>\n\n                            <div class=\"is-layout-flex wp-block-buttons boton boton--normal\">\n                                <div class=\"wp-block-button\">\n                                    <a href=\"https:\/\/www.wecity.com\/check\/?redirect=\/users\/web\/autoinvest\"  class=\"wp-block-button__link wp-element-button\"\n                                       title=\"Ativar AInvest\" >\n                                        Ativar AInvest                                    <\/a>\n                                <\/div>\n                            <\/div>\n                                                <\/div>\n                <\/div><!-- \/ .bloque-apertura__textos -->\n\t\t\t\t            <\/div><!-- \/ .container -->\n\n        <\/div><!-- \/ .bloque_apertura__contenedor -->\n\n    <\/div><!-- \/ .bloque-apertura -->\n\n\n\n    <div class=\"bloque bloque-fichas alignfull\" style=\"background:#f4faff\">\n        <div class=\"container\">\n\t\t\t                <h2 class=\"titulo-bloque\">\n\t\t\t\t\t\u00bfQuais s\u00e3o as vantagens do <span class=\"ai-destacar\">AI<\/span>nvest?                <\/h2>\n\t\t\t\t\n            <ul class=\"fichas\">\n\n\t\t\t\t                        <li>\n                            <img decoding=\"async\" src=\"https:\/\/www.wecity.com\/wp-content\/uploads\/2025\/12\/foto-1_AInvest.jpg\"\n                                 width=\"400\"\n                                 height=\"400\" loading=\"lazy\"\n                                 alt=\"\"\/>\n\t\t\t\t\t\t\t                                <h3><span>INVESTIMENTO<\/span> INTELIGENTE<\/h3>\n\t\t\t\t\t\t\t<p>Tire o m\u00e1ximo partido do seu capital gra\u00e7as a um sistema que seleciona automaticamente as oportunidades de acordo com os seus crit\u00e9rios.<\/p>\n                        <\/li>\n\t\t\t\t\t\t                        <li>\n                            <img decoding=\"async\" src=\"https:\/\/www.wecity.com\/wp-content\/uploads\/2025\/03\/foto2.webp\"\n                                 width=\"564\"\n                                 height=\"564\" loading=\"lazy\"\n                                 alt=\"\"\/>\n\t\t\t\t\t\t\t                                <h3><span>INVISTA<\/span> EM SI MESMO<\/h3>\n\t\t\t\t\t\t\t<p>Defina a sua estrat\u00e9gia e deixe que a AInvest execute as opera\u00e7\u00f5es automaticamente.<\/p>\n                        <\/li>\n\t\t\t\t\t\t                        <li>\n                            <img decoding=\"async\" src=\"https:\/\/www.wecity.com\/wp-content\/uploads\/2025\/12\/foto-3_AInvest.jpg\"\n                                 width=\"400\"\n                                 height=\"400\" loading=\"lazy\"\n                                 alt=\"\"\/>\n\t\t\t\t\t\t\t                                <h3><span>TU<\/span> DECIDES<\/h3>\n\t\t\t\t\t\t\t<p>Escolha o montante, o prazo, a taxa de juro e o n\u00edvel de risco: o controlo est\u00e1 sempre nas tuas m\u00e3os.<\/p>\n                        <\/li>\n\t\t\t\t\t\t            <\/ul>\n        <\/div><!-- \/.container -->\n    <\/div><!-- \/.bloque-fichas -->\n\t\n\n\n    <div class=\"bloque bloque-acordeon contitulo alignfull\">\n        <div class=\"container\">\n\t\t\t                <div class=\"acordeon-contenido\">\n                    <h2 class=\"titulo-bloque\">\n\t\t\t\t\t\t\u00bfQue configura\u00e7\u00f5es posso <span>personalizar<\/span> com <\/span> <span class=\"ai-destacar\">AI<\/span>nvest?                    <\/h2>\n\t\t\t\t\t                        <div class=\"is-layout-flex wp-block-buttons boton boton--negro\">\n                            <div class=\"wp-block-button\">\n                                <a href=\"https:\/\/www.wecity.com\/check\/?redirect=\/users\/web\/autoinvest\" class=\"wp-block-button__link wp-element-button\">Ativar AInvest<\/a>\n                            <\/div>\n                        <\/div>\n\t\t\t\t\t                <\/div>\n\t\t\t\t\n            <div class=\"acordeon\">\n\n\t\t\t\t                        <div>\n                            <h3>\n\t\t\t\t\t\t\t\t                                    <img decoding=\"async\" class=\"acordeon-icon\" src=\"https:\/\/www.wecity.com\/wp-content\/uploads\/2025\/03\/Icon_inversiones.webp\"\n                                         width=\"24\"\n                                         height=\"24\" loading=\"lazy\"\n                                         alt=\"Valor m\u00e1ximo por transa\u00e7\u00e3o\"\/>\n\t\t\t\t\t\t\t\t\t<span>Valor m\u00e1ximo por transa\u00e7\u00e3o<\/span>                                <img decoding=\"async\" class=\"mas-acordeon\"\n                                     src=\"https:\/\/www.wecity.com\/wp-content\/themes\/wecity23\/images\/mas-acordeon.png\"\n                                     width=\"22.52\"\n                                     height=\"24\" loading=\"lazy\"\n                                     alt=\"Ver m\u00e1s\"\/>\n                                <img decoding=\"async\" class=\"menos-acordeon\"\n                                     src=\"https:\/\/www.wecity.com\/wp-content\/themes\/wecity23\/images\/menos-acordeon.png\"\n                                     width=\"22.52\"\n                                     height=\"24\" loading=\"lazy\"\n                                     alt=\"Ver menos\"\/>\n                            <\/h3>\n                            <div class=\"acordeon-explicacion\">\n\t\t\t\t\t\t\t\t<p>Indique o montante m\u00e1ximo que est\u00e1 disposto a investir por projeto.<\/p>\n                            <\/div>\n                        <\/div>\n\t\t\t\t\t\t                        <div>\n                            <h3>\n\t\t\t\t\t\t\t\t                                    <img decoding=\"async\" class=\"acordeon-icon\" src=\"https:\/\/www.wecity.com\/wp-content\/uploads\/2025\/03\/icon_rentabilidad.webp\"\n                                         width=\"24\"\n                                         height=\"24\" loading=\"lazy\"\n                                         alt=\"Juros anuais\"\/>\n\t\t\t\t\t\t\t\t\t<span>Juros anuais<\/span>                                <img decoding=\"async\" class=\"mas-acordeon\"\n                                     src=\"https:\/\/www.wecity.com\/wp-content\/themes\/wecity23\/images\/mas-acordeon.png\"\n                                     width=\"22.52\"\n                                     height=\"24\" loading=\"lazy\"\n                                     alt=\"Ver m\u00e1s\"\/>\n                                <img decoding=\"async\" class=\"menos-acordeon\"\n                                     src=\"https:\/\/www.wecity.com\/wp-content\/themes\/wecity23\/images\/menos-acordeon.png\"\n                                     width=\"22.52\"\n                                     height=\"24\" loading=\"lazy\"\n                                     alt=\"Ver menos\"\/>\n                            <\/h3>\n                            <div class=\"acordeon-explicacion\">\n\t\t\t\t\t\t\t\t<p>Selecione a taxa de juro anual m\u00ednima a partir da qual gostaria de investir.<\/p>\n                            <\/div>\n                        <\/div>\n\t\t\t\t\t\t                        <div>\n                            <h3>\n\t\t\t\t\t\t\t\t                                    <img decoding=\"async\" class=\"acordeon-icon\" src=\"https:\/\/www.wecity.com\/wp-content\/uploads\/2025\/03\/Icon_inversiones-1.webp\"\n                                         width=\"24\"\n                                         height=\"24\" loading=\"lazy\"\n                                         alt=\"Prazo estimado\"\/>\n\t\t\t\t\t\t\t\t\t<span>Prazo estimado<\/span>                                <img decoding=\"async\" class=\"mas-acordeon\"\n                                     src=\"https:\/\/www.wecity.com\/wp-content\/themes\/wecity23\/images\/mas-acordeon.png\"\n                                     width=\"22.52\"\n                                     height=\"24\" loading=\"lazy\"\n                                     alt=\"Ver m\u00e1s\"\/>\n                                <img decoding=\"async\" class=\"menos-acordeon\"\n                                     src=\"https:\/\/www.wecity.com\/wp-content\/themes\/wecity23\/images\/menos-acordeon.png\"\n                                     width=\"22.52\"\n                                     height=\"24\" loading=\"lazy\"\n                                     alt=\"Ver menos\"\/>\n                            <\/h3>\n                            <div class=\"acordeon-explicacion\">\n\t\t\t\t\t\t\t\t<p>Selecione a dura\u00e7\u00e3o m\u00e1xima do projeto em meses.<\/p>\n                            <\/div>\n                        <\/div>\n\t\t\t\t\t\t                        <div>\n                            <h3>\n\t\t\t\t\t\t\t\t                                    <img decoding=\"async\" class=\"acordeon-icon\" src=\"https:\/\/www.wecity.com\/wp-content\/uploads\/2025\/03\/Icon_Plazo.webp\"\n                                         width=\"24\"\n                                         height=\"24\" loading=\"lazy\"\n                                         alt=\"Rating\"\/>\n\t\t\t\t\t\t\t\t\t<span>Rating<\/span>                                <img decoding=\"async\" class=\"mas-acordeon\"\n                                     src=\"https:\/\/www.wecity.com\/wp-content\/themes\/wecity23\/images\/mas-acordeon.png\"\n                                     width=\"22.52\"\n                                     height=\"24\" loading=\"lazy\"\n                                     alt=\"Ver m\u00e1s\"\/>\n                                <img decoding=\"async\" class=\"menos-acordeon\"\n                                     src=\"https:\/\/www.wecity.com\/wp-content\/themes\/wecity23\/images\/menos-acordeon.png\"\n                                     width=\"22.52\"\n                                     height=\"24\" loading=\"lazy\"\n                                     alt=\"Ver menos\"\/>\n                            <\/h3>\n                            <div class=\"acordeon-explicacion\">\n\t\t\t\t\t\t\t\t<p>Selecione o n\u00edvel de risco que est\u00e1 disposto a assumir com base na classifica\u00e7\u00e3o de cada projeto.<\/p>\n                            <\/div>\n                        <\/div>\n\t\t\t\t\t\t            <\/div>\n        <\/div><!-- \/.container -->\n    <\/div><!-- \/.bloque-fichas -->\n\t","protected":false},"excerpt":{"rendered":"","protected":false},"author":1,"featured_media":0,"parent":0,"menu_order":0,"comment_status":"closed","ping_status":"closed","template":"","meta":{"_acf_changed":false,"footnotes":""},"class_list":["post-25779","page","type-page","status-publish","hentry"],"acf":[],"_links":{"self":[{"href":"https:\/\/www.wecity.com\/pt-pt\/wp-json\/wp\/v2\/pages\/25779","targetHints":{"allow":["GET"]}}],"collection":[{"href":"https:\/\/www.wecity.com\/pt-pt\/wp-json\/wp\/v2\/pages"}],"about":[{"href":"https:\/\/www.wecity.com\/pt-pt\/wp-json\/wp\/v2\/types\/page"}],"author":[{"embeddable":true,"href":"https:\/\/www.wecity.com\/pt-pt\/wp-json\/wp\/v2\/users\/1"}],"replies":[{"embeddable":true,"href":"https:\/\/www.wecity.com\/pt-pt\/wp-json\/wp\/v2\/comments?post=25779"}],"version-history":[{"count":2,"href":"https:\/\/www.wecity.com\/pt-pt\/wp-json\/wp\/v2\/pages\/25779\/revisions"}],"predecessor-version":[{"id":25811,"href":"https:\/\/www.wecity.com\/pt-pt\/wp-json\/wp\/v2\/pages\/25779\/revisions\/25811"}],"wp:attachment":[{"href":"https:\/\/www.wecity.com\/pt-pt\/wp-json\/wp\/v2\/media?parent=25779"}],"curies":[{"name":"wp","href":"https:\/\/api.w.org\/{rel}","templated":true}]}}