{"id":10301,"date":"2024-01-22T16:02:46","date_gmt":"2024-01-22T15:02:46","guid":{"rendered":"https:\/\/www.wecity.com\/servicio-de-atencion-al-cliente\/"},"modified":"2026-03-23T12:49:11","modified_gmt":"2026-03-23T11:49:11","slug":"servico-ao-cliente","status":"publish","type":"page","link":"https:\/\/www.wecity.com\/pt-pt\/servico-ao-cliente\/","title":{"rendered":"Servi\u00e7o ao cliente"},"content":{"rendered":"\n    <div class=\"bloque bloque_apertura sinfoto alignfull\" style=\"background:#f5f7f6\">\n\n        <div class=\"bloque_apertura__contenedor\">\n\n            <div class=\"container\">\n\n                <div class=\"bloque_apertura__textos\">\n                    <div>\n\n                        <p>Servi\u00e7o ao cliente<\/p>\n                        <h1 class=\"conicono\">\n                            Bem-vindo ao servi\u00e7o de apoio ao cliente wecity                            <img decoding=\"async\" src=\"https:\/\/www.wecity.com\/wp-content\/uploads\/2024\/01\/wecity_icon_client.png\" width=\"100\" height=\"100\" \/>                        <\/h1>\n\n                        <p>As comunica\u00e7\u00f5es a este servi\u00e7o s\u00e3o reservadas para queixas ou reclama\u00e7\u00f5es. Para outras quest\u00f5es, contacte-nos atrav\u00e9s dos canais habituais.<\/p>\n                    <\/div>\n                <\/div><!-- \/ .bloque-apertura__textos -->\n\t\t\t\t            <\/div><!-- \/ .container -->\n\n        <\/div><!-- \/ .bloque_apertura__contenedor -->\n\n    <\/div><!-- \/ .bloque-apertura -->\n\n\n\n<h2 class=\"wp-block-heading\">Canal de reclama\u00e7\u00f5es<\/h2>\n\n\n\n<p>Se pretende apresentar uma reclama\u00e7\u00e3o enquanto cliente-investidor individual, preencha o formul\u00e1rio de <a href=\"https:\/\/www.wecity.com\/wp-content\/uploads\/2024\/01\/wecity_Claim_Individual_EN.pdf\">reclama\u00e7\u00e3o para particulares.<\/a><\/p>\n\n\n\n<p>Se desejar apresentar uma reclama\u00e7\u00e3o como cliente-investidor de uma empresa, preencha o formul\u00e1rio de <a href=\"https:\/\/www.wecity.com\/wp-content\/uploads\/2024\/01\/wecity_Claim_Company_EN.pdf\">reclama\u00e7\u00e3o para empresas.<\/a><\/p>\n\n\n\n<p>Envie o seu formul\u00e1rio atrav\u00e9s dos seguintes canais:<\/p>\n\n\n\n<p><strong>Endere\u00e7o de correio eletr\u00f3nico:<\/strong><\/p>\n\n\n\n<p><a href=\"mailto:reclamaciones@wecity.com\">reclamaciones@wecity.com<\/a><\/p>\n\n\n\n<p><strong>Endere\u00e7o postal:<\/strong><\/p>\n\n\n\n<p>Servi\u00e7o de Atendimento ao Cliente Cityprive PSFP SLU<br>Paseo de la Castellana, 8, 28046 MADRID.<\/p>\n\n\n\n<p>A WECITY tem a obriga\u00e7\u00e3o de atender e resolver as reclama\u00e7\u00f5es no prazo de 30 dias de calend\u00e1rio a contar da data de rece\u00e7\u00e3o da reclama\u00e7\u00e3o ou queixa. Para mais informa\u00e7\u00f5es, consulte a nossa <a href=\"https:\/\/www.wecity.com\/pt-pt\/informacao-investidor\/\">Informa\u00e7\u00e3o b\u00e1sica para clientes investidores.<\/a><\/p>\n\n\n\n<p><strong>Fun\u00e7\u00f5es do Departamento de Atendimento ao Cliente:<\/strong><\/p>\n\n\n\n<p>1. A instru\u00e7\u00e3o dos processos que s\u00e3o tratados para o tratamento e resolu\u00e7\u00e3o das queixas e reclama\u00e7\u00f5es que os clientes da wecity apresentem, diretamente ou atrav\u00e9s de representa\u00e7\u00e3o. De acordo com o disposto (i) no artigo 2.\u00ba, ponto 2, da Ordem ECO\/734\/2004, as queixas e reclama\u00e7\u00f5es dos clientes devem referir-se aos seus interesses e direitos legalmente reconhecidos, quer decorram de contratos, quer de normas de transpar\u00eancia e prote\u00e7\u00e3o do cliente ou de boas pr\u00e1ticas financeiras e utiliza, em particular, o princ\u00edpio da equidade, e (ii) no artigo 7.\u00ba do Regulamento (UE) 2020\/1503 do Parlamento Europeu e do Conselho relativo ao PSFP.<\/p>\n\n\n\n<p>2. Apresentar, formular e fazer relat\u00f3rios, recomenda\u00e7\u00f5es e propostas \u00e0 wecity sobre os aspectos da sua compet\u00eancia e que considere poderem favorecer as rela\u00e7\u00f5es de equidade e confian\u00e7a que devem existir entre a wecity e os seus clientes.<\/p>\n\n\n\n<p>3. Emitir uma decis\u00e3o fundamentada no prazo de 30 dias de calend\u00e1rio a contar da data de notifica\u00e7\u00e3o pela wecity ao utilizador da rece\u00e7\u00e3o da referida queixa ou reclama\u00e7\u00e3o. Uma vez expirado este prazo, o cliente pode recorrer ao Servi\u00e7o de Reclama\u00e7\u00f5es da CNMV.<\/p>\n\n\n\n<p><strong>Refer\u00eancia \u00e0 regulamenta\u00e7\u00e3o em mat\u00e9ria de transpar\u00eancia e prote\u00e7\u00e3o do cliente:<\/strong><\/p>\n\n\n\n<p>A WECITY informa os seus utilizadores de que a regulamenta\u00e7\u00e3o aplic\u00e1vel em mat\u00e9ria de transpar\u00eancia e prote\u00e7\u00e3o do cliente, sem ser exaustiva, ser\u00e1 a estabelecida no Regulamento (UE) 2020\/1503 do Parlamento Europeu e do Conselho relativo ao PSFP, na Lei 5\/2015, de 27 de abril, relativa \u00e0 promo\u00e7\u00e3o do financiamento das empresas, e no seu regulamento de execu\u00e7\u00e3o, na Lei 2\/2009, de 31 de mar\u00e7o, que regula a contrata\u00e7\u00e3o com os consumidores de empr\u00e9stimos ou cr\u00e9ditos hipotec\u00e1rios e de servi\u00e7os de intermedia\u00e7\u00e3o para a celebra\u00e7\u00e3o de contratos de empr\u00e9stimo ou cr\u00e9dito hipotec\u00e1rio e de servi\u00e7os de intermedia\u00e7\u00e3o para a celebra\u00e7\u00e3o de contratos de empr\u00e9stimo ou cr\u00e9dito, e na Lei n.\u00ba 16\/2011, de 24 de junho, sobre contratos de cr\u00e9dito e hipotec\u00e1rios.<\/p>\n","protected":false},"excerpt":{"rendered":"<p>Canal de reclama\u00e7\u00f5es Se pretende apresentar uma reclama\u00e7\u00e3o enquanto cliente-investidor individual, preencha o formul\u00e1rio de reclama\u00e7\u00e3o para particulares. Se desejar [&hellip;]<\/p>\n","protected":false},"author":2,"featured_media":0,"parent":0,"menu_order":0,"comment_status":"closed","ping_status":"closed","template":"","meta":{"_acf_changed":false,"footnotes":""},"class_list":["post-10301","page","type-page","status-publish","hentry"],"acf":[],"_links":{"self":[{"href":"https:\/\/www.wecity.com\/pt-pt\/wp-json\/wp\/v2\/pages\/10301","targetHints":{"allow":["GET"]}}],"collection":[{"href":"https:\/\/www.wecity.com\/pt-pt\/wp-json\/wp\/v2\/pages"}],"about":[{"href":"https:\/\/www.wecity.com\/pt-pt\/wp-json\/wp\/v2\/types\/page"}],"author":[{"embeddable":true,"href":"https:\/\/www.wecity.com\/pt-pt\/wp-json\/wp\/v2\/users\/2"}],"replies":[{"embeddable":true,"href":"https:\/\/www.wecity.com\/pt-pt\/wp-json\/wp\/v2\/comments?post=10301"}],"version-history":[{"count":2,"href":"https:\/\/www.wecity.com\/pt-pt\/wp-json\/wp\/v2\/pages\/10301\/revisions"}],"predecessor-version":[{"id":24580,"href":"https:\/\/www.wecity.com\/pt-pt\/wp-json\/wp\/v2\/pages\/10301\/revisions\/24580"}],"wp:attachment":[{"href":"https:\/\/www.wecity.com\/pt-pt\/wp-json\/wp\/v2\/media?parent=10301"}],"curies":[{"name":"wp","href":"https:\/\/api.w.org\/{rel}","templated":true}]}}