{"id":23004,"date":"2023-02-12T08:27:42","date_gmt":"2023-02-12T07:27:42","guid":{"rendered":"https:\/\/www.wecity.com\/tarifas\/"},"modified":"2025-12-18T10:25:34","modified_gmt":"2025-12-18T09:25:34","slug":"tarifas","status":"publish","type":"page","link":"https:\/\/www.wecity.com\/it\/tarifas\/","title":{"rendered":"Condizioni Particolari e Tariffe"},"content":{"rendered":"\n<p class=\"has-text-align-left has-medium-font-size\"><strong>Condizioni Particolari e Tariffe<\/strong><\/p>\n\n\n\n<h3 class=\"wp-block-heading\"><strong>1. Identificazione delle parti<\/strong><\/h3>\n\n\n\n<p>Le presenti Condizioni Particolari di Tariffe (di seguito, le <strong>Condizioni di Tariffe<\/strong>) sono sottoscritte, da un lato, da <strong>CityPrive P.F.P, S.L.<\/strong> (di seguito, <strong>wecity<\/strong>, la <strong>Piattaforma<\/strong> o il <strong>sito web<\/strong>, indistintamente) e, dall\u2019altro, sia dal <strong>Promotore<\/strong> che accede a wecity interessato a ottenere finanziamenti per i propri progetti, sia dall\u2019<strong>Investitore<\/strong> che desidera ottenere una remunerazione monetaria derivante dal proprio investimento nei progetti pubblicati sul sito web.<\/p>\n\n\n\n<h3 class=\"wp-block-heading\"><strong>2. Oggetto<\/strong><\/h3>\n\n\n\n<p>L\u2019oggetto delle presenti Condizioni Particolari di Tariffe \u00e8 informare sulle tariffe e sugli importi dei servizi prestati tramite wecity, applicabili sia ai Promotori che cercano di finanziare i propri progetti attraverso la Piattaforma, sia agli Investitori che intendono investirvi.<\/p>\n\n\n\n<h3 class=\"wp-block-heading\"><strong>3. Tariffe per i promotori<\/strong><\/h3>\n\n\n\n<h4 class=\"wp-block-heading\"><strong>3.1. Servizi principali<\/strong><\/h4>\n\n\n\n<p><strong>Set-Up Fee:<\/strong> wecity, in qualit\u00e0 di piattaforma di finanziamento partecipativo, fornir\u00e0 al Promotore i servizi principali di ricezione, selezione e pubblicazione del progetto proposto, qualora superi la fase di analisi. Le condizioni relative alla procedura di valutazione e pubblicazione dei progetti sono specificate sia nelle Condizioni Generali per i Promotori, sia nelle Condizioni Generali per i Servizi di Finanziamento Partecipativo.<br>La tariffa dovuta per tale servizio sar\u00e0 pagata dal Promotore che lo contratta in occasione della pubblicazione del Progetto e sar\u00e0 pari a <strong>900 \u20ac per progetto<\/strong>. Tale tariffa pu\u00f2 essere soggetta a sconti\/agevolazioni.<\/p>\n\n\n\n<p><strong>% per il successo del finanziamento concesso:<\/strong> in aggiunta a quanto sopra, wecity addebiter\u00e0 al Promotore una <strong>commissione di successo<\/strong>, ossia un importo per il buon esito del finanziamento richiesto dal Promotore tramite la Piattaforma, calcolato sul totale dell\u2019investimento raccolto per il progetto in questione. La tariffa dovuta per tale successo sar\u00e0 compresa tra il <strong>3% e l\u20198%<\/strong> del finanziamento concesso.<\/p>\n\n\n\n<h4 class=\"wp-block-heading\"><strong>3.2. Servizi accessori<\/strong><\/h4>\n\n\n\n<p>Per quanto riguarda i servizi accessori prestati da wecity ai promotori, si rinvia a quanto stabilito nelle Condizioni Generali per i Servizi di Finanziamento Partecipativo. Tuttavia, le tariffe applicabili ai Promotori per tali servizi saranno:<\/p>\n\n\n\n<p>I. <strong>Consulenza ai promotori<\/strong> in relazione alla pubblicazione del progetto: <strong>2.000 \u20ac\/Progetto<\/strong><br>II. <strong>Analisi del progetto e rapporto di fattibilit\u00e0:<\/strong> <strong>900 \u20ac\/Progetto<\/strong><br>III. <strong>Attivazione canali di comunicazione:<\/strong> <strong>990 \u20ac\/Progetto<\/strong><br>IV. <strong>Modelli di contratto:<\/strong> <strong>150 \u20ac\/Progetto<\/strong><br>V. <strong>Formalizzazione dei contratti di sottoscrizione di partecipazioni:<\/strong> <strong>100 \u20ac\/investitore<\/strong> fino a un massimo di <strong>990 \u20ac\/Progetto<\/strong><br>VI. <strong>Tariffa di recupero crediti per insoluti:<\/strong> <strong>1%<\/strong> dell\u2019importo reclamato<\/p>\n\n\n\n<h3 class=\"wp-block-heading\"><strong>4. Tariffe per gli investitori (gratuite)<\/strong><\/h3>\n\n\n\n<p>Su <strong>wecity<\/strong> non addebitiamo alcuna tariffa per la prestazione di servizi accessori ai nostri Utenti Investitori. Pertanto, forniamo i seguenti servizi agli investitori in modo completamente gratuito:<\/p>\n\n\n\n<p><strong>Trasmissione di informazioni agli investitori:<\/strong> la Piattaforma trasmetter\u00e0 agli investitori informazioni periodiche del Promotore (analoghe o complementari a quelle precedentemente rese disponibili nei canali di comunicazione) sull\u2019evoluzione del progetto, nonch\u00e9 sugli eventi societari pi\u00f9 rilevanti fino alla conclusione del round di investimento, ossia fino a quando l\u2019atto pubblico di aumento di capitale che formalizza l\u2019investimento sar\u00e0 iscritto nel Registro Mercantile; momento in cui tale servizio terminer\u00e0.<\/p>\n\n\n\n<p><strong>Formalizzazione dei contratti di sottoscrizione di partecipazioni:<\/strong> wecity predisporr\u00e0 un modello di contratto di investimento con il finanziamento, apportando valore aggiunto per garantire la raccolta e disciplinare interessi, diritti e obblighi di Promotore e Investitori.<\/p>\n\n\n\n<p>Tale contratto sar\u00e0 accompagnato da un mandato preventivo a favore di wecity da parte degli Investitori, affinch\u00e9 wecity possa firmare, in nome di tutti, il contratto di investimento con il Promotore. Tale servizio sar\u00e0 sostenuto dal Promotore.<\/p>\n\n\n\n<h3 class=\"wp-block-heading\"><strong>5. Modalit\u00e0 di fatturazione<\/strong><\/h3>\n\n\n\n<h4 class=\"wp-block-heading\"><strong>5.1. Gateway di pagamento<\/strong><\/h4>\n\n\n\n<p>Il gateway di pagamento tramite il quale i fondi degli investitori saranno trasferiti al Promotore e tramite il quale gli investitori riceveranno la remunerazione del capitale investito attraverso wecity, sar\u00e0 gestito dal gateway <strong>Lemonway<\/strong>, con numero di licenza: <strong>16 568 J<\/strong>.<\/p>\n\n\n\n<h4 class=\"wp-block-heading\"><strong>5.2. Ammissione di Promotori e Investitori<\/strong><\/h4>\n\n\n\n<p>La procedura stabilita per effettuare i pagamenti tramite wecity avverr\u00e0 come segue:<\/p>\n\n\n\n<p>I. wecity riceve la richiesta di un Promotore per l\u2019apertura di un portafoglio elettronico, in occasione della presentazione e pubblicazione di un Progetto, e successivamente invia i dati del Promotore al gateway Lemonway.<\/p>\n\n\n\n<p>II. Lemonway verifica e convalida le informazioni inviate da wecity e crea il portafoglio elettronico del progetto e\/o del Promotore, assegnando un\u2019identificazione utente e del portafoglio elettronico, e invia tali dati a wecity.<\/p>\n\n\n\n<p>III. wecity salva nel proprio database le informazioni precedenti e riceve la richiesta di registrazione di un Investitore. Successivamente, wecity raccoglie i dati dell\u2019Investitore, nonch\u00e9 le informazioni relative alla qualifica (accreditato o meno) dell\u2019Investitore e invia tali dati a Lemonway.<\/p>\n\n\n\n<p>IV. Lemonway verifica e convalida le informazioni inviate da wecity e crea il portafoglio elettronico dell\u2019Investitore. Successivamente, Lemonway assegna all\u2019Investitore un\u2019identificazione utente e del portafoglio elettronico come Investitore e invia tali dati a wecity.<\/p>\n\n\n\n<h4 class=\"wp-block-heading\"><strong>5.3. Esecuzione dell\u2019investimento da parte dell\u2019Investitore<\/strong><\/h4>\n\n\n\n<p>Una volta che l\u2019Investitore comunica a wecity la volont\u00e0 di investire, pu\u00f2 scegliere la modalit\u00e0 di pagamento:<\/p>\n\n\n\n<p>I. <strong>Carta di debito o credito.<\/strong><br>In tal caso, l\u2019Investitore comunica a Lemonway i dati della carta, direttamente o indirettamente tramite wecity. Lemonway valida la carta ed emette un codice unico da utilizzare per un singolo pagamento\/addebito e invia tale codice a wecity (codice riferito a una somma di denaro determinata).<br>Successivamente, wecity dispone, tramite il codice ricevuto, l\u2019addebito sulla carta in base alla richiesta dell\u2019Investitore, accreditando l\u2019importo sul portafoglio elettronico dell\u2019Investitore. Lemonway invia poi a wecity la ricevuta della transazione e wecity la riceve e la archivia.<\/p>\n\n\n\n<p>II. <strong>Bonifico bancario elettronico.<\/strong><br>Con tale modalit\u00e0, wecity invia a Lemonway i dati dell\u2019Investitore che desidera investire e Lemonway invia all\u2019Investitore, tramite la Piattaforma, le coordinate bancarie intestate al gateway di pagamento per effettuare il bonifico. Successivamente, l\u2019Investitore esegue il bonifico su tale conto per l\u2019importo dell\u2019investimento e Lemonway riceve l\u2019importo sul proprio conto bancario, registrando la somma nel portafoglio elettronico precedentemente aperto all\u2019Investitore.<br>In seguito, Lemonway notifica a wecity l\u2019esecuzione della transazione e invia i relativi dati; la Piattaforma conserva i dati del bonifico.<\/p>\n\n\n\n<h4 class=\"wp-block-heading\"><strong>5.4. Obiettivo di investimento previsto<\/strong><\/h4>\n\n\n\n<p>A) <strong>Se si raggiunge l\u2019obiettivo di investimento fissato nel progetto<\/strong> (o l\u2019obiettivo minimo previsto del <strong>90%<\/strong> dell\u2019investimento richiesto nel progetto):<\/p>\n\n\n\n<p>I. wecity misurer\u00e0 il termine stabilito inizialmente per la raccolta dell\u2019investimento e verificher\u00e0 se il <strong>100%<\/strong> o almeno il <strong>90%<\/strong> dell\u2019investimento \u00e8 stato raccolto nei portafogli elettronici degli Investitori alla scadenza del termine indicato nel progetto pubblicato sul sito web.<\/p>\n\n\n\n<p>II. Una volta soddisfatta la condizione precedente, wecity esaminer\u00e0 e convalider\u00e0, nelle <strong>72 ore<\/strong> successive, i termini degli accordi di investimento che legano i futuri azionisti o soci alle societ\u00e0 (Promotori) nel cui capitale sociale entreranno.<\/p>\n\n\n\n<p>III. wecity, nelle <strong>72 ore<\/strong> successive alla convalida precedente, qualora abbia ricevuto tale incarico dagli Investitori, stipuler\u00e0 il contratto di sottoscrizione di partecipazioni sociali con il Promotore, in nome e per conto degli Investitori, sulla base di un previo accordo di volont\u00e0 tra Promotore e Investitori.<\/p>\n\n\n\n<p>B) <strong>48 ore<\/strong> dopo la convalida degli accordi di investimento (e, se del caso, 48 ore dopo la sottoscrizione del contratto di sottoscrizione di partecipazioni sociali con il Promotore), la somma investita e raccolta viene trasferita dal portafoglio elettronico del Promotore al conto bancario del Promotore, come segue:<\/p>\n\n\n\n<p>I. wecity trasmette a Lemonway l\u2019ordine di trasferire dal portafoglio elettronico di ciascun Investitore la somma impegnata da ciascuno al portafoglio elettronico del Promotore. Poich\u00e9 il Promotore ha fornito, direttamente o indirettamente, al gateway di pagamento i dati del proprio conto bancario, Lemonway invia a wecity i dati identificativi del conto bancario del Promotore affinch\u00e9 wecity li archivi.<\/p>\n\n\n\n<p>II. wecity emette l\u2019ordine di trasferire fondi dal portafoglio elettronico del Promotore al relativo conto bancario (circa <strong>48 ore<\/strong>) e Lemonway invia a wecity i dati del bonifico disposto. Successivamente, wecity addebita sul conto bancario del Promotore il <strong>5%<\/strong> della somma investita (circa <strong>48 ore<\/strong>).<\/p>\n\n\n\n<p>C) wecity garantir\u00e0, in ogni caso, che la banca del Promotore non consenta la disponibilit\u00e0 dei fondi ricevuti sul conto bancario fino a quando non ricever\u00e0 copia dell\u2019atto di aumento di capitale sociale iscritto nel Registro Mercantile competente.<\/p>\n\n\n\n<h3 class=\"wp-block-heading\"><strong>6. Finanziamento di un progetto<\/strong><\/h3>\n\n\n\n<h4 class=\"wp-block-heading\"><strong>6.1. Finanziamento riuscito di un progetto: processo di aumento di capitale sociale<\/strong><\/h4>\n\n\n\n<p>A) Nel caso in cui un progetto raggiunga il capitale obiettivo, il Promotore deve procedere a formalizzare l\u2019aumento di capitale impegnato con i nuovi soci Investitori tramite atto pubblico davanti a un Notaio. Tale processo si svolge con l\u2019aiuto e la supervisione del team legale di wecity, secondo la seguente procedura:<\/p>\n\n\n\n<p>I. Verbale dell\u2019Assemblea Generale Straordinaria dei Soci\/Azionisti della societ\u00e0 promotrice, contenente gli accordi relativi all\u2019aumento di capitale sociale.<\/p>\n\n\n\n<p>II. Raccolta del capitale investito (capitale la cui raccolta \u00e8 stata effettuata tramite wecity) sul conto bancario del Promotore, mediante trasferimento dal portafoglio elettronico del progetto aperto presso Lemonway.<\/p>\n\n\n\n<p>III. Emissione di certificazione da parte della banca del Promotore relativa all\u2019identit\u00e0 degli Investitori e agli importi investiti, come documento da presentare al Notaio, indicando le somme ricevute sul conto bancario del Promotore a titolo di futura operazione di aumento di capitale sociale.<\/p>\n\n\n\n<p>IV. Certificazione del verbale e formalizzazione mediante atto pubblico davanti a un Notaio dell\u2019operazione di aumento di capitale da parte del Promotore.<\/p>\n\n\n\n<p>V. Presentazione dell\u2019operazione di aumento di capitale presso il Registro Mercantile.<\/p>\n\n\n\n<p>B) wecity garantir\u00e0 che la banca del Promotore non consenta la disponibilit\u00e0 dei fondi ricevuti fino a quando non ricever\u00e0 copia dell\u2019atto di aumento di capitale sociale iscritto nel Registro Mercantile competente.<\/p>\n\n\n\n<h4 class=\"wp-block-heading\"><strong>6.2. Finanziamento non riuscito<\/strong><\/h4>\n\n\n\n<p>In caso di finanziamento non riuscito, i fondi saranno restituiti agli Investitori come segue:<\/p>\n\n\n\n<p>I. Per ciascun investitore e investimento che richieda il ritiro dell\u2019investimento direttamente sul proprio conto bancario, wecity invier\u00e0 a Lemonway un ordine di rimborso (se l\u2019investitore ha pagato con carta) oppure un ordine di bonifico bancario elettronico (se i fondi sono stati inviati tramite bonifico).<\/p>\n\n\n\n<p>II. Lemonway trasferir\u00e0 i fondi inizialmente destinati al progetto dal portafoglio elettronico dell\u2019Investitore direttamente sulla carta o sul conto bancario dell\u2019Investitore entro <strong>24-48 ore<\/strong>, senza alcun costo per l\u2019Investitore.<\/p>\n\n\n\n<p>Lemonway invier\u00e0 a wecity i dati e l\u2019identificativo di tali operazioni affinch\u00e9 wecity li registri e li archivi.<\/p>\n\n\n\n<h3 class=\"wp-block-heading\"><strong>7. Indennizzo<\/strong><\/h3>\n\n\n\n<p><strong>7.1.<\/strong> Il Titolare pu\u00f2 sanzionare uno qualsiasi dei Clienti (Promotori o Investitori) che violi le condizioni applicabili con l\u2019impossibilit\u00e0 di accesso al sito web, temporanea o definitiva. La durata della sanzione dipender\u00e0 dal tipo di infrazione commessa. La restrizione di accesso non comporter\u00e0 in alcun caso diritto a indennizzo.<\/p>\n\n\n\n<p><strong>7.2.<\/strong> Qualsiasi danno, pregiudizio, perdita o costo (inclusi onorari di avvocati e\/o procuratori) derivante dalla violazione da parte dell\u2019Utente delle presenti Condizioni o di altre applicabili, che abbia comportato costi per wecity, dovr\u00e0 essere risarcito dall\u2019Utente che lo ha causato. Ci\u00f2 include qualsiasi reclamo di terzi derivante da tali inadempimenti.<\/p>\n\n\n\n<h3 class=\"wp-block-heading\"><strong>8. Modifiche<\/strong><\/h3>\n\n\n\n<p>Le presenti Condizioni possono essere modificate e\/o aggiornate in qualsiasi momento senza preavviso. Le modifiche entreranno in vigore dalla loro pubblicazione sul sito web, qualunque sia il mezzo e la forma utilizzati.<\/p>\n\n\n\n<p>La modifica riguarder\u00e0 solo i Clienti che le abbiano accettate successivamente a tale modifica.<\/p>\n\n\n\n<h3 class=\"wp-block-heading\"><strong>9. Altre disposizioni<\/strong><\/h3>\n\n\n\n<h4 class=\"wp-block-heading\"><strong>9.1. Salvaguardia e interpretazione<\/strong><\/h4>\n\n\n\n<p>Qualora l\u2019Autorit\u00e0 competente dichiarasse una qualsiasi disposizione illegale, invalida o non eseguibile, essa dovr\u00e0 essere interpretata nel modo pi\u00f9 conforme possibile all\u2019intenzione originaria. In ogni caso, tale dichiarazione non pregiudicher\u00e0 la validit\u00e0 delle restanti clausole.<\/p>\n\n\n\n<p>La mancata richiesta, da parte del Titolare, dell\u2019osservanza rigorosa di uno qualsiasi dei termini delle presenti Condizioni non costituisce n\u00e9 potr\u00e0 essere interpretata come rinuncia a richiederne il rispetto in futuro.<\/p>\n\n\n\n<h4 class=\"wp-block-heading\"><strong>9.2. Lingua<\/strong><\/h4>\n\n\n\n<p>La lingua applicabile alle presenti Condizioni \u00e8 lo spagnolo. Eventuali versioni in altre lingue, come l\u2019inglese, sono fornite esclusivamente per cortesia e comodit\u00e0 dell\u2019Utente. In caso di contraddizione, prevarr\u00e0 la versione in spagnolo.<\/p>\n\n\n\n<h4 class=\"wp-block-heading\"><strong>9.3. Legislazione e foro competente<\/strong><\/h4>\n\n\n\n<p>I rapporti tra il Titolare e l\u2019Utente saranno regolati dalla legislazione spagnola e le controversie o i conflitti relativi alle presenti Condizioni dipenderanno dal fatto che l\u2019utente abbia la qualifica di consumatore e\/o utente ai sensi della normativa applicabile.<\/p>\n\n\n\n<p class=\"has-text-align-left\">Qualora l\u2019utente sia consumatore e\/o utente, le controversie saranno sottoposte ai Tribunali del domicilio dell\u2019Utente. In caso contrario, la competenza spetter\u00e0 ai Tribunali di Madrid.<\/p>\n\n\n\n<p><\/p>\n","protected":false},"excerpt":{"rendered":"<p>Condizioni Particolari e Tariffe 1. Identificazione delle parti Le presenti Condizioni Particolari di Tariffe (di seguito, le Condizioni di Tariffe) [&hellip;]<\/p>\n","protected":false},"author":1,"featured_media":0,"parent":0,"menu_order":0,"comment_status":"closed","ping_status":"closed","template":"","meta":{"_acf_changed":false,"footnotes":""},"class_list":["post-23004","page","type-page","status-publish","hentry"],"acf":[],"_links":{"self":[{"href":"https:\/\/www.wecity.com\/it\/wp-json\/wp\/v2\/pages\/23004","targetHints":{"allow":["GET"]}}],"collection":[{"href":"https:\/\/www.wecity.com\/it\/wp-json\/wp\/v2\/pages"}],"about":[{"href":"https:\/\/www.wecity.com\/it\/wp-json\/wp\/v2\/types\/page"}],"author":[{"embeddable":true,"href":"https:\/\/www.wecity.com\/it\/wp-json\/wp\/v2\/users\/1"}],"replies":[{"embeddable":true,"href":"https:\/\/www.wecity.com\/it\/wp-json\/wp\/v2\/comments?post=23004"}],"version-history":[{"count":1,"href":"https:\/\/www.wecity.com\/it\/wp-json\/wp\/v2\/pages\/23004\/revisions"}],"predecessor-version":[{"id":23006,"href":"https:\/\/www.wecity.com\/it\/wp-json\/wp\/v2\/pages\/23004\/revisions\/23006"}],"wp:attachment":[{"href":"https:\/\/www.wecity.com\/it\/wp-json\/wp\/v2\/media?parent=23004"}],"curies":[{"name":"wp","href":"https:\/\/api.w.org\/{rel}","templated":true}]}}