{"id":22794,"date":"2023-02-06T12:12:23","date_gmt":"2023-02-06T11:12:23","guid":{"rendered":"https:\/\/www.wecity.com\/riesgos\/"},"modified":"2025-12-17T12:31:00","modified_gmt":"2025-12-17T11:31:00","slug":"rischi","status":"publish","type":"page","link":"https:\/\/www.wecity.com\/it\/rischi\/","title":{"rendered":"Rischi"},"content":{"rendered":"\n<h1 class=\"wp-block-heading has-medium-font-size\">Rischi<\/h1>\n\n\n\n<h2 class=\"wp-block-heading has-normal-font-size\">Rischi generali dell&#8217;investimento<\/h2>\n\n\n\n<p>Il rischio principale associato a qualsiasi tipo di investimento \u00e8 la perdita totale o parziale del capitale investito, nonch\u00e9 la probabilit\u00e0 che il rendimento ottenuto sia inferiore a quello atteso o stimato. \u00c8 necessario partire dal presupposto che maggiore \u00e8 il rendimento stimato di un investimento, maggiore sar\u00e0 il rischio ad esso associato. Valutando preventivamente questo aspetto, avrai compiuto un passo importante per informarti su un investimento. A questo proposito, ti consigliamo vivamente di consultare le altre informazioni contenute nel presente documento.<\/p>\n\n\n\n<h2 class=\"wp-block-heading has-normal-font-size\">Rischi operativi<\/h2>\n\n\n\n<p>I fallimenti o le carenze nei processi, nelle persone e nei sistemi possono avere un impatto significativo su un investimento. Si tratta del rischio operativo presente in ogni attivit\u00e0 di mercato. Noi di <strong>wecity<\/strong> disponiamo delle misure di sicurezza tecniche e organizzative adeguate per ridurre al minimo il rischio operativo della nostra attivit\u00e0 e, di conseguenza, anche il rischio degli investitori e dei promotori che si rivolgono alla nostra piattaforma. Inoltre, disponiamo di un <a href=\"https:\/\/www.wecity.com\/it\/regolamento-difesa-cliente\/\">Regolamento per la tutela del cliente<\/a> che disciplina i requisiti e le procedure del nostro Servizio Clienti per rispondere adeguatamente a tutti i reclami e le <a href=\"mailto:reclamaciones@wecity.io\">richieste di risarcimento<\/a> che desideri presentare, al fine di risolverli in modo legale ed efficace.<\/p>\n\n\n\n<h2 class=\"wp-block-heading has-normal-font-size\">Rischi di inflazione<\/h2>\n\n\n\n<p>In una situazione di inflazione reale, con l&#8217;aumento continuo e generalizzato dei prezzi dei prodotti e dei servizi sul mercato, la perdita di valore del denaro \u00e8 inevitabile e, di conseguenza, anche la vostra capacit\u00e0 di consumo e il vostro potere d&#8217;acquisto si riducono. L&#8217;effetto dell&#8217;inflazione su qualsiasi investimento \u00e8 proprio questo: il rendimento reale dell&#8217;investimento effettuato diminuisce.<\/p>\n\n\n\n<h2 class=\"wp-block-heading has-normal-font-size\">Rischi associati alla disponibilit\u00e0 del capitale investito<\/h2>\n\n\n\n<p>Prima di effettuare qualsiasi investimento, devi considerare la necessit\u00e0 di disponibilit\u00e0 del denaro che intendi investire: ne avrai bisogno a breve termine? Investire implica la possibilit\u00e0 che tu non possa disporre del denaro investito quando ne avrai bisogno e dovrai prestare attenzione al termine stimato per la liquidit\u00e0 del tuo investimento e l&#8217;ottenimento del rendimento corrispondente. Per ulteriori informazioni, consulta le nostre <a href=\"https:\/\/www.wecity.com\/it\/condizioni-generali-sfp\/\">Condizioni Generali applicabili ai Servizi di Finanza Partecipativa.<\/a><\/p>\n\n\n\n<h2 class=\"wp-block-heading has-normal-font-size\">Rischi associati alla concentrazione degli investimenti<\/h2>\n\n\n\n<p>Non ti diremo se concentrare o diversificare i tuoi investimenti, \u00e8 una tua decisione, ma vogliamo che tu comprenda la regola di base della diversificazione in finanza. Diversificare, al contrario di concentrare, significa moltiplicare e variare. Nel mondo degli investimenti, diversificare significa distribuire gli investimenti, ampliandoli in diversi progetti e opzioni, in modo da assumere rischi minori; al contrario della concentrazione degli investimenti in un unico progetto, che comporta quindi un rischio pi\u00f9 elevato.<\/p>\n\n\n\n<h2 class=\"wp-block-heading has-normal-font-size\">Rischi sistemici di mercato<\/h2>\n\n\n\n<p>Il mercato immobiliare, in quanto mercato specifico, presenta di per s\u00e9 una serie di rischi sistematici che, in qualit\u00e0 di investitore immobiliare, devi conoscere, comprendere e assumerti. Ad esempio, l&#8217;andamento dei tassi di interesse e del margine di credito da parte degli istituti finanziari per quanto riguarda il mercato immobiliare \u00e8 un rischio sistematico del mercato che l&#8217;investitore si assume, con la possibilit\u00e0 che le variazioni dei tassi e del margine influenzino negativamente il valore degli immobili. In termini generali, il calo dei tassi comporta un aumento del rendimento e viceversa. Un altro esempio di rischio sistematico del mercato immobiliare \u00e8 la sua natura ciclica: questo mercato \u00e8 suscettibile di essere influenzato da cicli congiunturali che provocano fluttuazioni nel valore degli immobili. L&#8217;esperienza lo conferma.<\/p>\n\n\n\n<h2 class=\"wp-block-heading has-normal-font-size\">Rischi associati al contesto politico, economico, sociale e normativo<\/h2>\n\n\n\n<p>I cambiamenti di governo sono inevitabili, quindi \u00e8 importante prestare attenzione all&#8217;evoluzione del contesto economico, politico, sociale e normativo in cui operiamo sul mercato: riforme legislative nazionali ed europee, criteri delle amministrazioni pubbliche, ambiente, ecc. In definitiva, si tratta di fattori che possono influire sul valore degli immobili, sui costi di acquisto e, in ultima analisi, sul rendimento che tu, in qualit\u00e0 di investitore, puoi ottenere da essi.<\/p>\n","protected":false},"excerpt":{"rendered":"<p>Rischi Rischi generali dell&#8217;investimento Il rischio principale associato a qualsiasi tipo di investimento \u00e8 la perdita totale o parziale del [&hellip;]<\/p>\n","protected":false},"author":1,"featured_media":0,"parent":0,"menu_order":20,"comment_status":"closed","ping_status":"closed","template":"","meta":{"_acf_changed":false,"footnotes":""},"class_list":["post-22794","page","type-page","status-publish","hentry"],"acf":[],"_links":{"self":[{"href":"https:\/\/www.wecity.com\/it\/wp-json\/wp\/v2\/pages\/22794","targetHints":{"allow":["GET"]}}],"collection":[{"href":"https:\/\/www.wecity.com\/it\/wp-json\/wp\/v2\/pages"}],"about":[{"href":"https:\/\/www.wecity.com\/it\/wp-json\/wp\/v2\/types\/page"}],"author":[{"embeddable":true,"href":"https:\/\/www.wecity.com\/it\/wp-json\/wp\/v2\/users\/1"}],"replies":[{"embeddable":true,"href":"https:\/\/www.wecity.com\/it\/wp-json\/wp\/v2\/comments?post=22794"}],"version-history":[{"count":2,"href":"https:\/\/www.wecity.com\/it\/wp-json\/wp\/v2\/pages\/22794\/revisions"}],"predecessor-version":[{"id":22799,"href":"https:\/\/www.wecity.com\/it\/wp-json\/wp\/v2\/pages\/22794\/revisions\/22799"}],"wp:attachment":[{"href":"https:\/\/www.wecity.com\/it\/wp-json\/wp\/v2\/media?parent=22794"}],"curies":[{"name":"wp","href":"https:\/\/api.w.org\/{rel}","templated":true}]}}