{"id":22712,"date":"2023-02-06T12:16:59","date_gmt":"2023-02-06T11:16:59","guid":{"rendered":"https:\/\/www.wecity.com\/condiciones-generales-pfp\/"},"modified":"2025-12-17T12:29:14","modified_gmt":"2025-12-17T11:29:14","slug":"condizioni-generali-sfp","status":"publish","type":"page","link":"https:\/\/www.wecity.com\/it\/condizioni-generali-sfp\/","title":{"rendered":"Condizioni Generali Servizi di Finanziamento Partecipativo"},"content":{"rendered":"\n<h1 class=\"wp-block-heading has-medium-font-size\">Condizioni Generali Servizi di Finanziamento Partecipativo<\/h1>\n\n\n\n<h2 class=\"wp-block-heading has-normal-font-size\">1. Identificazione delle parti<\/h2>\n\n\n\n<p>Le presenti Condizioni generali dei servizi di finanziamento partecipativo (di seguito, Condizioni di servizio) sono sottoscritte da una parte da CityPrive PSFP, S.L. (di seguito, wecity, la piattaforma o il sito web, indistintamente) e dall&#8217;altra dal Promotore e\/o dall&#8217;Investitore che accede volontariamente a wecity interessato ad ottenere finanziamenti per i propri progetti e\/o ad ottenere una remunerazione monetaria derivante dal proprio investimento nei progetti pubblicati sul sito web.<\/p>\n\n\n\n<h2 class=\"wp-block-heading has-normal-font-size\">2. Oggetto<\/h2>\n\n\n\n<p>L&#8217;oggetto delle presenti Condizioni di Servizio \u00e8 quello di regolamentare i servizi di finanziamento partecipativo forniti attraverso wecity, mettendo in contatto i promotori che richiedono fondi per i loro progetti con gli investitori che intendono investire in essi, attraverso la piattaforma.<\/p>\n\n\n\n<h2 class=\"wp-block-heading has-normal-font-size\">3. Informazioni su wecity<\/h2>\n\n\n\n<p>3.1. La presente piattaforma di finanziamento partecipativo non ha lo status di societ\u00e0 di servizi di investimento, n\u00e9 di ente creditizio e non \u00e8 aderente ad alcun fondo di garanzia degli investimenti o fondo di garanzia dei depositi.<\/p>\n\n\n\n<p>3.2. I progetti di finanziamento partecipativo non sono soggetti ad autorizzazione o supervisione da parte della Commissione Nazionale del Mercato dei Valori o della Banca di Spagna, pertanto le informazioni fornite dai Promotori sui progetti non saranno revisionate da tali organismi n\u00e9, in caso di emissione di titoli, costituiscono un prospetto informativo approvato dalla CNMV.<\/p>\n\n\n\n<h2 class=\"wp-block-heading has-normal-font-size\">4. Requisiti dei progetti imprenditoriali<\/h2>\n\n\n\n<p>4.1. wecity accetter\u00e0 solo proposte di progetti imprenditoriali di natura immobiliare sviluppati da persone giuridiche validamente costituite in Spagna o in un altro Stato dell&#8217;Unione Europea il cui oggetto sociale consista nella promozione immobiliare e il cui scopo sia quello di pubblicare attraverso la piattaforma progetti di Promotori che abbiano per oggetto la richiesta di finanziamento da parte di Investitori, al fine di realizzare in tale societ\u00e0 promotrice un aumento di capitale sociale.<\/p>\n\n\n\n<p>4.2. La richiesta dei progetti dei promotori dovr\u00e0 avere come obiettivo l&#8217;aumento di capitale per l&#8217;acquisto di un unico immobile che presenti determinate caratteristiche di sfruttamento e possibilit\u00e0 di ottenere redditi, nonch\u00e9 plusvalenze, in caso di disinvestimento.<\/p>\n\n\n\n<p>4.3. Attraverso il finanziamento dei progetti ottenuto tramite <strong>wecity<\/strong>, si intende acquisire immobili il cui valore del terreno sia superiore al valore dell&#8217;edificio, poich\u00e9 situati in zone il cui valore del terreno \u00e8 altamente contrastato dal consolidamento del mercato.<\/p>\n\n\n\n<h2 class=\"wp-block-heading has-normal-font-size\">5. Servizi forniti tramite wecity<\/h2>\n\n\n\n<p><strong>5.1. Servizi principali<\/strong><\/p>\n\n\n\n<p><strong>wecity<\/strong>, in qualit\u00e0 di piattaforma di finanziamento partecipativo, fornir\u00e0 i seguenti servizi:<\/p>\n\n\n\n<p><strong>a.<\/strong> Ricezione dei progetti. Attraverso la piattaforma di finanziamento di <strong>wecity<\/strong>, il Promotore interessato potr\u00e0 registrarsi dal pulsante di registrazione su <a href=\"https:\/\/www.wecity.com\/it\/\">www.wecity.com<\/a> per registrare il proprio progetto tramite il Modulo di Registrazione del Progetto, allegando la documentazione necessaria per l&#8217;analisi e la valutazione del progetto che richiede il finanziamento.<\/p>\n\n\n\n<p><strong>b.<\/strong> Selezione dei progetti. <strong>wecity<\/strong> dispone di un Gestore delle Operazioni (GO) come strumento per verificare le informazioni personali del Promotore e del suo progetto al fine di accertare che il Promotore sia solvibile e non sia iscritto in archivi di solvibilit\u00e0 patrimoniale e creditizia.<\/p>\n\n\n\n<p>Il Promotore dovr\u00e0 presentare gli atti pubblici che ne attestano la costituzione e le successive modifiche del capitale sociale, oppure una certificazione del Registro delle Imprese competente che lo attesti, nonch\u00e9 altri documenti relativi alla validit\u00e0 di tale tipo di Promotori. Inoltre, verr\u00e0 richiesta la documentazione identificativa della propria azienda.<\/p>\n\n\n\n<p>Dopo aver esaminato tutta la documentazione, il GO contatter\u00e0 il Promotore entro un termine massimo di cinque giorni lavorativi per informarlo della fattibilit\u00e0 o meno della documentazione fornita. Nel caso in cui il progetto disponga delle informazioni necessarie, il GO invier\u00e0 il progetto all&#8217;Analista di Rischio (AR) per analizzarne la fattibilit\u00e0 di finanziamento.<\/p>\n\n\n\n<p><strong>c.<\/strong> Pubblicazione dei progetti. Una volta superata la fase di analisi, il progetto potr\u00e0 essere pubblicato sul sito web di <strong>wecity<\/strong>. Dopo la pubblicazione, gli Investitori potranno accedere alle informazioni relative al progetto per analizzare le caratteristiche dell&#8217;operazione.<\/p>\n\n\n\n<p>Una volta analizzate le informazioni del Progetto, l&#8217;Investitore potr\u00e0 effettuare un investimento tramite il portafoglio elettronico associato al proprio profilo. Tutto il denaro sar\u00e0 gestito dal gateway di pagamento Lemonway con numero di licenza: 16 568 J, fornitore del servizio.<\/p>\n\n\n\n<p><strong>5.2. Servizi ausiliari<\/strong><\/p>\n\n\n\n<p><strong>wecity<\/strong> potr\u00e0 fornire servizi ausiliari diversi da quelli previsti nel paragrafo precedente. Tali servizi consisteranno in:<\/p>\n\n\n\n<p><strong>a.<\/strong> Consulenza ai promotori in relazione alla pubblicazione del progetto sulla piattaforma, compresa la fornitura di servizi e consulenza nei settori dell&#8217;informatica, del marketing, della pubblicit\u00e0 e del design. <strong>wecity<\/strong> potr\u00e0 offrire al Promotore servizi di consulenza sul marketing digitale al fine di migliorare la visibilit\u00e0 del suo progetto in rete e favorirne il finanziamento. Tale servizio sar\u00e0 a carico dei Promotori.<\/p>\n\n\n\n<p><strong>b. <\/strong>Analisi del progetto<strong>.<\/strong> <strong>wecity<\/strong> potr\u00e0 analizzare la fattibilit\u00e0 del progetto del Promotore tramite un team di professionisti con conoscenze nel settore immobiliare e delle costruzioni, il cui servizio sar\u00e0 a carico del Promotore e includer\u00e0 le seguenti caratteristiche:<\/p>\n\n\n\n<p>I. Stato dell&#8217;unico immobile che lo compone, se dispone di divisione orizzontale e se la avr\u00e0 o meno in futuro.<\/p>\n\n\n\n<p>II. Revisione della valutazione fornita dal Promotore.<\/p>\n\n\n\n<p>III. Studio dell&#8217;investimento richiesto dal Promotore, oneri, rendimenti per il Promotore e dividendi per i potenziali Investitori.<\/p>\n\n\n\n<p><strong>c. <\/strong>Abilitazione di canali di comunicazione attraverso <strong>wecity<\/strong> che consentano ai Promotori e agli investitori di contattarsi direttamente tra loro, durante o dopo le azioni che danno luogo al finanziamento del progetto e consentano al Promotore di ottenere una maggiore probabilit\u00e0 di successo per il finanziamento del suo progetto. Tale servizio sar\u00e0 fornito dai Promotori.<\/p>\n\n\n\n<p><strong>d. <\/strong>La messa a disposizione delle parti dei modelli di contratto necessari per la partecipazione ai progetti. <strong>wecity<\/strong> preparer\u00e0 un modello di contratto di investimento che rifletta il finanziamento previsto, apportando il valore aggiunto necessario per garantire il finanziamento e regolamentare e tutelare gli interessi, i diritti e gli obblighi del promotore e degli investitori. Tale contratto sar\u00e0 accompagnato da un mandato preventivo a favore di <strong>wecity<\/strong> da parte degli Investitori affinch\u00e9 possa firmare a nome di tutti loro il contratto di Investimento con il Promotore. Tale servizio sar\u00e0 a carico del Promotore secondo i termini stabiliti nelle <a href=\"https:\/\/www.wecity.com\/it\/tarifas\/\">Condizioni Particolari e Tariffe<\/a><\/p>\n\n\n\n<p><strong>e. <\/strong>La trasmissione agli investitori delle informazioni fornite dal promotore sull&#8217;evoluzione del progetto, nonch\u00e9 sugli eventi societari pi\u00f9 rilevanti.<\/p>\n\n\n\n<h2 class=\"wp-block-heading has-normal-font-size\">6. Finanziamento dei progetti<\/h2>\n\n\n\n<p><strong>6.1. <\/strong>I progetti pubblicati tramite <strong>wecity<\/strong> potranno essere finanziati tramite:<\/p>\n\n\n\n<p>I. Piattaforme di titoli: tramite l&#8217;emissione o la sottoscrizione di obbligazioni, azioni ordinarie e privilegiate o altri titoli rappresentativi di capitale, intendendo per Promotore la societ\u00e0 che emette i titoli.<\/p>\n\n\n\n<p>II. Piattaforme di partecipazioni di S.R.L.: tramite l&#8217;emissione o la sottoscrizione di partecipazioni di societ\u00e0 a responsabilit\u00e0 limitata, nel qual caso per promotore si intende la societ\u00e0 a responsabilit\u00e0 limitata che emetter\u00e0 le partecipazioni.<\/p>\n\n\n\n<p>III. Piattaforme di prestiti: tramite la sottoscrizione di prestiti di tipo fisso o partecipativo (variabile).<\/p>\n\n\n\n<h2 class=\"wp-block-heading has-normal-font-size\">7. Procedura per la presentazione di reclami e ricorsi<\/h2>\n\n\n\n<p><strong>7.1. Avvio della procedura<\/strong><\/p>\n\n\n\n<p><strong>a. <\/strong>La procedura di reclamo e\/o contestazione di <strong>wecity<\/strong> pu\u00f2 essere effettuata personalmente o tramite rappresentanza debitamente accreditata dai Clienti, siano essi Promotori o Investitori, per via elettronica, a condizione che consentano la lettura, la stampa e la conservazione dei documenti, indirizzati al seguente indirizzo e-mail: <a href=\"mailto:reclamaciones@wecity.com\">reclamaciones@wecity.com<\/a><\/p>\n\n\n\n<p><strong>b. <\/strong>Il documento presentato dovr\u00e0 contenere le seguenti informazioni:<\/p>\n\n\n\n<p>I. Identificazione del cliente (D.N.I.\/N.I.F.\/N.I.E.\/Passaporto\/Certificazione del Registro Mercantile competente, nome o cognome o denominazione sociale e domicilio) o, se del caso, del suo rappresentante (accreditando debitamente tale rappresentanza).<\/p>\n\n\n\n<p>II. Motivo del reclamo o della contestazione, indicando il reparto o il servizio di \u201cCITYPRIVE PSFP, S.L.\u201d da cui deriva tale reclamo o contestazione e fornendo le prove documentali a disposizione.<\/p>\n\n\n\n<p>III. Indicazione dell&#8217;indirizzo e-mail al quale il Cliente desidera che gli venga notificata la risoluzione del suo reclamo o della sua contestazione. In caso di mancata indicazione, la risoluzione sar\u00e0 inviata all&#8217;indirizzo e-mail tramite il quale \u00e8 stata presentata la comunicazione.<\/p>\n\n\n\n<p>IV. Dichiarazione che il Cliente non \u00e8 a conoscenza del fatto che la questione oggetto del reclamo o della contestazione sia oggetto di un procedimento amministrativo, arbitrale o giudiziario.<\/p>\n\n\n\n<p>V. Luogo, data e firma del Cliente o, se del caso, del suo rappresentante.<\/p>\n\n\n\n<p><strong>7.2. Termine per la presentazione<\/strong><\/p>\n\n\n\n<p><strong>a.<\/strong> I clienti avranno a disposizione un termine di due anni per presentare i loro reclami o ricorsi a partire dalla data in cui il Cliente \u00e8 venuto a conoscenza dei fatti che hanno dato origine al reclamo o al ricorso.<\/p>\n\n\n\n<p><strong>b.<\/strong> I Clienti potranno presentare il reclamo o la contestazione una sola volta, senza che possa essere richiesta la sua reiterazione dinanzi a diversi organi di CITYPRIVE.<\/p>\n\n\n\n<p><strong>c.<\/strong> Qualsiasi reclamo o contestazione pervenuta al Servizio Clienti oltre il termine stabilito nel paragrafo precedente non sar\u00e0 accettata per la sua elaborazione e ci\u00f2 sar\u00e0 comunicato tempestivamente al cliente tramite e-mail.<\/p>\n\n\n\n<p><strong>7.3. Presentazione di reclami o ricorsi alla Commissione Nazionale del Mercato dei Valori<\/strong><\/p>\n\n\n\n<p><strong>a.<\/strong> In nessun caso, la presentazione di un reclamo o di un ricorso a CITYPRIVE mediante le procedure qui previste implica la rinuncia da parte del Cliente al proprio diritto di presentare tale reclamo o ricorso alla Commissione Nazionale del Mercato dei Valori.<\/p>\n\n\n\n<p><strong>b.<\/strong> I Clienti potranno ricorrere a tale organismo di vigilanza solo nel caso in cui CITYPRIVE non risolva il reclamo entro il termine stabilito a tal fine nel paragrafo seguente, o nel caso in cui la risoluzione sia contraria ai loro interessi.<\/p>\n\n\n\n<p><strong>7.4. Termine per la risoluzione dei reclami o delle contestazioni<\/strong><\/p>\n\n\n\n<p><strong>a.<\/strong> I reclami e le contestazioni ricevuti dal Servizio di Assistenza Clienti dovranno essere risolti dallo stesso entro un termine massimo di due mesi, a partire dal momento della ricezione della comunicazione scritta di reclamo o contestazione, accompagnata, se del caso, dalla relativa documentazione probatoria.<\/p>\n\n\n\n<p><strong>b.<\/strong> Per ulteriori informazioni sui requisiti e sulle procedure del Servizio Clienti di CITYPRIVE, si consiglia di consultare il <a href=\"https:\/\/www.wecity.com\/it\/regolamento-difesa-cliente\/\">Regolamento per la tutela del cliente<\/a> di CITYPRIVE PSFP, S.L.<\/p>\n\n\n\n<h2 class=\"wp-block-heading has-normal-font-size\">8. Meccanismi in caso di cessazione dell&#8217;attivit\u00e0 di wecity<\/h2>\n\n\n\n<p><strong>8.1.<\/strong> CITYPRIVE dispone di una buona organizzazione amministrativa e contabile o di adeguate procedure di controllo interno, nonch\u00e9 dei mezzi per garantire la sicurezza, la riservatezza, l&#8217;affidabilit\u00e0 e la capacit\u00e0 del servizio fornito con mezzi elettronici.<\/p>\n\n\n\n<p><strong>8.2.<\/strong> In caso di cessazione della propria attivit\u00e0, CITYPRIVE dispone di meccanismi che consentono di continuare a fornire tutti o parte dei servizi che si \u00e8 impegnata a fornire per i progetti che hanno ottenuto un finanziamento. In caso di cessazione del Titolare, CITYPRIVE proceder\u00e0 immediatamente alla nomina di un nuovo titolare che soddisfi i criteri di eleggibilit\u00e0 di cui ai paragrafi precedenti. In ogni caso, le azioni intraprese dal precedente titolare del Servizio rimarranno valide. La cessazione e la successiva nomina di un nuovo titolare del Servizio di Assistenza Clienti non sospender\u00e0 il termine per la risoluzione di un Reclamo previsto al paragrafo cinque del presente Regolamento.<\/p>\n\n\n\n<p><strong>8.3.<\/strong> <strong>wecity<\/strong> lavora affinch\u00e9 i servizi e le funzionalit\u00e0 del Sito Web siano sempre disponibili. Tuttavia, quando si accede al Sito Web, questo verr\u00e0 visualizzato in base alla disponibilit\u00e0 e alle limitazioni esistenti in quel momento.<\/p>\n\n\n\n<p><strong>8.4.<\/strong> Nonostante il continuo impegno di CITYPRIVE per proteggere i sistemi e i contenuti inclusi nel sito web, a tal fine utilizzando standard di sicurezza e conformit\u00e0 normativa inerenti alle piattaforme di finanziamento partecipativo, non \u00e8 possibile offrire garanzie complete in relazione a intrusioni o perdite di informazioni che potrebbero verificarsi. Allo stesso modo, non \u00e8 possibile garantire l&#8217;assenza di virus o altri elementi dannosi nel sito web o in siti web di terzi che possano causare alterazioni al sistema informatico, sia software che hardware, dell&#8217;Utente. Per questo motivo, il Cliente accetta e comprende che esistono situazioni che possono sfuggire al controllo di <strong>wecity<\/strong>.<\/p>\n\n\n\n<p><strong>8.5.<\/strong> Allo stesso modo, <strong>wecity<\/strong> \u00e8 esonerata da qualsiasi responsabilit\u00e0 derivante da un uso improprio da parte dei Clienti, nonch\u00e9 dal mancato rispetto degli obblighi o degli impegni assunti in virt\u00f9 delle presenti condizioni o di qualsiasi altra condizione applicabile.<\/p>\n\n\n\n<h2 class=\"wp-block-heading has-normal-font-size\">9. Indennizzo<\/h2>\n\n\n\n<p><strong>9.1.<\/strong> Il Titolare pu\u00f2 sanzionare qualsiasi Cliente (sia esso Promotore o Investitore) che violi le condizioni ad esso applicabili, con l&#8217;impossibilit\u00e0 di accedere, temporaneamente o indefinitamente, al Sito Web. La durata della sanzione dipender\u00e0 dal tipo di violazione commessa. La restrizione dell&#8217;accesso non comporter\u00e0 in alcun caso il diritto al risarcimento.<\/p>\n\n\n\n<p><strong>9.2.<\/strong> Qualsiasi tipo di danno, pregiudizio, perdita o costo (comprese le spese legali e\/o di procura) derivante da una violazione da parte dell&#8217;Utente delle presenti Condizioni o di qualsiasi altra condizione applicabile, sostenuto da <strong>wecity<\/strong>, dovr\u00e0 essere risarcito dall&#8217;Utente che lo ha causato. Ci\u00f2 comprende qualsiasi reclamo di terzi derivante da tali violazioni.<\/p>\n\n\n\n<h2 class=\"wp-block-heading has-normal-font-size\">10. Modifiche<\/h2>\n\n\n\n<p>Le presenti Condizioni possono essere modificate e\/o aggiornate in qualsiasi momento senza preavviso. Le modifiche apportate entreranno in vigore a partire dalla loro pubblicazione sul Sito Web, indipendentemente dal mezzo e dalla forma utilizzati a tal fine.<\/p>\n\n\n\n<p>La modifica avr\u00e0 effetto solo sui Clienti che l&#8217;avranno accettata successivamente a tale modifica.<\/p>\n\n\n\n<h2 class=\"wp-block-heading has-normal-font-size\">11. Altre questioni<\/h2>\n\n\n\n<p><strong>11.1. Salvaguardia e interpretazione<\/strong><\/p>\n\n\n\n<p>Se l&#8217;Autorit\u00e0 competente dovesse dichiarare una qualsiasi di queste disposizioni illegale, non valida o inapplicabile, essa dovr\u00e0 essere interpretata nel modo pi\u00f9 vicino possibile all&#8217;intenzione originale di tale disposizione. In ogni caso, tale dichiarazione relativa a una o pi\u00f9 clausole non pregiudicher\u00e0 la validit\u00e0 delle restanti.<\/p>\n\n\n\n<p>La mancata richiesta da parte del Titolare del rigoroso rispetto di uno qualsiasi dei termini delle presenti Condizioni non costituisce n\u00e9 potr\u00e0 essere interpretata in alcun caso come una rinuncia da parte sua a richiederlo in futuro.<\/p>\n\n\n\n<p><strong>11.2. Lingua<\/strong><\/p>\n\n\n\n<p>La lingua applicabile alle presenti Condizioni \u00e8 lo spagnolo. Se vengono fornite versioni in altre lingue, come l&#8217;inglese, sar\u00e0 solo per cortesia e per maggiore comodit\u00e0 dell&#8217;Utente. In caso di contraddizione prevarr\u00e0 la versione in spagnolo.<\/p>\n\n\n\n<p><strong>11.3. Legislazione e giurisdizione<\/strong><\/p>\n\n\n\n<p>I rapporti tra il Titolare e l&#8217;Utente saranno regolati dalla legislazione spagnola e le discrepanze o i conflitti relativi alle presenti Condizioni dipenderanno dal fatto che l&#8217;utente abbia la qualifica di consumatore e\/o utente in conformit\u00e0 con la normativa applicabile.<\/p>\n\n\n\n<p>Se l&#8217;utente \u00e8 un consumatore e\/o un utente, i conflitti saranno sottoposti ai tribunali del domicilio dell&#8217;utente. In caso contrario, i conflitti saranno risolti dai tribunali di Madrid.<\/p>\n\n\n\n<p><strong>11.4. Documentazione e fatture<\/strong><\/p>\n\n\n\n<p><strong>wecity<\/strong> non ha bisogno di emettere fatture per i propri servizi, ma fornisce ai propri clienti la documentazione che attesta la loro partecipazione ai progetti. Tale documentazione \u00e8 disponibile nell&#8217;area privata del cliente e pu\u00f2 essere scaricata elettronicamente.<\/p>\n\n\n\n<p>Se si desidera richiedere tale documentazione in formato cartaceo, \u00e8 sufficiente inviare un&#8217;e-mail al seguente indirizzo: <a href=\"mailto:info@wecity.io\">info@wecity.com<\/a><\/p>\n","protected":false},"excerpt":{"rendered":"<p>Condizioni Generali Servizi di Finanziamento Partecipativo 1. Identificazione delle parti Le presenti Condizioni generali dei servizi di finanziamento partecipativo (di [&hellip;]<\/p>\n","protected":false},"author":1,"featured_media":0,"parent":0,"menu_order":20,"comment_status":"closed","ping_status":"closed","template":"","meta":{"_acf_changed":false,"footnotes":""},"class_list":["post-22712","page","type-page","status-publish","hentry"],"acf":[],"_links":{"self":[{"href":"https:\/\/www.wecity.com\/it\/wp-json\/wp\/v2\/pages\/22712","targetHints":{"allow":["GET"]}}],"collection":[{"href":"https:\/\/www.wecity.com\/it\/wp-json\/wp\/v2\/pages"}],"about":[{"href":"https:\/\/www.wecity.com\/it\/wp-json\/wp\/v2\/types\/page"}],"author":[{"embeddable":true,"href":"https:\/\/www.wecity.com\/it\/wp-json\/wp\/v2\/users\/1"}],"replies":[{"embeddable":true,"href":"https:\/\/www.wecity.com\/it\/wp-json\/wp\/v2\/comments?post=22712"}],"version-history":[{"count":2,"href":"https:\/\/www.wecity.com\/it\/wp-json\/wp\/v2\/pages\/22712\/revisions"}],"predecessor-version":[{"id":22798,"href":"https:\/\/www.wecity.com\/it\/wp-json\/wp\/v2\/pages\/22712\/revisions\/22798"}],"wp:attachment":[{"href":"https:\/\/www.wecity.com\/it\/wp-json\/wp\/v2\/media?parent=22712"}],"curies":[{"name":"wp","href":"https:\/\/api.w.org\/{rel}","templated":true}]}}