{"id":22438,"date":"2023-02-01T19:11:48","date_gmt":"2023-02-01T18:11:48","guid":{"rendered":"https:\/\/www.wecity.com\/quienes-somos\/"},"modified":"2025-12-10T10:56:03","modified_gmt":"2025-12-10T09:56:03","slug":"quienes-somos","status":"publish","type":"page","link":"https:\/\/www.wecity.com\/it\/quienes-somos\/","title":{"rendered":"Chi siamo"},"content":{"rendered":"\n    <div class=\"bloque bloque_apertura confoto alignfull\" style=\"background:#ffffff url(https:\/\/www.wecity.com\/wp-content\/uploads\/2023\/02\/fomdo-quienes-somos.png) no-repeat right bottom;\">\n\n        <div class=\"bloque_apertura__contenedor\">\n\n            <div class=\"container\">\n\n                <div class=\"bloque_apertura__textos\">\n                    <div>\n\n                        <p>WECITY<\/p>\n                        <h1 >\n                            Chi siamo                                                    <\/h1>\n\n                        <p>La nostra missione \u00e8 democratizzare (we are crowd) l\u2019accesso agli alti rendimenti del mercato immobiliare istituzionale (we are city).<\/p>\n<p><em>&#8220;<strong>wecity<\/strong> \u00e8 l\u2019ecosistema tecnologico e innovativo in cui promotori istituzionali e investitori comunicano, si finanziano e condividono benefici.&#8221;<\/em><\/p>\n<p><strong>@Rafael Merry del Val<\/strong><br \/>\nCEO di <strong>wecity<\/strong><\/p>\n\n                            <div class=\"is-layout-flex wp-block-buttons boton boton--normal\">\n                                <div class=\"wp-block-button\">\n                                    <a href=\"https:\/\/www.wecity.com\/como-funciona\/\"  class=\"wp-block-button__link wp-element-button\"\n                                       title=\"Come funziona\" >\n                                        Come funziona                                    <\/a>\n                                <\/div>\n                            <\/div>\n                                                <\/div>\n                <\/div><!-- \/ .bloque-apertura__textos -->\n\t\t\t\t            <\/div><!-- \/ .container -->\n\n        <\/div><!-- \/ .bloque_apertura__contenedor -->\n\n    <\/div><!-- \/ .bloque-apertura -->\n\n\n\n<div class=\"wp-block-group alignfull grupo-fichas has-gris-muy-claro-background-color has-background\"><div class=\"wp-block-group__inner-container is-layout-constrained wp-block-group-is-layout-constrained\">\n<div class=\"wp-block-columns is-layout-flex wp-container-core-columns-is-layout-9d6595d7 wp-block-columns-is-layout-flex\">\n<div class=\"wp-block-column is-layout-flow wp-block-column-is-layout-flow\">\n<h2 class=\"wp-block-heading\">Team<\/h2>\n\n\n\n<p>Siamo un team multidisciplinare con ampia esperienza nei settori immobiliare e digitale.<br>Abbiamo oltre 50 anni di esperienza complessiva e quasi 400 operazioni immobiliari che lo dimostrano.<\/p>\n\n\n\n<p class=\"grupo-fichas__enlace\"><a href=\"https:\/\/www.wecity.com\/equipo\/\">pi\u00f9 informazioni ><\/a><\/p>\n<\/div>\n\n\n\n<div class=\"wp-block-column is-layout-flow wp-block-column-is-layout-flow\">\n<h2 class=\"wp-block-heading\">Promotori<\/h2>\n\n\n\n<p>Vi presentiamo l\u2019alternativa al finanziamento.<br>Mettiamo a vostra disposizione la tecnologia pi\u00f9 avanzata per finanziare i vostri progetti e costruire la vostra propria rete di investitori.<\/p>\n\n\n\n<p class=\"grupo-fichas__enlace\"><a href=\"https:\/\/www.wecity.com\/it\/financiacion-promotores\/\">pi\u00f9 informazioni ><\/a><\/p>\n<\/div>\n\n\n\n<div class=\"wp-block-column is-layout-flow wp-block-column-is-layout-flow\">\n<h2 class=\"wp-block-heading\">Partner<\/h2>\n\n\n\n<p><em>\u201cEIl segreto per assumere i migliori \u00e8 cercare persone che vogliano cambiare il mondo.\u201d<br><\/em><strong>@Marc Benioff<\/strong><\/p>\n\n\n\n<p class=\"grupo-fichas__enlace\"><a href=\"https:\/\/www.wecity.com\/partners\/\">pi\u00f9 informazioni ><\/a><\/p>\n<\/div>\n<\/div>\n\n\n\n<div class=\"wp-block-columns is-layout-flex wp-container-core-columns-is-layout-9d6595d7 wp-block-columns-is-layout-flex\">\n<div class=\"wp-block-column is-layout-flow wp-block-column-is-layout-flow\">\n<h2 class=\"wp-block-heading\">Domande frequenti<\/h2>\n\n\n\n<p>Qui troverai tutte le risposte alle tue domande\u2026 e se cos\u00ec non fosse, scrivici a <a href=\"mailto:ayuda@wecity.es\">soporte@wecity.com<\/a>\u00a0e le risolveremo.<\/p>\n\n\n\n<p class=\"grupo-fichas__enlace\"><a href=\"https:\/\/www.wecity.com\/faqs\/\">pi\u00f9 informazioni ><\/a><\/p>\n<\/div>\n\n\n\n<div class=\"wp-block-column is-layout-flow wp-block-column-is-layout-flow\">\n<h2 class=\"wp-block-heading\">Charity Policy<\/h2>\n\n\n\n<p><em>&#8220;La domanda pi\u00f9 urgente e persistente della vita \u00e8: cosa stai facendo per gli altri?&#8221;<\/em> <strong>@Martin Luther King<\/strong><\/p>\n\n\n\n<p class=\"grupo-fichas__enlace\"><a href=\"https:\/\/www.wecity.com\/charity-policy\/\">pi\u00f9 informazioni ><\/a><\/p>\n<\/div>\n\n\n\n<div class=\"wp-block-column is-layout-flow wp-block-column-is-layout-flow\">\n<h2 class=\"wp-block-heading\">Glossario finanziario<\/h2>\n\n\n\n<p>Abbiamo creato per te un dizionario dove troverai<br>le definizioni di ogni termine legato ai tuoi investimenti.<\/p>\n\n\n\n<p class=\"grupo-fichas__enlace\"><a href=\"https:\/\/www.wecity.com\/glosario\/\">pi\u00f9 informazioni ><\/a><\/p>\n<\/div>\n<\/div>\n\n\n\n<div class=\"wp-block-columns is-layout-flex wp-container-core-columns-is-layout-9d6595d7 wp-block-columns-is-layout-flex\">\n<div class=\"wp-block-column is-layout-flow wp-block-column-is-layout-flow\">\n<h2 class=\"wp-block-heading\">Sicurezza per l\u2019investitore<\/h2>\n\n\n\n<p>La tua sicurezza \u00e8 per noi una priorit\u00e0.<br>Abbiamo implementato tutte le misure necessarie affinch\u00e9 i tuoi dati e il tuo investimento siano protetti.<\/p>\n\n\n\n<p><a href=\"https:\/\/www.wecity.com\/seguridad-al-inversor\/\">pi\u00f9 informazioni ><\/a><\/p>\n<\/div>\n\n\n\n<div class=\"wp-block-column is-layout-flow wp-block-column-is-layout-flow\">\n<h2 class=\"wp-block-heading\">Conosci i rischi<\/h2>\n\n\n\n<p>\u201c<em>Il rischio deriva dal non sapere cosa stai facendo.<\/em>\u201d<br><strong>@Warren Buffett<\/strong><br><\/p>\n\n\n\n<p>Per favore, informati sui rischi prima di investire.<\/p>\n\n\n\n<p><a href=\"https:\/\/www.wecity.com\/riesgos\/\">pi\u00f9 informazioni ><\/a><\/p>\n<\/div>\n\n\n\n<div class=\"wp-block-column is-layout-flow wp-block-column-is-layout-flow\">\n<h2 class=\"wp-block-heading\">RSC<\/h2>\n\n\n\n<p><strong>Responsabilit\u00e0 Sociale d\u2019Impresa<\/strong><\/p>\n\n\n\n<p>\u201c<em>Creare un\u2019azienda forte e costruire un mondo migliore non sono obiettivi contraddittori\u2026<\/em>\u201d <strong>@William Clay Ford Jr<\/strong><\/p>\n\n\n\n<p><a href=\"https:\/\/www.wecity.com\/rsc\/\">pi\u00f9 informazioni ><\/a><\/p>\n<\/div>\n<\/div>\n\n\n\n<div class=\"wp-block-columns is-layout-flex wp-container-core-columns-is-layout-9d6595d7 wp-block-columns-is-layout-flex\">\n<div class=\"wp-block-column is-layout-flow wp-block-column-is-layout-flow\">\n<h2 class=\"wp-block-heading\">SDG<\/h2>\n\n\n\n<p>Siamo allineati con gli <strong>Obiettivi di Sviluppo Sostenibile<\/strong> delle <strong>Nazioni Unite<\/strong>, contribuendo ad avanzare verso un mondo pi\u00f9 sostenibile ed equo.<\/p>\n\n\n\n<p><a href=\"https:\/\/www.wecity.com\/objetivos-desarrollo-sostenible\/\">pi\u00f9 informazioni ><\/a><\/p>\n<\/div>\n\n\n\n<div class=\"wp-block-column columna-vacia is-layout-flow wp-block-column-is-layout-flow\"><\/div>\n\n\n\n<div class=\"wp-block-column columna-vacia is-layout-flow wp-block-column-is-layout-flow\"><\/div>\n<\/div>\n<\/div><\/div>\n","protected":false},"excerpt":{"rendered":"<p>Team Siamo un team multidisciplinare con ampia esperienza nei settori immobiliare e digitale.Abbiamo oltre 50 anni di esperienza complessiva e [&hellip;]<\/p>\n","protected":false},"author":1,"featured_media":0,"parent":0,"menu_order":8,"comment_status":"closed","ping_status":"closed","template":"","meta":{"_acf_changed":false,"footnotes":""},"class_list":["post-22438","page","type-page","status-publish","hentry"],"acf":[],"_links":{"self":[{"href":"https:\/\/www.wecity.com\/it\/wp-json\/wp\/v2\/pages\/22438","targetHints":{"allow":["GET"]}}],"collection":[{"href":"https:\/\/www.wecity.com\/it\/wp-json\/wp\/v2\/pages"}],"about":[{"href":"https:\/\/www.wecity.com\/it\/wp-json\/wp\/v2\/types\/page"}],"author":[{"embeddable":true,"href":"https:\/\/www.wecity.com\/it\/wp-json\/wp\/v2\/users\/1"}],"replies":[{"embeddable":true,"href":"https:\/\/www.wecity.com\/it\/wp-json\/wp\/v2\/comments?post=22438"}],"version-history":[{"count":1,"href":"https:\/\/www.wecity.com\/it\/wp-json\/wp\/v2\/pages\/22438\/revisions"}],"predecessor-version":[{"id":22447,"href":"https:\/\/www.wecity.com\/it\/wp-json\/wp\/v2\/pages\/22438\/revisions\/22447"}],"wp:attachment":[{"href":"https:\/\/www.wecity.com\/it\/wp-json\/wp\/v2\/media?parent=22438"}],"curies":[{"name":"wp","href":"https:\/\/api.w.org\/{rel}","templated":true}]}}