{"id":22419,"date":"2023-07-21T12:46:14","date_gmt":"2023-07-21T10:46:14","guid":{"rendered":"https:\/\/www.wecity.com\/financiacion-promotores\/"},"modified":"2026-03-23T17:13:57","modified_gmt":"2026-03-23T16:13:57","slug":"financiacion-promotores","status":"publish","type":"page","link":"https:\/\/www.wecity.com\/it\/financiacion-promotores\/","title":{"rendered":"Promotori"},"content":{"rendered":"\n    <div class=\"bloque bloque_apertura confoto con-formulario alignfull\" style=\"background:#f4faff url(https:\/\/www.wecity.com\/wp-content\/uploads\/2023\/07\/financiacion-inmobiliaria.png) no-repeat right bottom;\">\n\n        <div class=\"bloque_apertura__contenedor\">\n\n            <div class=\"container\">\n\n                <div class=\"bloque_apertura__textos\">\n                    <div>\n\n                        <p>Promotori<\/p>\n                        <h1 >\n                            Siamo la tua alternativa al finanziamento tradizionale                                                    <\/h1>\n\n                        <p data-start=\"706\" data-end=\"865\">In wecity ti offriamo tutta la visibilit\u00e0 necessaria per il tuo progetto e tutta la tecnologia e innovazione per raggiungere il successo del tuo finanziamento.<\/p>\n<p data-start=\"867\" data-end=\"983\">Un finanziamento rapido e senza complicazioni, senza procedure amministrative inutili, burocrazia o tempi di attesa.<\/p>\n                    <\/div>\n                <\/div><!-- \/ .bloque-apertura__textos -->\n\t\t\t\t\n<div class=\"bloque bloque-formulario-promotores\">\n\n        <div>\n            <h2 style=\"text-align: center\">Contattaci<\/h2>\n            <form method=\"post\" id=\"promotores-form\" class=\"formulario formulario--promotores\"\n                  action=\"https:\/\/www.wecity.com\/it\/financiacion-promotores\/\">\n\n                \n                \n                <div class=\"col-1\" style=\"margin-bottom: 16px\">\n                    <div class=\"input\">\n                        <label for=\"promotores-name\">Nome completo<\/label>\n                        <input type=\"text\" name=\"promotores-name\" id=\"promotores-name\"\n                                                               placeholder=\"Nome completo\" required\n                               value=\"\"\/>\n                    <\/div>\n                <\/div>\n                <div class=\"col-1\" style=\"margin-bottom: 16px\">\n                    <div class=\"input\">\n                        <label for=\"promotores-email\">Email<\/label>\n                        <input type=\"email\" name=\"promotores-email\" id=\"promotores-email\" required\n                                                               value=\"\" placeholder=\"Email\"\/>\n                    <\/div>\n                <\/div>\n                <div class=\"col-1\" style=\"margin-bottom: 16px\">\n                    <div class=\"input\">\n                        <label for=\"promotores-phone\">Cellulare<\/label>\n                        <input type=\"text\" name=\"promotores-phone\" id=\"promotores-phone\" required\n                                                              value=\"\" placeholder=\"Cellulare\"\/>\n                                            <\/div>\n                <\/div>\n                <div class=\"input-label col-1\" style=\"margin-bottom: 16px\">\n                                        <select name=\"ubicacion-proyecto\" id=\"ubicacion-proyecto\" required\n                        \">\n                        <option value=\"-\" selected=\"selected\">Ubicazione del progetto da finanziare                        <\/option>\n                        <option value=\"madrid\" >Madrid<\/option>\n                        <option value=\"costa-del-sol\" >Costa del Sol<\/option>\n                        <option value=\"valencia\" >Valencia<\/option>\n                        <option value=\"barcelona\" >Barcellona<\/option>\n                        <option value=\"wecity\" >Isole Baleari<\/option>\n                        <option value=\"otros\" >Portogallo<\/option>\n                        <option value=\"otros\" >Altro<\/option>\n                    <\/select>\n                <\/div>\n                <div class=\"input-label col-1\" style=\"margin-bottom: 16px\">\n                                        <select name=\"promotores-importe\" id=\"promotores-importe\" required\n                    \">\n                        <option value=\"-\" selected=\"selected\">Importo da finanziare                        <\/option>\n                        <option value=\"menos-250\" >Meno di 250.000 \u20ac<\/option>\n                        <option value=\"entre-250-500\" >Tra 250.000 \u20ac e 500.000 \u20ac<\/option>\n                        <option value=\"entre-500-1000\" >Tra 500.000 \u20ac e 1.000.000 \u20ac<\/option>\n                        <option value=\"entre-1000-2500\" >Tra 1.000.000 \u20ac e 2.500.000 \u20ac<\/option>\n                        <option value=\"entre-2500-6000\" >Tra 2.500.000 \u20ac e 6.000.000 \u20ac<\/option>\n                        <option value=\"mas-6000\" >Pi\u00f9 di 6.000.000 \u20ac<\/option>\n                    <\/select>\n                <\/div>\n                <div class=\"input-label col-1\" style=\"margin-bottom: 16px\">\n                                        <select name=\"tipo-financiacion\" id=\"tipo-financiacion\" required\n                    \">\n                        <option value=\"-\" selected=\"selected\">Desidero ottenere un finanziamento tramite                        <\/option>\n                        <option value=\"lending\" >Prestiti<\/option>\n                        <option value=\"equity\" >Capitale<\/option>\n                    <\/select>\n                <\/div>\n                <div class=\"col-1\" style=\"margin-bottom: 16px\">\n                    <div class=\"input\">\n                    <textarea name=\"promotores-message\" placeholder=\"Raccontaci brevemente\"\n                              required\n                    ><\/textarea>\n                    <\/div>\n                <\/div>\n                <div class=\"col-1\" style=\"margin-bottom: 16px\">\n                    <input name=\"promotores-consent\" id=\"promotores-consent\" required type=\"checkbox\" value=\"1\">\n\n                    \n                    <label for=\"promotores-consent\"\n                            >Accetto i termini e le condizioni di                        <a href=\"https:\/\/www.wecity.com\/aviso-legal\/\" target=\"_blank\" rel=\"noopener noreferrer\"\n                        >\n                            wecity<\/a> e                        <a href=\"https:\/\/www.wecity.com\/wp-content\/uploads\/2023\/07\/LEMONWAY-Terms-Conditions_ES_2022.pdf\" target=\"_blank\" rel=\"noopener noreferrer\"\n                        >\n                            Lemonway<\/a>\n                        <span class=\"tooltip\">\n                        <svg style=\"display: inline-block;vertical-align: middle;\" width=\"16\" height=\"16\" viewBox=\"0 0 16 16\" fill=\"none\" xmlns=\"http:\/\/www.w3.org\/2000\/svg\">\n                            <path d=\"M8 1.33301C11.6819 1.33301 14.667 4.3181 14.667 8C14.667 11.6819 11.6819 14.667 8 14.667C4.3181 14.667 1.33301 11.6819 1.33301 8C1.33301 4.3181 4.3181 1.33301 8 1.33301ZM8.52441 6.06836C7.94086 5.90168 7.13681 6.04015 6.1123 6.48438L6 6.98047C6.27033 6.90049 6.48713 6.84478 6.64941 6.8125C6.8926 6.76415 7.07717 6.74953 7.29297 6.98047C7.43691 7.1346 7.46524 7.34075 7.37793 7.59863C6.98298 8.94135 6.74048 9.86782 6.64941 10.377C6.51285 11.1406 6.64194 11.645 7.37793 11.8818C7.86862 12.0397 8.40331 12.0397 8.98145 11.8818L9.87109 11.6143L10 11.0566C9.69377 11.142 9.35425 11.1846 8.98145 11.1846C8.60856 11.1846 8.48432 10.8788 8.60938 10.2666C8.76282 9.60845 8.94611 8.89035 9.15918 8.1123C9.4788 6.94518 9.39988 6.31869 8.52441 6.06836ZM9 4C8.44772 4 8 4.44772 8 5C8 5.55228 8.44772 6 9 6C9.55229 6 10 5.55228 10 5C10 4.44772 9.55229 4 9 4Z\" fill=\"#344055\"\/>\n                        <\/svg>\n                        <span class=\"tooltiptext\">Lemonway \u00e8 un istituto di pagamento regolamentato e autorizzato dalla Banca di Spagna, responsabile della gestione sicura di tutte le transazioni finanziarie su wecity. In qualit\u00e0 di istituto di pagamento, Lemonway ha il compito di salvaguardare il denaro degli utenti, nonch\u00e9 di effettuare la verifica dell&#8217;identit\u00e0 e la gestione dei documenti necessari per conformarsi alle normative vigenti.<\/span>\n                        <\/span>\n                    <\/label>\n\n                    <div style=\"height: 16px;\"><\/div>\n\n                    <input name=\"promotores-consent-dos\" id=\"promotores-consent-dos\" required type=\"checkbox\" value=\"1\">\n\n                    <label for=\"promotores-consent-dos\"\n                    >Ho letto e accettato la                        <a href=\"https:\/\/www.wecity.com\/politica-privacidad\/\" target=\"_blank\" rel=\"noopener noreferrer\" >\n                            Politica sulla riservatezza                        <\/a>\n                        <\/label>\n                <\/div>\n\n                <input type=\"submit\" class=\"g-recaptcha boton boton--alternativo\" name=\"submit-promotores\"\n                       id=\"submit-promotores\"\n                       style=\"align-self: center;\"\n                       data-sitekey=\"6LeT5SMpAAAAADNzSNIdnvRIEoTqbEOl5feI1Pp3\"\n                       data-callback='onSubmit'\n                       data-action='submit'\n                       onclick=\"this.disabled=true;this.value='Invio in corso...';return true;\"\n                       value=\"Invia\"\/>\n\n            <\/form>\n        <\/div>\n        <p class=\"legal-formulario\"><b>Informativa base sulla protezione dei dati:<\/b>\r\nResponsabile: Cityprive PSFP, S.L.U. (WECITY). Finalit\u00e0: Gestire la tua richiesta di contatto relativa alla presentazione e promozione di progetti. Legittimazione: Misure precontrattuali o esecuzione del contratto. Destinatari: I dati non vengono ceduti, salvo obbligo legale. Diritti: Accesso, rettifica, cancellazione, opposizione, limitazione e portabilit\u00e0, <a class=\"decorated-link cursor-pointer\" rel=\"noopener\" data-start=\"615\" data-end=\"638\">comunicacion@wecity.com<\/a>.\r\n\r\nUlteriori informazioni nella nostra Informativa sulla Privacy.<\/p><\/div>\n            <\/div><!-- \/ .container -->\n\n        <\/div><!-- \/ .bloque_apertura__contenedor -->\n\n    <\/div><!-- \/ .bloque-apertura -->\n\n\n\n<div class=\"wp-block-group alignfull has-background\" style=\"background-color:#e6e9ec\"><div class=\"wp-block-group__inner-container is-layout-constrained wp-block-group-is-layout-constrained\">\n<div style=\"height:46px\" aria-hidden=\"true\" class=\"wp-block-spacer\"><\/div>\n\n\n\n<div class=\"wp-block-columns is-style-sin-separacion is-layout-flex wp-container-core-columns-is-layout-9d6595d7 wp-block-columns-is-layout-flex\">\n<div class=\"wp-block-column is-layout-flow wp-block-column-is-layout-flow\" style=\"flex-basis:16%\"><div class=\"wp-block-image\">\n<figure class=\"aligncenter size-full is-resized\"><img decoding=\"async\" width=\"70\" height=\"70\" src=\"https:\/\/www.wecity.com\/wp-content\/uploads\/2023\/06\/Financiado-3.png\" alt=\"\" class=\"wp-image-5290\" style=\"width:60px;height:60px\" srcset=\"https:\/\/www.wecity.com\/wp-content\/uploads\/2023\/06\/Financiado-3.png 70w, https:\/\/www.wecity.com\/wp-content\/uploads\/2023\/06\/Financiado-3-48x48.png 48w\" sizes=\"(max-width: 70px) 100vw, 70px\" \/><\/figure>\n<\/div>\n\n\n<p class=\"has-text-align-center has-medium-font-size\"><strong>231 M \u20ac<\/strong><\/p>\n\n\n\n<p class=\"has-text-align-center has-negro-color has-text-color has-normal-font-size\">Finanziati<\/p>\n<\/div>\n\n\n\n<div class=\"wp-block-column is-layout-flow wp-block-column-is-layout-flow\" style=\"flex-basis:16%\"><div class=\"wp-block-image\">\n<figure class=\"aligncenter size-full is-resized\"><img decoding=\"async\" width=\"70\" height=\"70\" src=\"https:\/\/www.wecity.com\/wp-content\/uploads\/2023\/06\/Proyectos-3.png\" alt=\"\" class=\"wp-image-5299\" style=\"width:60px;height:60px\" srcset=\"https:\/\/www.wecity.com\/wp-content\/uploads\/2023\/06\/Proyectos-3.png 70w, https:\/\/www.wecity.com\/wp-content\/uploads\/2023\/06\/Proyectos-3-48x48.png 48w\" sizes=\"(max-width: 70px) 100vw, 70px\" \/><\/figure>\n<\/div>\n\n\n<p class=\"has-text-align-center has-medium-font-size\"><strong><strong>1<\/strong>75<\/strong><\/p>\n\n\n\n<p class=\"has-text-align-center has-negro-color has-text-color has-normal-font-size\">Progetti finanziati<\/p>\n<\/div>\n\n\n\n<div class=\"wp-block-column is-layout-flow wp-block-column-is-layout-flow\" style=\"flex-basis:16%\"><div class=\"wp-block-image\">\n<figure class=\"aligncenter size-full is-resized\"><img decoding=\"async\" width=\"70\" height=\"70\" src=\"https:\/\/www.wecity.com\/wp-content\/uploads\/2023\/06\/Plazo-2.png\" alt=\"\" class=\"wp-image-5287\" style=\"width:60px;height:60px\" srcset=\"https:\/\/www.wecity.com\/wp-content\/uploads\/2023\/06\/Plazo-2.png 70w, https:\/\/www.wecity.com\/wp-content\/uploads\/2023\/06\/Plazo-2-48x48.png 48w\" sizes=\"(max-width: 70px) 100vw, 70px\" \/><\/figure>\n<\/div>\n\n\n<p class=\"has-text-align-center has-medium-font-size\"><strong>11 meses<\/strong><\/p>\n\n\n\n<p class=\"has-text-align-center has-negro-color has-text-color has-normal-font-size\">Termine medio<\/p>\n<\/div>\n\n\n\n<div class=\"wp-block-column is-layout-flow wp-block-column-is-layout-flow\" style=\"flex-basis:16%\"><div class=\"wp-block-image\">\n<figure class=\"aligncenter size-full is-resized\"><img decoding=\"async\" width=\"70\" height=\"70\" src=\"https:\/\/www.wecity.com\/wp-content\/uploads\/2023\/09\/LTV-1.png\" alt=\"\" class=\"wp-image-5925\" style=\"width:60px;height:60px\" srcset=\"https:\/\/www.wecity.com\/wp-content\/uploads\/2023\/09\/LTV-1.png 70w, https:\/\/www.wecity.com\/wp-content\/uploads\/2023\/09\/LTV-1-48x48.png 48w\" sizes=\"(max-width: 70px) 100vw, 70px\" \/><\/figure>\n<\/div>\n\n\n<p class=\"has-text-align-center has-medium-font-size\"><strong>59,3%<\/strong><\/p>\n\n\n\n<p class=\"has-text-align-center has-negro-color has-text-color has-normal-font-size\">LTV medio<\/p>\n<\/div>\n\n\n\n<div class=\"wp-block-column is-layout-flow wp-block-column-is-layout-flow\" style=\"flex-basis:16%\"><div class=\"wp-block-image\">\n<figure class=\"aligncenter size-full is-resized\"><img decoding=\"async\" width=\"70\" height=\"70\" src=\"https:\/\/www.wecity.com\/wp-content\/uploads\/2023\/09\/Prestamo_importe.png\" alt=\"\" class=\"wp-image-5928\" style=\"width:60px;height:60px\" srcset=\"https:\/\/www.wecity.com\/wp-content\/uploads\/2023\/09\/Prestamo_importe.png 70w, https:\/\/www.wecity.com\/wp-content\/uploads\/2023\/09\/Prestamo_importe-48x48.png 48w\" sizes=\"(max-width: 70px) 100vw, 70px\" \/><\/figure>\n<\/div>\n\n\n<p class=\"has-text-align-center has-medium-font-size\"><strong>1,3 M \u20ac<\/strong><\/p>\n\n\n\n<p class=\"has-text-align-center has-negro-color has-text-color has-normal-font-size\">Importo medio del prestito<\/p>\n<\/div>\n\n\n\n<div class=\"wp-block-column is-layout-flow wp-block-column-is-layout-flow\" style=\"flex-basis:16%\"><div class=\"wp-block-image\">\n<figure class=\"aligncenter size-full is-resized\"><img decoding=\"async\" width=\"70\" height=\"70\" src=\"https:\/\/www.wecity.com\/wp-content\/uploads\/2023\/09\/Plazo_financiacion.png\" alt=\"\" class=\"wp-image-5931\" style=\"width:60px;height:60px\" srcset=\"https:\/\/www.wecity.com\/wp-content\/uploads\/2023\/09\/Plazo_financiacion.png 70w, https:\/\/www.wecity.com\/wp-content\/uploads\/2023\/09\/Plazo_financiacion-48x48.png 48w\" sizes=\"(max-width: 70px) 100vw, 70px\" \/><\/figure>\n<\/div>\n\n\n<p class=\"has-text-align-center has-medium-font-size\"><strong>2,8 d\u00edas<\/strong><\/p>\n\n\n\n<p class=\"has-text-align-center has-negro-color has-text-color has-normal-font-size\">Tempo medio di finanziamento<\/p>\n<\/div>\n<\/div>\n<\/div><\/div>\n\n\n\n<div style=\"height:53px\" aria-hidden=\"true\" class=\"wp-block-spacer\"><\/div>\n\n\n\n<div class=\"wp-block-group alignfull has-blanco-background-color has-background\"><div class=\"wp-block-group__inner-container is-layout-constrained wp-block-group-is-layout-constrained\">\n<p class=\"has-text-align-center has-medium-font-size\"><strong><strong>Tipologie di finanziamento<\/strong><\/strong><\/p>\n\n\n\n<div style=\"height:53px\" aria-hidden=\"true\" class=\"wp-block-spacer\"><\/div>\n\n\n\n<p class=\"has-text-align-center\"><\/p>\n\n\n\n<div class=\"wp-block-columns is-layout-flex wp-container-core-columns-is-layout-9d6595d7 wp-block-columns-is-layout-flex\">\n<div class=\"wp-block-column is-layout-flow wp-block-column-is-layout-flow\"><div class=\"wp-block-image\">\n<figure class=\"aligncenter size-full\"><img decoding=\"async\" width=\"75\" height=\"72\" src=\"https:\/\/www.wecity.com\/wp-content\/uploads\/2025\/06\/Icon_euro_OK-2.png\" alt=\"\" class=\"wp-image-19721\"\/><\/figure>\n<\/div>\n\n\n<p class=\"has-text-align-center\" style=\"font-size:23px\"><strong>Breve termine<\/strong><\/p>\n\n\n\n<p class=\"has-text-align-left\">Finanziamento che ti fornisce il capitale necessario per completare il tuo progetto o fino a ottenere una soluzione di finanziamento permanente.<\/p>\n<\/div>\n\n\n\n<div class=\"wp-block-column is-layout-flow wp-block-column-is-layout-flow\"><div class=\"wp-block-image\">\n<figure class=\"aligncenter size-full\"><img decoding=\"async\" width=\"75\" height=\"72\" src=\"https:\/\/www.wecity.com\/wp-content\/uploads\/2025\/06\/Icon_euro_OK-1-1.png\" alt=\"\" class=\"wp-image-19725\"\/><\/figure>\n<\/div>\n\n\n<p class=\"has-text-align-center\" style=\"font-size:23px\"><strong>Lungo termine<\/strong><\/p>\n\n\n\n<p class=\"has-text-align-left\">Finanziamento destinato a completare l\u2019Equity necessario per poter accedere al finanziamento bancario tradizionale.Pu\u00f2 essere strutturato anche tramite prestito.<\/p>\n<\/div>\n\n\n\n<div class=\"wp-block-column is-layout-flow wp-block-column-is-layout-flow\"><div class=\"wp-block-image\">\n<figure class=\"aligncenter size-full\"><img decoding=\"async\" width=\"72\" height=\"72\" src=\"https:\/\/www.wecity.com\/wp-content\/uploads\/2025\/06\/Icon_euro_OK-2-1.png\" alt=\"\" class=\"wp-image-19729\" srcset=\"https:\/\/www.wecity.com\/wp-content\/uploads\/2025\/06\/Icon_euro_OK-2-1.png 72w, https:\/\/www.wecity.com\/wp-content\/uploads\/2025\/06\/Icon_euro_OK-2-1-48x48.png 48w\" sizes=\"(max-width: 72px) 100vw, 72px\" \/><\/figure>\n<\/div>\n\n\n<p class=\"has-text-align-center\" style=\"font-size:23px\"><strong>Speciale<\/strong><\/p>\n\n\n\n<p class=\"has-text-align-left\">Raccontaci le tue esigenze. Valuteremo il tuo progetto senza impegno per presentarti una soluzione su misura.<\/p>\n<\/div>\n<\/div>\n<\/div><\/div>\n\n\n\n<div style=\"height:53px\" aria-hidden=\"true\" class=\"wp-block-spacer\"><\/div>\n\n\n\n<div class=\"wp-block-group alignfull has-background\" style=\"background-color:#fbfbfb\"><div class=\"wp-block-group__inner-container is-layout-constrained wp-block-group-is-layout-constrained\">\n<div style=\"height:40px\" aria-hidden=\"true\" class=\"wp-block-spacer\"><\/div>\n\n\n\n<div class=\"wp-block-columns is-layout-flex wp-container-core-columns-is-layout-9d6595d7 wp-block-columns-is-layout-flex\">\n<div class=\"wp-block-column is-layout-flow wp-block-column-is-layout-flow\" style=\"flex-basis:40%\">\n<figure class=\"wp-block-image size-full is-resized is-style-default\"><img decoding=\"async\" width=\"1030\" height=\"1536\" src=\"https:\/\/www.wecity.com\/wp-content\/uploads\/2025\/10\/christina-wocintechchat-com-0Zx1bDv5BNY-unsplash-1-1030x1536-1.webp\" alt=\"\" class=\"wp-image-21515\" style=\"width:423px;height:635px\" srcset=\"https:\/\/www.wecity.com\/wp-content\/uploads\/2025\/10\/christina-wocintechchat-com-0Zx1bDv5BNY-unsplash-1-1030x1536-1.webp 1030w, https:\/\/www.wecity.com\/wp-content\/uploads\/2025\/10\/christina-wocintechchat-com-0Zx1bDv5BNY-unsplash-1-1030x1536-1-201x300.webp 201w, https:\/\/www.wecity.com\/wp-content\/uploads\/2025\/10\/christina-wocintechchat-com-0Zx1bDv5BNY-unsplash-1-1030x1536-1-687x1024.webp 687w, https:\/\/www.wecity.com\/wp-content\/uploads\/2025\/10\/christina-wocintechchat-com-0Zx1bDv5BNY-unsplash-1-1030x1536-1-768x1145.webp 768w\" sizes=\"(max-width: 1030px) 100vw, 1030px\" \/><\/figure>\n<\/div>\n\n\n\n<div class=\"wp-block-column is-layout-flow wp-block-column-is-layout-flow\" style=\"flex-basis:60%\">\n<div class=\"wp-block-group grupo-card is-style-border-radius has-blanco-background-color has-background\"><div class=\"wp-block-group__inner-container is-layout-constrained wp-block-group-is-layout-constrained\">\n<h3 class=\"wp-block-heading\">1. Domanda e analisi<\/h3>\n\n\n\n<p>Raccontaci il progetto e noi realizzeremo un\u2019analisi iniziale per poterti fare un\u2019offerta che risponda alle tue aspettative.<\/p>\n<\/div><\/div>\n\n\n\n<div class=\"wp-block-group grupo-card is-style-border-radius has-blanco-background-color has-background\"><div class=\"wp-block-group__inner-container is-layout-constrained wp-block-group-is-layout-constrained\">\n<h3 class=\"wp-block-heading\">2. Preparazione e presentazione<\/h3>\n\n\n\n<p>Prepariamo tutta la documentazione contrattuale affinch\u00e9 tu possa rivederla e firmarla digitalmente, e successivamente presentiamo il progetto sulla nostra piattaforma.<\/p>\n<\/div><\/div>\n\n\n\n<div class=\"wp-block-group grupo-card is-style-border-radius has-blanco-background-color has-background\"><div class=\"wp-block-group__inner-container is-layout-constrained wp-block-group-is-layout-constrained\">\n<h3 class=\"wp-block-heading\">3. Finanziamento e messa a disposizione dei fondi<\/h3>\n\n\n\n<p>Non appena il tuo progetto raggiunge l\u2019obiettivo di finanziamento e, dopo aver fissato un appuntamento con il notaio per la firma, avrai i fondi disponibili tramite un monitoraggio esterno.<\/p>\n<\/div><\/div>\n<\/div>\n<\/div>\n<\/div><\/div>\n","protected":false},"excerpt":{"rendered":"<p>231 M \u20ac Finanziati 175 Progetti finanziati 11 meses Termine medio 59,3% LTV medio 1,3 M \u20ac Importo medio del [&hellip;]<\/p>\n","protected":false},"author":2,"featured_media":0,"parent":0,"menu_order":2,"comment_status":"closed","ping_status":"closed","template":"template-promotores.php","meta":{"_acf_changed":false,"footnotes":""},"class_list":["post-22419","page","type-page","status-publish","hentry"],"acf":[],"_links":{"self":[{"href":"https:\/\/www.wecity.com\/it\/wp-json\/wp\/v2\/pages\/22419","targetHints":{"allow":["GET"]}}],"collection":[{"href":"https:\/\/www.wecity.com\/it\/wp-json\/wp\/v2\/pages"}],"about":[{"href":"https:\/\/www.wecity.com\/it\/wp-json\/wp\/v2\/types\/page"}],"author":[{"embeddable":true,"href":"https:\/\/www.wecity.com\/it\/wp-json\/wp\/v2\/users\/2"}],"replies":[{"embeddable":true,"href":"https:\/\/www.wecity.com\/it\/wp-json\/wp\/v2\/comments?post=22419"}],"version-history":[{"count":2,"href":"https:\/\/www.wecity.com\/it\/wp-json\/wp\/v2\/pages\/22419\/revisions"}],"predecessor-version":[{"id":24604,"href":"https:\/\/www.wecity.com\/it\/wp-json\/wp\/v2\/pages\/22419\/revisions\/24604"}],"wp:attachment":[{"href":"https:\/\/www.wecity.com\/it\/wp-json\/wp\/v2\/media?parent=22419"}],"curies":[{"name":"wp","href":"https:\/\/api.w.org\/{rel}","templated":true}]}}