{"id":5429,"date":"2023-07-21T12:46:14","date_gmt":"2023-07-21T10:46:14","guid":{"rendered":"https:\/\/www.wecity.com\/?page_id=5429"},"modified":"2026-03-23T17:13:08","modified_gmt":"2026-03-23T16:13:08","slug":"promoteurs","status":"publish","type":"page","link":"https:\/\/www.wecity.com\/fr\/promoteurs\/","title":{"rendered":"Promoteurs"},"content":{"rendered":"\n    <div class=\"bloque bloque_apertura confoto con-formulario alignfull\" style=\"background:#f4faff url(https:\/\/www.wecity.com\/wp-content\/uploads\/2023\/07\/financiacion-inmobiliaria.png) no-repeat right bottom;\">\n\n        <div class=\"bloque_apertura__contenedor\">\n\n            <div class=\"container\">\n\n                <div class=\"bloque_apertura__textos\">\n                    <div>\n\n                        <p>Promoteurs<\/p>\n                        <h1 >\n                            Nous sommes votre alternative au financement traditionnel                                                    <\/h1>\n\n                        <p>Chez wecity, nous vous offrons la visibilit\u00e9 n\u00e9cessaire \u00e0 votre projet ainsi que toute la technologie et l&rsquo;innovation n\u00e9cessaires \u00e0 la r\u00e9ussite de votre financement.<\/p>\n<p>Un financement rapide et simple, sans proc\u00e9dures administratives inutiles, sans bureaucratie ni temps d&rsquo;attente.<\/p>\n                    <\/div>\n                <\/div><!-- \/ .bloque-apertura__textos -->\n\t\t\t\t\n<div class=\"bloque bloque-formulario-promotores\">\n\n        <div>\n            <h2 style=\"text-align: center\">Contactez-nous<\/h2>\n            <form method=\"post\" id=\"promotores-form\" class=\"formulario formulario--promotores\"\n                  action=\"https:\/\/www.wecity.com\/fr\/promoteurs\/\">\n\n                \n                \n                <div class=\"col-1\" style=\"margin-bottom: 16px\">\n                    <div class=\"input\">\n                        <label for=\"promotores-name\">Nom et pr\u00e9nom<\/label>\n                        <input type=\"text\" name=\"promotores-name\" id=\"promotores-name\"\n                                                               placeholder=\"Nom et pr\u00e9nom\" required\n                               value=\"\"\/>\n                    <\/div>\n                <\/div>\n                <div class=\"col-1\" style=\"margin-bottom: 16px\">\n                    <div class=\"input\">\n                        <label for=\"promotores-email\">Email<\/label>\n                        <input type=\"email\" name=\"promotores-email\" id=\"promotores-email\" required\n                                                               value=\"\" placeholder=\"Email\"\/>\n                    <\/div>\n                <\/div>\n                <div class=\"col-1\" style=\"margin-bottom: 16px\">\n                    <div class=\"input\">\n                        <label for=\"promotores-phone\">T\u00e9l\u00e9phone portable<\/label>\n                        <input type=\"text\" name=\"promotores-phone\" id=\"promotores-phone\" required\n                                                              value=\"\" placeholder=\"T\u00e9l\u00e9phone portable\"\/>\n                                            <\/div>\n                <\/div>\n                <div class=\"input-label col-1\" style=\"margin-bottom: 16px\">\n                                        <select name=\"ubicacion-proyecto\" id=\"ubicacion-proyecto\" required\n                        \">\n                        <option value=\"-\" selected=\"selected\">Lieu du projet \u00e0 financer                        <\/option>\n                        <option value=\"madrid\" >Madrid<\/option>\n                        <option value=\"costa-del-sol\" >Costa del Sol<\/option>\n                        <option value=\"valencia\" >Valencia<\/option>\n                        <option value=\"barcelona\" >Barcelona<\/option>\n                        <option value=\"wecity\" >\u00celes Bal\u00e9ares<\/option>\n                        <option value=\"otros\" >Portugal<\/option>\n                        <option value=\"otros\" >Autres<\/option>\n                    <\/select>\n                <\/div>\n                <div class=\"input-label col-1\" style=\"margin-bottom: 16px\">\n                                        <select name=\"promotores-importe\" id=\"promotores-importe\" required\n                    \">\n                        <option value=\"-\" selected=\"selected\">Montant \u00e0 financer                        <\/option>\n                        <option value=\"menos-250\" >Moins de 250 000 \u20ac<\/option>\n                        <option value=\"entre-250-500\" >Entre 250 000 \u20ac et 500 000 \u20ac<\/option>\n                        <option value=\"entre-500-1000\" >Entre 500 000 \u20ac et 1.000.000 \u20ac<\/option>\n                        <option value=\"entre-1000-2500\" >Entre 1.000.000 \u20ac et 2.500.000 \u20ac<\/option>\n                        <option value=\"entre-2500-6000\" >Entre 2.500.000 \u20ac et 6.000.000 \u20ac<\/option>\n                        <option value=\"mas-6000\" >Plus de 6 000 000 \u20ac<\/option>\n                    <\/select>\n                <\/div>\n                <div class=\"input-label col-1\" style=\"margin-bottom: 16px\">\n                                        <select name=\"tipo-financiacion\" id=\"tipo-financiacion\" required\n                    \">\n                        <option value=\"-\" selected=\"selected\">Je souhaite obtenir un financement par le biais de                        <\/option>\n                        <option value=\"lending\" >Lending<\/option>\n                        <option value=\"equity\" >Equity<\/option>\n                    <\/select>\n                <\/div>\n                <div class=\"col-1\" style=\"margin-bottom: 16px\">\n                    <div class=\"input\">\n                    <textarea name=\"promotores-message\" placeholder=\"Dites-nous bri\u00e8vement\"\n                              required\n                    ><\/textarea>\n                    <\/div>\n                <\/div>\n                <div class=\"col-1\" style=\"margin-bottom: 16px\">\n                    <input name=\"promotores-consent\" id=\"promotores-consent\" required type=\"checkbox\" value=\"1\">\n\n                    \n                    <label for=\"promotores-consent\"\n                            >J\u2019accepte les termes et conditions de                        <a href=\"https:\/\/www.wecity.com\/fr\/aviso-legal\/\" target=\"_blank\" rel=\"noopener noreferrer\"\n                        >\n                            wecity<\/a> et                        <a href=\"https:\/\/www.wecity.com\/wp-content\/uploads\/2024\/01\/LEMONWAY-Terms-Conditions_FR_2022.pdf\" target=\"_blank\" rel=\"noopener noreferrer\"\n                        >\n                            Lemonway<\/a>\n                        <span class=\"tooltip\">\n                        <svg style=\"display: inline-block;vertical-align: middle;\" width=\"16\" height=\"16\" viewBox=\"0 0 16 16\" fill=\"none\" xmlns=\"http:\/\/www.w3.org\/2000\/svg\">\n                            <path d=\"M8 1.33301C11.6819 1.33301 14.667 4.3181 14.667 8C14.667 11.6819 11.6819 14.667 8 14.667C4.3181 14.667 1.33301 11.6819 1.33301 8C1.33301 4.3181 4.3181 1.33301 8 1.33301ZM8.52441 6.06836C7.94086 5.90168 7.13681 6.04015 6.1123 6.48438L6 6.98047C6.27033 6.90049 6.48713 6.84478 6.64941 6.8125C6.8926 6.76415 7.07717 6.74953 7.29297 6.98047C7.43691 7.1346 7.46524 7.34075 7.37793 7.59863C6.98298 8.94135 6.74048 9.86782 6.64941 10.377C6.51285 11.1406 6.64194 11.645 7.37793 11.8818C7.86862 12.0397 8.40331 12.0397 8.98145 11.8818L9.87109 11.6143L10 11.0566C9.69377 11.142 9.35425 11.1846 8.98145 11.1846C8.60856 11.1846 8.48432 10.8788 8.60938 10.2666C8.76282 9.60845 8.94611 8.89035 9.15918 8.1123C9.4788 6.94518 9.39988 6.31869 8.52441 6.06836ZM9 4C8.44772 4 8 4.44772 8 5C8 5.55228 8.44772 6 9 6C9.55229 6 10 5.55228 10 5C10 4.44772 9.55229 4 9 4Z\" fill=\"#344055\"\/>\n                        <\/svg>\n                        <span class=\"tooltiptext\">Lemonway est un \u00e9tablissement de paiement r\u00e9glement\u00e9 et autoris\u00e9 par la Banque d\u2019Espagne, responsable de la gestion s\u00e9curis\u00e9e de toutes les transactions de fonds sur wecity.\nEn tant qu\u2019\u00e9tablissement de paiement, Lemonway est charg\u00e9 de prot\u00e9ger l\u2019argent des utilisateurs, ainsi que d\u2019effectuer la v\u00e9rification d\u2019identit\u00e9 et la gestion des documents n\u00e9cessaires pour se conformer \u00e0 la r\u00e9glementation en vigueur.<\/span>\n                        <\/span>\n                    <\/label>\n\n                    <div style=\"height: 16px;\"><\/div>\n\n                    <input name=\"promotores-consent-dos\" id=\"promotores-consent-dos\" required type=\"checkbox\" value=\"1\">\n\n                    <label for=\"promotores-consent-dos\"\n                    >J\u2019ai lu et j\u2019accepte la                        <a href=\"https:\/\/www.wecity.com\/fr\/politique-de-confidentialite\/\" target=\"_blank\" rel=\"noopener noreferrer\" >\n                            Politique de confidentialit\u00e9                        <\/a>\n                        <\/label>\n                <\/div>\n\n                <input type=\"submit\" class=\"g-recaptcha boton boton--alternativo\" name=\"submit-promotores\"\n                       id=\"submit-promotores\"\n                       style=\"align-self: center;\"\n                       data-sitekey=\"6LeT5SMpAAAAADNzSNIdnvRIEoTqbEOl5feI1Pp3\"\n                       data-callback='onSubmit'\n                       data-action='submit'\n                       onclick=\"this.disabled=true;this.value='Envoi en cours...';return true;\"\n                       value=\"Envoyer\"\/>\n\n            <\/form>\n        <\/div>\n        <\/div>\n            <\/div><!-- \/ .container -->\n\n        <\/div><!-- \/ .bloque_apertura__contenedor -->\n\n    <\/div><!-- \/ .bloque-apertura -->\n\n\n\n<div class=\"wp-block-group alignfull has-background\" style=\"background-color:#e6e9ec\"><div class=\"wp-block-group__inner-container is-layout-constrained wp-block-group-is-layout-constrained\">\n<div style=\"height:46px\" aria-hidden=\"true\" class=\"wp-block-spacer\"><\/div>\n\n\n\n<div class=\"wp-block-columns is-style-sin-separacion is-layout-flex wp-container-core-columns-is-layout-9d6595d7 wp-block-columns-is-layout-flex\">\n<div class=\"wp-block-column is-layout-flow wp-block-column-is-layout-flow\" style=\"flex-basis:16%\"><div class=\"wp-block-image\">\n<figure class=\"aligncenter size-full is-resized\"><img decoding=\"async\" width=\"70\" height=\"70\" src=\"https:\/\/www.wecity.com\/wp-content\/uploads\/2023\/06\/Financiado-3.png\" alt=\"\" class=\"wp-image-5290\" style=\"width:60px;height:60px\" srcset=\"https:\/\/www.wecity.com\/wp-content\/uploads\/2023\/06\/Financiado-3.png 70w, https:\/\/www.wecity.com\/wp-content\/uploads\/2023\/06\/Financiado-3-48x48.png 48w\" sizes=\"(max-width: 70px) 100vw, 70px\" \/><\/figure>\n<\/div>\n\n\n<p class=\"has-text-align-center has-medium-font-size\"><strong>231 M \u20ac<\/strong><\/p>\n\n\n\n<p class=\"has-text-align-center has-negro-color has-text-color has-normal-font-size\">financ\u00e9s<\/p>\n<\/div>\n\n\n\n<div class=\"wp-block-column is-layout-flow wp-block-column-is-layout-flow\" style=\"flex-basis:16%\"><div class=\"wp-block-image\">\n<figure class=\"aligncenter size-full is-resized\"><img decoding=\"async\" width=\"70\" height=\"70\" src=\"https:\/\/www.wecity.com\/wp-content\/uploads\/2023\/06\/Proyectos-3.png\" alt=\"\" class=\"wp-image-5299\" style=\"width:60px;height:60px\" srcset=\"https:\/\/www.wecity.com\/wp-content\/uploads\/2023\/06\/Proyectos-3.png 70w, https:\/\/www.wecity.com\/wp-content\/uploads\/2023\/06\/Proyectos-3-48x48.png 48w\" sizes=\"(max-width: 70px) 100vw, 70px\" \/><\/figure>\n<\/div>\n\n\n<p class=\"has-text-align-center has-medium-font-size\"><strong>175<\/strong><\/p>\n\n\n\n<p class=\"has-text-align-center has-negro-color has-text-color has-normal-font-size\">Projets financ\u00e9s<\/p>\n<\/div>\n\n\n\n<div class=\"wp-block-column is-layout-flow wp-block-column-is-layout-flow\" style=\"flex-basis:16%\"><div class=\"wp-block-image\">\n<figure class=\"aligncenter size-full is-resized\"><img decoding=\"async\" width=\"70\" height=\"70\" src=\"https:\/\/www.wecity.com\/wp-content\/uploads\/2023\/06\/Plazo-2.png\" alt=\"\" class=\"wp-image-5287\" style=\"width:60px;height:60px\" srcset=\"https:\/\/www.wecity.com\/wp-content\/uploads\/2023\/06\/Plazo-2.png 70w, https:\/\/www.wecity.com\/wp-content\/uploads\/2023\/06\/Plazo-2-48x48.png 48w\" sizes=\"(max-width: 70px) 100vw, 70px\" \/><\/figure>\n<\/div>\n\n\n<p class=\"has-text-align-center has-medium-font-size\"><strong>11 mois<\/strong><\/p>\n\n\n\n<p class=\"has-text-align-center has-negro-color has-text-color has-normal-font-size\">P\u00e9riode moyenne<\/p>\n<\/div>\n\n\n\n<div class=\"wp-block-column is-layout-flow wp-block-column-is-layout-flow\" style=\"flex-basis:16%\"><div class=\"wp-block-image\">\n<figure class=\"aligncenter size-full is-resized\"><img decoding=\"async\" width=\"70\" height=\"70\" src=\"https:\/\/www.wecity.com\/wp-content\/uploads\/2023\/09\/LTV-1.png\" alt=\"\" class=\"wp-image-5925\" style=\"width:60px;height:60px\" srcset=\"https:\/\/www.wecity.com\/wp-content\/uploads\/2023\/09\/LTV-1.png 70w, https:\/\/www.wecity.com\/wp-content\/uploads\/2023\/09\/LTV-1-48x48.png 48w\" sizes=\"(max-width: 70px) 100vw, 70px\" \/><\/figure>\n<\/div>\n\n\n<p class=\"has-text-align-center has-medium-font-size\"><strong>59,3%<\/strong><\/p>\n\n\n\n<p class=\"has-text-align-center has-negro-color has-text-color has-normal-font-size\">LTV moyenne<\/p>\n<\/div>\n\n\n\n<div class=\"wp-block-column is-layout-flow wp-block-column-is-layout-flow\" style=\"flex-basis:16%\"><div class=\"wp-block-image\">\n<figure class=\"aligncenter size-full is-resized\"><img decoding=\"async\" width=\"70\" height=\"70\" src=\"https:\/\/www.wecity.com\/wp-content\/uploads\/2023\/09\/Prestamo_importe.png\" alt=\"\" class=\"wp-image-5928\" style=\"width:60px;height:60px\" srcset=\"https:\/\/www.wecity.com\/wp-content\/uploads\/2023\/09\/Prestamo_importe.png 70w, https:\/\/www.wecity.com\/wp-content\/uploads\/2023\/09\/Prestamo_importe-48x48.png 48w\" sizes=\"(max-width: 70px) 100vw, 70px\" \/><\/figure>\n<\/div>\n\n\n<p class=\"has-text-align-center has-medium-font-size\"><strong>1,2 M \u20ac<\/strong><\/p>\n\n\n\n<p class=\"has-text-align-center has-negro-color has-text-color has-normal-font-size\">Montant moyen du pr\u00eat<\/p>\n<\/div>\n\n\n\n<div class=\"wp-block-column is-layout-flow wp-block-column-is-layout-flow\" style=\"flex-basis:16%\"><div class=\"wp-block-image\">\n<figure class=\"aligncenter size-full is-resized\"><img decoding=\"async\" width=\"70\" height=\"70\" src=\"https:\/\/www.wecity.com\/wp-content\/uploads\/2023\/09\/Plazo_financiacion.png\" alt=\"\" class=\"wp-image-5931\" style=\"width:60px;height:60px\" srcset=\"https:\/\/www.wecity.com\/wp-content\/uploads\/2023\/09\/Plazo_financiacion.png 70w, https:\/\/www.wecity.com\/wp-content\/uploads\/2023\/09\/Plazo_financiacion-48x48.png 48w\" sizes=\"(max-width: 70px) 100vw, 70px\" \/><\/figure>\n<\/div>\n\n\n<p class=\"has-text-align-center has-medium-font-size\"><strong>2,8 jours<\/strong><\/p>\n\n\n\n<p class=\"has-text-align-center has-negro-color has-text-color has-normal-font-size\">D\u00e9lai moyen de financement<\/p>\n<\/div>\n<\/div>\n<\/div><\/div>\n\n\n\n<div style=\"height:53px\" aria-hidden=\"true\" class=\"wp-block-spacer\"><\/div>\n\n\n\n<div class=\"wp-block-group alignfull has-blanco-background-color has-background\"><div class=\"wp-block-group__inner-container is-layout-constrained wp-block-group-is-layout-constrained\">\n<p class=\"has-text-align-center has-medium-font-size\"><strong>Types de financement<\/strong><\/p>\n\n\n\n<div style=\"height:53px\" aria-hidden=\"true\" class=\"wp-block-spacer\"><\/div>\n\n\n\n<p class=\"has-text-align-center\"><\/p>\n\n\n\n<div class=\"wp-block-columns is-layout-flex wp-container-core-columns-is-layout-9d6595d7 wp-block-columns-is-layout-flex\">\n<div class=\"wp-block-column is-layout-flow wp-block-column-is-layout-flow\"><div class=\"wp-block-image\">\n<figure class=\"aligncenter size-full\"><img decoding=\"async\" width=\"72\" height=\"72\" src=\"https:\/\/www.wecity.com\/wp-content\/uploads\/2023\/06\/coin-euro-2.png\" alt=\"\" class=\"wp-image-5467\" srcset=\"https:\/\/www.wecity.com\/wp-content\/uploads\/2023\/06\/coin-euro-2.png 72w, https:\/\/www.wecity.com\/wp-content\/uploads\/2023\/06\/coin-euro-2-48x48.png 48w\" sizes=\"(max-width: 72px) 100vw, 72px\" \/><\/figure>\n<\/div>\n\n\n<p class=\"has-text-align-center\" style=\"font-size:23px\"><strong>Court terme<\/strong><\/p>\n\n\n\n<p class=\"has-text-align-left\">Un financement qui vous permet de disposer du capital n\u00e9cessaire pour mener \u00e0 bien votre projet ou jusqu&rsquo;\u00e0 ce que vous obteniez une solution de financement permanente.<\/p>\n<\/div>\n\n\n\n<div class=\"wp-block-column is-layout-flow wp-block-column-is-layout-flow\"><div class=\"wp-block-image\">\n<figure class=\"aligncenter size-full\"><img decoding=\"async\" width=\"78\" height=\"72\" src=\"https:\/\/www.wecity.com\/wp-content\/uploads\/2023\/06\/coin-euro-1-1.png\" alt=\"\" class=\"wp-image-5470\"\/><\/figure>\n<\/div>\n\n\n<p class=\"has-text-align-center\" style=\"font-size:23px\"><strong>Long terme<\/strong><\/p>\n\n\n\n<p class=\"has-text-align-left\">Financement visant \u00e0 compl\u00e9ter les fonds propres n\u00e9cessaires pour b\u00e9n\u00e9ficier d&rsquo;un financement bancaire traditionnel. Il peut \u00e9galement s&rsquo;articuler autour d&rsquo;un pr\u00eat.<\/p>\n<\/div>\n\n\n\n<div class=\"wp-block-column is-layout-flow wp-block-column-is-layout-flow\"><div class=\"wp-block-image\">\n<figure class=\"aligncenter size-full\"><img decoding=\"async\" width=\"72\" height=\"72\" src=\"https:\/\/www.wecity.com\/wp-content\/uploads\/2023\/06\/finance-special.png\" alt=\"\" class=\"wp-image-5474\" srcset=\"https:\/\/www.wecity.com\/wp-content\/uploads\/2023\/06\/finance-special.png 72w, https:\/\/www.wecity.com\/wp-content\/uploads\/2023\/06\/finance-special-48x48.png 48w\" sizes=\"(max-width: 72px) 100vw, 72px\" \/><\/figure>\n<\/div>\n\n\n<p class=\"has-text-align-center\" style=\"font-size:23px\"><strong>Sp\u00e9cial<\/strong><\/p>\n\n\n\n<p class=\"has-text-align-left\">Expliquez-nous vos besoins. Nous \u00e9valuerons votre projet sans engagement et vous proposerons une solution sur mesure.<\/p>\n<\/div>\n<\/div>\n<\/div><\/div>\n\n\n\n<div style=\"height:53px\" aria-hidden=\"true\" class=\"wp-block-spacer\"><\/div>\n\n\n\n<div class=\"wp-block-group alignfull has-background\" style=\"background-color:#fbfbfb\"><div class=\"wp-block-group__inner-container is-layout-constrained wp-block-group-is-layout-constrained\">\n<div style=\"height:40px\" aria-hidden=\"true\" class=\"wp-block-spacer\"><\/div>\n\n\n\n<div class=\"wp-block-columns is-layout-flex wp-container-core-columns-is-layout-9d6595d7 wp-block-columns-is-layout-flex\">\n<div class=\"wp-block-column is-layout-flow wp-block-column-is-layout-flow\" style=\"flex-basis:40%\">\n<figure class=\"wp-block-image size-full is-resized is-style-default\"><img decoding=\"async\" width=\"438\" height=\"657\" src=\"https:\/\/www.wecity.com\/wp-content\/uploads\/2023\/06\/wecity-financiacion.jpg\" alt=\"wecity-financiacion\" class=\"wp-image-5445\" style=\"width:423px;height:635px\" srcset=\"https:\/\/www.wecity.com\/wp-content\/uploads\/2023\/06\/wecity-financiacion.jpg 438w, https:\/\/www.wecity.com\/wp-content\/uploads\/2023\/06\/wecity-financiacion-200x300.jpg 200w\" sizes=\"(max-width: 438px) 100vw, 438px\" \/><\/figure>\n<\/div>\n\n\n\n<div class=\"wp-block-column is-layout-flow wp-block-column-is-layout-flow\" style=\"flex-basis:60%\">\n<div class=\"wp-block-group grupo-card is-style-border-radius has-blanco-background-color has-background\"><div class=\"wp-block-group__inner-container is-layout-constrained wp-block-group-is-layout-constrained\">\n<h3 class=\"wp-block-heading\">1. Mise en \u0153uvre et analyse<\/h3>\n\n\n\n<p>Faites-nous part de votre projet et nous proc\u00e9derons \u00e0 une premi\u00e8re analyse afin de vous faire une offre qui r\u00e9ponde \u00e0 vos attentes.<\/p>\n<\/div><\/div>\n\n\n\n<div class=\"wp-block-group grupo-card is-style-border-radius has-blanco-background-color has-background\"><div class=\"wp-block-group__inner-container is-layout-constrained wp-block-group-is-layout-constrained\">\n<h3 class=\"wp-block-heading\">2. Pr\u00e9paration et pr\u00e9sentation<\/h3>\n\n\n\n<p>Nous pr\u00e9parons toute la documentation contractuelle pour que vous puissiez l&rsquo;examiner et la signer num\u00e9riquement, puis nous pr\u00e9sentons le projet sur notre plateforme.<\/p>\n<\/div><\/div>\n\n\n\n<div class=\"wp-block-group grupo-card is-style-border-radius has-blanco-background-color has-background\"><div class=\"wp-block-group__inner-container is-layout-constrained wp-block-group-is-layout-constrained\">\n<h3 class=\"wp-block-heading\">3. Financement et utilisation des fonds<\/h3>\n\n\n\n<p>D\u00e8s que votre projet atteint l&rsquo;objectif de financement et apr\u00e8s un rendez-vous avec le notaire pour la signature, les fonds seront mis \u00e0 votre disposition par le biais d&rsquo;un suivi externe.<\/p>\n<\/div><\/div>\n<\/div>\n<\/div>\n<\/div><\/div>\n","protected":false},"excerpt":{"rendered":"<p>231 M \u20ac financ\u00e9s 175 Projets financ\u00e9s 11 mois P\u00e9riode moyenne 59,3% LTV moyenne 1,2 M \u20ac Montant moyen du [&hellip;]<\/p>\n","protected":false},"author":2,"featured_media":0,"parent":0,"menu_order":2,"comment_status":"closed","ping_status":"closed","template":"template-promotores.php","meta":{"_acf_changed":false,"footnotes":""},"class_list":["post-5429","page","type-page","status-publish","hentry"],"acf":[],"_links":{"self":[{"href":"https:\/\/www.wecity.com\/fr\/wp-json\/wp\/v2\/pages\/5429","targetHints":{"allow":["GET"]}}],"collection":[{"href":"https:\/\/www.wecity.com\/fr\/wp-json\/wp\/v2\/pages"}],"about":[{"href":"https:\/\/www.wecity.com\/fr\/wp-json\/wp\/v2\/types\/page"}],"author":[{"embeddable":true,"href":"https:\/\/www.wecity.com\/fr\/wp-json\/wp\/v2\/users\/2"}],"replies":[{"embeddable":true,"href":"https:\/\/www.wecity.com\/fr\/wp-json\/wp\/v2\/comments?post=5429"}],"version-history":[{"count":2,"href":"https:\/\/www.wecity.com\/fr\/wp-json\/wp\/v2\/pages\/5429\/revisions"}],"predecessor-version":[{"id":24602,"href":"https:\/\/www.wecity.com\/fr\/wp-json\/wp\/v2\/pages\/5429\/revisions\/24602"}],"wp:attachment":[{"href":"https:\/\/www.wecity.com\/fr\/wp-json\/wp\/v2\/media?parent=5429"}],"curies":[{"name":"wp","href":"https:\/\/api.w.org\/{rel}","templated":true}]}}