{"id":5398,"date":"2023-02-06T12:16:59","date_gmt":"2023-02-06T11:16:59","guid":{"rendered":"https:\/\/www.wecity.com\/?page_id=5398"},"modified":"2024-01-09T14:50:44","modified_gmt":"2024-01-09T13:50:44","slug":"condiciones-generales-servicios-de-financiacion-participativa","status":"publish","type":"page","link":"https:\/\/www.wecity.com\/fr\/condiciones-generales-servicios-de-financiacion-participativa\/","title":{"rendered":"Conditions G\u00e9n\u00e9rales"},"content":{"rendered":"\n<h2 class=\"wp-block-heading\">1. Identification des parties<\/h2>\n\n\n\n<p>Les pr\u00e9sentes Conditions G\u00e9n\u00e9rales des Services de Financement Participatif (ci-apr\u00e8s d\u00e9nomm\u00e9es les Conditions de Services) sont sign\u00e9es d&rsquo;une part par CityPrive PSFP, S.L. (ci-apr\u00e8s d\u00e9nomm\u00e9e indistinctement wecity, la plateforme ou le site web) et d&rsquo;autre part par le Promoteur et\/ou l&rsquo;Investisseur qui acc\u00e8de volontairement \u00e0 wecity int\u00e9ress\u00e9 \u00e0 obtenir un financement pour ses projets et\/ou \u00e0 obtenir une r\u00e9mun\u00e9ration mon\u00e9taire d\u00e9riv\u00e9e de son investissement dans les projets publi\u00e9s sur le site web.<\/p>\n\n\n\n<h2 class=\"wp-block-heading\">2. Objet<\/h2>\n\n\n\n<p>L&rsquo;objectif de ces conditions g\u00e9n\u00e9rales de services est de r\u00e9glementer les services de financement participatif fournis par wecity, en mettant en relation les promoteurs qui ont besoin de fonds pour leurs projets avec les investisseurs qui ont l&rsquo;intention d&rsquo;investir dans ces projets, par l&rsquo;interm\u00e9diaire de la plateforme.<\/p>\n\n\n\n<h2 class=\"wp-block-heading\">3. Information sur wecity<\/h2>\n\n\n\n<p>3.1 Cette plateforme d&rsquo;equity crowdfunding n&rsquo;a pas le statut de soci\u00e9t\u00e9 de services d&rsquo;investissement ou d&rsquo;\u00e9tablissement de cr\u00e9dit et n&rsquo;est membre d&rsquo;aucun fonds de garantie des investissements ou de garantie des d\u00e9p\u00f4ts.<\/p>\n\n\n\n<p>3.2 Les projets de financement participatif ne sont pas soumis \u00e0 l&rsquo;autorisation ou au contr\u00f4le de la Commission nationale du march\u00e9 des valeurs ou de la Banque d&rsquo;Espagne ; par cons\u00e9quent, les informations fournies par les promoteurs sur les projets ne seront pas examin\u00e9es par ces organismes et, dans le cas de l&rsquo;\u00e9mission de titres, elles ne constituent pas non plus un prospectus approuv\u00e9 par la CNMV.<\/p>\n\n\n\n<h2 class=\"wp-block-heading\">4. Exigences pour les projets d&rsquo;entreprise<\/h2>\n\n\n\n<p>4.1. wecity n&rsquo;acceptera que la proposition de projets d&rsquo;entreprise \u00e0 caract\u00e8re immobilier d\u00e9velopp\u00e9s par des personnes morales valablement constitu\u00e9es en Espagne ou dans un autre \u00c9tat de l&rsquo;Union europ\u00e9enne dont l&rsquo;objet social consiste en la promotion immobili\u00e8re et dont le but est de publier par le biais de la plateforme des projets de promoteurs dont le but est de demander un financement \u00e0 des investisseurs, dans le but de proc\u00e9der \u00e0 une augmentation du capital social de ladite soci\u00e9t\u00e9 de promotion.<\/p>\n\n\n\n<p>4.2 La demande de projets de promoteurs doit avoir pour but d&rsquo;augmenter le capital afin d&rsquo;acqu\u00e9rir un seul bien immobilier pr\u00e9sentant certaines caract\u00e9ristiques d&rsquo;exploitation et la possibilit\u00e9 d&rsquo;obtenir des revenus, ainsi que des plus-values en cas de d\u00e9sinvestissement.<\/p>\n\n\n\n<p>4.3 Le financement de projet obtenu par le biais de wecity a pour but d&rsquo;acqu\u00e9rir des biens dont la valeur fonci\u00e8re est sup\u00e9rieure \u00e0 la valeur de vol, car ils sont situ\u00e9s dans des zones o\u00f9 la valeur fonci\u00e8re est fortement valoris\u00e9e par la vigueur du march\u00e9.<\/p>\n\n\n\n<h2 class=\"wp-block-heading\">5. Services fournis par l&rsquo;interm\u00e9diaire de wecity<\/h2>\n\n\n\n<p>5.1 Principaux services<\/p>\n\n\n\n<p>wecity, en tant que plateforme de crowdfunding, fournit les services suivants :<\/p>\n\n\n\n<p>a. R\u00e9ception des projets. Par le biais de la plateforme de financement wecity, le promoteur int\u00e9ress\u00e9 peut s&rsquo;inscrire \u00e0 partir du bouton d&rsquo;inscription sur <a href=\"https:\/\/www.wecity.com\/fr\/\">wecity.com <\/a>pour enregistrer son projet par le biais du formulaire d&rsquo;enregistrement de projet, en pouvant joindre la documentation n\u00e9cessaire \u00e0 l&rsquo;analyse et \u00e0 l&rsquo;\u00e9valuation du projet n\u00e9cessitant un financement.<\/p>\n\n\n\n<p>b. S\u00e9lection du projet. wecity dispose d&rsquo;un gestionnaire des op\u00e9rations (GO) comme outil pour examiner les informations personnelles du promoteur et de son projet afin de v\u00e9rifier que le promoteur est solvable et n&rsquo;est pas enregistr\u00e9 dans les fichiers de solvabilit\u00e9 et de cr\u00e9dit.<\/p>\n\n\n\n<p>Le promoteur doit pr\u00e9senter les actes publics accr\u00e9ditant sa constitution et les modifications ult\u00e9rieures de son capital social, ou un certificat du registre du commerce et des soci\u00e9t\u00e9s comp\u00e9tent l&rsquo;accr\u00e9ditant, ainsi que d&rsquo;autres documents relatifs \u00e0 la validit\u00e9 de ce type de promoteur. Il leur sera \u00e9galement demand\u00e9 de fournir des documents d&rsquo;identification de leur entreprise.<\/p>\n\n\n\n<p>Apr\u00e8s avoir examin\u00e9 tous les documents, le GO prendra contact avec le promoteur dans un d\u00e9lai maximum de cinq jours civils pour l&rsquo;informer de la viabilit\u00e9 ou non des documents fournis. Si le projet dispose des informations n\u00e9cessaires, le GO l&rsquo;enverra \u00e0 l&rsquo;analyste des risques (AR) pour analyser sa viabilit\u00e9 en vue d&rsquo;un financement.<\/p>\n\n\n\n<p>c. Publication des projets. Une fois que le projet a pass\u00e9 la phase d&rsquo;analyse, il peut \u00eatre publi\u00e9 sur le site web de wecity. Apr\u00e8s la publication, les investisseurs pourront acc\u00e9der aux informations relatives au projet afin d&rsquo;analyser les caract\u00e9ristiques de l&rsquo;op\u00e9ration.<br>Une fois les informations relatives au projet analys\u00e9es, l&rsquo;investisseur pourra effectuer un investissement par le biais du portefeuille \u00e9lectronique associ\u00e9 \u00e0 son profil. Tous les fonds seront g\u00e9r\u00e9s par <a href=\"https:\/\/www.wecity.com\/wp-content\/uploads\/2024\/01\/3.-LEMONWAY-Terms-Conditions_FR_2022-1.pdf\">la passerelle de paiement Lemonway avec<\/a> le num\u00e9ro de licence : 16 568 J, fournisseur du service.<\/p>\n\n\n\n<p>5.2 Services auxiliaires<\/p>\n\n\n\n<p>Wecity peut fournir des services auxiliaires autres que ceux pr\u00e9vus dans la section pr\u00e9c\u00e9dente. Ces services sont les suivants<\/p>\n\n\n\n<p>a. Conseil aux Promoteurs en relation avec la publication du projet sur la plateforme, y compris la fourniture de services et de conseils dans les domaines de l&rsquo;informatique, du marketing, de la publicit\u00e9 et du design. wecity peut offrir au Promoteur des services de conseil en marketing num\u00e9rique afin d&rsquo;am\u00e9liorer la visibilit\u00e9 de son projet sur le r\u00e9seau et de favoriser le financement. Ce service est \u00e0 la charge des Promoteurs.<\/p>\n\n\n\n<p>b. Analyse du projet. wecity peut analyser la viabilit\u00e9 du projet du Promoteur par le biais d&rsquo;une \u00e9quipe professionnelle connaissant le secteur de l&rsquo;immobilier et de la construction, service qui sera pay\u00e9 par le Promoteur et qui comprendra les caract\u00e9ristiques suivantes :<\/p>\n\n\n\n<p>I. L&rsquo;\u00e9tat de la propri\u00e9t\u00e9 unique qui le compose, si elle a une division horizontale et si elle en aura une \u00e0 l&rsquo;avenir.<\/p>\n\n\n\n<p>II. R\u00e9vision de l&rsquo;\u00e9valuation fournie par le promoteur.<\/p>\n\n\n\n<p>III. \u00c9tude de l&rsquo;investissement demand\u00e9 par le promoteur, des charges, des rendements pour le promoteur et des dividendes pour les investisseurs potentiels.<\/p>\n\n\n\n<p>c. Mise en place de canaux de communication \u00e0 travers wecity permettant aux promoteurs et aux investisseurs de se contacter directement, pendant ou apr\u00e8s les actions qui donnent lieu au financement du projet et qui permettent au promoteur d&rsquo;obtenir une plus grande probabilit\u00e9 de succ\u00e8s pour le financement de son projet. Ce service sera fourni par les Promoteurs.<\/p>\n\n\n\n<p>d. Wecity pr\u00e9pare un mod\u00e8le de contrat d&rsquo;investissement incluant le financement projet\u00e9, apportant la valeur ajout\u00e9e pour s\u00e9curiser le financement et r\u00e9guler et prot\u00e9ger les int\u00e9r\u00eats, droits et obligations du Promoteur et des Investisseurs. Ce contrat sera accompagn\u00e9 d&rsquo;un mandat pr\u00e9alable en faveur de WECITY par les Investisseurs afin qu&rsquo;elle puisse signer le contrat d&rsquo;investissement avec le Promoteur au nom de tous les Investisseurs. Ce service est r\u00e9mun\u00e9r\u00e9 par le Promoteur selon les modalit\u00e9s d\u00e9finies dans les Conditions Particuli\u00e8res et Frais.<\/p>\n\n\n\n<p>e. La transmission aux Investisseurs des informations fournies par le Promoteur sur l&rsquo;\u00e9volution du projet, ainsi que sur les \u00e9v\u00e9nements d&rsquo;entreprise les plus pertinents.<\/p>\n\n\n\n<h2 class=\"wp-block-heading\">6. Financiation des projets<\/h2>\n\n\n\n<p>6.1. Les projets publi\u00e9s par l&rsquo;interm\u00e9diaire de wecity peuvent \u00eatre financ\u00e9s par :<\/p>\n\n\n\n<p>I. Plateformes de titres : par l&rsquo;\u00e9mission ou la souscription d&rsquo;obligations, d&rsquo;actions ordinaires et privil\u00e9gi\u00e9es ou d&rsquo;autres titres repr\u00e9sentatifs du capital, le promoteur \u00e9tant entendu comme la soci\u00e9t\u00e9 \u00e9mettrice des titres.<\/p>\n\n\n\n<p>II. Plateformes d&rsquo;actions S.R.L. : par l&rsquo;\u00e9mission ou la souscription d&rsquo;actions de soci\u00e9t\u00e9s \u00e0 responsabilit\u00e9 limit\u00e9e, le promoteur \u00e9tant entendu comme la soci\u00e9t\u00e9 \u00e0 responsabilit\u00e9 limit\u00e9e qui \u00e9met les actions.<\/p>\n\n\n\n<p>III. plateformes de pr\u00eats : par la souscription de pr\u00eats \u00e0 taux fixe ou participatif (variable).<\/p>\n\n\n\n<h2 class=\"wp-block-heading\">7. Proc\u00e9dure de plainte et de r\u00e9clamation<\/h2>\n\n\n\n<p>7.1 Ouverture de la proc\u00e9dure<\/p>\n\n\n\n<p>a. La proc\u00e9dure de plainte et\/ou de r\u00e9clamation de Wecity peut \u00eatre effectu\u00e9e en personne ou par repr\u00e9sentation d\u00fbment accr\u00e9dit\u00e9e par les Clients, qu&rsquo;ils soient Promoteurs ou Investisseurs, par voie \u00e9lectronique, sous r\u00e9serve de permettre la lecture, l&rsquo;impression et la conservation des documents, envoy\u00e9s \u00e0 l&rsquo;adresse \u00e9lectronique suivante : reclamaciones@wecity.io.<\/p>\n\n\n\n<p>b. Les informations suivantes doivent \u00eatre incluses dans la demande \u00e9crite :<\/p>\n\n\n\n<p>I. Identification du client (carte d&rsquo;identit\u00e9 nationale (D.N.I.\/N.I.F.\/N.I.E.\/passeport\/certificat du registre du commerce comp\u00e9tent, nom ou pr\u00e9noms ou raison sociale, et adresse) ou, le cas \u00e9ch\u00e9ant, de son repr\u00e9sentant (d\u00fbment accr\u00e9dit\u00e9).<\/p>\n\n\n\n<p>II. le motif de la plainte ou de la r\u00e9clamation, en indiquant le d\u00e9partement ou le service de \u00a0\u00bb CITYPRIVE P.F.P, S.L. \u00a0\u00bb \u00e0 l&rsquo;origine de la plainte ou de la r\u00e9clamation et en fournissant les moyens de preuve documentaire disponibles.<\/p>\n\n\n\n<p>III. l&rsquo;indication de l&rsquo;adresse \u00e9lectronique par laquelle le client souhaite \u00eatre inform\u00e9 de la r\u00e9solution de sa plainte ou r\u00e9clamation. Si rien n&rsquo;est indiqu\u00e9, la r\u00e9solution sera envoy\u00e9e \u00e0 l&rsquo;adresse \u00e9lectronique par laquelle la lettre a \u00e9t\u00e9 soumise.<\/p>\n\n\n\n<p>IV. d\u00e9claration selon laquelle le client n&rsquo;a pas connaissance du fait que l&rsquo;objet de la plainte ou de la r\u00e9clamation fait l&rsquo;objet d&rsquo;une proc\u00e9dure administrative, arbitrale ou judiciaire.<\/p>\n\n\n\n<p>V. Lieu, date et signature du client ou, le cas \u00e9ch\u00e9ant, de son repr\u00e9sentant.<\/p>\n\n\n\n<p>7.2 D\u00e9lai d&rsquo;introduction<\/p>\n\n\n\n<p>a. Les clients disposent d&rsquo;un d\u00e9lai de deux ans pour soumettre leurs plaintes ou r\u00e9clamations \u00e0 compter de la date \u00e0 laquelle le client a eu connaissance des faits \u00e0 l&rsquo;origine de la plainte ou de la r\u00e9clamation.<\/p>\n\n\n\n<p>b. Les clients ne doivent soumettre la plainte ou la r\u00e9clamation qu&rsquo;une seule fois, sans pouvoir exiger qu&rsquo;elle soit r\u00e9p\u00e9t\u00e9e devant diff\u00e9rents organes de CITYPRIVE.<\/p>\n\n\n\n<p>c. Toute plainte ou r\u00e9clamation re\u00e7ue par le service client\u00e8le apr\u00e8s le d\u00e9lai fix\u00e9 au paragraphe pr\u00e9c\u00e9dent ne sera pas admise par ce dernier pour traitement et sera communiqu\u00e9e au client par courrier \u00e9lectronique en temps opportun.<\/p>\n\n\n\n<p>7.3 Pr\u00e9sentation de plaintes ou de r\u00e9clamations devant la Commission nationale du march\u00e9 des valeurs (CNMV)<\/p>\n\n\n\n<p>a. Dans tous les cas, la pr\u00e9sentation d&rsquo;une plainte ou d&rsquo;une r\u00e9clamation \u00e0 CITYPRIVE par le biais des proc\u00e9dures pr\u00e9vues ici implique la renonciation par le client \u00e0 son droit de d\u00e9poser ladite plainte ou r\u00e9clamation aupr\u00e8s de la Commission nationale du march\u00e9 des valeurs.<\/p>\n\n\n\n<p>b. Les clients ne peuvent faire appel \u00e0 l&rsquo;organe de surveillance que si CITYPRIVE ne r\u00e9sout pas leur plainte dans le d\u00e9lai fix\u00e9 \u00e0 cet effet dans la section suivante, ou si, la r\u00e9solvant, elle le fait \u00e0 son encontre.<\/p>\n\n\n\n<p>7.4 D\u00e9lai de r\u00e9solution des plaintes ou r\u00e9clamations<\/p>\n\n\n\n<p>a. Les plaintes et r\u00e9clamations re\u00e7ues par le service client\u00e8le doivent \u00eatre r\u00e9solues par ce dernier dans un d\u00e9lai maximum de deux mois, \u00e0 compter de la r\u00e9ception de la plainte ou de la r\u00e9clamation \u00e9crite accompagn\u00e9e, le cas \u00e9ch\u00e9ant, des pi\u00e8ces justificatives correspondantes.<\/p>\n\n\n\n<p>b. Pour plus d&rsquo;informations sur les exigences et les proc\u00e9dures du service client\u00e8le de CITYPRIVE, il est recommand\u00e9 de consulter les r\u00e8gles de d\u00e9fense du client CITYPRIVE PSPF SL.<\/p>\n\n\n\n<h2 class=\"wp-block-heading\">8. M\u00e9canismes en cas de cessation de l&rsquo;activit\u00e9 de wecity<\/h2>\n\n\n\n<p>8.1. CITYPRIVE dispose d&rsquo;une bonne organisation administrative et comptable ou de proc\u00e9dures de contr\u00f4le interne ad\u00e9quates, ainsi que de moyens permettant de garantir la s\u00e9curit\u00e9, la confidentialit\u00e9, la fiabilit\u00e9 et la capacit\u00e9 du service fourni par voie \u00e9lectronique.<\/p>\n\n\n\n<p>8.2. En cas de cessation de son activit\u00e9, CITYPRIVE dispose de m\u00e9canismes lui permettant de continuer \u00e0 fournir tout ou partie des services pour lesquels elle s&rsquo;est engag\u00e9e dans le cadre de projets ayant b\u00e9n\u00e9fici\u00e9 d&rsquo;un financement. En cas de cessation d&rsquo;activit\u00e9 du titulaire, CITYPRIVE proc\u00e8de imm\u00e9diatement \u00e0 la nomination d&rsquo;un nouveau titulaire r\u00e9pondant aux crit\u00e8res d&rsquo;\u00e9ligibilit\u00e9 \u00e9nonc\u00e9s dans les paragraphes pr\u00e9c\u00e9dents. Dans tous les cas, les actions men\u00e9es par le pr\u00e9c\u00e9dent titulaire du service resteront valables. La cessation et la nomination ult\u00e9rieure d&rsquo;un nouveau titulaire du Service client\u00e8le ne suspendront pas le d\u00e9lai de r\u00e9solution d&rsquo;une Plainte pr\u00e9vu \u00e0 l&rsquo;article cinq du pr\u00e9sent R\u00e8glement.<\/p>\n\n\n\n<p>8.3. wecity s&rsquo;efforce de faire en sorte que les services et fonctionnalit\u00e9s du Site web soient toujours disponibles. Toutefois, lorsque vous acc\u00e9dez au Site Internet, celui-ci vous sera pr\u00e9sent\u00e9 en fonction de la disponibilit\u00e9 et des limitations en vigueur \u00e0 un moment donn\u00e9.<\/p>\n\n\n\n<p>8.4. Malgr\u00e9 l&rsquo;effort continu de CITYPRIVE pour prot\u00e9ger les syst\u00e8mes et les contenus inclus dans le site Web, qui utilise les normes de s\u00e9curit\u00e9 et de conformit\u00e9 r\u00e9glementaire inh\u00e9rentes aux plates-formes de financement participatif, il n&rsquo;est pas possible d&rsquo;offrir des garanties compl\u00e8tes concernant les intrusions ou la perte d&rsquo;informations qui peuvent se produire. De m\u00eame, il n&rsquo;est pas possible de garantir l&rsquo;absence de virus ou d&rsquo;autres \u00e9l\u00e9ments nuisibles sur le site Web ou sur des sites Web de tiers qui peuvent provoquer des alt\u00e9rations dans le syst\u00e8me informatique de l&rsquo;utilisateur, tant au niveau du logiciel que du mat\u00e9riel. Pour cette raison, le Client assume et comprend qu&rsquo;il existe des situations qui peuvent \u00e9chapper au contr\u00f4le de wecity.<\/p>\n\n\n\n<p>8.5. De m\u00eame, wecity est exempt\u00e9e de toute responsabilit\u00e9 d\u00e9coulant d&rsquo;une mauvaise utilisation par les Clients, ainsi que du non-respect des obligations ou engagements assum\u00e9s en vertu des pr\u00e9sentes conditions ou de toute autre condition applicable.<\/p>\n\n\n\n<h2 class=\"wp-block-heading\">9. Indemnisation<\/h2>\n\n\n\n<p>9.1 Le Propri\u00e9taire peut sanctionner tout Client (Promoteur ou Investisseur) qui enfreint les conditions qui lui sont applicables, par l&rsquo;impossibilit\u00e9 d&rsquo;acc\u00e9der au Site, temporairement ou ind\u00e9finiment. La dur\u00e9e de la sanction d\u00e9pendra du type d&rsquo;infraction commise. La restriction d&rsquo;acc\u00e8s ne donne en aucun cas droit \u00e0 une indemnisation.<\/p>\n\n\n\n<p>9.2 Tout type de dommage, pr\u00e9judice, perte ou co\u00fbt (y compris les frais d&rsquo;avocat et\/ou de notaire) r\u00e9sultant d&rsquo;une violation par l&rsquo;Utilisateur des pr\u00e9sentes Conditions ou de toute autre condition applicable, encouru par wecity, doit \u00eatre compens\u00e9 par l&rsquo;Utilisateur qui l&rsquo;a caus\u00e9. Ceci inclut toute r\u00e9clamation de tiers d\u00e9coulant de telles violations.<\/p>\n\n\n\n<h2 class=\"wp-block-heading\">10. Modifications<\/h2>\n\n\n\n<p>Les pr\u00e9sentes conditions peuvent \u00eatre modifi\u00e9es et\/ou mises \u00e0 jour \u00e0 tout moment sans pr\u00e9avis. Les modifications apport\u00e9es entreront en vigueur d\u00e8s leur publication sur le site web, quels que soient le moyen et la forme utilis\u00e9s pour ce faire.<\/p>\n\n\n\n<p>La modification n&rsquo;affecte que les Clients qui les ont accept\u00e9es apr\u00e8s cette modification.<\/p>\n\n\n\n<h2 class=\"wp-block-heading\">11. Autres questions<\/h2>\n\n\n\n<p>11.1 Sauvegarde et interpr\u00e9tation<\/p>\n\n\n\n<p>Si l&rsquo;autorit\u00e9 comp\u00e9tente d\u00e9clare l&rsquo;une de ces dispositions comme \u00e9tant ill\u00e9gale, invalide ou inapplicable, cela signifie qu&rsquo;elle doit \u00eatre interpr\u00e9t\u00e9e de la mani\u00e8re la plus proche de l&rsquo;intention initiale de cette disposition. En tout \u00e9tat de cause, une telle d\u00e9claration concernant une ou plusieurs dispositions ne porte pas atteinte \u00e0 la validit\u00e9 des autres dispositions.<\/p>\n\n\n\n<p>Le fait que le logeur n&rsquo;exige pas le strict respect de l&rsquo;une des dispositions des pr\u00e9sentes conditions ne constitue pas ou ne peut pas \u00eatre interpr\u00e9t\u00e9 comme une renonciation du logeur \u00e0 exiger ce respect \u00e0 l&rsquo;avenir.<\/p>\n\n\n\n<p>11.2 Langue<\/p>\n\n\n\n<p>La langue applicable \u00e0 ces conditions est l&rsquo;espagnol. Si des versions dans d&rsquo;autres langues, comme l&rsquo;anglais, sont fournies, ce sera uniquement pour la commodit\u00e9 de l&rsquo;utilisateur. En cas de contradiction, la version espagnole pr\u00e9vaudra.<\/p>\n\n\n\n<p>11.3 L\u00e9gislation et juridiction<\/p>\n\n\n\n<p>La relation entre le titulaire et l&rsquo;utilisateur est r\u00e9gie par la l\u00e9gislation espagnole et toute divergence ou tout litige concernant les pr\u00e9sentes conditions d\u00e9pendra de la qualit\u00e9 de consommateur et\/ou d&rsquo;utilisateur de l&rsquo;utilisateur, conform\u00e9ment \u00e0 la l\u00e9gislation applicable.<\/p>\n\n\n\n<p>Si l&rsquo;utilisateur est un consommateur et\/ou un utilisateur, les litiges seront soumis aux cours et tribunaux du domicile de l&rsquo;utilisateur. Si l&rsquo;utilisateur n&rsquo;a pas cette qualit\u00e9, les litiges seront tranch\u00e9s par les cours et tribunaux de Madrid.<\/p>\n\n\n\n<p>11.4 Documentation et factures<\/p>\n\n\n\n<p>wecity n&rsquo;exige pas de factures pour ses services, mais fournit la documentation qui accorde \u00e0 ses clients leur participation aux projets. Cette documentation appara\u00eet dans l&rsquo;espace priv\u00e9 du client et peut \u00eatre t\u00e9l\u00e9charg\u00e9e \u00e9lectroniquement.<\/p>\n\n\n\n<p>Si vous souhaitez demander cette documentation en format papier, veuillez envoyer un e-mail \u00e0 l&rsquo;adresse suivante : info@wecity.io<\/p>\n","protected":false},"excerpt":{"rendered":"<p>1. Identification des parties Les pr\u00e9sentes Conditions G\u00e9n\u00e9rales des Services de Financement Participatif (ci-apr\u00e8s d\u00e9nomm\u00e9es les Conditions de Services) sont [&hellip;]<\/p>\n","protected":false},"author":1,"featured_media":0,"parent":0,"menu_order":20,"comment_status":"closed","ping_status":"closed","template":"","meta":{"_acf_changed":false,"footnotes":""},"class_list":["post-5398","page","type-page","status-publish","hentry"],"acf":[],"_links":{"self":[{"href":"https:\/\/www.wecity.com\/fr\/wp-json\/wp\/v2\/pages\/5398","targetHints":{"allow":["GET"]}}],"collection":[{"href":"https:\/\/www.wecity.com\/fr\/wp-json\/wp\/v2\/pages"}],"about":[{"href":"https:\/\/www.wecity.com\/fr\/wp-json\/wp\/v2\/types\/page"}],"author":[{"embeddable":true,"href":"https:\/\/www.wecity.com\/fr\/wp-json\/wp\/v2\/users\/1"}],"replies":[{"embeddable":true,"href":"https:\/\/www.wecity.com\/fr\/wp-json\/wp\/v2\/comments?post=5398"}],"version-history":[{"count":1,"href":"https:\/\/www.wecity.com\/fr\/wp-json\/wp\/v2\/pages\/5398\/revisions"}],"predecessor-version":[{"id":9660,"href":"https:\/\/www.wecity.com\/fr\/wp-json\/wp\/v2\/pages\/5398\/revisions\/9660"}],"wp:attachment":[{"href":"https:\/\/www.wecity.com\/fr\/wp-json\/wp\/v2\/media?parent=5398"}],"curies":[{"name":"wp","href":"https:\/\/api.w.org\/{rel}","templated":true}]}}