{"id":5396,"date":"2023-02-01T17:38:07","date_gmt":"2023-02-01T16:38:07","guid":{"rendered":"https:\/\/www.wecity.com\/?page_id=5396"},"modified":"2025-10-16T11:13:32","modified_gmt":"2025-10-16T09:13:32","slug":"contacter","status":"publish","type":"page","link":"https:\/\/www.wecity.com\/fr\/contacter\/","title":{"rendered":"Contactez avec nous"},"content":{"rendered":"\n    <div class=\"bloque bloque_apertura sinfoto con-formulario alignfull\" style=\"background:#f4faff\">\n\n        <div class=\"bloque_apertura__contenedor\">\n\n            <div class=\"container\">\n\n                <div class=\"bloque_apertura__textos\">\n                    <div>\n\n                        <p>Contactez avec nous<\/p>\n                        <h1 >\n                            Nous sommes l\u00e0 pour vous aider \u00e0 chaque \u00e9tape                                                    <\/h1>\n\n                        <p data-start=\"938\" data-end=\"1191\">Chez wecity, notre \u00e9quipe est disponible pour r\u00e9pondre \u00e0 vos questions, vous guider tout au long du processus et vous offrir l\u2019accompagnement dont vous avez besoin pour prendre les meilleures d\u00e9cisions.<\/p>\n<p data-start=\"1193\" data-end=\"1387\">Contactez-nous facilement et directement, sans barri\u00e8res ni temps d\u2019attente. Que ce soit par e-mail, par t\u00e9l\u00e9phone ou via notre plateforme, vous recevrez toujours une r\u00e9ponse claire et rapide.<\/p>\n                    <\/div>\n                <\/div><!-- \/ .bloque-apertura__textos -->\n\t\t\t\t\n<div class=\"bloque bloque-formulario-contacto\">\n    <div>\n            <h2 style=\"text-align: center\">Contactez-nous<\/h2>\n            <form method=\"post\" id=\"contacto-form\" class=\"formulario formulario--contacto\"\n                  action=\"https:\/\/www.wecity.com\/fr\/contacter\/\">\n\n                                <div class=\"col-1\" style=\"margin-bottom: 16px\">\n                    <div class=\"input\">\n                        <label for=\"contact-name\">Nom<\/label>\n                        <input type=\"text\" name=\"contact-name\" id=\"contact-name\"\n                                                              placeholder=\"Nom\" required\n                               value=\"\"\/>\n                    <\/div>\n                <\/div>\n                <div class=\"col-1\" style=\"margin-bottom: 16px\">\n                    <div class=\"input\">\n                        <label for=\"contact-surname\">Nom de famille<\/label>\n                        <input type=\"text\" name=\"contact-surname\" id=\"contact-surname\"\n                                                               placeholder=\"Nom de famille\" required\n                               value=\"\"\/>\n                    <\/div>\n                <\/div>\n                <div class=\"col-1\" style=\"margin-bottom: 16px\">\n                    <div class=\"input\">\n                        <label for=\"contact-email\">Email<\/label>\n                        <input type=\"email\" name=\"contact-email\" id=\"contact-email\" required\n                                                               value=\"\" placeholder=\"Email\"\/>\n                    <\/div>\n                <\/div>\n                <div class=\"col-1\" style=\"margin-bottom: 16px\">\n                    <div class=\"input\">\n                        <label for=\"contact-phone\">T\u00e9l\u00e9phone portable<\/label>\n                        <input type=\"text\" name=\"contact-phone\" id=\"contact-phone\" required\n                                                               value=\"\" placeholder=\"T\u00e9l\u00e9phone portable\"\/>\n                    <\/div>\n                <\/div>\n                <div class=\"col-1\" style=\"margin-bottom: 16px\">\n                    <div class=\"input\">\n                        <select name=\"contact-asunto\" id=\"contact-asunto\" style=\"width: 100%;padding: 14px 14px;\" required>\n                            <option value=\"\"\n                                    selected=\"selected\">Que pouvons-nous faire ?<\/option>\n                            <option value=\"sponsors\">Promoteurs<\/option>\n                            <option value=\"opportunities\">Opportunit\u00e9s d\u2019investissement<\/option>\n                            <option value=\"support\">Soutien \u00e0 la plate-forme<\/option>\n                            <option value=\"incidencia\">Incidence<\/option>\n                        <\/select>\n                    <\/div>\n                <\/div>\n                <div class=\"col-1\" style=\"margin-bottom: 16px\">\n                    <div class=\"input\">\n\t\t\t\t<textarea name=\"contact-message\" placeholder=\"Dites-nous bri\u00e8vement\"\n                                                    required><\/textarea>\n                    <\/div>\n                <\/div>\n                <div class=\"col-1\" style=\"margin-bottom: 16px\">\n                    <input name=\"contact-consent\" id=\"contact-consent\" required type=\"checkbox\"\n                                                       value=\"1\">\n\n                    \n                    <label for=\"contact-consent\"\n                            >\n                        J\u2019accepte les termes et conditions de                        <a href=\"https:\/\/www.wecity.com\/fr\/aviso-legal\/\" target=\"_blank\" rel=\"noopener noreferrer\"\n                                >\n                            wecity                        <\/a>\n                    <\/label>\n\n                    <div style=\"height: 16px;\"><\/div>\n\n                    <input name=\"contact-consent-dos\" id=\"contact-consent-dos\" required type=\"checkbox\"\n                           value=\"1\">\n\n                    <label for=\"contact-consent-dos\"\n                            >J\u2019ai lu et j\u2019accepte la                        <a href=\"https:\/\/www.wecity.com\/fr\/politique-de-confidentialite\/\" target=\"_blank\" rel=\"noopener noreferrer\"\n                                >\n                            Politique de confidentialit\u00e9                        <\/a>\n                    <\/label>\n\n                    <div style=\"height: 16px;\"><\/div>\n\n                    <input name=\"contact-consent-tres\" id=\"contact-consent-tres\" type=\"checkbox\" value=\"1\">\n\n                    <label for=\"contact-consent-tres\">J\u2019accepte de recevoir des communications commerciales.                    <\/label>\n                <\/div>\n\n                <input type=\"submit\" class=\"g-recaptcha boton boton--alternativo\" name=\"submit-contacto\"\n                       id=\"submit-contacto\"\n                       data-sitekey=\"6LeT5SMpAAAAADNzSNIdnvRIEoTqbEOl5feI1Pp3\"\n                       data-callback='onSubmit'\n                       data-action='submit'\n                       value=\"Envoyer\"\/>\n\n            <\/form>\n\n    <\/div>\n    <p class=\"legal-formulario\"><strong data-start=\"1178\" data-end=\"1234\">Informations de base sur la protection des donn\u00e9es :<\/strong><br data-start=\"1234\" data-end=\"1237\" \/><strong data-start=\"1237\" data-end=\"1268\">Responsable du traitement :<\/strong> Cityprive PSFP, S.L.U. (WECITY).<br data-start=\"1301\" data-end=\"1304\" \/><strong data-start=\"1304\" data-end=\"1318\">Finalit\u00e9 :<\/strong> G\u00e9rer votre demande de contact li\u00e9e \u00e0 la pr\u00e9sentation et \u00e0 la promotion de projets.<br data-start=\"1402\" data-end=\"1405\" \/><strong data-start=\"1405\" data-end=\"1422\">Base l\u00e9gale :<\/strong> Mesures pr\u00e9contractuelles ou ex\u00e9cution d\u2019un contrat.<br data-start=\"1475\" data-end=\"1478\" \/><strong data-start=\"1478\" data-end=\"1497\">Destinataires :<\/strong> Les donn\u00e9es ne seront pas communiqu\u00e9es, sauf obligation l\u00e9gale.<br data-start=\"1561\" data-end=\"1564\" \/><strong data-start=\"1564\" data-end=\"1576\">Droits :<\/strong> Acc\u00e8s, rectification, suppression, opposition, limitation et portabilit\u00e9 \u2014 <a class=\"decorated-link cursor-pointer\" rel=\"noopener\" data-start=\"1652\" data-end=\"1674\">comunicacion@wecity.io<\/a>.<br data-start=\"1675\" data-end=\"1678\" \/>Plus d\u2019informations dans notre <strong data-start=\"1709\" data-end=\"1741\">Politique de Confidentialit\u00e9<\/strong>.<\/p><\/div>\n            <\/div><!-- \/ .container -->\n\n        <\/div><!-- \/ .bloque_apertura__contenedor -->\n\n    <\/div><!-- \/ .bloque-apertura -->\n","protected":false},"excerpt":{"rendered":"","protected":false},"author":1,"featured_media":0,"parent":0,"menu_order":10,"comment_status":"closed","ping_status":"closed","template":"template-contacto.php","meta":{"_acf_changed":false,"footnotes":""},"class_list":["post-5396","page","type-page","status-publish","hentry"],"acf":[],"_links":{"self":[{"href":"https:\/\/www.wecity.com\/fr\/wp-json\/wp\/v2\/pages\/5396","targetHints":{"allow":["GET"]}}],"collection":[{"href":"https:\/\/www.wecity.com\/fr\/wp-json\/wp\/v2\/pages"}],"about":[{"href":"https:\/\/www.wecity.com\/fr\/wp-json\/wp\/v2\/types\/page"}],"author":[{"embeddable":true,"href":"https:\/\/www.wecity.com\/fr\/wp-json\/wp\/v2\/users\/1"}],"replies":[{"embeddable":true,"href":"https:\/\/www.wecity.com\/fr\/wp-json\/wp\/v2\/comments?post=5396"}],"version-history":[{"count":1,"href":"https:\/\/www.wecity.com\/fr\/wp-json\/wp\/v2\/pages\/5396\/revisions"}],"predecessor-version":[{"id":21364,"href":"https:\/\/www.wecity.com\/fr\/wp-json\/wp\/v2\/pages\/5396\/revisions\/21364"}],"wp:attachment":[{"href":"https:\/\/www.wecity.com\/fr\/wp-json\/wp\/v2\/media?parent=5396"}],"curies":[{"name":"wp","href":"https:\/\/api.w.org\/{rel}","templated":true}]}}