{"id":5394,"date":"2023-01-15T07:22:08","date_gmt":"2023-01-15T06:22:08","guid":{"rendered":"https:\/\/www.wecity.com\/?page_id=5394"},"modified":"2024-03-05T06:41:55","modified_gmt":"2024-03-05T05:41:55","slug":"bono-100e","status":"publish","type":"page","link":"https:\/\/www.wecity.com\/fr\/bono-100e\/","title":{"rendered":"Bon 100\u20ac"},"content":{"rendered":"\n    <div class=\"bloque bloque_apertura confoto alignfull boton--solido\" style=\"background:#F4F5F7 url(https:\/\/www.wecity.com\/wp-content\/uploads\/2023\/02\/fondo-mano.png) no-repeat right bottom;\">\n\n        <div class=\"bloque_apertura__contenedor\">\n\n            <div class=\"container\">\n\n                <div class=\"bloque_apertura__textos\">\n                    <div>\n\n                        <p>Bon100 \u20ac<\/p>\n                        <h1 >\n                            Gagnez 100 \u20ac de bonus. 50 \u20ac pour vous et 50 \u20ac pour votre ami.                                                    <\/h1>\n\n                        <p>Vous pouvez d\u00e9sormais utiliser le programme de parrainage de wecity.<\/p>\n<p>Inscrivez-vous, partagez votre code et obtenez des r\u00e9ductions pour vos prochains investissements.<\/p>\n\n                            <div class=\"is-layout-flex wp-block-buttons boton boton--verde\">\n                                <div class=\"wp-block-button\">\n                                    <a href=\"https:\/\/www.wecity.com\/fr\/login\/\"  class=\"wp-block-button__link wp-element-button\"\n                                       title=\"Partage du code\" >\n                                        Partage du code                                    <\/a>\n                                <\/div>\n                            <\/div>\n                                                <\/div>\n                <\/div><!-- \/ .bloque-apertura__textos -->\n\t\t\t\t            <\/div><!-- \/ .container -->\n\n        <\/div><!-- \/ .bloque_apertura__contenedor -->\n\n    <\/div><!-- \/ .bloque-apertura -->\n\n\n\n    <div class=\"bloque bloque-tipos bloque-tipos--generico\" >\n\n        <div class=\"container\">\n\n\t\t\t                <h2 class=\"titulo-bloque\">\n\t\t\t\t\tComment en b\u00e9n\u00e9ficier                <\/h2>\n\t\t\t\n\t\t\t\n\t\t\t\n                                <ul class=\"bloque-tipos__wrapper\">\n\t\t\t\t\t                            <li class=\"bloque-tipos__tipo\">\n\t\t\t\t\t\t\t\t                                    <img decoding=\"async\" src=\"https:\/\/www.wecity.com\/wp-content\/uploads\/2023\/01\/Rapidez-wecity.png\"\n                                         width=\"327\"\n                                         height=\"400\"\n                                         alt=\"Rapidez de gesti\u00f3n wecity\"  loading=\"lazy\"\/>\n\t\t\t\t\t\t\t\t\t\t\t\t\t\t\t\t                                    <h3>Inscrivez-vous<\/h3>\n\t\t\t\t\t\t\t\t\t\t\t\t\t\t\t\t<p>Cr\u00e9ez votre compte wecity<br \/>\nen quelques minutes<\/p>\n                            <\/li>\n\t\t\t\t\t\t\t\t\t\t\t                            <li class=\"bloque-tipos__tipo\">\n\t\t\t\t\t\t\t\t                                    <img decoding=\"async\" src=\"https:\/\/www.wecity.com\/wp-content\/uploads\/2023\/02\/pyme_wecity.png\"\n                                         width=\"393\"\n                                         height=\"223\"\n                                         alt=\"\"  loading=\"lazy\"\/>\n\t\t\t\t\t\t\t\t\t\t\t\t\t\t\t\t                                    <h3>Partagez<\/h3>\n\t\t\t\t\t\t\t\t\t\t\t\t\t\t\t\t<p>Partagez votre code avec un ami<br \/>\net attendez votre premier investissement<\/p>\n                            <\/li>\n\t\t\t\t\t\t\t\t\t\t\t                            <li class=\"bloque-tipos__tipo\">\n\t\t\t\t\t\t\t\t                                    <img decoding=\"async\" src=\"https:\/\/www.wecity.com\/wp-content\/uploads\/2023\/02\/Seguridad-operativa-wecity.png\"\n                                         width=\"297\"\n                                         height=\"378\"\n                                         alt=\"\"  loading=\"lazy\"\/>\n\t\t\t\t\t\t\t\t\t\t\t\t\t\t\t\t                                    <h3>En profitez<\/h3>\n\t\t\t\t\t\t\t\t\t\t\t\t\t\t\t\t<p>B\u00e9n\u00e9ficiez d&rsquo;une r\u00e9duction de 50 \u20ac.<br \/>\nVous et votre ami(e)<\/p>\n                            <\/li>\n\t\t\t\t\t\t\t\t\t\t\t                <\/ul>\n\n                \t\t\t\n\t\t\t\n\t\t\t        <\/div><!-- \/ .container -->\n    <\/div><!-- \/ .bloque-tipos -->\n\n\n\n    <div class=\"bloque bloque-tipos bloque-tipos--generico\" style=\"background:#f4f5f7\">\n\n        <div class=\"container\">\n\n\t\t\t                <h2 class=\"titulo-bloque\">\n\t\t\t\t\tPartagez votre code                <\/h2>\n\t\t\t\n\t\t\t<p>Invitez vos amis, partagez votre code avec eux et b\u00e9n\u00e9ficiez d&rsquo;avantages.<\/p>\n\n\t\t\t\n\t\t\t\n\t\t\t\n                <div class=\"is-content-justification-center is-layout-flex wp-block-buttons boton boton--verde\">\n                    <div class=\"wp-block-button\">\n                        <a href=\"https:\/\/www.wecity.com\/fr\/login\/\"  class=\"wp-block-button__link wp-element-button \"\n                           title=\"Partage du code\" >\n\t\t\t\t\t\t\tPartage du code                        <\/a>\n                    <\/div>\n                <\/div>\n\t\t\t\t        <\/div><!-- \/ .container -->\n    <\/div><!-- \/ .bloque-tipos -->\n","protected":false},"excerpt":{"rendered":"","protected":false},"author":1,"featured_media":0,"parent":0,"menu_order":4,"comment_status":"closed","ping_status":"closed","template":"","meta":{"_acf_changed":false,"footnotes":""},"class_list":["post-5394","page","type-page","status-publish","hentry"],"acf":[],"_links":{"self":[{"href":"https:\/\/www.wecity.com\/fr\/wp-json\/wp\/v2\/pages\/5394","targetHints":{"allow":["GET"]}}],"collection":[{"href":"https:\/\/www.wecity.com\/fr\/wp-json\/wp\/v2\/pages"}],"about":[{"href":"https:\/\/www.wecity.com\/fr\/wp-json\/wp\/v2\/types\/page"}],"author":[{"embeddable":true,"href":"https:\/\/www.wecity.com\/fr\/wp-json\/wp\/v2\/users\/1"}],"replies":[{"embeddable":true,"href":"https:\/\/www.wecity.com\/fr\/wp-json\/wp\/v2\/comments?post=5394"}],"version-history":[{"count":2,"href":"https:\/\/www.wecity.com\/fr\/wp-json\/wp\/v2\/pages\/5394\/revisions"}],"predecessor-version":[{"id":11456,"href":"https:\/\/www.wecity.com\/fr\/wp-json\/wp\/v2\/pages\/5394\/revisions\/11456"}],"wp:attachment":[{"href":"https:\/\/www.wecity.com\/fr\/wp-json\/wp\/v2\/media?parent=5394"}],"curies":[{"name":"wp","href":"https:\/\/api.w.org\/{rel}","templated":true}]}}