{"id":5390,"date":"2023-01-15T07:21:53","date_gmt":"2023-01-15T06:21:53","guid":{"rendered":"https:\/\/www.wecity.com\/?page_id=5390"},"modified":"2024-02-27T13:23:51","modified_gmt":"2024-02-27T12:23:51","slug":"fonctionnement","status":"publish","type":"page","link":"https:\/\/www.wecity.com\/fr\/fonctionnement\/","title":{"rendered":"Fonctionnement"},"content":{"rendered":"\n    <div class=\"bloque bloque_apertura confoto alignfull\" style=\"background:#e7f0ee url(https:\/\/www.wecity.com\/wp-content\/uploads\/2023\/02\/wecity_quienes_somos-1.png) no-repeat right bottom;\">\n\n        <div class=\"bloque_apertura__contenedor\">\n\n            <div class=\"container\">\n\n                <div class=\"bloque_apertura__textos\">\n                    <div>\n\n                        <p>Fonctionnement<\/p>\n                        <h1 >\n                            D\u00e9couvrez les opportunit\u00e9s. Investissez en toute s\u00e9curit\u00e9. G\u00e9rez vos rendements.                                                    <\/h1>\n\n                        <p><em>\u00ab\u00a0Ne d\u00e9pendez jamais d&rsquo;une seule source de revenus, investissez pour cr\u00e9er une seconde source.\u00a0\u00bb<\/em><\/p>\n<p><strong>@Warren Buffett<\/strong><\/p>\n\n                            <div class=\"is-layout-flex wp-block-buttons boton boton--video\">\n                                <div class=\"wp-block-button\">\n                                    <a href=\"https:\/\/www.youtube.com\/watch?v=3jFtr8T1lo8\" data-fslightbox=\"lightbox-apertura\" class=\"wp-block-button__link wp-element-button\" title=\"Regarder la vid\u00e9o\" rel=\"nofollow noopener\" target=\"_blank\">\n                                        Regarder la vid\u00e9o                                    <\/a>\n                                <\/div>\n                            <\/div>\n                                                <\/div>\n                <\/div><!-- \/ .bloque-apertura__textos -->\n\t\t\t\t            <\/div><!-- \/ .container -->\n\n        <\/div><!-- \/ .bloque_apertura__contenedor -->\n\n    <\/div><!-- \/ .bloque-apertura -->\n\n\n\n<div class=\"wp-block-group alignfull has-background\" style=\"background-color:#fbfbfb\"><div class=\"wp-block-group__inner-container is-layout-constrained wp-block-group-is-layout-constrained\">\n<div style=\"height:40px\" aria-hidden=\"true\" class=\"wp-block-spacer\"><\/div>\n\n\n\n<div class=\"wp-block-group alignfull has-background\" style=\"background-color:#fbfbfb\"><div class=\"wp-block-group__inner-container is-layout-constrained wp-block-group-is-layout-constrained\">\n<div style=\"height:40px\" aria-hidden=\"true\" class=\"wp-block-spacer\"><\/div>\n\n\n\n<div class=\"wp-block-columns is-layout-flex wp-container-core-columns-is-layout-9d6595d7 wp-block-columns-is-layout-flex\">\n<div class=\"wp-block-column is-layout-flow wp-block-column-is-layout-flow\" style=\"flex-basis:40%\">\n<figure class=\"wp-block-image size-large is-resized\"><img decoding=\"async\" width=\"735\" height=\"1024\" src=\"https:\/\/www.wecity.com\/wp-content\/uploads\/2023\/01\/ilustracion-como-funciona-crowdfunding-inmobiliario-735x1024.png\" alt=\"\" class=\"wp-image-306\" style=\"width:413px;height:574px\" srcset=\"https:\/\/www.wecity.com\/wp-content\/uploads\/2023\/01\/ilustracion-como-funciona-crowdfunding-inmobiliario-735x1024.png 735w, https:\/\/www.wecity.com\/wp-content\/uploads\/2023\/01\/ilustracion-como-funciona-crowdfunding-inmobiliario-215x300.png 215w, https:\/\/www.wecity.com\/wp-content\/uploads\/2023\/01\/ilustracion-como-funciona-crowdfunding-inmobiliario-768x1070.png 768w, https:\/\/www.wecity.com\/wp-content\/uploads\/2023\/01\/ilustracion-como-funciona-crowdfunding-inmobiliario-1103x1536.png 1103w, https:\/\/www.wecity.com\/wp-content\/uploads\/2023\/01\/ilustracion-como-funciona-crowdfunding-inmobiliario.png 1225w\" sizes=\"(max-width: 735px) 100vw, 735px\" \/><\/figure>\n\n\n\n    <div class=\"is-layout-flex wp-block-buttons boton boton--negro\">\n        <div class=\"wp-block-button\">\n            <a href=\"https:\/\/www.wecity.com\/fr\/registre\/\" class=\"wp-block-button__link wp-element-button \" title=\"Enregistrez-vous\">\n\t\t\t\tEnregistrez-vous            <\/a>\n        <\/div>\n    <\/div>\n\t<\/div>\n\n\n\n<div class=\"wp-block-column is-layout-flow wp-block-column-is-layout-flow\" style=\"flex-basis:60%\">\n<div class=\"wp-block-group grupo-card is-style-border-radius has-blanco-background-color has-background\"><div class=\"wp-block-group__inner-container is-layout-constrained wp-block-group-is-layout-constrained\">\n<h3 class=\"wp-block-heading\">1. Je choisis les opportunit\u00e9s dans lesquelles je vais investir<\/h3>\n\n\n\n<p><br><strong>wecity<\/strong> s\u00e9lectionne les meilleures opportunit\u00e9s du march\u00e9 institutionnel, auparavant inaccessibles pour la plupart des investisseurs.<\/p>\n<\/div><\/div>\n\n\n\n<div class=\"wp-block-group grupo-card is-style-border-radius has-blanco-background-color has-background\"><div class=\"wp-block-group__inner-container is-layout-constrained wp-block-group-is-layout-constrained\">\n<h3 class=\"wp-block-heading\">2. Je m&rsquo;inscris et j&rsquo;investis en toute s\u00e9curit\u00e9.<\/h3>\n\n\n\n<p>Je m&rsquo;inscris sur <strong>wecity <\/strong>en 1 minute.<br>J&rsquo;investis en toute s\u00e9curit\u00e9 par carte bancaire ou virement bancaire.<\/p>\n\n\n\n<p><\/p>\n<\/div><\/div>\n\n\n\n<div class=\"wp-block-group grupo-card is-style-border-radius has-blanco-background-color has-background\"><div class=\"wp-block-group__inner-container is-layout-constrained wp-block-group-is-layout-constrained\">\n<h3 class=\"wp-block-heading\">3. Je g\u00e8re mes rendements.<\/h3>\n\n\n\n<p>Depuis \u00ab\u00a0Mes investissements\u00a0\u00bb, je surveille facilement mes investissements dans mes diff\u00e9rents biens immobiliers et je g\u00e8re mes rendements.\u00a0\u00bb<\/p>\n<\/div><\/div>\n<\/div>\n<\/div>\n<\/div><\/div>\n<\/div><\/div>\n\n\n\n    <div class=\"bloque bloque-tipos bloque-nuestras-tarifas\" style=\"background:#ffffff\">\n\n        <div class=\"container\">\n\n\t\t\t                <h2 class=\"titulo-bloque\">\n\t\t\t\t\tNos tarifs                <\/h2>\n\t\t\t\n\t\t\t<p>Ne reste pas dans le doute quant aux tarifs que nous allons te facturer&#8230; parce que c&rsquo;est ce qu&rsquo;il y a de mieux chez wecity.<\/p>\n<p>Pour toi, en tant qu&rsquo;investisseur, c&rsquo;est TOTALEMENT GRATUIT.<\/p>\n\n\t\t\t\n                                <ul class=\"bloque-tipos__wrapper\">\n\t\t\t\t\t                            <li class=\"bloque-tipos__tipo\">\n\t\t\t\t\t\t\t\t                                    <img decoding=\"async\" src=\"https:\/\/www.wecity.com\/wp-content\/uploads\/2023\/02\/Cero-comisiones-wecity.png\"\n                                         width=\"395\"\n                                         height=\"395\"\n                                         alt=\"\"  loading=\"lazy\"\/>\n\t\t\t\t\t\t\t\t\t\t\t\t\t\t\t\t                                    <h3>Aux investisseurs<\/h3>\n\t\t\t\t\t\t\t\t\t\t\t\t\t\t\t\t<p>Tarif de Support: Gratuit<br \/>\nTarif de r\u00e9ussite: Gratuit<br \/>\nPassarelle de Paiement: Gratuit<\/p>\n                            <\/li>\n\t\t\t\t\t\t\t\t\t\t\t                            <li class=\"bloque-tipos__tipo\">\n\t\t\t\t\t\t\t\t                                    <img decoding=\"async\" src=\"https:\/\/www.wecity.com\/wp-content\/uploads\/2023\/01\/desde-3-por-ciento.png\"\n                                         width=\"489\"\n                                         height=\"395\"\n                                         alt=\"beneficios desde 3 por ciento\"  loading=\"lazy\"\/>\n\t\t\t\t\t\t\t\t\t\t\t\t\t\t\t\t                                    <h3>Aux promoteurs<\/h3>\n\t\t\t\t\t\t\t\t\t\t\t\t\t\t\t\t<p>Tarif de Support: 500\u20ac<br \/>\nTarif de r\u00e9ussite: de 3% \u00e0 8%<br \/>\nPassarelle de Paiement: inclue<\/p>\n                            <\/li>\n\t\t\t\t\t\t\t\t\t\t\t                <\/ul>\n\n                \t\t\t\n\t\t\t\n\t\t\t        <\/div><!-- \/ .container -->\n    <\/div><!-- \/ .bloque-tipos -->\n\n\n\n    <div class=\"bloque bloque-tipos bloque-tipos--cuenta\" style=\"background:#a2d2cd\">\n\n        <div class=\"container\">\n\n\t\t\t                <h2 class=\"titulo-bloque\">\n\t\t\t\t\tVotre compte wecity en moins d&rsquo;une minute.                <\/h2>\n\t\t\t\n\t\t\t\n\t\t\t\n                                <ul class=\"bloque-tipos__wrapper\">\n\t\t\t\t\t                            <li class=\"bloque-tipos__tipo\">\n\t\t\t\t\t\t\t\t                                    <img decoding=\"async\" src=\"https:\/\/www.wecity.com\/wp-content\/uploads\/2023\/01\/Rapidez-wecity.png\"\n                                         width=\"327\"\n                                         height=\"400\"\n                                         alt=\"Rapidez de gesti\u00f3n wecity\"  loading=\"lazy\"\/>\n\t\t\t\t\t\t\t\t\t\t\t\t\t\t\t\t                                    <h3>Rapide<\/h3>\n\t\t\t\t\t\t\t\t\t\t\t\t\t\t\t\t<p>Enregistrez-vous en moins d&rsquo;une minute.<\/p>\n                            <\/li>\n\t\t\t\t\t\t\t\t\t\t\t                            <li class=\"bloque-tipos__tipo\">\n\t\t\t\t\t\t\t\t                                    <img decoding=\"async\" src=\"https:\/\/www.wecity.com\/wp-content\/uploads\/2023\/01\/Cero-comisiones-wecity-1.png\"\n                                         width=\"395\"\n                                         height=\"395\"\n                                         alt=\"Cero comisiones wecity\"  loading=\"lazy\"\/>\n\t\t\t\t\t\t\t\t\t\t\t\t\t\t\t\t                                    <h3>Sans commission<\/h3>\n\t\t\t\t\t\t\t\t\t\t\t\t\t\t\t\t<p>Sans frais de commission pour investir.<\/p>\n                            <\/li>\n\t\t\t\t\t\t\t\t\t\t\t                            <li class=\"bloque-tipos__tipo\">\n\t\t\t\t\t\t\t\t                                    <img decoding=\"async\" src=\"https:\/\/www.wecity.com\/wp-content\/uploads\/2023\/02\/Seguridad-operativa-wecity-2.png\"\n                                         width=\"297\"\n                                         height=\"378\"\n                                         alt=\"\"  loading=\"lazy\"\/>\n\t\t\t\t\t\t\t\t\t\t\t\t\t\t\t\t                                    <h3>Garanti<\/h3>\n\t\t\t\t\t\t\t\t\t\t\t\t\t\t\t\t<p>Si l&rsquo;objectif de financement n&rsquo;est pas atteint, vous r\u00e9cup\u00e9rez votre argent.<\/p>\n                            <\/li>\n\t\t\t\t\t\t\t\t\t\t\t                <\/ul>\n\n                \t\t\t\n\t\t\t\n\t\t\t\n                <div class=\"is-content-justification-center is-layout-flex wp-block-buttons boton boton--negro\">\n                    <div class=\"wp-block-button\">\n                        <a href=\"https:\/\/www.wecity.com\/fr\/registre\/\" class=\"wp-block-button__link wp-element-button boton-modal-registro\" title=\"Enregistrez-vous\">\n\t\t\t\t\t\t\tEnregistrez-vous                        <\/a>\n                    <\/div>\n                <\/div>\n\t\t\t\t        <\/div><!-- \/ .container -->\n    <\/div><!-- \/ .bloque-tipos -->\n\n\n\n    <div class=\"bloque bloque-tipos bloque-tipos--generico\" >\n\n        <div class=\"container\">\n\n\t\t\t                <h2 class=\"titulo-bloque\">\n\t\t\t\t\twecity, sans aucun doute                <\/h2>\n\t\t\t\n\t\t\t<p style=\"text-align: center\">Il est tr\u00e8s important pour l&rsquo;\u00e9quipe de <strong>wecity<\/strong> que vous soyez s\u00fbr de votre investissement.<\/p>\n<p style=\"text-align: center\">Ne laissez aucune question en suspens et posez-nous vos questions<\/p>\n<p style=\"text-align: center\"><span class=\"verde\"><a href=\"mailto:soporte@wecity.com\" target=\"_blank\" rel=\"noopener\">soporte@wecity.com<\/a><\/span><\/p>\n\n\t\t\t\n                                <ul class=\"bloque-tipos__wrapper\">\n\t\t\t\t\t                            <li class=\"bloque-tipos__tipo\">\n\t\t\t\t\t\t\t\t                                    <img decoding=\"async\" src=\"https:\/\/www.wecity.com\/wp-content\/uploads\/2023\/02\/Pregunstas-frecuentes.png\"\n                                         width=\"344\"\n                                         height=\"335\"\n                                         alt=\"\"  loading=\"lazy\"\/>\n\t\t\t\t\t\t\t\t\t\t\t\t\t\t\t\t                                    <h3>Questions fr\u00e9quentes<\/h3>\n\t\t\t\t\t\t\t\t\t\t\t\t\t\t\t\t<p>Si vous avez besoin de trouver des r\u00e9ponses, c&rsquo;est la section que vous devrez consulter.<\/p>\n<p><a href=\"https:\/\/www.wecity.com\/fr\/faqs\/\"><strong>&gt; plus d&rsquo;information<\/strong><\/a><\/p>\n                            <\/li>\n\t\t\t\t\t\t\t\t\t\t\t                            <li class=\"bloque-tipos__tipo\">\n\t\t\t\t\t\t\t\t                                    <img decoding=\"async\" src=\"https:\/\/www.wecity.com\/wp-content\/uploads\/2023\/02\/Seguridad-operativa-wecity.png\"\n                                         width=\"297\"\n                                         height=\"378\"\n                                         alt=\"\"  loading=\"lazy\"\/>\n\t\t\t\t\t\t\t\t\t\t\t\t\t\t\t\t                                    <h3>Segurit\u00e9 pour l&rsquo;investisseur<\/h3>\n\t\t\t\t\t\t\t\t\t\t\t\t\t\t\t\t<p>Votre s\u00e9curit\u00e9 lors de vos investissements est primordiale pour nous. Voulez-vous savoir comment ?<\/p>\n<p><a href=\"https:\/\/www.wecity.com\/fr\/seguridad-al-inversor\/\"><strong>&gt; plus d&rsquo;information<\/strong><\/a><\/p>\n                            <\/li>\n\t\t\t\t\t\t\t\t\t\t\t                            <li class=\"bloque-tipos__tipo\">\n\t\t\t\t\t\t\t\t                                    <img decoding=\"async\" src=\"https:\/\/www.wecity.com\/wp-content\/uploads\/2023\/02\/persona-fisica_wecity.png\"\n                                         width=\"324\"\n                                         height=\"371\"\n                                         alt=\"\"  loading=\"lazy\"\/>\n\t\t\t\t\t\t\t\t\t\t\t\t\t\t\t\t                                    <h3>Partners<\/h3>\n\t\t\t\t\t\t\t\t\t\t\t\t\t\t\t\t<p>En travaillant uniquement avec les meilleurs, vous pourrez b\u00e9n\u00e9ficier des meilleurs r\u00e9sultats<\/p>\n<p><a href=\"https:\/\/www.wecity.com\/fr\/partners\/\"><strong>&gt; plus d&rsquo;information<\/strong><\/a><\/p>\n                            <\/li>\n\t\t\t\t\t\t\t\t\t\t\t                <\/ul>\n\n                \t\t\t\n\t\t\t\n\t\t\t        <\/div><!-- \/ .container -->\n    <\/div><!-- \/ .bloque-tipos -->\n","protected":false},"excerpt":{"rendered":"<p>1. Je choisis les opportunit\u00e9s dans lesquelles je vais investir wecity s\u00e9lectionne les meilleures opportunit\u00e9s du march\u00e9 institutionnel, auparavant inaccessibles [&hellip;]<\/p>\n","protected":false},"author":1,"featured_media":328,"parent":0,"menu_order":3,"comment_status":"closed","ping_status":"closed","template":"","meta":{"_acf_changed":false,"footnotes":""},"class_list":["post-5390","page","type-page","status-publish","has-post-thumbnail","hentry"],"acf":[],"_links":{"self":[{"href":"https:\/\/www.wecity.com\/fr\/wp-json\/wp\/v2\/pages\/5390","targetHints":{"allow":["GET"]}}],"collection":[{"href":"https:\/\/www.wecity.com\/fr\/wp-json\/wp\/v2\/pages"}],"about":[{"href":"https:\/\/www.wecity.com\/fr\/wp-json\/wp\/v2\/types\/page"}],"author":[{"embeddable":true,"href":"https:\/\/www.wecity.com\/fr\/wp-json\/wp\/v2\/users\/1"}],"replies":[{"embeddable":true,"href":"https:\/\/www.wecity.com\/fr\/wp-json\/wp\/v2\/comments?post=5390"}],"version-history":[{"count":1,"href":"https:\/\/www.wecity.com\/fr\/wp-json\/wp\/v2\/pages\/5390\/revisions"}],"predecessor-version":[{"id":11240,"href":"https:\/\/www.wecity.com\/fr\/wp-json\/wp\/v2\/pages\/5390\/revisions\/11240"}],"wp:featuredmedia":[{"embeddable":true,"href":"https:\/\/www.wecity.com\/fr\/wp-json\/wp\/v2\/media\/328"}],"wp:attachment":[{"href":"https:\/\/www.wecity.com\/fr\/wp-json\/wp\/v2\/media?parent=5390"}],"curies":[{"name":"wp","href":"https:\/\/api.w.org\/{rel}","templated":true}]}}