{"id":5145,"date":"2023-02-04T07:35:58","date_gmt":"2023-02-04T06:35:58","guid":{"rendered":"https:\/\/www.wecity.com\/faqs\/"},"modified":"2023-06-19T10:09:56","modified_gmt":"2023-06-19T08:09:56","slug":"faqs","status":"publish","type":"page","link":"https:\/\/www.wecity.com\/fr\/faqs\/","title":{"rendered":"Questions fr\u00e9quemment pos\u00e9es"},"content":{"rendered":"\n    <div class=\"bloque bloque_apertura sinfoto alignfull\" style=\"background:#e7f0ee\">\n\n        <div class=\"bloque_apertura__contenedor\">\n\n            <div class=\"container\">\n\n                <div class=\"bloque_apertura__textos\">\n                    <div>\n\n                        <p>Questions fr\u00e9quemment pos\u00e9es<\/p>\n                        <h1 class=\"conicono\">\n                            Bienvenu au centre d&rsquo;aide de wecity                            <img decoding=\"async\" src=\"https:\/\/www.wecity.com\/wp-content\/uploads\/2023\/02\/lifeguard.png\" width=\"90\" height=\"90\" \/>                        <\/h1>\n\n                        <p>Si vous avez besoin d&rsquo;une assistance personnalis\u00e9e, n&rsquo;h\u00e9sitez pas \u00e0 nous contacter directement.<\/p>\n                    <\/div>\n                <\/div><!-- \/ .bloque-apertura__textos -->\n\t\t\t\t            <\/div><!-- \/ .container -->\n\n        <\/div><!-- \/ .bloque_apertura__contenedor -->\n\n    <\/div><!-- \/ .bloque-apertura -->\n","protected":false},"excerpt":{"rendered":"","protected":false},"author":1,"featured_media":0,"parent":0,"menu_order":0,"comment_status":"closed","ping_status":"closed","template":"template-faqs.php","meta":{"_acf_changed":false,"footnotes":""},"class_list":["post-5145","page","type-page","status-publish","hentry"],"acf":[],"_links":{"self":[{"href":"https:\/\/www.wecity.com\/fr\/wp-json\/wp\/v2\/pages\/5145","targetHints":{"allow":["GET"]}}],"collection":[{"href":"https:\/\/www.wecity.com\/fr\/wp-json\/wp\/v2\/pages"}],"about":[{"href":"https:\/\/www.wecity.com\/fr\/wp-json\/wp\/v2\/types\/page"}],"author":[{"embeddable":true,"href":"https:\/\/www.wecity.com\/fr\/wp-json\/wp\/v2\/users\/1"}],"replies":[{"embeddable":true,"href":"https:\/\/www.wecity.com\/fr\/wp-json\/wp\/v2\/comments?post=5145"}],"version-history":[{"count":2,"href":"https:\/\/www.wecity.com\/fr\/wp-json\/wp\/v2\/pages\/5145\/revisions"}],"predecessor-version":[{"id":5338,"href":"https:\/\/www.wecity.com\/fr\/wp-json\/wp\/v2\/pages\/5145\/revisions\/5338"}],"wp:attachment":[{"href":"https:\/\/www.wecity.com\/fr\/wp-json\/wp\/v2\/media?parent=5145"}],"curies":[{"name":"wp","href":"https:\/\/api.w.org\/{rel}","templated":true}]}}