{"id":5094,"date":"2023-02-06T12:12:23","date_gmt":"2023-02-06T11:12:23","guid":{"rendered":"https:\/\/www.wecity.com\/riesgos\/"},"modified":"2023-11-21T17:21:23","modified_gmt":"2023-11-21T16:21:23","slug":"risques","status":"publish","type":"page","link":"https:\/\/www.wecity.com\/fr\/risques\/","title":{"rendered":"Risques"},"content":{"rendered":"\n<h2 class=\"wp-block-heading\">Risques g\u00e9n\u00e9raux de l&rsquo;investissement.<\/h2>\n\n\n\n<p>Le principal risque associ\u00e9 \u00e0 tout type d&rsquo;investissement est la perte totale ou partielle de l&rsquo;argent investi, ainsi que la probabilit\u00e9 que le rendement obtenu soit inf\u00e9rieur aux attentes ou estimations. Vous devez partir du principe que plus le rendement estim\u00e9 d&rsquo;un investissement est \u00e9lev\u00e9, plus le risque associ\u00e9 est important. En \u00e9valuant pr\u00e9alablement ce point, vous aurez fait un pas important pour vous renseigner sur un investissement. \u00c0 cet \u00e9gard, nous vous recommandons vivement de consulter le reste des informations du pr\u00e9sent document.<\/p>\n\n\n\n<h2 class=\"wp-block-heading\">Risques op\u00e9ratifs<\/h2>\n\n\n\n<p>Les d\u00e9faillances ou l&rsquo;insuffisance des processus, des personnes et des syst\u00e8mes peuvent avoir un impact significatif sur un investissement. Il s&rsquo;agit du risque op\u00e9rationnel pr\u00e9sent dans toute activit\u00e9 sur le march\u00e9. Chez wecity, nous disposons des mesures de s\u00e9curit\u00e9 techniques et organisationnelles appropri\u00e9es pour minimiser le risque op\u00e9rationnel de notre activit\u00e9 et donc le risque pour les investisseurs et les promoteurs qui font appel \u00e0 notre plateforme. De plus, nous disposons d&rsquo;un R\u00e8glement pour la D\u00e9fense du Client qui r\u00e9gule les exigences et les proc\u00e9dures de notre Service Client\u00e8le afin de r\u00e9pondre de mani\u00e8re appropri\u00e9e \u00e0 toutes les plaintes et r\u00e9clamations que vous souhaitez soulever, dans le but de les r\u00e9soudre de mani\u00e8re l\u00e9gale et efficace.<\/p>\n\n\n\n<h2 class=\"wp-block-heading\">Risques d&rsquo;inflation<\/h2>\n\n\n\n<p><br>Dans une situation r\u00e9elle d&rsquo;inflation, avec la hausse continue et g\u00e9n\u00e9ralis\u00e9e des prix des produits et services sur le march\u00e9, la perte de valeur de l&rsquo;argent est in\u00e9vitable, et par cons\u00e9quent, votre capacit\u00e9 de consommation et votre pouvoir d&rsquo;achat diminuent \u00e9galement. L&rsquo;effet de l&rsquo;inflation sur tout investissement est pr\u00e9cis\u00e9ment cela : le rendement r\u00e9el de l&rsquo;investissement r\u00e9alis\u00e9 diminue.<\/p>\n\n\n\n<h2 class=\"wp-block-heading\">Risques associ\u00e9s \u00e0 la disponibilit\u00e9 du capital investi<\/h2>\n\n\n\n<p>Avant de r\u00e9aliser tout investissement, vous devez vous poser la question de la disponibilit\u00e9 de l&rsquo;argent que vous envisagez d&rsquo;investir : en aurez-vous besoin \u00e0 court terme ? Investir implique la possibilit\u00e9 que vous ne puissiez pas disposer de l&rsquo;argent investi lorsque vous en aurez besoin, et vous devrez \u00eatre attentif \u00e0 l&rsquo;\u00e9ch\u00e9ance pr\u00e9vue pour la liquidit\u00e9 de votre investissement et l&rsquo;obtention du rendement correspondant. Pour plus d&rsquo;informations, veuillez consulter nos Conditions G\u00e9n\u00e9rales applicables aux Services de Financement Participatif.<\/p>\n\n\n\n<h2 class=\"wp-block-heading\">Risques associ\u00e9s \u00e0 la concentration des investissements.<\/h2>\n\n\n\n<p>Nous ne te dirons pas si tu dois concentrer ou diversifier tes investissements, c&rsquo;est ta d\u00e9cision, mais nous voulons que tu comprennes la r\u00e8gle de base de la diversification en finance. Diversifier, contrairement \u00e0 concentrer, signifie multiplier et varier. Dans le monde des investissements, la diversification signifie r\u00e9partir les investissements en les \u00e9largissant \u00e0 diff\u00e9rents projets et options, afin de prendre des risques plus faibles ; par rapport \u00e0 la concentration des investissements dans un seul projet, ce qui entra\u00eene un risque plus \u00e9lev\u00e9.<\/p>\n\n\n\n<h2 class=\"wp-block-heading\">Risques syst\u00e9miques de march\u00e9.<\/h2>\n\n\n\n<p>Le march\u00e9 immobilier, en tant que march\u00e9 sp\u00e9cifique, pr\u00e9sente en soi une s\u00e9rie de risques syst\u00e9miques que tout investisseur immobilier doit conna\u00eetre, comprendre et assumer. Par exemple, l&rsquo;\u00e9volution des taux d&rsquo;int\u00e9r\u00eat et de la marge de cr\u00e9dit accord\u00e9e par les institutions financi\u00e8res en ce qui concerne le march\u00e9 immobilier constitue un risque syst\u00e9mique du march\u00e9 que l&rsquo;investisseur assume, avec la possibilit\u00e9 que les variations des taux et de la marge affectent n\u00e9gativement la valeur des biens immobiliers. En g\u00e9n\u00e9ral, la baisse des taux entra\u00eene une hausse du rendement, et vice versa. Un autre exemple de risque syst\u00e9mique du march\u00e9 immobilier est sa nature cyclique : ce march\u00e9 est susceptible d&rsquo;\u00eatre affect\u00e9 par des cycles conjoncturels qui provoquent des fluctuations de la valeur des biens immobiliers. L&rsquo;exp\u00e9rience le confirme.<\/p>\n\n\n\n<h2 class=\"wp-block-heading\"><br>Risques associ\u00e9s au contexte politique, \u00e9conomique, social et r\u00e9glementaire<\/h2>\n\n\n\n<p>Les changements de gouvernement se succ\u00e8dent in\u00e9vitablement, il est donc essentiel de suivre l&rsquo;\u00e9volution du contexte \u00e9conomique, politique, social et r\u00e9glementaire dans lequel nous \u00e9voluons sur le march\u00e9 : r\u00e9formes l\u00e9gislatives nationales et europ\u00e9ennes, crit\u00e8res des administrations publiques, environnement, etc. En fin de compte, ce sont des facteurs qui peuvent affecter la valeur des biens immobiliers, les co\u00fbts d&rsquo;acquisition et, en fin de compte, le rendement que vous pouvez en tirer en tant qu&rsquo;investisseur.<\/p>\n","protected":false},"excerpt":{"rendered":"<p>Risques g\u00e9n\u00e9raux de l&rsquo;investissement. Le principal risque associ\u00e9 \u00e0 tout type d&rsquo;investissement est la perte totale ou partielle de l&rsquo;argent [&hellip;]<\/p>\n","protected":false},"author":1,"featured_media":0,"parent":0,"menu_order":20,"comment_status":"closed","ping_status":"closed","template":"","meta":{"_acf_changed":false,"footnotes":""},"class_list":["post-5094","page","type-page","status-publish","hentry"],"acf":[],"_links":{"self":[{"href":"https:\/\/www.wecity.com\/fr\/wp-json\/wp\/v2\/pages\/5094","targetHints":{"allow":["GET"]}}],"collection":[{"href":"https:\/\/www.wecity.com\/fr\/wp-json\/wp\/v2\/pages"}],"about":[{"href":"https:\/\/www.wecity.com\/fr\/wp-json\/wp\/v2\/types\/page"}],"author":[{"embeddable":true,"href":"https:\/\/www.wecity.com\/fr\/wp-json\/wp\/v2\/users\/1"}],"replies":[{"embeddable":true,"href":"https:\/\/www.wecity.com\/fr\/wp-json\/wp\/v2\/comments?post=5094"}],"version-history":[{"count":1,"href":"https:\/\/www.wecity.com\/fr\/wp-json\/wp\/v2\/pages\/5094\/revisions"}],"predecessor-version":[{"id":5100,"href":"https:\/\/www.wecity.com\/fr\/wp-json\/wp\/v2\/pages\/5094\/revisions\/5100"}],"wp:attachment":[{"href":"https:\/\/www.wecity.com\/fr\/wp-json\/wp\/v2\/media?parent=5094"}],"curies":[{"name":"wp","href":"https:\/\/api.w.org\/{rel}","templated":true}]}}