{"id":5073,"date":"2023-02-06T10:21:57","date_gmt":"2023-02-06T09:21:57","guid":{"rendered":"https:\/\/www.wecity.com\/seguridad-al-inversor\/"},"modified":"2023-06-09T10:52:20","modified_gmt":"2023-06-09T08:52:20","slug":"seguridad-al-inversor","status":"publish","type":"page","link":"https:\/\/www.wecity.com\/fr\/seguridad-al-inversor\/","title":{"rendered":"Securit\u00e9 pour l&rsquo;investisseur"},"content":{"rendered":"\n    <div class=\"bloque bloque_apertura confoto alignfull\" style=\"background:#f4f5f7 url(https:\/\/www.wecity.com\/wp-content\/uploads\/2023\/02\/fondo-seguridad-2.png) no-repeat right bottom;\">\n\n        <div class=\"bloque_apertura__contenedor\">\n\n            <div class=\"container\">\n\n                <div class=\"bloque_apertura__textos\">\n                    <div>\n\n                        <p>S\u00e9curit\u00e9 pour l&rsquo;investisseur<\/p>\n                        <h1 >\n                            S\u00e9curit\u00e9:                                                    <\/h1>\n\n                        <p><em>\u00ab\u00a0sentiment de confiance totale en quelque chose ou quelqu&rsquo;un\u00a0\u00bb<\/em><br \/>\n@rae<\/p>\n<p>Chez <strong>wecity<\/strong>, nous travaillons avec la technologie la plus s\u00e9curis\u00e9e pour prot\u00e9ger \u00e0 la fois vos investissements et vos informations.<\/p>\n                    <\/div>\n                <\/div><!-- \/ .bloque-apertura__textos -->\n\t\t\t\t            <\/div><!-- \/ .container -->\n\n        <\/div><!-- \/ .bloque_apertura__contenedor -->\n\n    <\/div><!-- \/ .bloque-apertura -->\n\n\n\n    <div class=\"bloque bloque-tipos bloque-tipos--generico\" >\n\n        <div class=\"container\">\n\n\t\t\t                <h2 class=\"titulo-bloque\">\n\t\t\t\t\tS\u00e9curit\u00e9 r\u00e9glementaire, s\u00e9curit\u00e9 op\u00e9rationnelle                <\/h2>\n\t\t\t\n\t\t\t<p>wecity est une plateforme technologique qui a \u00e9t\u00e9 autoris\u00e9e par la Commission Nationale des March\u00e9s Financiers et enregistr\u00e9e sous le num\u00e9ro d&rsquo;immatriculation 30.<\/p>\n\n\t\t\t\n                                <ul class=\"bloque-tipos__wrapper\">\n\t\t\t\t\t                            <li class=\"bloque-tipos__tipo\">\n\t\t\t\t\t\t\t\t                                    <img decoding=\"async\" src=\"https:\/\/www.wecity.com\/wp-content\/uploads\/2023\/02\/CNMV-ok-wecity.png\"\n                                         width=\"425\"\n                                         height=\"430\"\n                                         alt=\"\"  loading=\"lazy\"\/>\n\t\t\t\t\t\t\t\t\t\t\t\t\t\t\t\t                                    <h3>CNMV<\/h3>\n\t\t\t\t\t\t\t\t\t\t\t\t\t\t\t\t<p>Nous sommes une Plateforme de Financement Participatif autoris\u00e9e par la Commission Nationale des March\u00e9s Financiers (CNMV) et enregistr\u00e9e sous le num\u00e9ro d&rsquo;immatriculation 30.<\/p>\n                            <\/li>\n\t\t\t\t\t\t\t\t\t\t\t                            <li class=\"bloque-tipos__tipo\">\n\t\t\t\t\t\t\t\t                                    <img decoding=\"async\" src=\"https:\/\/www.wecity.com\/wp-content\/uploads\/2023\/02\/cnmv-wecity.png\"\n                                         width=\"408\"\n                                         height=\"371\"\n                                         alt=\"\"  loading=\"lazy\"\/>\n\t\t\t\t\t\t\t\t\t\t\t\t\t\t\t\t                                    <h3>Banque d&rsquo;Espagne<\/h3>\n\t\t\t\t\t\t\t\t\t\t\t\t\t\t\t\t<p>La transaction est garantie par Lemonway. Cette entit\u00e9 est enregistr\u00e9e aupr\u00e8s de la Banque d&rsquo;Espagne en tant qu&rsquo;\u00c9tablissement de Paiement Communautaire en activit\u00e9.<\/p>\n                            <\/li>\n\t\t\t\t\t\t\t\t\t\t\t                            <li class=\"bloque-tipos__tipo\">\n\t\t\t\t\t\t\t\t                                    <img decoding=\"async\" src=\"https:\/\/www.wecity.com\/wp-content\/uploads\/2023\/02\/Seguridad-operativa-wecity-1.png\"\n                                         width=\"297\"\n                                         height=\"378\"\n                                         alt=\"\"  loading=\"lazy\"\/>\n\t\t\t\t\t\t\t\t\t\t\t\t\t\t\t\t                                    <h3>Segurit\u00e9 Op\u00e9rative<\/h3>\n\t\t\t\t\t\t\t\t\t\t\t\t\t\t\t\t<p>Depuis votre portefeuille \u00e9lectronique sur Lemonway, vous pourrez contr\u00f4ler vos fonds \u00e0 tout moment. Ils ne sont transf\u00e9r\u00e9s que lorsque l&rsquo;opportunit\u00e9 d&rsquo;investissement atteint son objectif.<\/p>\n                            <\/li>\n\t\t\t\t\t\t\t\t\t\t\t                            <li class=\"bloque-tipos__tipo\">\n\t\t\t\t\t\t\t\t                                    <img decoding=\"async\" src=\"https:\/\/www.wecity.com\/wp-content\/uploads\/2023\/02\/Antifraude_wecity.png\"\n                                         width=\"348\"\n                                         height=\"370\"\n                                         alt=\"\"  loading=\"lazy\"\/>\n\t\t\t\t\t\t\t\t\t\t\t\t\t\t\t\t                                    <h3>Une v\u00e9rification des promoteurs <\/h3>\n\t\t\t\t\t\t\t\t\t\t\t\t\t\t\t\t<p>Le Comit\u00e9 d&rsquo;Experts de wecity analyse les promoteurs qui se trouvent derri\u00e8re les projets. Nous mettons en place un syst\u00e8me d&rsquo;analyse du gestionnaire et du projet.<\/p>\n                            <\/li>\n\t\t\t\t\t\t\t\t\t\t\t                            <li class=\"bloque-tipos__tipo\">\n\t\t\t\t\t\t\t\t                                    <img decoding=\"async\" src=\"https:\/\/www.wecity.com\/wp-content\/uploads\/2023\/02\/Vigilancia-wecity.png\"\n                                         width=\"416\"\n                                         height=\"337\"\n                                         alt=\"\"  loading=\"lazy\"\/>\n\t\t\t\t\t\t\t\t\t\t\t\t\t\t\t\t                                    <h3>Surveillance<\/h3>\n\t\t\t\t\t\t\t\t\t\t\t\t\t\t\t\t<p>Nos \u00e9quipes technologiques surveillent l&rsquo;apparition d&rsquo;activit\u00e9s suspectes 24 heures sur 24, tout au long de la dur\u00e9e de vie du client.<\/p>\n                            <\/li>\n\t\t\t\t\t\t\t\t\t\t\t                            <li class=\"bloque-tipos__tipo\">\n\t\t\t\t\t\t\t\t                                    <img decoding=\"async\" src=\"https:\/\/www.wecity.com\/wp-content\/uploads\/2023\/02\/Antifraude_wecity-1.png\"\n                                         width=\"348\"\n                                         height=\"370\"\n                                         alt=\"\"  loading=\"lazy\"\/>\n\t\t\t\t\t\t\t\t\t\t\t\t\t\t\t\t                                    <h3>Sp\u00e9cialistes de la lutte contre la fraude<\/h3>\n\t\t\t\t\t\t\t\t\t\t\t\t\t\t\t\t<p>Des sp\u00e9cialistes de la lutte contre la fraude contr\u00f4lent chaque investissement r\u00e9alis\u00e9 via wecity<\/p>\n                            <\/li>\n\t\t\t\t\t\t\t\t\t\t\t                <\/ul>\n\n                \t\t\t\n\t\t\t\n\t\t\t        <\/div><!-- \/ .container -->\n    <\/div><!-- \/ .bloque-tipos -->\n\n\n\n    <div class=\"bloque bloque-tipos bloque-tipos--generico\" style=\"background:#f4f5f7\">\n\n        <div class=\"container\">\n\n\t\t\t                <h2 class=\"titulo-bloque\">\n\t\t\t\t\tSeguridad tecnol\u00f3gica, seguridad del dato                <\/h2>\n\t\t\t\n\t\t\t<p>En wecity disponemos de los \u00faltimos avances tecnol\u00f3gicos y nos sustentamos en los m\u00e1s avanzados protocolos de seguridad para garantizar la privacidad de la informaci\u00f3n.<\/p>\n\n\t\t\t\n                                <ul class=\"bloque-tipos__wrapper\">\n\t\t\t\t\t                            <li class=\"bloque-tipos__tipo\">\n\t\t\t\t\t\t\t\t                                    <img decoding=\"async\" src=\"https:\/\/www.wecity.com\/wp-content\/uploads\/2023\/02\/Transparencia-wecity.png\"\n                                         width=\"348\"\n                                         height=\"325\"\n                                         alt=\"\"  loading=\"lazy\"\/>\n\t\t\t\t\t\t\t\t\t\t\t\t\t\t\t\t                                    <h3>Verificaci\u00f3n y Control<\/h3>\n\t\t\t\t\t\t\t\t\t\t\t\t\t\t\t\t<p>La identidad de nuestros clientes es controlada antes y despu\u00e9s de cada transacci\u00f3n.<\/p>\n                            <\/li>\n\t\t\t\t\t\t\t\t\t\t\t                            <li class=\"bloque-tipos__tipo\">\n\t\t\t\t\t\t\t\t                                    <img decoding=\"async\" src=\"https:\/\/www.wecity.com\/wp-content\/uploads\/2023\/02\/24-7-wecity.png\"\n                                         width=\"404\"\n                                         height=\"271\"\n                                         alt=\"\"  loading=\"lazy\"\/>\n\t\t\t\t\t\t\t\t\t\t\t\t\t\t\t\t                                    <h3>Ayuda 24\/7<\/h3>\n\t\t\t\t\t\t\t\t\t\t\t\t\t\t\t\t<p>\u00bfHas identificado actividad sospechosa?<br \/>\nContacta con <strong>wecity<\/strong> e iniciaremos nuestro protocolo de seguridad y mitigaci\u00f3n.<\/p>\n                            <\/li>\n\t\t\t\t\t\t\t\t\t\t\t                            <li class=\"bloque-tipos__tipo\">\n\t\t\t\t\t\t\t\t                                    <img decoding=\"async\" src=\"https:\/\/www.wecity.com\/wp-content\/uploads\/2023\/02\/Seguridad-wecity.png\"\n                                         width=\"279\"\n                                         height=\"354\"\n                                         alt=\"\"  loading=\"lazy\"\/>\n\t\t\t\t\t\t\t\t\t\t\t\t\t\t\t\t                                    <h3>Copias de Seguridad<\/h3>\n\t\t\t\t\t\t\t\t\t\t\t\t\t\t\t\t<p>Disponemos de un avanzado sistema de copias de seguridad que nos permite garantizar que ning\u00fan dato pueda perderse.<\/p>\n                            <\/li>\n\t\t\t\t\t\t\t\t\t\t\t                            <li class=\"bloque-tipos__tipo\">\n\t\t\t\t\t\t\t\t                                    <img decoding=\"async\" src=\"https:\/\/www.wecity.com\/wp-content\/uploads\/2023\/02\/Seguridad-operativa-wecity-2.png\"\n                                         width=\"297\"\n                                         height=\"378\"\n                                         alt=\"\"  loading=\"lazy\"\/>\n\t\t\t\t\t\t\t\t\t\t\t\t\t\t\t\t                                    <h3>Cifrado de la Informaci\u00f3n<\/h3>\n\t\t\t\t\t\t\t\t\t\t\t\t\t\t\t\t<p>Realizamos una conexi\u00f3n cifrada mediante certificado SSL entre el navegador y la plataforma. Garantizamos la seguridad de la transferencia de tu informaci\u00f3n<\/p>\n                            <\/li>\n\t\t\t\t\t\t\t\t\t\t\t                            <li class=\"bloque-tipos__tipo\">\n\t\t\t\t\t\t\t\t                                    <img decoding=\"async\" src=\"https:\/\/www.wecity.com\/wp-content\/uploads\/2023\/02\/Servidores-wecity.png\"\n                                         width=\"321\"\n                                         height=\"267\"\n                                         alt=\"\"  loading=\"lazy\"\/>\n\t\t\t\t\t\t\t\t\t\t\t\t\t\t\t\t                                    <h3>Servidores propios<\/h3>\n\t\t\t\t\t\t\t\t\t\t\t\t\t\t\t\t<p>Disponemos de servidores propios para garantizar la integridad de los datos y evitar accesos fraudulentos.<\/p>\n                            <\/li>\n\t\t\t\t\t\t\t\t\t\t\t                            <li class=\"bloque-tipos__tipo\">\n\t\t\t\t\t\t\t\t                                    <img decoding=\"async\" src=\"https:\/\/www.wecity.com\/wp-content\/uploads\/2023\/02\/candado_wecity.png\"\n                                         width=\"258\"\n                                         height=\"317\"\n                                         alt=\"\"  loading=\"lazy\"\/>\n\t\t\t\t\t\t\t\t\t\t\t\t\t\t\t\t                                    <h3>Tu informaci\u00f3n es solo tuya<\/h3>\n\t\t\t\t\t\t\t\t\t\t\t\t\t\t\t\t<p>Nunca compartimos tu informaci\u00f3n de pago con otros usuarios. Sin excepciones. Este es nuestro compromiso contigo.<\/p>\n                            <\/li>\n\t\t\t\t\t\t\t\t\t\t\t                <\/ul>\n\n                \t\t\t\n\t\t\t\n\t\t\t        <\/div><!-- \/ .container -->\n    <\/div><!-- \/ .bloque-tipos -->\n\n\n\n    <div class=\"bloque bloque-tipos bloque-tipos--generico\" >\n\n        <div class=\"container\">\n\n\t\t\t                <h2 class=\"titulo-bloque\">\n\t\t\t\t\tTe ayudamos                <\/h2>\n\t\t\t\n\t\t\t<p>Si tienes cualquier duda o sospechas de alguna actividad,<br \/>\nno dudes en ponerte en contacto con nosotros a la mayor brevedad posible.<\/p>\n\n\t\t\t\n                                <ul class=\"bloque-tipos__wrapper\">\n\t\t\t\t\t                            <li class=\"bloque-tipos__tipo\">\n\t\t\t\t\t\t\t\t                                    <img decoding=\"async\" src=\"https:\/\/www.wecity.com\/wp-content\/uploads\/2023\/02\/contacto-wecity.png\"\n                                         width=\"150\"\n                                         height=\"98\"\n                                         alt=\"\"  loading=\"lazy\"\/>\n\t\t\t\t\t\t\t\t\t\t\t\t\t\t\t\t\t\t\t\t\t\t\t\t<p><a href=\"mailto:info@wecity.com\">info@wecity.com<\/a><\/p>\n                            <\/li>\n\t\t\t\t\t\t\t\t\t\t\t                            <li class=\"bloque-tipos__tipo\">\n\t\t\t\t\t\t\t\t                                    <img decoding=\"async\" src=\"https:\/\/www.wecity.com\/wp-content\/uploads\/2023\/02\/phone-wecity.png\"\n                                         width=\"150\"\n                                         height=\"156\"\n                                         alt=\"\"  loading=\"lazy\"\/>\n\t\t\t\t\t\t\t\t\t\t\t\t\t\t\t\t\t\t\t\t\t\t\t\t<p><a href=\"tel:+34628534063\">+34 628 534 063<\/a><\/p>\n                            <\/li>\n\t\t\t\t\t\t\t\t\t\t\t                <\/ul>\n\n                \t\t\t\n\t\t\t\n\t\t\t        <\/div><!-- \/ .container -->\n    <\/div><!-- \/ .bloque-tipos -->\n","protected":false},"excerpt":{"rendered":"","protected":false},"author":1,"featured_media":0,"parent":0,"menu_order":0,"comment_status":"closed","ping_status":"closed","template":"","meta":{"_acf_changed":false,"footnotes":""},"class_list":["post-5073","page","type-page","status-publish","hentry"],"acf":[],"_links":{"self":[{"href":"https:\/\/www.wecity.com\/fr\/wp-json\/wp\/v2\/pages\/5073","targetHints":{"allow":["GET"]}}],"collection":[{"href":"https:\/\/www.wecity.com\/fr\/wp-json\/wp\/v2\/pages"}],"about":[{"href":"https:\/\/www.wecity.com\/fr\/wp-json\/wp\/v2\/types\/page"}],"author":[{"embeddable":true,"href":"https:\/\/www.wecity.com\/fr\/wp-json\/wp\/v2\/users\/1"}],"replies":[{"embeddable":true,"href":"https:\/\/www.wecity.com\/fr\/wp-json\/wp\/v2\/comments?post=5073"}],"version-history":[{"count":2,"href":"https:\/\/www.wecity.com\/fr\/wp-json\/wp\/v2\/pages\/5073\/revisions"}],"predecessor-version":[{"id":5103,"href":"https:\/\/www.wecity.com\/fr\/wp-json\/wp\/v2\/pages\/5073\/revisions\/5103"}],"wp:attachment":[{"href":"https:\/\/www.wecity.com\/fr\/wp-json\/wp\/v2\/media?parent=5073"}],"curies":[{"name":"wp","href":"https:\/\/api.w.org\/{rel}","templated":true}]}}