{"id":5060,"date":"2023-02-01T17:06:32","date_gmt":"2023-02-01T16:06:32","guid":{"rendered":"https:\/\/www.wecity.com\/rsc\/"},"modified":"2023-11-21T16:53:08","modified_gmt":"2023-11-21T15:53:08","slug":"rse","status":"publish","type":"page","link":"https:\/\/www.wecity.com\/fr\/rse\/","title":{"rendered":"Responsabilit\u00e9 Sociale des Entreprises"},"content":{"rendered":"\n    <div class=\"bloque bloque_apertura confoto alignfull\" style=\"background:#F4F5F7 url(https:\/\/www.wecity.com\/wp-content\/uploads\/2023\/02\/fondo-rsc.png) no-repeat right bottom;\">\n\n        <div class=\"bloque_apertura__contenedor\">\n\n            <div class=\"container\">\n\n                <div class=\"bloque_apertura__textos\">\n                    <div>\n\n                        <p>RSE<\/p>\n                        <h1 >\n                            Responsabilit\u00e9 Sociale des Entreprises                                                    <\/h1>\n\n                        <p>\u201c<strong><em>Cr\u00e9er une entreprise solide et construire un monde meilleur ne sont pas des objectifs contradictoires : tous deux sont des ingr\u00e9dients indispensables pour le succ\u00e8s \u00e0 long terme.<\/em><\/strong>\u201d<\/p>\n<p>@William Clay Ford Jr, Ford Motor Company<\/p>\n<p>\u00ab\u00a0Depuis wecity, nous souhaitons &lsquo;construire un monde meilleur&rsquo; en soutenant et en donnant de la visibilit\u00e9 \u00e0 de grands projets qui am\u00e9liorent la vie de tous. D\u00e9couvrez comment collaborer avec des initiatives solidaires.\u00a0\u00bb.<\/p>\n                    <\/div>\n                <\/div><!-- \/ .bloque-apertura__textos -->\n\t\t\t\t            <\/div><!-- \/ .container -->\n\n        <\/div><!-- \/ .bloque_apertura__contenedor -->\n\n    <\/div><!-- \/ .bloque-apertura -->\n\n\n    <div class=\"bloque bloque-oportunidades bloque-oportunidades--ajax\">\n        <div class=\"container\">\n\t\t\t\n\t\t\t\n            <p id=\"contador-oportunidades-activas\" class=\"contador-oportunidades-activas\" style=\"display: none;\"><\/p>\n\n\t\t\t                <div id=\"oportunidades_para_invertir\">\n                    <div id=\"loading-spinner-invertir\" style=\"width: 50px; margin: 50px auto;\">\n                        <svg xmlns='http:\/\/www.w3.org\/2000\/svg' viewBox='0 0 200 200'>\n                            <radialGradient id='a11' cx='.66' fx='.66' cy='.3125' fy='.3125' gradientTransform='scale(1.5)'>\n                                <stop offset='0' stop-color='#030718'><\/stop>\n                                <stop offset='.3' stop-color='#030718' stop-opacity='.9'><\/stop>\n                                <stop offset='.6' stop-color='#030718' stop-opacity='.6'><\/stop>\n                                <stop offset='.8' stop-color='#030718' stop-opacity='.3'><\/stop>\n                                <stop offset='1' stop-color='#030718' stop-opacity='0'><\/stop>\n                            <\/radialGradient>\n                            <circle transform-origin='center' fill='none' stroke='url(#a11)' stroke-width='28'\n                                    stroke-linecap='round' stroke-dasharray='200 1000' stroke-dashoffset='0' cx='100'\n                                    cy='100' r='70'>\n                                <animateTransform type='rotate' attributeName='transform' calcMode='spline' dur='1'\n                                                  values='360;0' keyTimes='0;1' keySplines='0 0 1 1'\n                                                  repeatCount='indefinite'><\/animateTransform>\n                            <\/circle>\n                            <circle transform-origin='center' fill='none' opacity='.2' stroke='#030718' stroke-width='28'\n                                    stroke-linecap='round' cx='100' cy='100' r='70'><\/circle>\n                        <\/svg>\n                    <\/div>\n                <\/div>\n\t\t\t\t\n\t\t\t        <\/div>\n    <\/div>\n","protected":false},"excerpt":{"rendered":"","protected":false},"author":1,"featured_media":0,"parent":0,"menu_order":0,"comment_status":"closed","ping_status":"closed","template":"","meta":{"_acf_changed":false,"footnotes":""},"class_list":["post-5060","page","type-page","status-publish","hentry"],"acf":[],"_links":{"self":[{"href":"https:\/\/www.wecity.com\/fr\/wp-json\/wp\/v2\/pages\/5060","targetHints":{"allow":["GET"]}}],"collection":[{"href":"https:\/\/www.wecity.com\/fr\/wp-json\/wp\/v2\/pages"}],"about":[{"href":"https:\/\/www.wecity.com\/fr\/wp-json\/wp\/v2\/types\/page"}],"author":[{"embeddable":true,"href":"https:\/\/www.wecity.com\/fr\/wp-json\/wp\/v2\/users\/1"}],"replies":[{"embeddable":true,"href":"https:\/\/www.wecity.com\/fr\/wp-json\/wp\/v2\/comments?post=5060"}],"version-history":[{"count":2,"href":"https:\/\/www.wecity.com\/fr\/wp-json\/wp\/v2\/pages\/5060\/revisions"}],"predecessor-version":[{"id":5072,"href":"https:\/\/www.wecity.com\/fr\/wp-json\/wp\/v2\/pages\/5060\/revisions\/5072"}],"wp:attachment":[{"href":"https:\/\/www.wecity.com\/fr\/wp-json\/wp\/v2\/media?parent=5060"}],"curies":[{"name":"wp","href":"https:\/\/api.w.org\/{rel}","templated":true}]}}