{"id":5042,"date":"2023-02-02T19:51:57","date_gmt":"2023-02-02T18:51:57","guid":{"rendered":"https:\/\/www.wecity.com\/equipo\/"},"modified":"2024-10-07T11:40:49","modified_gmt":"2024-10-07T09:40:49","slug":"equipo","status":"publish","type":"page","link":"https:\/\/www.wecity.com\/fr\/equipo\/","title":{"rendered":"\u00c9quipe"},"content":{"rendered":"\n<div class=\"wp-block-group alignfull has-gris-muy-claro-background-color has-background\"><div class=\"wp-block-group__inner-container is-layout-constrained wp-block-group-is-layout-constrained\"><div class=\"wp-block-image\">\n<figure class=\"aligncenter size-large\"><img decoding=\"async\" width=\"1024\" height=\"683\" src=\"https:\/\/www.wecity.com\/wp-content\/uploads\/2023\/12\/WeCity-Team-6-1024x683.webp\" alt=\"Equipo de wecity\" class=\"wp-image-9215\" srcset=\"https:\/\/www.wecity.com\/wp-content\/uploads\/2023\/12\/WeCity-Team-6-1024x683.webp 1024w, https:\/\/www.wecity.com\/wp-content\/uploads\/2023\/12\/WeCity-Team-6-300x200.webp 300w, https:\/\/www.wecity.com\/wp-content\/uploads\/2023\/12\/WeCity-Team-6-768x512.webp 768w, https:\/\/www.wecity.com\/wp-content\/uploads\/2023\/12\/WeCity-Team-6-1536x1024.webp 1536w, https:\/\/www.wecity.com\/wp-content\/uploads\/2023\/12\/WeCity-Team-6-2048x1365.webp 2048w, https:\/\/www.wecity.com\/wp-content\/uploads\/2023\/12\/WeCity-Team-6-400x267.webp 400w\" sizes=\"(max-width: 1024px) 100vw, 1024px\" \/><\/figure>\n<\/div>\n\n\n<h1 class=\"wp-block-heading has-text-align-center\">we are city<\/h1>\n\n\n\n<p class=\"has-text-align-center\"><em><br>\u00ab\u00a0Nous avons pour mission de d\u00e9mocratiser (nous sommes \u00ab\u00a0crowd\u00a0\u00bb) l&rsquo;acc\u00e8s aux rendements \u00e9lev\u00e9s du march\u00e9 institutionnel (nous sommes \u00ab\u00a0city\u00a0\u00bb)\u201d.<\/em><br>Chez <strong>wecity<\/strong>, nous avons cr\u00e9\u00e9 un \u00e9cosyst\u00e8me technologique et innovant o\u00f9 les promoteurs et les investisseurs communiquent, financent et partagent les rendements..<\/p>\n\n\n\n<h2 class=\"wp-block-heading has-text-align-center\">we are proptech<\/h2>\n\n\n\n<p class=\"has-text-align-center\">Nous sommes une \u00e9quipe multidisciplinaire avec une large exp\u00e9rience dans les secteurs de l&rsquo;immobilier, de la finance et du num\u00e9rique.<\/p>\n\n\n\n<h2 class=\"wp-block-heading has-text-align-center\">we are \u00ab\u00a0exits\u00a0\u00bb<\/h2>\n\n\n\n<p class=\"has-text-align-center\">Chez <strong>wecity<\/strong>, nous sommes ax\u00e9s sur les r\u00e9sultats (\u00ab\u00a0exits\u00a0\u00bb) et sur le service \u00e0 nos clients.<br>[<strong>E]<\/strong>xcelence + e[<strong>X<\/strong>]p\u00e9rience + &nbsp; [<strong>I]<\/strong>nnovation + [<strong>T]<\/strong>echnologie + [<strong>S]<\/strong>\u00e9curit\u00e9<\/p>\n\n\n\n<h2 class=\"wp-block-heading has-text-align-center\"><\/h2>\n<\/div><\/div>\n\n\n\n<div class=\"wp-block-group alignfull has-background\" style=\"background-color:#dce2de\"><div class=\"wp-block-group__inner-container is-layout-constrained wp-block-group-is-layout-constrained\">\n<h2 class=\"wp-block-heading has-text-align-center\">Loi de promotion du financement des entreprises<\/h2>\n\n\n\n<p class=\"has-text-align-center\"><strong>Article 55. Paragraphe e)<\/strong><\/p>\n\n\n\n<p class=\"has-text-align-center\"><em>\u201cLes administrateurs de la plateforme de financement participatif doivent \u00eatre des personnes d&rsquo;honorabilit\u00e9 reconnue sur le plan commercial ou professionnel et doivent poss\u00e9der les connaissances et l&rsquo;exp\u00e9rience ad\u00e9quates dans les domaines n\u00e9cessaires \u00e0 l&rsquo;exercice de leurs fonctions\u201d.<\/em><\/p>\n<\/div><\/div>\n\n\n\n    <div class=\"bloque bloque-tipos bloque-tipos--que-dicen\" >\n\n        <div class=\"container\">\n\n\t\t\t                <h2 class=\"titulo-bloque\">\n\t\t\t\t\tQue disent-ils de nous?                <\/h2>\n\t\t\t\n\t\t\t\n\t\t\t\n                                    <div class=\"bloque-tipos-slider\">\n                        <button class=\"slider-arrow slider-arrow--prev\" aria-label=\"Anterior\">\n                            <svg width=\"24\" height=\"24\" viewBox=\"0 0 24 24\" fill=\"none\" xmlns=\"http:\/\/www.w3.org\/2000\/svg\">\n                                <path d=\"M15 18L9 12L15 6\" stroke=\"#000\" stroke-width=\"2\" stroke-linecap=\"round\" stroke-linejoin=\"round\"\/>\n                            <\/svg>\n                        <\/button>\n\n                        <div class=\"bloque-tipos-slider__container\">\n                                <ul class=\"bloque-tipos__wrapper\">\n\t\t\t\t\t                            <li class=\"bloque-tipos__tipo\">\n\t\t\t\t\t\t\t\t                                    <img decoding=\"async\" src=\"https:\/\/www.wecity.com\/wp-content\/uploads\/2023\/01\/eje-prime-pieza-prensa.png\"\n                                         width=\"2451\"\n                                         height=\"964\"\n                                         alt=\"Prensa eje time\"  loading=\"lazy\"\/>\n\t\t\t\t\t\t\t\t\t\t\t\t\t\t\t\t\t\t\t\t\t\t\t\t<p>\u00ab\u00a0<strong>wecity<\/strong> bat des records dans le crowdfunding immobilier\u00a0\u00bb.<\/p>\n                            <\/li>\n\t\t\t\t\t\t\t\t\t\t\t                            <li class=\"bloque-tipos__tipo\">\n\t\t\t\t\t\t\t\t                                    <img decoding=\"async\" src=\"https:\/\/www.wecity.com\/wp-content\/uploads\/2023\/01\/Prensa_europa-press.jpg\"\n                                         width=\"2451\"\n                                         height=\"964\"\n                                         alt=\"Europa press wecity\"  loading=\"lazy\"\/>\n\t\t\t\t\t\t\t\t\t\t\t\t\t\t\t\t\t\t\t\t\t\t\t\t<p>\u00ab\u00a0<strong>wecity<\/strong> cl\u00f4ture une lev\u00e9e de fonds participative de 3 millions pour l&rsquo;achat d&rsquo;un local \u00e0 Madrid\u00a0\u00bb.<\/p>\n                            <\/li>\n\t\t\t\t\t\t\t\t\t\t\t                            <li class=\"bloque-tipos__tipo\">\n\t\t\t\t\t\t\t\t                                    <img decoding=\"async\" src=\"https:\/\/www.wecity.com\/wp-content\/uploads\/2023\/01\/Prensa_hi-retail.jpg\"\n                                         width=\"2451\"\n                                         height=\"964\"\n                                         alt=\"Hi retail wecity\"  loading=\"lazy\"\/>\n\t\t\t\t\t\t\t\t\t\t\t\t\t\t\t\t\t\t\t\t\t\t\t\t<p>\u00ab\u00a0<strong>wecity<\/strong> cl\u00f4ture la lev\u00e9e de fonds de plus gros volume du march\u00e9 du crowdfunding immobilier en Espagne\u00a0\u00bb.<\/p>\n                            <\/li>\n\t\t\t\t\t\t\t\t\t\t\t                            <li class=\"bloque-tipos__tipo\">\n\t\t\t\t\t\t\t\t                                    <img decoding=\"async\" src=\"https:\/\/www.wecity.com\/wp-content\/uploads\/2023\/01\/cinco-dias-pieza-prensa.jpg\"\n                                         width=\"2451\"\n                                         height=\"964\"\n                                         alt=\"wecity en cinco d\u00edas\"  loading=\"lazy\"\/>\n\t\t\t\t\t\t\t\t\t\t\t\t\t\t\t\t\t\t\t\t\t\t\t\t<p><strong>\u00ab\u00a0wecity<\/strong> commence avec une solide exp\u00e9rience dans des actifs tertiaires tels que le commerce de d\u00e9tail, les bureaux ou la logistique\u00a0\u00bb.<\/p>\n                            <\/li>\n\t\t\t\t\t\t\t\t\t\t\t                            <li class=\"bloque-tipos__tipo\">\n\t\t\t\t\t\t\t\t                                    <img decoding=\"async\" src=\"https:\/\/www.wecity.com\/wp-content\/uploads\/2023\/01\/El-confidencial-pieza-prensa.png\"\n                                         width=\"2451\"\n                                         height=\"964\"\n                                         alt=\"wecity en el confidencial\"  loading=\"lazy\"\/>\n\t\t\t\t\t\t\t\t\t\t\t\t\t\t\t\t\t\t\t\t\t\t\t\t<p>\u00ab\u00a0<strong>wecity<\/strong> est cr\u00e9\u00e9e comme une plateforme pour canaliser les demandes des promoteurs et des investisseurs\u00a0\u00bb.<\/p>\n                            <\/li>\n\t\t\t\t\t\t\t\t\t\t\t                            <li class=\"bloque-tipos__tipo\">\n\t\t\t\t\t\t\t\t                                    <img decoding=\"async\" src=\"https:\/\/www.wecity.com\/wp-content\/uploads\/2023\/01\/Emprendedores.jpg\"\n                                         width=\"2451\"\n                                         height=\"964\"\n                                         alt=\"wecity en Emprendedores\"  loading=\"lazy\"\/>\n\t\t\t\t\t\t\t\t\t\t\t\t\t\t\t\t\t\t\t\t\t\t\t\t<p>\u00ab\u00a0Investir dans le secteur immobilier aux c\u00f4t\u00e9s des grands\u00a0\u00bb.<\/p>\n                            <\/li>\n\t\t\t\t\t\t\t\t\t\t\t                <\/ul>\n\n                                    <\/div>\n\n                    <button class=\"slider-arrow slider-arrow--next\" aria-label=\"Siguiente\">\n                        <svg width=\"24\" height=\"24\" viewBox=\"0 0 24 24\" fill=\"none\" xmlns=\"http:\/\/www.w3.org\/2000\/svg\">\n                            <path d=\"M9 18L15 12L9 6\" stroke=\"#000\" stroke-width=\"2\" stroke-linecap=\"round\" stroke-linejoin=\"round\"\/>\n                        <\/svg>\n                    <\/button>\n                    <\/div>\n                \t\t\t\n\t\t\t\n\t\t\t        <\/div><!-- \/ .container -->\n    <\/div><!-- \/ .bloque-tipos -->\n","protected":false},"excerpt":{"rendered":"<p>we are city \u00ab\u00a0Nous avons pour mission de d\u00e9mocratiser (nous sommes \u00ab\u00a0crowd\u00a0\u00bb) l&rsquo;acc\u00e8s aux rendements \u00e9lev\u00e9s du march\u00e9 institutionnel (nous [&hellip;]<\/p>\n","protected":false},"author":1,"featured_media":0,"parent":0,"menu_order":12,"comment_status":"closed","ping_status":"closed","template":"","meta":{"_acf_changed":false,"footnotes":""},"class_list":["post-5042","page","type-page","status-publish","hentry"],"acf":[],"_links":{"self":[{"href":"https:\/\/www.wecity.com\/fr\/wp-json\/wp\/v2\/pages\/5042","targetHints":{"allow":["GET"]}}],"collection":[{"href":"https:\/\/www.wecity.com\/fr\/wp-json\/wp\/v2\/pages"}],"about":[{"href":"https:\/\/www.wecity.com\/fr\/wp-json\/wp\/v2\/types\/page"}],"author":[{"embeddable":true,"href":"https:\/\/www.wecity.com\/fr\/wp-json\/wp\/v2\/users\/1"}],"replies":[{"embeddable":true,"href":"https:\/\/www.wecity.com\/fr\/wp-json\/wp\/v2\/comments?post=5042"}],"version-history":[{"count":2,"href":"https:\/\/www.wecity.com\/fr\/wp-json\/wp\/v2\/pages\/5042\/revisions"}],"predecessor-version":[{"id":16234,"href":"https:\/\/www.wecity.com\/fr\/wp-json\/wp\/v2\/pages\/5042\/revisions\/16234"}],"wp:attachment":[{"href":"https:\/\/www.wecity.com\/fr\/wp-json\/wp\/v2\/media?parent=5042"}],"curies":[{"name":"wp","href":"https:\/\/api.w.org\/{rel}","templated":true}]}}