{"id":4909,"date":"2023-02-01T19:11:48","date_gmt":"2023-02-01T18:11:48","guid":{"rendered":"https:\/\/www.wecity.com\/quienes-somos\/"},"modified":"2023-11-21T16:46:04","modified_gmt":"2023-11-21T15:46:04","slug":"qui-sommes-nous","status":"publish","type":"page","link":"https:\/\/www.wecity.com\/fr\/qui-sommes-nous\/","title":{"rendered":"Qui sommes-nous"},"content":{"rendered":"\n    <div class=\"bloque bloque_apertura confoto alignfull\" style=\"background:#ffffff url(https:\/\/www.wecity.com\/wp-content\/uploads\/2023\/02\/fomdo-quienes-somos.png) no-repeat right bottom;\">\n\n        <div class=\"bloque_apertura__contenedor\">\n\n            <div class=\"container\">\n\n                <div class=\"bloque_apertura__textos\">\n                    <div>\n\n                        <p>WECITY<\/p>\n                        <h1 >\n                            Qui sommes-nous                                                    <\/h1>\n\n                        <p>\u00ab\u00a0Notre mission est de d\u00e9mocratiser (we are crowd) l&rsquo;acc\u00e8s aux rendements \u00e9lev\u00e9s du march\u00e9 immobilier institutionnel (we are city).\u00a0\u00bb<\/p>\n<p><em>\u00ab\u00a0wecity est l&rsquo;\u00e9cosyst\u00e8me technologique et innovant o\u00f9 les promoteurs institutionnels et les investisseurs communiquent, financent et partagent les b\u00e9n\u00e9fices.\u00a0\u00bb<\/em><\/p>\n<p><strong>@Rafael Merry del Val<\/strong><br \/>\nCEO de <strong>wecity<\/strong><\/p>\n\n                            <div class=\"is-layout-flex wp-block-buttons boton boton--verde\">\n                                <div class=\"wp-block-button\">\n                                    <a href=\"https:\/\/www.wecity.com\/es\/como-funciona\/\"  class=\"wp-block-button__link wp-element-button\"\n                                       title=\"Fonctionnement\" >\n                                        Fonctionnement                                    <\/a>\n                                <\/div>\n                            <\/div>\n                                                <\/div>\n                <\/div><!-- \/ .bloque-apertura__textos -->\n\t\t\t\t            <\/div><!-- \/ .container -->\n\n        <\/div><!-- \/ .bloque_apertura__contenedor -->\n\n    <\/div><!-- \/ .bloque-apertura -->\n\n\n\n<div class=\"wp-block-group alignfull grupo-fichas has-gris-muy-claro-background-color has-background\"><div class=\"wp-block-group__inner-container is-layout-constrained wp-block-group-is-layout-constrained\">\n<div class=\"wp-block-columns is-layout-flex wp-container-core-columns-is-layout-9d6595d7 wp-block-columns-is-layout-flex\">\n<div class=\"wp-block-column is-layout-flow wp-block-column-is-layout-flow\">\n<h2 class=\"wp-block-heading\">\u00c9quipe<\/h2>\n\n\n\n<p>Nous sommes une \u00e9quipe pluridisciplinaire avec une vaste exp\u00e9rience dans les secteurs de l&rsquo;immobilier et du num\u00e9rique. Nous avons plus de 50 ans d&rsquo;exp\u00e9rience et pr\u00e8s de 400 projets immobiliers \u00e0 notre actif.<\/p>\n\n\n\n<p class=\"grupo-fichas__enlace\"><strong><a href=\"https:\/\/www.wecity.com\/equipo\/\">plus d&rsquo;information &gt;<\/a><\/strong><\/p>\n<\/div>\n\n\n\n<div class=\"wp-block-column is-layout-flow wp-block-column-is-layout-flow\">\n<h2 class=\"wp-block-heading\">Promoteurs<\/h2>\n\n\n\n<p>Nous vous pr\u00e9sentons l&rsquo;alternative au financement. Nous mettons \u00e0 votre disposition la technologie la plus avanc\u00e9e pour financer vos projets et construire votre propre portefeuille d&rsquo;investisseurs.<\/p>\n\n\n\n<p class=\"grupo-fichas__enlace\"><strong><a href=\"https:\/\/www.wecity.com\/promotores\/\">plus d&rsquo;information &gt;<\/a><\/strong><\/p>\n<\/div>\n\n\n\n<div class=\"wp-block-column is-layout-flow wp-block-column-is-layout-flow\">\n<h2 class=\"wp-block-heading\">Partners<\/h2>\n\n\n\n<p><em>\u201cLe secret pour embaucher les meilleurs est de rechercher des personnes qui veulent changer le monde.\u00a0\u00bb<br><\/em><strong>@Marc Benioff<\/strong><\/p>\n\n\n\n<p class=\"grupo-fichas__enlace\"><strong><a href=\"https:\/\/www.wecity.com\/fr\/partners\/\">plus d&rsquo;information &gt;<\/a><\/strong><\/p>\n<\/div>\n<\/div>\n\n\n\n<div class=\"wp-block-columns is-layout-flex wp-container-core-columns-is-layout-9d6595d7 wp-block-columns-is-layout-flex\">\n<div class=\"wp-block-column is-layout-flow wp-block-column-is-layout-flow\">\n<h2 class=\"wp-block-heading\">Frequently asked questions<\/h2>\n\n\n\n<p>\u00ab\u00a0Ici, vous trouverez toutes les r\u00e9ponses \u00e0 vos questions&#8230; et si ce n&rsquo;est pas le cas, \u00e9crivez-nous \u00e0 <a href=\"mailto:support@wecity.com\">support@wecity.com<\/a> et nous vous aiderons \u00e0 les r\u00e9soudre.\u00a0\u00bb<\/p>\n\n\n\n<p class=\"grupo-fichas__enlace\"><strong><a href=\"https:\/\/www.wecity.com\/faqs\/\">plus d&rsquo;information &gt;<\/a><\/strong><\/p>\n<\/div>\n\n\n\n<div class=\"wp-block-column is-layout-flow wp-block-column-is-layout-flow\">\n<h2 class=\"wp-block-heading\">Charity Policy<\/h2>\n\n\n\n<p>\u00ab\u00a0La question la plus urgente et persistante dans la vie est : Que fais-tu pour les autres?\u00a0\u00bb  <\/p>\n\n\n\n<p>   <strong>@Martin Luther King<\/strong><\/p>\n\n\n\n<p class=\"grupo-fichas__enlace\"><strong><a href=\"https:\/\/www.wecity.com\/charity-policy\/\">plus d&rsquo;information &gt;<\/a><\/strong><\/p>\n<\/div>\n\n\n\n<div class=\"wp-block-column is-layout-flow wp-block-column-is-layout-flow\">\n<h2 class=\"wp-block-heading\">Glossaire financier<\/h2>\n\n\n\n<p>\u00ab\u00a0Nous avons cr\u00e9\u00e9 pour vous un dictionnaire o\u00f9 vous trouverez les d\u00e9finitions de chaque mot li\u00e9 \u00e0 votre investissement.\u00a0\u00bb<\/p>\n\n\n\n<p class=\"grupo-fichas__enlace\"><strong><a href=\"https:\/\/www.wecity.com\/es\/glosario\/\">plus d&rsquo;information &gt;<\/a><\/strong><\/p>\n<\/div>\n<\/div>\n\n\n\n<div class=\"wp-block-columns is-layout-flex wp-container-core-columns-is-layout-9d6595d7 wp-block-columns-is-layout-flex\">\n<div class=\"wp-block-column is-layout-flow wp-block-column-is-layout-flow\">\n<h2 class=\"wp-block-heading\">S\u00e9curit\u00e9 pour l&rsquo;investisseur<\/h2>\n\n\n\n<p>\u00ab\u00a0Votre s\u00e9curit\u00e9 est une priorit\u00e9 pour nous. Nous avons mis en place toutes les mesures n\u00e9cessaires pour prot\u00e9ger vos donn\u00e9es et vos investissements.\u00a0\u00bb<\/p>\n\n\n\n<p><strong><a href=\"https:\/\/www.wecity.com\/seguridad-al-inversor\/\">plus d&rsquo;information &gt;<\/a><\/strong><\/p>\n<\/div>\n\n\n\n<div class=\"wp-block-column is-layout-flow wp-block-column-is-layout-flow\">\n<h2 class=\"wp-block-heading\">Connaissez les risques<\/h2>\n\n\n\n<p>\u201c<em>Le risque vient de ne pas savoir ce que l&rsquo;on fait.\u00a0\u00bb<\/em><br><strong>@Warren Buffett<\/strong><br>\u00ab\u00a0Veuillez prendre connaissance des risques avant d&rsquo;investir.\u00a0\u00bb<\/p>\n\n\n\n<p><strong><a href=\"https:\/\/www.wecity.com\/riesgos\/\">plus d&rsquo;information &gt;<\/a><\/strong><\/p>\n<\/div>\n\n\n\n<div class=\"wp-block-column is-layout-flow wp-block-column-is-layout-flow\">\n<h2 class=\"wp-block-heading\">RSE<\/h2>\n\n\n\n<p>Responsabilit\u00e9 Sociale des Entreprises<\/p>\n\n\n\n<p><em>\u00ab\u00a0Cr\u00e9er une entreprise solide et construire un monde meilleur ne sont pas des objectifs contradictoires&#8230;\u00a0\u00bb<\/em><\/p>\n\n\n\n<p> <strong>@William Clay Ford Jr<\/strong><\/p>\n\n\n\n<p><strong><a href=\"https:\/\/www.wecity.com\/rsc\/\">plus d&rsquo;information &gt;<\/a><\/strong><\/p>\n<\/div>\n<\/div>\n<\/div><\/div>\n","protected":false},"excerpt":{"rendered":"<p>\u00c9quipe Nous sommes une \u00e9quipe pluridisciplinaire avec une vaste exp\u00e9rience dans les secteurs de l&rsquo;immobilier et du num\u00e9rique. Nous avons [&hellip;]<\/p>\n","protected":false},"author":1,"featured_media":0,"parent":0,"menu_order":8,"comment_status":"closed","ping_status":"closed","template":"","meta":{"_acf_changed":false,"footnotes":""},"class_list":["post-4909","page","type-page","status-publish","hentry"],"acf":[],"_links":{"self":[{"href":"https:\/\/www.wecity.com\/fr\/wp-json\/wp\/v2\/pages\/4909","targetHints":{"allow":["GET"]}}],"collection":[{"href":"https:\/\/www.wecity.com\/fr\/wp-json\/wp\/v2\/pages"}],"about":[{"href":"https:\/\/www.wecity.com\/fr\/wp-json\/wp\/v2\/types\/page"}],"author":[{"embeddable":true,"href":"https:\/\/www.wecity.com\/fr\/wp-json\/wp\/v2\/users\/1"}],"replies":[{"embeddable":true,"href":"https:\/\/www.wecity.com\/fr\/wp-json\/wp\/v2\/comments?post=4909"}],"version-history":[{"count":2,"href":"https:\/\/www.wecity.com\/fr\/wp-json\/wp\/v2\/pages\/4909\/revisions"}],"predecessor-version":[{"id":5153,"href":"https:\/\/www.wecity.com\/fr\/wp-json\/wp\/v2\/pages\/4909\/revisions\/5153"}],"wp:attachment":[{"href":"https:\/\/www.wecity.com\/fr\/wp-json\/wp\/v2\/media?parent=4909"}],"curies":[{"name":"wp","href":"https:\/\/api.w.org\/{rel}","templated":true}]}}