{"id":4888,"date":"2023-02-12T10:54:21","date_gmt":"2023-02-12T09:54:21","guid":{"rendered":"https:\/\/www.wecity.com\/politica-de-cookies\/"},"modified":"2026-01-29T17:36:33","modified_gmt":"2026-01-29T16:36:33","slug":"politica-de-cookies","status":"publish","type":"page","link":"https:\/\/www.wecity.com\/fr\/politica-de-cookies\/","title":{"rendered":"Politique de cookies"},"content":{"rendered":"\n<p><strong><strong>Mode d&#8217;emploi<\/strong><\/strong><\/p>\n\n\n\n<p>L&rsquo;utilisation de cookies et de tout autre dispositif ou \u00e9l\u00e9ment de suivi des informations des utilisateurs des pages web est principalement r\u00e9glement\u00e9e par la loi sur les services de la soci\u00e9t\u00e9 de l&rsquo;information, la r\u00e9glementation sur la protection des donn\u00e9es et d&rsquo;autres l\u00e9gislations qui ont ajout\u00e9 des dispositions relatives \u00e0 l&rsquo;utilisation des cookies. Pour toutes ces raisons, l&rsquo;Agence a \u00e9labor\u00e9 un guide de conformit\u00e9 relatif aux cookies qui impose \u00e0 tous les sites web les exigences suivantes:<\/p>\n\n\n\n<p>Informations sur chacun des cookies utilis\u00e9s sur le site web, indiquant leur finalit\u00e9, leur fournisseur (s&rsquo;ils ne sont pas propres au site) et leur dur\u00e9e de validit\u00e9. Ces informations peuvent \u00eatre accessibles dans le panneau de configuration mentionn\u00e9 dans le paragraphe pr\u00e9c\u00e9dent ou dans une politique de confidentialit\u00e9.<\/p>\n\n\n\n<p>Une fen\u00eatre contextuelle initiale d&rsquo;information sur l&rsquo;utilisation des cookies, dans laquelle il est possible d&rsquo;accepter ou de refuser l&rsquo;utilisation des cookies sur l&rsquo;ordinateur. Ce panneau ne doit pas permettre la navigation tant que tous les cookies n&rsquo;ont pas \u00e9t\u00e9 accept\u00e9s ou qu&rsquo;un panneau de configuration des cookies n&rsquo;a pas \u00e9t\u00e9 consult\u00e9.<\/p>\n\n\n\n<p>Le panneau de configuration des cookies est une fen\u00eatre qui permet d&rsquo;accorder ou de retirer facilement son consentement pour chaque type ou cat\u00e9gorie de cookie. Pour chaque cat\u00e9gorie, il doit y avoir des informations d\u00e9taill\u00e9es sur sa finalit\u00e9, qui peuvent figurer dans le m\u00eame panneau ou dans une politique distincte relative aux cookies.<\/p>\n\n\n\n<p><strong><strong>Fen\u00eatre contextuelle<\/strong><\/strong><\/p>\n\n\n\n<figure class=\"wp-block-image\"><img decoding=\"async\" width=\"1024\" height=\"528\" src=\"https:\/\/www.wecity.com\/wp-content\/uploads\/2026\/01\/Captura-de-pantalla-2026-01-29-a-las-16.03.57-1024x528.png\" alt=\"\" class=\"wp-image-23795\" srcset=\"https:\/\/www.wecity.com\/wp-content\/uploads\/2026\/01\/Captura-de-pantalla-2026-01-29-a-las-16.03.57-1024x528.png 1024w, https:\/\/www.wecity.com\/wp-content\/uploads\/2026\/01\/Captura-de-pantalla-2026-01-29-a-las-16.03.57-300x155.png 300w, https:\/\/www.wecity.com\/wp-content\/uploads\/2026\/01\/Captura-de-pantalla-2026-01-29-a-las-16.03.57-768x396.png 768w, https:\/\/www.wecity.com\/wp-content\/uploads\/2026\/01\/Captura-de-pantalla-2026-01-29-a-las-16.03.57-1536x792.png 1536w, https:\/\/www.wecity.com\/wp-content\/uploads\/2026\/01\/Captura-de-pantalla-2026-01-29-a-las-16.03.57.png 1808w\" sizes=\"(max-width: 1024px) 100vw, 1024px\" \/><\/figure>\n\n\n\n<p><strong><strong>Panneau de configuration<\/strong><\/strong><\/p>\n\n\n\n<figure class=\"wp-block-image\"><img decoding=\"async\" width=\"984\" height=\"1024\" src=\"https:\/\/www.wecity.com\/wp-content\/uploads\/2026\/01\/Captura-de-pantalla-2026-01-29-a-las-16.04.32-984x1024.png\" alt=\"\" class=\"wp-image-23800\" srcset=\"https:\/\/www.wecity.com\/wp-content\/uploads\/2026\/01\/Captura-de-pantalla-2026-01-29-a-las-16.04.32-984x1024.png 984w, https:\/\/www.wecity.com\/wp-content\/uploads\/2026\/01\/Captura-de-pantalla-2026-01-29-a-las-16.04.32-288x300.png 288w, https:\/\/www.wecity.com\/wp-content\/uploads\/2026\/01\/Captura-de-pantalla-2026-01-29-a-las-16.04.32-768x799.png 768w, https:\/\/www.wecity.com\/wp-content\/uploads\/2026\/01\/Captura-de-pantalla-2026-01-29-a-las-16.04.32-1476x1536.png 1476w, https:\/\/www.wecity.com\/wp-content\/uploads\/2026\/01\/Captura-de-pantalla-2026-01-29-a-las-16.04.32.png 1812w\" sizes=\"(max-width: 984px) 100vw, 984px\" \/><\/figure>\n\n\n\n<p><strong>Politique en mati\u00e8re de cookies<\/strong><\/p>\n\n\n\n<p>Un cookie est un fichier qui est t\u00e9l\u00e9charg\u00e9 sur votre ordinateur lorsque vous acc\u00e9dez \u00e0 certaines pages web. Les cookies permettent notamment \u00e0 une page web de stocker et de r\u00e9cup\u00e9rer des informations sur les habitudes de navigation d&rsquo;un utilisateur ou de son \u00e9quipement et, en fonction des informations qu&rsquo;ils contiennent et de la mani\u00e8re dont vous utilisez votre \u00e9quipement, ils peuvent \u00eatre utilis\u00e9s pour reconna\u00eetre l&rsquo;utilisateur.<\/p>\n\n\n\n<p>Les cookies sont essentiels au fonctionnement d&rsquo;Internet, car ils offrent d&rsquo;innombrables avantages dans la prestation de services interactifs, facilitant la navigation et l&rsquo;utilisation de notre site web.<\/p>\n\n\n\n<p>Les informations que nous vous fournissons ci-dessous vous aideront \u00e0 comprendre les diff\u00e9rents types de cookies.<\/p>\n\n\n\n<p><strong>Types de cookies<\/strong><\/p>\n\n\n\n<p>Selon l&rsquo;entit\u00e9 qui les g\u00e8re :<\/p>\n\n\n\n<ul class=\"wp-block-list\">\n<li><strong>Cookies propres<\/strong> : ce sont ceux qui sont collect\u00e9s par l&rsquo;\u00e9diteur lui-m\u00eame afin de fournir le service demand\u00e9 par l&rsquo;utilisateur.<\/li>\n\n\n\n<li><strong>Cookies tiers<\/strong> : ce sont ceux qui sont collect\u00e9s et g\u00e9r\u00e9s par un tiers, ils ne peuvent donc pas \u00eatre consid\u00e9r\u00e9s comme propres.<\/li>\n<\/ul>\n\n\n\n<p>Selon la dur\u00e9e pendant laquelle ils restent activ\u00e9s :<\/p>\n\n\n\n<ul class=\"wp-block-list\">\n<li><strong>Cookies de session<\/strong> : ils collectent des donn\u00e9es pendant que l&rsquo;utilisateur navigue sur le r\u00e9seau afin de fournir le service demand\u00e9.<\/li>\n\n\n\n<li><strong>Cookies persistants<\/strong> : ils sont stock\u00e9s sur le terminal et les informations obtenues seront utilis\u00e9es par le responsable du cookie afin de fournir le service demand\u00e9.<\/li>\n<\/ul>\n\n\n\n<p>Selon leur finalit\u00e9 :<\/p>\n\n\n\n<ul class=\"wp-block-list\">\n<li><strong>Cookies techniques<\/strong> : ils sont n\u00e9cessaires \u00e0 la bonne navigation sur le site web.<\/li>\n\n\n\n<li><strong>Cookies de personnalisation<\/strong> : ils permettent \u00e0 l&rsquo;utilisateur de choisir les caract\u00e9ristiques (langue) de navigation sur le site web.<\/li>\n\n\n\n<li><strong>Cookies d&rsquo;analyse<\/strong> : ils permettent au prestataire d&rsquo;analyser la navigation de l&rsquo;utilisateur afin de suivre l&rsquo;utilisation du site web et d&rsquo;\u00e9tablir des statistiques sur les contenus les plus visit\u00e9s, le nombre de visiteurs, etc.<\/li>\n\n\n\n<li><strong>Cookies publicitaires<\/strong> : ils permettent \u00e0 l&rsquo;\u00e9diteur d&rsquo;inclure des espaces publicitaires sur le site web, en fonction du contenu de celui-ci.<\/li>\n\n\n\n<li><strong>Cookies de publicit\u00e9 comportementale<\/strong> : ils permettent \u00e0 l&rsquo;\u00e9diteur d&rsquo;inclure des espaces publicitaires sur le site web, en fonction des informations obtenues gr\u00e2ce aux habitudes de navigation de l&rsquo;utilisateur.<\/li>\n<\/ul>\n\n\n\n<p>Conform\u00e9ment aux dispositions de l&rsquo;article 22.2 de la loi 34\/2002 du 11 juillet relative aux services de la soci\u00e9t\u00e9 de l&rsquo;information et au commerce \u00e9lectronique (LSSI-CE), CITYPRIVE PSFP, S.L.U. informe des cookies utilis\u00e9s sur notre site web :<\/p>\n\n\n\n<ul class=\"wp-block-list\">\n<li><strong>Cookies techniques<\/strong> : cookies propres, cookies persistants.<\/li>\n\n\n\n<li><strong>Cookies de personnalisation<\/strong> : cookies propres, cookies persistants.<\/li>\n\n\n\n<li><strong>Cookies d&rsquo;analyse<\/strong> : cookies tiers, cookies de session, cookies persistants.<\/li>\n<\/ul>\n\n\n\n<p>Le tableau ci-dessous r\u00e9pertorie les cookies que nous utilisons:<\/p>\n\n\n\n<figure class=\"wp-block-image\"><img decoding=\"async\" width=\"692\" height=\"1024\" src=\"https:\/\/www.wecity.com\/wp-content\/uploads\/2026\/01\/Tabla-Cookies-1-692x1024.jpg\" alt=\"\" class=\"wp-image-23828\" srcset=\"https:\/\/www.wecity.com\/wp-content\/uploads\/2026\/01\/Tabla-Cookies-1-692x1024.jpg 692w, https:\/\/www.wecity.com\/wp-content\/uploads\/2026\/01\/Tabla-Cookies-1-203x300.jpg 203w, https:\/\/www.wecity.com\/wp-content\/uploads\/2026\/01\/Tabla-Cookies-1-768x1137.jpg 768w, https:\/\/www.wecity.com\/wp-content\/uploads\/2026\/01\/Tabla-Cookies-1-1037x1536.jpg 1037w, https:\/\/www.wecity.com\/wp-content\/uploads\/2026\/01\/Tabla-Cookies-1-1383x2048.jpg 1383w, https:\/\/www.wecity.com\/wp-content\/uploads\/2026\/01\/Tabla-Cookies-1.jpg 1560w\" sizes=\"(max-width: 692px) 100vw, 692px\" \/><\/figure>\n\n\n\n<p>Vous pouvez d\u00e9sactiver l&rsquo;utilisation des cookies lorsque vous le jugez opportun via les options de configuration\/r\u00e9glage de votre navigateur, de mani\u00e8re \u00e0 pouvoir bloquer, restreindre, d\u00e9sactiver ou supprimer l&rsquo;acceptation des cookies. Toutefois, nous vous rappelons que si vous d\u00e9cidez de modifier la configuration des cookies, le service fourni par le site web pourrait \u00eatre partiellement ou totalement affect\u00e9.<\/p>\n\n\n\n<p>Nous vous informons que vous avez la possibilit\u00e9 de configurer votre navigateur de mani\u00e8re \u00e0 \u00eatre inform\u00e9 de la r\u00e9ception de cookies et, si vous le souhaitez, d&#8217;emp\u00eacher leur installation sur votre disque dur.<\/p>\n\n\n\n<p>Vous trouverez ci-dessous les liens vers diff\u00e9rents navigateurs, \u00e0 partir desquels vous pouvez effectuer cette configuration :<\/p>\n\n\n\n<ul class=\"wp-block-list\">\n<li>Firefox \u00e0 partir d&rsquo;<a href=\"http:\/\/support.mozilla.org\/es\/kb\/habilitar-y-deshabilitar-cookies-que-los-sitios-we\" rel=\"nofollow noopener\" target=\"_blank\">ici<\/a>.<\/li>\n\n\n\n<li>Chrome depuis <a href=\"http:\/\/support.google.com\/chrome\/bin\/answer.py?hl=es&amp;answer=95647\" rel=\"nofollow noopener\" target=\"_blank\">ici<\/a>.<\/li>\n\n\n\n<li>Explorer depuis <a href=\"http:\/\/windows.microsoft.com\/es-es\/internet-explorer\/delete-manage-cookies#ie=ie-10\" rel=\"nofollow noopener\" target=\"_blank\">ici<\/a>.<\/li>\n\n\n\n<li>Safari depuis <a href=\"https:\/\/support.apple.com\/kb\/ph17191?locale=es_ES\" rel=\"nofollow noopener\" target=\"_blank\">ici<\/a>.<\/li>\n\n\n\n<li>Opera depuis <a href=\"http:\/\/help.opera.com\/Windows\/11.50\/es-ES\/cookies.html\" rel=\"nofollow noopener\" target=\"_blank\">ici<\/a>.<\/li>\n<\/ul>\n\n\n\n<p>Nous utilisons les cookies de Google Analytics<\/p>\n\n\n\n<p>Nous mesurons de mani\u00e8re anonyme l&rsquo;utilisation du site web afin d&rsquo;am\u00e9liorer votre exp\u00e9rience utilisateur gr\u00e2ce \u00e0 l&rsquo;outil Google Analytics<\/p>\n\n\n\n<p>Google Analytics stocke des cookies afin de pouvoir \u00e9tablir des statistiques sur le trafic et le volume de visites de ce site web. En utilisant ce site web, vous consentez au traitement des informations vous concernant par Google. Par cons\u00e9quent, pour exercer tout droit \u00e0 cet \u00e9gard, vous devez contacter directement Google.<\/p>\n\n\n\n<p>Les cookies de Google Analytics sont stock\u00e9s sur des serveurs situ\u00e9s aux \u00c9tats-Unis et ne sont pas partag\u00e9s avec des tiers, sauf dans les cas o\u00f9 cela est n\u00e9cessaire pour le fonctionnement du syst\u00e8me ou lorsque la loi l&rsquo;exige. Selon Google, votre adresse IP n&rsquo;est pas enregistr\u00e9e.<\/p>\n\n\n\n<p>Google Inc. est une soci\u00e9t\u00e9 adh\u00e9rant au \u00ab Data Privacy Framework \u00bb (bouclier de protection des donn\u00e9es) qui garantit que toutes les donn\u00e9es transf\u00e9r\u00e9es seront trait\u00e9es avec un niveau de protection conforme \u00e0 la r\u00e9glementation europ\u00e9enne.<\/p>\n\n\n\n<p>Vous pouvez consulter des informations d\u00e9taill\u00e9es \u00e0 ce sujet via le <a href=\"https:\/\/support.google.com\/analytics\/answer\/6004245\" rel=\"nofollow noopener\" target=\"_blank\">lien suivant<\/a>.<\/p>\n\n\n\n<p>Si vous le souhaitez, vous pouvez utiliser le module compl\u00e9mentaire de d\u00e9sactivation pour les navigateurs de Google Analytics, dont les instructions permettent de refuser les cookies analytiques de ce service dans tous les navigateurs.<\/p>\n\n\n\n<p>Vous pouvez consulter plus d&rsquo;informations \u00e0 ce sujet en cliquant sur le <a href=\"https:\/\/tools.google.com\/dlpage\/gaoptout\" rel=\"nofollow noopener\" target=\"_blank\">lien suivant<\/a>.<\/p>\n","protected":false},"excerpt":{"rendered":"<p>Mode d&#8217;emploi L&rsquo;utilisation de cookies et de tout autre dispositif ou \u00e9l\u00e9ment de suivi des informations des utilisateurs des pages web est principalement r\u00e9glement\u00e9e par la loi sur les services [&hellip;]<\/p>\n","protected":false},"author":1,"featured_media":0,"parent":0,"menu_order":0,"comment_status":"closed","ping_status":"closed","template":"","meta":{"_acf_changed":false,"footnotes":""},"class_list":["post-4888","page","type-page","status-publish","hentry"],"acf":[],"_links":{"self":[{"href":"https:\/\/www.wecity.com\/fr\/wp-json\/wp\/v2\/pages\/4888","targetHints":{"allow":["GET"]}}],"collection":[{"href":"https:\/\/www.wecity.com\/fr\/wp-json\/wp\/v2\/pages"}],"about":[{"href":"https:\/\/www.wecity.com\/fr\/wp-json\/wp\/v2\/types\/page"}],"author":[{"embeddable":true,"href":"https:\/\/www.wecity.com\/fr\/wp-json\/wp\/v2\/users\/1"}],"replies":[{"embeddable":true,"href":"https:\/\/www.wecity.com\/fr\/wp-json\/wp\/v2\/comments?post=4888"}],"version-history":[{"count":1,"href":"https:\/\/www.wecity.com\/fr\/wp-json\/wp\/v2\/pages\/4888\/revisions"}],"predecessor-version":[{"id":23842,"href":"https:\/\/www.wecity.com\/fr\/wp-json\/wp\/v2\/pages\/4888\/revisions\/23842"}],"wp:attachment":[{"href":"https:\/\/www.wecity.com\/fr\/wp-json\/wp\/v2\/media?parent=4888"}],"curies":[{"name":"wp","href":"https:\/\/api.w.org\/{rel}","templated":true}]}}