{"id":4884,"date":"2023-02-12T08:27:42","date_gmt":"2023-02-12T07:27:42","guid":{"rendered":"https:\/\/www.wecity.com\/tarifas\/"},"modified":"2024-01-03T11:52:28","modified_gmt":"2024-01-03T10:52:28","slug":"tarifs","status":"publish","type":"page","link":"https:\/\/www.wecity.com\/fr\/tarifs\/","title":{"rendered":"Conditions Particuli\u00e8res et Tarifs"},"content":{"rendered":"\n<h2 class=\"wp-block-heading\">1. Identification des parties<\/h2>\n\n\n\n<p>Les pr\u00e9sentes Conditions Particuli\u00e8res de Tarifs (ci-apr\u00e8s d\u00e9nomm\u00e9es Conditions Tarifaires) sont souscrites d&rsquo;une part par CityPrive PSFP, S.L. (ci-apr\u00e8s d\u00e9nomm\u00e9e <strong>wecity<\/strong>, la Plateforme ou le site web, indiff\u00e9remment) et d&rsquo;autre part, \u00e0 la fois par le Promoteur qui acc\u00e8de \u00e0 <strong>wecity <\/strong>dans le but d&rsquo;obtenir un financement pour ses projets, et par l&rsquo;Investisseur qui souhaite obtenir une r\u00e9mun\u00e9ration mon\u00e9taire d\u00e9coulant de son investissement dans les projets publi\u00e9s sur le site web.<\/p>\n\n\n\n<h2 class=\"wp-block-heading\">2. Objet&nbsp;<\/h2>\n\n\n\n<p>L&rsquo;objet des pr\u00e9sentes Conditions Particuli\u00e8res de Tarifs est d&rsquo;informer sur les tarifs et les montants des services fournis via <strong>wecity<\/strong>, applicables \u00e0 la fois aux Promoteurs cherchant \u00e0 financer leurs projets via la Plateforme, ainsi qu&rsquo;aux Investisseurs souhaitant investir dans ces projets.&nbsp;<\/p>\n\n\n\n<h3 class=\"wp-block-heading\">3. Frais pour les promoteurs<\/h3>\n\n\n\n<p><strong>3.1. Services principaux<\/strong><\/p>\n\n\n\n<p>Set-Up Fee: en tant que plateforme de financement participatif, <strong>wecity <\/strong>fournira au Promoteur les services principaux de r\u00e9ception, de s\u00e9lection et de publication du projet propos\u00e9, en cas de d\u00e9passement de la phase d&rsquo;analyse, dont les conditions de proc\u00e9dure d&rsquo;\u00e9valuation et de publication de projets sont sp\u00e9cifi\u00e9es \u00e0 la fois dans les Conditions G\u00e9n\u00e9rales pour les Promoteurs et dans les Conditions G\u00e9n\u00e9rales pour les Services de Financement Participatif. Les frais engendr\u00e9s par ce service seront pay\u00e9s par le Promoteur qui les contracte lors de la publication du Projet, dont les frais s&rsquo;\u00e9l\u00e8vent \u00e0 900 \u20ac par projet. Ces frais peuvent \u00eatre r\u00e9duits.<\/p>\n\n\n\n<p>% pour le succ\u00e8s du financement accord\u00e9: En plus de ce qui pr\u00e9c\u00e8de, <strong>wecity <\/strong>facturera au Promoteur une commission de succ\u00e8s, c&rsquo;est-\u00e0-dire une somme d&rsquo;argent en fonction de la r\u00e9ussite du financement demand\u00e9 par le Promoteur via la Plateforme, qui sera calcul\u00e9e sur le total de l&rsquo;investissement r\u00e9uni pour le projet en question. Les frais engendr\u00e9s par ce succ\u00e8s seront compris entre 3% et 8% du financement accord\u00e9.<\/p>\n\n\n\n<p><strong>3.2. Services auxiliaires<\/strong><\/p>\n\n\n\n<p>En ce qui concerne les services auxiliaires fournis par <strong>wecity <\/strong>aux promoteurs, nous renvoyons aux dispositions des Conditions G\u00e9n\u00e9rales pour les Services de Financement Participatif. Toutefois, les tarifs applicables aux promoteurs pour ces services seront les suivants :<\/p>\n\n\n\n<p>I. Conseil aux promoteurs concernant la publication du projet : 2 000 \u20ac\/projet<\/p>\n\n\n\n<p>II. Analyse du projet et rapport de viabilit\u00e9 : 900 \u20ac\/projet<\/p>\n\n\n\n<p>III. Mise en place de canaux de communication : 990 \u20ac\/projet<\/p>\n\n\n\n<p>IV. Mod\u00e8les de contrat : 150 \u20ac\/projet<\/p>\n\n\n\n<p>V. Formalisation des contrats de souscription de parts : 100 \u20ac\/investisseur jusqu&rsquo;\u00e0 un maximum de 990 \u20ac\/projet<\/p>\n\n\n\n<p>VI. Frais de recouvrement des impay\u00e9s : 1 % du montant r\u00e9clam\u00e9.<\/p>\n\n\n\n<h3 class=\"wp-block-heading\">4. Frais aux investisseurs (gratuit)<\/h3>\n\n\n\n<p>\u00c0 <strong>wecity<\/strong>, nous ne facturons aucun frais pour la prestation de services auxiliaires \u00e0 nos Utilisateurs Investisseurs. Ainsi, nous fournissons les services suivants aux investisseurs de mani\u00e8re totalement gratuite :<\/p>\n\n\n\n<p>Transmission d&rsquo;informations aux investisseurs : la Plateforme transmettra aux investisseurs des informations p\u00e9riodiques du Promoteur (analogues ou compl\u00e9mentaires \u00e0 celles pr\u00e9alablement fournies via les canaux de communication) sur l&rsquo;\u00e9volution du projet, ainsi que sur les \u00e9v\u00e9nements sociaux les plus importants jusqu&rsquo;\u00e0 la fin de la ronde d&rsquo;investissement, c&rsquo;est-\u00e0-dire jusqu&rsquo;\u00e0 ce que l&rsquo;acte authentique d&rsquo;augmentation de capital qui concr\u00e9tise l&rsquo;investissement soit enregistr\u00e9 au Registre du Commerce, moment o\u00f9 ce service se terminera.<\/p>\n\n\n\n<p>Formalisation des contrats de souscription de parts : <strong>wecity <\/strong>pr\u00e9parera un mod\u00e8le de contrat d&rsquo;Investissement avec le financement, apportant une valeur ajout\u00e9e pour garantir le financement et r\u00e9glementer les int\u00e9r\u00eats, droits et obligations du Promoteur et des Investisseurs.<\/p>\n\n\n\n<p>Ce contrat sera accompagn\u00e9 d&rsquo;un mandat pr\u00e9alable en faveur de <strong>wecity <\/strong>de la part des Investisseurs, afin que <strong>wecity <\/strong>puisse signer au nom de tous les investisseurs le contrat d&rsquo;Investissement avec le Promoteur. Ce service sera pris en charge par le Promoteur.<\/p>\n\n\n\n<h3 class=\"wp-block-heading\">5. Mode de facturation&nbsp;<\/h3>\n\n\n\n<p><strong>5.1.Passerelle de paiement<\/strong><\/p>\n\n\n\n<p>La passerelle de paiement par laquelle les fonds des investisseurs seront transf\u00e9r\u00e9s au Promoteur, et par laquelle les investisseurs recevront la r\u00e9mun\u00e9ration des capitaux investis via <strong>wecity<\/strong>, sera g\u00e9r\u00e9e par Lemonway avec le num\u00e9ro de licence : 16 568 J.<\/p>\n\n\n\n<p><strong>5.2. Admission des Promoteurs et des Investisseurs<\/strong><\/p>\n\n\n\n<p>I. <strong>wecity <\/strong>re\u00e7oit la demande d&rsquo;ouverture d&rsquo;un wallet d&rsquo;un Promoteur lors de la pr\u00e9sentation et de la publication d&rsquo;un Projet, puis transmet les donn\u00e9es du Promoteur \u00e0 la passerelle de paiement Lemonway.<\/p>\n\n\n\n<p>II. Lemonway v\u00e9rifie et valide les informations transmises par <strong>wecity <\/strong>et cr\u00e9e le wallet du projet et\/ou du Promoteur, en lui attribuant une identit\u00e9 utilisateur et une identification du wallet du Promoteur, puis envoie ces donn\u00e9es \u00e0 <strong>wecity<\/strong>.<\/p>\n\n\n\n<p>III. <strong>wecity <\/strong>enregistre les informations mentionn\u00e9es ci-dessus dans sa base de donn\u00e9es et re\u00e7oit une demande d&rsquo;inscription d&rsquo;un Investisseur. Ensuite, <strong>wecity <\/strong>collecte les donn\u00e9es de l&rsquo;Investisseur, ainsi que des informations sur l&rsquo;accr\u00e9ditation de l&rsquo;Investisseur, et transmet \u00e9galement les donn\u00e9es de l&rsquo;Investisseur \u00e0 Lemonway.<\/p>\n\n\n\n<p>IV. Lemonway v\u00e9rifie et valide les informations transmises par <strong>wecity <\/strong>et cr\u00e9e le portefeuille \u00e9lectronique de l&rsquo;Investisseur. Ensuite, Lemonway attribue \u00e0 l&rsquo;Investisseur une identit\u00e9 utilisateur et une identification du portefeuille \u00e9lectronique en tant qu&rsquo;Investisseur, puis envoie ces donn\u00e9es \u00e0 <strong>wecity<\/strong>.<\/p>\n\n\n\n<p><strong>5.3. Ex\u00e9cution de l&rsquo;investissement par l&rsquo;investisseur<\/strong><\/p>\n\n\n\n<p>Une fois que l&rsquo;investisseur indique \u00e0 <strong>wecity <\/strong>qu&rsquo;il souhaite investir, il peut choisir le mode de paiement :<\/p>\n\n\n\n<p>I. Par carte de d\u00e9bit ou de cr\u00e9dit.<\/p>\n\n\n\n<p>Dans ce cas, l&rsquo;investisseur communique \u00e0 Lemonway les donn\u00e9es de la carte, soit directement, soit indirectement par le biais de <strong>wecity<\/strong>. Lemonway v\u00e9rifie la carte et \u00e9met un code unique pour l&rsquo;utiliser lors d&rsquo;un seul paiement\/d\u00e9bit, puis envoie ce code \u00e0 <strong>wecity <\/strong>(code faisant r\u00e9f\u00e9rence \u00e0 un montant d&rsquo;argent sp\u00e9cifique).<\/p>\n\n\n\n<p>Ensuite, <strong>wecity<\/strong>, en utilisant le code envoy\u00e9, d\u00e9bite la carte conform\u00e9ment \u00e0 la demande de l&rsquo;investisseur et cr\u00e9dite le montant investi sur le portefeuille \u00e9lectronique de l&rsquo;investisseur. Lemonway envoie ensuite \u00e0 <strong>wecity <\/strong>la confirmation de la transaction, et <strong>wecity <\/strong>enregistre cette information.<\/p>\n\n\n\n<p>II. Virement bancaire \u00e9lectronique.<\/p>\n\n\n\n<p>Avec ce mode de paiement, <strong>wecity <\/strong>transmet \u00e0 Lemonway les donn\u00e9es de l&rsquo;investisseur souhaitant investir, et Lemonway envoie \u00e0 l&rsquo;investisseur, via la Plateforme, les coordonn\u00e9es bancaires du compte de paiement pour effectuer le virement bancaire. Ensuite, l&rsquo;investisseur effectue un virement bancaire vers ce compte avec le montant de l&rsquo;investissement, et Lemonway re\u00e7oit cette somme sur son compte bancaire, en l&rsquo;enregistrant sur le portefeuille \u00e9lectronique pr\u00e9c\u00e9demment ouvert pour l&rsquo;investisseur.<\/p>\n\n\n\n<p>Plus tard, Lemonway notifie \u00e0 <strong>wecity <\/strong>l&rsquo;ex\u00e9cution de la transaction et envoie les informations correspondantes, que <strong>wecity <\/strong>enregistre.<\/p>\n\n\n\n<p><strong>5.4. Objetif pr\u00e9vu d&rsquo;investissement<\/strong><\/p>\n\n\n\n<p>A) Si l&rsquo;objectif d&rsquo;investissement pr\u00e9d\u00e9fini dans le projet est atteint (ou si l&rsquo;objectif minimum de 90 % de l&rsquo;investissement demand\u00e9 dans le projet est atteint) :<\/p>\n\n\n\n<p>I. <strong>wecity <\/strong>mesurera le d\u00e9lai initialement fix\u00e9 pour atteindre l&rsquo;investissement dans le projet et v\u00e9rifiera si 100 % ou au moins 90 % de l&rsquo;investissement ont \u00e9t\u00e9 atteints dans les portefeuilles \u00e9lectroniques des investisseurs \u00e0 l&rsquo;expiration du d\u00e9lai fix\u00e9 dans le projet publi\u00e9 sur le site web.<\/p>\n\n\n\n<p>II. Une fois le crit\u00e8re pr\u00e9c\u00e9dent rempli, <strong>wecity <\/strong>examinera et validera, dans les 72 heures suivantes, les termes des accords d&rsquo;investissement liant les futurs actionnaires ou partenaires aux entreprises (promoteurs) dans lesquelles ils vont entrer.<\/p>\n\n\n\n<p>III. <strong>wecity <\/strong>signera, dans les 72 heures suivantes la validation pr\u00e9c\u00e9dente, si elle en a re\u00e7u la demande de la part des investisseurs, le contrat de souscription de parts sociales avec le promoteur, au nom et pour le compte des investisseurs, sur la base d&rsquo;un accord pr\u00e9alable entre le promoteur et les investisseurs.<\/p>\n\n\n\n<p>B) 48 heures apr\u00e8s la validation des accords d&rsquo;investissement (et, le cas \u00e9ch\u00e9ant, 48 heures apr\u00e8s la souscription du contrat de souscription de parts sociales avec le promoteur), la somme investie et collect\u00e9e est transf\u00e9r\u00e9e du portefeuille \u00e9lectronique du promoteur sur son compte bancaire, de la mani\u00e8re suivante :<\/p>\n\n\n\n<p>I. <strong>wecity <\/strong>transmet l&rsquo;ordre \u00e0 Lemonway de transf\u00e9rer du portefeuille \u00e9lectronique de chaque investisseur la somme engag\u00e9e par chacun d&rsquo;eux vers le portefeuille \u00e9lectronique du promoteur. \u00c9tant donn\u00e9 que le promoteur a fourni, directement ou indirectement, ses coordonn\u00e9es bancaires \u00e0 la plateforme de paiement, Lemonway envoie \u00e0 <strong>wecity <\/strong>les informations d&rsquo;identification du compte bancaire du promoteur, que wecity stocke.<\/p>\n\n\n\n<p>II. <strong>wecity <\/strong>donne l&rsquo;ordre de transf\u00e9rer les fonds du portefeuille \u00e9lectronique du promoteur sur son compte bancaire (environ 48 heures plus tard), et Lemonway envoie \u00e0 <strong>wecity <\/strong>les informations sur le transfert effectu\u00e9. Par la suite, <strong>wecity <\/strong>pr\u00e9l\u00e8ve 5 % de la somme investie sur le compte bancaire du promoteur (environ 48 heures plus tard).<\/p>\n\n\n\n<p>C) Dans tous les cas, <strong>wecity <\/strong>veillera \u00e0 ce que la banque du promoteur n&rsquo;autorise pas la disposition des fonds re\u00e7us sur son compte bancaire avant de recevoir une copie de l&rsquo;acte d&rsquo;augmentation du capital social enregistr\u00e9 au registre du commerce comp\u00e9tent.<\/p>\n\n\n\n<h2 class=\"wp-block-heading\">6. Financement d&rsquo;un project<\/h2>\n\n\n\n<p><strong>6.1. Financiaci\u00f3n exitosa de un proyecto: proceso de ampliaci\u00f3n de capital social&nbsp;<\/strong><\/p>\n\n\n\n<p>A) Dans le cas o\u00f9 un projet atteint le capital cible, le promoteur doit proc\u00e9der \u00e0 une augmentation de capital devant notaire, en pr\u00e9sence de ses nouveaux partenaires investisseurs. Ce processus se d\u00e9roule avec l&rsquo;aide et la supervision de l&rsquo;\u00e9quipe juridique de <strong>wecity <\/strong>selon la proc\u00e9dure suivante :<\/p>\n\n\n\n<p>I. Proc\u00e8s-verbal de l&rsquo;Assembl\u00e9e g\u00e9n\u00e9rale extraordinaire des associ\u00e9s\/actionnaires de la soci\u00e9t\u00e9 promotrice, contenant les accords relatifs \u00e0 l&rsquo;augmentation du capital social.<\/p>\n\n\n\n<p>II. R\u00e9union du capital investi (capital dont le financement a \u00e9t\u00e9 collect\u00e9 par le biais de <strong>wecity<\/strong>) sur le compte bancaire du promoteur, par transfert depuis le portefeuille \u00e9lectronique du projet ouvert chez Lemonway.<\/p>\n\n\n\n<p>III. \u00c9mission d&rsquo;un certificat par la banque du promoteur, attestant des identit\u00e9s des investisseurs et des montants investis, en tant que document \u00e0 pr\u00e9senter au notaire, indiquant les sommes re\u00e7ues sur le compte bancaire du promoteur en vue d&rsquo;une future op\u00e9ration d&rsquo;augmentation du capital social.<\/p>\n\n\n\n<p>IV. Certification du proc\u00e8s-verbal et publicit\u00e9 de l&rsquo;op\u00e9ration d&rsquo;augmentation de capital devant notaire par le promoteur.<\/p>\n\n\n\n<p>V. Pr\u00e9sentation de l&rsquo;op\u00e9ration d&rsquo;augmentation de capital au registre du commerce.<\/p>\n\n\n\n<p>B) <strong>wecity <\/strong>veillera \u00e0 ce que la banque du promoteur n&rsquo;autorise pas la disposition des fonds re\u00e7us tant qu&rsquo;elle n&rsquo;aura pas re\u00e7u une copie de l&rsquo;acte d&rsquo;augmentation du capital social enregistr\u00e9 aupr\u00e8s du registre du commerce comp\u00e9tent.<\/p>\n\n\n\n<p><strong>6.2. Financement non r\u00e9ussi&nbsp;<\/strong><\/p>\n\n\n\n<p>En cas de financement non r\u00e9ussi, les fonds seront restitu\u00e9s aux investisseurs de la mani\u00e8re suivante :<\/p>\n\n\n\n<p>I. Pour chaque investisseur et investissement demandant le retrait des fonds directement sur leur compte bancaire, <strong>wecity <\/strong>enverra \u00e0 Lemonway soit un ordre de remboursement (si l&rsquo;investisseur a effectu\u00e9 le paiement par carte), soit un ordre de transfert bancaire \u00e9lectronique (si les fonds ont \u00e9t\u00e9 envoy\u00e9s de la m\u00eame mani\u00e8re).<\/p>\n\n\n\n<p>II. Lemonway transf\u00e9rera les fonds initialement destin\u00e9s au projet, du portefeuille \u00e9lectronique de l&rsquo;investisseur directement vers la carte bancaire ou le compte bancaire de l&rsquo;investisseur dans un d\u00e9lai de 24 \u00e0 48 heures, sans frais pour l&rsquo;investisseur.<\/p>\n\n\n\n<p>Lemonway enverra les donn\u00e9es et l&rsquo;identifiant de ces op\u00e9rations \u00e0 <strong>wecity <\/strong>pour qu&rsquo;ils les enregistrent et les conservent.<\/p>\n\n\n\n<h2 class=\"wp-block-heading\">7. Indemnisation<\/h2>\n\n\n\n<p>7.1. Le Titulaire peut sanctionner tout Client (qu&rsquo;il s&rsquo;agisse d&rsquo;un Promoteur ou d&rsquo;un Investisseur) qui enfreint les conditions qui lui sont applicables en lui interdisant l&rsquo;acc\u00e8s temporaire ou permanent au site web. La dur\u00e9e de la sanction d\u00e9pendra du type d&rsquo;infraction commise. La restriction d&rsquo;acc\u00e8s n&rsquo;entra\u00eenera en aucun cas le droit \u00e0 une indemnisation.<\/p>\n\n\n\n<p>7.2. Tout dommage, pr\u00e9judice, perte ou frais (y compris les honoraires d&rsquo;avocats et\/ou de huissiers) d\u00e9coulant d&rsquo;une violation des pr\u00e9sentes Conditions par l&rsquo;Utilisateur ou de toute autre condition applicable, pour laquelle <strong>wecity <\/strong>serait responsable, doit \u00eatre indemnis\u00e9 par l&rsquo;Utilisateur \u00e0 l&rsquo;origine de cette violation. Cela inclut toute r\u00e9clamation de tiers d\u00e9coulant de ces violations.<\/p>\n\n\n\n<h2 class=\"wp-block-heading\">8. Modifications<\/h2>\n\n\n\n<p>Les pr\u00e9sentes Conditions peuvent \u00eatre modifi\u00e9es et\/ou mises \u00e0 jour \u00e0 tout moment sans pr\u00e9avis. Les modifications apport\u00e9es entreront en vigueur \u00e0 partir de leur publication sur le site web, quel que soit le moyen et la forme utilis\u00e9s \u00e0 cet effet.<\/p>\n\n\n\n<p>La modification n&rsquo;affectera que les Clients qui les auront accept\u00e9es apr\u00e8s ladite modification.<\/p>\n\n\n\n<h2 class=\"wp-block-heading\">9. Autres questions<\/h2>\n\n\n\n<p><strong>9.1. Sauvegarde et interpretation<\/strong><\/p>\n\n\n\n<p>Si l&rsquo;Autorit\u00e9 comp\u00e9tente d\u00e9clare l&rsquo;une de ces dispositions ill\u00e9gale, invalide ou inapplicable, cela signifiera qu&rsquo;elle doit \u00eatre interpr\u00e9t\u00e9e de la mani\u00e8re la plus proche de l&rsquo;intention originale de ladite disposition. En tout cas, une telle d\u00e9claration concernant une ou plusieurs clauses n&rsquo;affectera pas la validit\u00e9 des autres.<\/p>\n\n\n\n<p>Le fait que le Titulaire ne demande pas strictement le respect de l&rsquo;une des conditions de ces Conditions ne constitue en aucun cas une renonciation de sa part \u00e0 l&rsquo;exiger \u00e0 l&rsquo;avenir.<\/p>\n\n\n\n<p><strong>9.2. La langue<\/strong><\/p>\n\n\n\n<p>La langue applicable \u00e0 ces Conditions est l&rsquo;espagnol. Si des versions dans d&rsquo;autres langues telles que l&rsquo;anglais sont fournies, cela ne le sera que par pure courtoisie et pour plus de commodit\u00e9 pour l&rsquo;Utilisateur. En cas de contradiction, la version en espagnol pr\u00e9vaudra.<\/p>\n\n\n\n<p><strong>9.3. L\u00e9gislation et juridiction<\/strong><\/p>\n\n\n\n<p>Les relations entre le Titulaire et l&rsquo;Utilisateur seront r\u00e9gies par la l\u00e9gislation espagnole et les divergences ou conflits concernant ces Conditions d\u00e9pendront du fait que l&rsquo;Utilisateur est consid\u00e9r\u00e9 comme consommateur et\/ou utilisateur conform\u00e9ment \u00e0 la r\u00e9glementation applicable.<\/p>\n\n\n\n<p>Si l&rsquo;utilisateur est consid\u00e9r\u00e9 comme consommateur et\/ou utilisateur, les conflits seront soumis aux tribunaux du domicile de l&rsquo;Utilisateur. Dans le cas o\u00f9 il n&rsquo;aurait pas cette condition, les conflits seront d\u00e9termin\u00e9s par les tribunaux de Madrid.<\/p>\n","protected":false},"excerpt":{"rendered":"<p>1. Identification des parties Les pr\u00e9sentes Conditions Particuli\u00e8res de Tarifs (ci-apr\u00e8s d\u00e9nomm\u00e9es Conditions Tarifaires) sont souscrites d&rsquo;une part par CityPrive [&hellip;]<\/p>\n","protected":false},"author":1,"featured_media":0,"parent":0,"menu_order":0,"comment_status":"closed","ping_status":"closed","template":"","meta":{"_acf_changed":false,"footnotes":""},"class_list":["post-4884","page","type-page","status-publish","hentry"],"acf":[],"_links":{"self":[{"href":"https:\/\/www.wecity.com\/fr\/wp-json\/wp\/v2\/pages\/4884","targetHints":{"allow":["GET"]}}],"collection":[{"href":"https:\/\/www.wecity.com\/fr\/wp-json\/wp\/v2\/pages"}],"about":[{"href":"https:\/\/www.wecity.com\/fr\/wp-json\/wp\/v2\/types\/page"}],"author":[{"embeddable":true,"href":"https:\/\/www.wecity.com\/fr\/wp-json\/wp\/v2\/users\/1"}],"replies":[{"embeddable":true,"href":"https:\/\/www.wecity.com\/fr\/wp-json\/wp\/v2\/comments?post=4884"}],"version-history":[{"count":2,"href":"https:\/\/www.wecity.com\/fr\/wp-json\/wp\/v2\/pages\/4884\/revisions"}],"predecessor-version":[{"id":9602,"href":"https:\/\/www.wecity.com\/fr\/wp-json\/wp\/v2\/pages\/4884\/revisions\/9602"}],"wp:attachment":[{"href":"https:\/\/www.wecity.com\/fr\/wp-json\/wp\/v2\/media?parent=4884"}],"curies":[{"name":"wp","href":"https:\/\/api.w.org\/{rel}","templated":true}]}}