{"id":25767,"date":"2025-09-05T09:28:14","date_gmt":"2025-09-05T07:28:14","guid":{"rendered":"https:\/\/www.wecity.com\/ainvest\/"},"modified":"2026-05-11T15:51:29","modified_gmt":"2026-05-11T13:51:29","slug":"ainvest","status":"publish","type":"page","link":"https:\/\/www.wecity.com\/fr\/ainvest\/","title":{"rendered":"AInvest"},"content":{"rendered":"\n    <div class=\"bloque bloque_apertura confoto alignfull apertura-autoinvest\" style=\"background: url(https:\/\/www.wecity.com\/wp-content\/uploads\/2025\/03\/autoinvest-scaled-1.webp) no-repeat right bottom;\">\n\n        <div class=\"bloque_apertura__contenedor\">\n\n            <div class=\"container\">\n\n                <div class=\"bloque_apertura__textos\">\n                    <div>\n\n                        <p><span class=\"ai-destacar\">AI<\/span>nvest<\/p>\n                        <h1 >\n                            Invierte <span>sin complicaciones<\/span> y de forma <span>autom\u00e1tica<\/span>                                                    <\/h1>\n\n                        <p><b><span class=\"ai-destacar\">AI<\/span>nvest<\/b> es una soluci\u00f3n automatizada para invertir en oportunidades de manera diversificada asignando capital de manera eficiente y sistem\u00e1tica. Permite personalizar tu estrategia de inversi\u00f3n estableciendo par\u00e1metros como la cantidad a invertir, el tipo de inter\u00e9s, plazo estimado y nivel de riesgo.<\/p>\n<p>Lee m\u00e1s sobre <b><span class=\"ai-destacar\">AI<\/span>nvest<\/b> <a href=\"https:\/\/www.wecity.com\/autoinversion-informacion\/\" target=\"_blank\" rel=\"noopener\">aqu\u00ed<\/a><\/p>\n\n                            <div class=\"is-layout-flex wp-block-buttons boton boton--normal\">\n                                <div class=\"wp-block-button\">\n                                    <a href=\"https:\/\/www.wecity.com\/check\/?redirect=\/users\/web\/autoinvest\"  class=\"wp-block-button__link wp-element-button\"\n                                       title=\"Activa AInvest\" >\n                                        Activa AInvest                                    <\/a>\n                                <\/div>\n                            <\/div>\n                                                <\/div>\n                <\/div><!-- \/ .bloque-apertura__textos -->\n\t\t\t\t            <\/div><!-- \/ .container -->\n\n        <\/div><!-- \/ .bloque_apertura__contenedor -->\n\n    <\/div><!-- \/ .bloque-apertura -->\n\n\n\n    <div class=\"bloque bloque-fichas alignfull\" style=\"background:#f4faff\">\n        <div class=\"container\">\n\t\t\t                <h2 class=\"titulo-bloque\">\n\t\t\t\t\t\u00bfQu\u00e9 ventajas tiene <span class=\"ai-destacar\">AI<\/span>nvest?                <\/h2>\n\t\t\t\t\n            <ul class=\"fichas\">\n\n\t\t\t\t                        <li>\n                            <img decoding=\"async\" src=\"https:\/\/www.wecity.com\/wp-content\/uploads\/2025\/12\/foto-1_AInvest.jpg\"\n                                 width=\"400\"\n                                 height=\"400\" loading=\"lazy\"\n                                 alt=\"\"\/>\n\t\t\t\t\t\t\t                                <h3><span>INVERSI\u00d3N<\/span> INTELIGENTE<\/h3>\n\t\t\t\t\t\t\t<p>Obt\u00e9n el m\u00e1ximo rendimiento de tu capital gracias a un sistema que selecciona autom\u00e1ticamente las oportunidades seg\u00fan tus criterios.<\/p>\n                        <\/li>\n\t\t\t\t\t\t                        <li>\n                            <img decoding=\"async\" src=\"https:\/\/www.wecity.com\/wp-content\/uploads\/2025\/03\/foto2.webp\"\n                                 width=\"564\"\n                                 height=\"564\" loading=\"lazy\"\n                                 alt=\"\"\/>\n\t\t\t\t\t\t\t                                <h3><span>INVIERTE<\/span> POR TI<\/h3>\n\t\t\t\t\t\t\t<p>Configura tu estrategia y deja que AInvest ejecute las operaciones de forma autom\u00e1tica.<\/p>\n                        <\/li>\n\t\t\t\t\t\t                        <li>\n                            <img decoding=\"async\" src=\"https:\/\/www.wecity.com\/wp-content\/uploads\/2025\/12\/foto-3_AInvest.jpg\"\n                                 width=\"400\"\n                                 height=\"400\" loading=\"lazy\"\n                                 alt=\"\"\/>\n\t\t\t\t\t\t\t                                <h3><span>T\u00da<\/span> DECIDES<\/h3>\n\t\t\t\t\t\t\t<p>Elige la cantidad, el plazo, el tipo de inter\u00e9s y el nivel de riesgo: el control siempre est\u00e1 en tus manos.<\/p>\n                        <\/li>\n\t\t\t\t\t\t            <\/ul>\n        <\/div><!-- \/.container -->\n    <\/div><!-- \/.bloque-fichas -->\n\t\n\n\n    <div class=\"bloque bloque-acordeon contitulo alignfull\">\n        <div class=\"container\">\n\t\t\t                <div class=\"acordeon-contenido\">\n                    <h2 class=\"titulo-bloque\">\n\t\t\t\t\t\t\u00bfQu\u00e9 ajustes \u2028puedo <span>personalizar<\/span> con <\/span> <span class=\"ai-destacar\">AI<\/span>nvest?                    <\/h2>\n\t\t\t\t\t                        <div class=\"is-layout-flex wp-block-buttons boton boton--negro\">\n                            <div class=\"wp-block-button\">\n                                <a href=\"https:\/\/www.wecity.com\/check\/?redirect=\/users\/web\/autoinvest\" class=\"wp-block-button__link wp-element-button\">Activa AInvest<\/a>\n                            <\/div>\n                        <\/div>\n\t\t\t\t\t                <\/div>\n\t\t\t\t\n            <div class=\"acordeon\">\n\n\t\t\t\t                        <div>\n                            <h3>\n\t\t\t\t\t\t\t\t                                    <img decoding=\"async\" class=\"acordeon-icon\" src=\"https:\/\/www.wecity.com\/wp-content\/uploads\/2025\/03\/Icon_inversiones.webp\"\n                                         width=\"24\"\n                                         height=\"24\" loading=\"lazy\"\n                                         alt=\"Ticket m\u00e1ximo por operaci\u00f3n\"\/>\n\t\t\t\t\t\t\t\t\t<span>Ticket m\u00e1ximo por operaci\u00f3n<\/span>                                <img decoding=\"async\" class=\"mas-acordeon\"\n                                     src=\"https:\/\/www.wecity.com\/wp-content\/themes\/wecity23\/images\/mas-acordeon.png\"\n                                     width=\"22.52\"\n                                     height=\"24\" loading=\"lazy\"\n                                     alt=\"Ver m\u00e1s\"\/>\n                                <img decoding=\"async\" class=\"menos-acordeon\"\n                                     src=\"https:\/\/www.wecity.com\/wp-content\/themes\/wecity23\/images\/menos-acordeon.png\"\n                                     width=\"22.52\"\n                                     height=\"24\" loading=\"lazy\"\n                                     alt=\"Ver menos\"\/>\n                            <\/h3>\n                            <div class=\"acordeon-explicacion\">\n\t\t\t\t\t\t\t\t<p>A\u00f1ade la cantidad m\u00e1xima que est\u00e1s dispuesto a invertir por proyecto.<\/p>\n                            <\/div>\n                        <\/div>\n\t\t\t\t\t\t                        <div>\n                            <h3>\n\t\t\t\t\t\t\t\t                                    <img decoding=\"async\" class=\"acordeon-icon\" src=\"https:\/\/www.wecity.com\/wp-content\/uploads\/2025\/03\/icon_rentabilidad.webp\"\n                                         width=\"24\"\n                                         height=\"24\" loading=\"lazy\"\n                                         alt=\"Inter\u00e9s anual\"\/>\n\t\t\t\t\t\t\t\t\t<span>Inter\u00e9s anual<\/span>                                <img decoding=\"async\" class=\"mas-acordeon\"\n                                     src=\"https:\/\/www.wecity.com\/wp-content\/themes\/wecity23\/images\/mas-acordeon.png\"\n                                     width=\"22.52\"\n                                     height=\"24\" loading=\"lazy\"\n                                     alt=\"Ver m\u00e1s\"\/>\n                                <img decoding=\"async\" class=\"menos-acordeon\"\n                                     src=\"https:\/\/www.wecity.com\/wp-content\/themes\/wecity23\/images\/menos-acordeon.png\"\n                                     width=\"22.52\"\n                                     height=\"24\" loading=\"lazy\"\n                                     alt=\"Ver menos\"\/>\n                            <\/h3>\n                            <div class=\"acordeon-explicacion\">\n\t\t\t\t\t\t\t\t<p>Selecciona el tipo de inter\u00e9s anual m\u00ednimo a partir del que te gustar\u00eda invertir.<\/p>\n                            <\/div>\n                        <\/div>\n\t\t\t\t\t\t                        <div>\n                            <h3>\n\t\t\t\t\t\t\t\t                                    <img decoding=\"async\" class=\"acordeon-icon\" src=\"https:\/\/www.wecity.com\/wp-content\/uploads\/2025\/03\/Icon_inversiones-1.webp\"\n                                         width=\"24\"\n                                         height=\"24\" loading=\"lazy\"\n                                         alt=\"Plazo estimado\"\/>\n\t\t\t\t\t\t\t\t\t<span>Plazo estimado<\/span>                                <img decoding=\"async\" class=\"mas-acordeon\"\n                                     src=\"https:\/\/www.wecity.com\/wp-content\/themes\/wecity23\/images\/mas-acordeon.png\"\n                                     width=\"22.52\"\n                                     height=\"24\" loading=\"lazy\"\n                                     alt=\"Ver m\u00e1s\"\/>\n                                <img decoding=\"async\" class=\"menos-acordeon\"\n                                     src=\"https:\/\/www.wecity.com\/wp-content\/themes\/wecity23\/images\/menos-acordeon.png\"\n                                     width=\"22.52\"\n                                     height=\"24\" loading=\"lazy\"\n                                     alt=\"Ver menos\"\/>\n                            <\/h3>\n                            <div class=\"acordeon-explicacion\">\n\t\t\t\t\t\t\t\t<p>Selecciona el plazo m\u00e1ximo en meses del proyecto.<\/p>\n                            <\/div>\n                        <\/div>\n\t\t\t\t\t\t                        <div>\n                            <h3>\n\t\t\t\t\t\t\t\t                                    <img decoding=\"async\" class=\"acordeon-icon\" src=\"https:\/\/www.wecity.com\/wp-content\/uploads\/2025\/03\/Icon_Plazo.webp\"\n                                         width=\"24\"\n                                         height=\"24\" loading=\"lazy\"\n                                         alt=\"Rating\"\/>\n\t\t\t\t\t\t\t\t\t<span>Rating<\/span>                                <img decoding=\"async\" class=\"mas-acordeon\"\n                                     src=\"https:\/\/www.wecity.com\/wp-content\/themes\/wecity23\/images\/mas-acordeon.png\"\n                                     width=\"22.52\"\n                                     height=\"24\" loading=\"lazy\"\n                                     alt=\"Ver m\u00e1s\"\/>\n                                <img decoding=\"async\" class=\"menos-acordeon\"\n                                     src=\"https:\/\/www.wecity.com\/wp-content\/themes\/wecity23\/images\/menos-acordeon.png\"\n                                     width=\"22.52\"\n                                     height=\"24\" loading=\"lazy\"\n                                     alt=\"Ver menos\"\/>\n                            <\/h3>\n                            <div class=\"acordeon-explicacion\">\n\t\t\t\t\t\t\t\t<p>Secciona el tipo de riesgo que est\u00e1s dispuesto a asumir en base a la valoraci\u00f3n Rating de cada proyecto.<\/p>\n                            <\/div>\n                        <\/div>\n\t\t\t\t\t\t            <\/div>\n        <\/div><!-- \/.container -->\n    <\/div><!-- \/.bloque-fichas -->\n\t","protected":false},"excerpt":{"rendered":"","protected":false},"author":1,"featured_media":0,"parent":0,"menu_order":0,"comment_status":"closed","ping_status":"closed","template":"","meta":{"_acf_changed":false,"footnotes":""},"class_list":["post-25767","page","type-page","status-publish","hentry"],"acf":[],"_links":{"self":[{"href":"https:\/\/www.wecity.com\/fr\/wp-json\/wp\/v2\/pages\/25767","targetHints":{"allow":["GET"]}}],"collection":[{"href":"https:\/\/www.wecity.com\/fr\/wp-json\/wp\/v2\/pages"}],"about":[{"href":"https:\/\/www.wecity.com\/fr\/wp-json\/wp\/v2\/types\/page"}],"author":[{"embeddable":true,"href":"https:\/\/www.wecity.com\/fr\/wp-json\/wp\/v2\/users\/1"}],"replies":[{"embeddable":true,"href":"https:\/\/www.wecity.com\/fr\/wp-json\/wp\/v2\/comments?post=25767"}],"version-history":[{"count":1,"href":"https:\/\/www.wecity.com\/fr\/wp-json\/wp\/v2\/pages\/25767\/revisions"}],"predecessor-version":[{"id":25769,"href":"https:\/\/www.wecity.com\/fr\/wp-json\/wp\/v2\/pages\/25767\/revisions\/25769"}],"wp:attachment":[{"href":"https:\/\/www.wecity.com\/fr\/wp-json\/wp\/v2\/media?parent=25767"}],"curies":[{"name":"wp","href":"https:\/\/api.w.org\/{rel}","templated":true}]}}