{"id":20818,"date":"2025-09-10T08:20:00","date_gmt":"2025-09-10T06:20:00","guid":{"rendered":"https:\/\/www.wecity.com\/?page_id=20818"},"modified":"2025-12-18T10:26:13","modified_gmt":"2025-12-18T09:26:13","slug":"ou-investir-et-diversifier-5-000-euros","status":"publish","type":"page","link":"https:\/\/www.wecity.com\/fr\/ou-investir-et-diversifier-5-000-euros\/","title":{"rendered":"O\u00f9 investir et diversifier 5 000 euros ?"},"content":{"rendered":"\n<p>Investir 5 000 euros aujourd&rsquo;hui est plus facile et plus accessible que jamais. Pour bien faire, il faut savoir o\u00f9 placer son capital et se diversifier, c&rsquo;est-\u00e0-dire r\u00e9partir son argent sur plusieurs classes d&rsquo;actifs afin de r\u00e9duire les risques et d&rsquo;augmenter ses chances de faire des b\u00e9n\u00e9fices. <\/p>\n\n<p>Si vous choisissez les bons produits, ce chiffre peut constituer la premi\u00e8re \u00e9tape d&rsquo;un enrichissement durable. Voici comment proc\u00e9der, \u00e9tape par \u00e9tape. <\/p>\n\n<h2 class=\"wp-block-heading\"><a><\/a>Ce qu&rsquo;il faut prendre en compte avant d&rsquo;investir 5 000 \u00a4<\/h2>\n\n<p>Avant de d\u00e9cider o\u00f9 placer votre argent, il convient de passer en revue certains aspects essentiels qui feront la diff\u00e9rence pour votre investissement.<\/p>\n\n<ul class=\"wp-block-list\">\n<li><strong>Disposer d&rsquo;un <\/strong>fonds d&rsquo;urgence <strong>: <\/strong>avant d&rsquo;investir, assurez-vous de disposer d&rsquo;un fonds d&rsquo;urgence \u00e9quivalant \u00e0 trois \u00e0 six mois de d\u00e9penses. Vous vous prot\u00e9gez ainsi contre les impr\u00e9vus et \u00e9vitez de devoir vendre vos investissements \u00e0 des moments inopportuns. <\/li>\n\n\n\n<li><strong>D\u00e9finissez vos objectifs (horizon temporel, risque, liquidit\u00e9) : <\/strong>demandez-vous ce que vous souhaitez obtenir avec votre argent : recherchez-vous une croissance \u00e0 long terme, un revenu suppl\u00e9mentaire ou la s\u00e9curit\u00e9 de votre capital ? La d\u00e9finition d&rsquo;objectifs clairs vous aide \u00e0 choisir des produits adapt\u00e9s \u00e0 votre profil et \u00e0 votre horizon temporel.  <\/li>\n\n\n\n<li><strong>Faites la diff\u00e9rence entre l&rsquo;\u00e9pargne et l&rsquo;investissement : <\/strong>l&rsquo;\u00e9pargne consiste \u00e0 mettre de l&rsquo;argent de c\u00f4t\u00e9 en prenant peu de risques et en y acc\u00e9dant facilement, tandis que l<strong> &lsquo;investissement consiste \u00e0 faire fructifier votre argent<\/strong>, m\u00eame si cela implique un certain risque. En \u00e9tablissant clairement ces distinctions, vous \u00e9viterez les frustrations et les d\u00e9cisions h\u00e2tives. <\/li>\n<\/ul>\n\n<p>Une fois ces \u00e9l\u00e9ments clarifi\u00e9s, il est temps de d\u00e9couvrir <a href=\"https:\/\/www.wecity.com\/cuales-son-los-productos-de-inversion-ejemplos-para-principiantes\/\">les produits d&rsquo;investissement <\/a> disponibles pour faire fructifier votre argent.<\/p>\n\n<h2 class=\"wp-block-heading\"><a><\/a>D\u00e9p\u00f4ts et comptes r\u00e9mun\u00e9r\u00e9s<\/h2>\n\n<p>Les d\u00e9p\u00f4ts \u00e0 terme et les comptes r\u00e9mun\u00e9r\u00e9s sont des options d&rsquo;investissement s\u00fbres et peu risqu\u00e9es. Ils vous permettent de pr\u00e9server votre capital et d&rsquo;obtenir un rendement fixe, bien que g\u00e9n\u00e9ralement inf\u00e9rieur \u00e0 celui d&rsquo;autres actifs tels que les actions ou les fonds. <\/p>\n\n<p>Leur principal avantage est leur <strong>liquidit\u00e9 imm\u00e9diate ou programm\u00e9e<\/strong>, ce qui les rend id\u00e9aux pour le <strong>fonds d&rsquo;urgence<\/strong> ou pour ceux qui pr\u00e9f\u00e8rent un profil conservateur. Ils facilitent \u00e9galement la planification d&rsquo;objectifs \u00e0 court terme, car vous savez exactement combien vous gagnerez \u00e0 l&rsquo;\u00e9ch\u00e9ance du d\u00e9p\u00f4t ou au cours d&rsquo;une p\u00e9riode donn\u00e9e sur le compte r\u00e9mun\u00e9r\u00e9. <\/p>\n\n<h2 class=\"wp-block-heading\"><a><\/a>Actions : comment d\u00e9marrer avec de petits investissements<\/h2>\n\n<p>Investir dans des actions signifie acheter une participation dans une entreprise. Cela vous permet de b\u00e9n\u00e9ficier de la croissance de l&rsquo;entreprise, de percevoir des dividendes et, en cas de succ\u00e8s, de g\u00e9n\u00e9rer des b\u00e9n\u00e9fices \u00e0 moyen et long terme. <\/p>\n\n<p>Mais attention : les cours des actions peuvent fluctuer de mani\u00e8re impr\u00e9visible, il est donc important de <strong>ne pas concentrer tout votre capital dans une seule entreprise.<\/strong><\/p>\n\n<p>Pour <strong>quelqu&rsquo;un qui commence avec 5 000 euros<\/strong>, c&rsquo;est recommand\u00e9 :<\/p>\n\n<ul class=\"wp-block-list\">\n<li>Choisissez des entreprises <strong>stables<\/strong> qui affichent un <strong>historique de croissance stable<\/strong>.<\/li>\n\n\n\n<li>Examinez les <strong>mesures prises par les diff\u00e9rents secteurs<\/strong> pour r\u00e9duire les risques.<\/li>\n\n\n\n<li>Utilisez des plateformes qui vous permettent d&rsquo;acheter des actions <strong>fractionn\u00e9es<\/strong>, de sorte que vous puissiez vous diversifier m\u00eame avec un faible capital.<\/li>\n<\/ul>\n\n<p>L&rsquo;investissement en actions est id\u00e9al si vous recherchez un <strong>potentiel de croissance<\/strong>, mais il n\u00e9cessite de la patience et une certaine tol\u00e9rance \u00e0 la volatilit\u00e9.<\/p>\n\n<h2 class=\"wp-block-heading\"><a><\/a>Fonds et ETF : diversification automatique \u00e0 faible risque<\/h2>\n\n<p>Les fonds communs de placement et les fonds indiciels (ETF) mettent en commun l&rsquo;argent de nombreux investisseurs et le r\u00e9partissent dans un portefeuille diversifi\u00e9 d&rsquo;actions, d&rsquo;obligations ou d&rsquo;autres actifs. Cela signifie que, m\u00eame si votre investissement est modeste, votre argent est <strong>r\u00e9parti entre de nombreuses soci\u00e9t\u00e9s ou actifs<\/strong>, ce qui r\u00e9duit le risque de perte. <\/p>\n\n<ul class=\"wp-block-list\">\n<li><strong>Fonds \u00e0 gestion active :<\/strong> une \u00e9quipe de professionnels s\u00e9lectionne les actifs, mais les frais sont g\u00e9n\u00e9ralement plus \u00e9lev\u00e9s.<\/li>\n\n\n\n<li><strong>Les ETF ou fonds indiciels : ils<\/strong> reproduisent des indices entiers tels que l&rsquo;IBEX 35 ou le S&amp;P 500. <\/li>\n<\/ul>\n\n<p>Avec 5 000 euros, vous pouvez investir dans un ou plusieurs ETF pour couvrir diff\u00e9rents march\u00e9s ou secteurs, en obtenant une diversification <strong>sans complications<\/strong> et avec une bonne liquidit\u00e9 pour entrer ou sortir quand vous en avez besoin.<\/p>\n\n<h2 class=\"wp-block-heading\"><a><\/a>Investissement immobilier : acc\u00e9der au march\u00e9 sans acheter d&rsquo;appartement<\/h2>\n\n<p>Investir dans l&rsquo;immobilier ne signifie pas n\u00e9cessairement acheter un logement complet. Il existe aujourd&rsquo;hui des <strong>options accessibles<\/strong> telles que le crowdfunding immobilier ou le crowdlending, qui vous permettent d&rsquo;apporter des capitaux dans des projets de construction ou de location. <\/p>\n\n<p>Les <a href=\"https:\/\/www.wecity.com\/fr\/plateformes-dinvestissement-immobilier-ce-quelles-sont-et-comment-faire-le-bon-choix\/\">plateformes d&rsquo;investissement immobilier<\/a> telles que wecity vous permettent d&rsquo;investir \u00e0 partir de petits montants, ce qui facilite la diversification entre plusieurs projets et r\u00e9duit les risques.<\/p>\n\n<p><strong>Avantages :<\/strong><\/p>\n\n<ul class=\"wp-block-list\">\n<li>Possibilit\u00e9 de <strong>revenus locatifs ou de r\u00e9\u00e9valuation<\/strong>.<\/li>\n\n\n\n<li>Acc\u00e8s \u00e0 des projets auparavant r\u00e9serv\u00e9s aux grands investisseurs.<\/li>\n\n\n\n<li>Diversification de votre portefeuille d&rsquo;investissement sans engager la totalit\u00e9 de votre capital.<\/li>\n<\/ul>\n\n<p>Ce type d&rsquo;investissement allie une certaine <strong>stabilit\u00e9 \u00e0 des revenus r\u00e9currents<\/strong> et est optimal pour ceux qui cherchent \u00e0 compl\u00e9ter leurs investissements en bourse ou dans des fonds.<\/p>\n\n<h2 class=\"wp-block-heading\"><a><\/a>Investissements alternatifs : or, cryptocurrencies et REITs\/SOCIMIs<\/h2>\n\n<p>Les investissements alternatifs sont des actifs qui <strong>ne sont pas directement li\u00e9s au march\u00e9 boursier ou aux obligations traditionnelles<\/strong> et qui peuvent offrir des avantages uniques :<\/p>\n\n<ul class=\"wp-block-list\">\n<li>L<strong>&lsquo;or : une valeur<\/strong> refuge contre l&rsquo;inflation et la volatilit\u00e9 des march\u00e9s.<\/li>\n\n\n\n<li><strong>Les crypto-monnaies :<\/strong> tr\u00e8s volatiles, mais avec un fort potentiel de croissance. Elles peuvent g\u00e9n\u00e9rer des gains importants, mais aussi des pertes rapides, il est donc conseill\u00e9 de n&rsquo;y consacrer qu&rsquo;une petite partie de votre investissement. <\/li>\n\n\n\n<li><strong>FPI ou SOCIMI :<\/strong> fonds immobiliers cot\u00e9s en bourse qui permettent d&rsquo;investir dans des biens immobiliers sans les acheter. Ils g\u00e9n\u00e8rent des revenus locatifs et offrent souvent une liquidit\u00e9 similaire \u00e0 celle des actions. <\/li>\n<\/ul>\n\n<p>Ce type de classe d&rsquo;actifs permet de <strong>diversifier davantage votre portefeuille<\/strong>, de vous prot\u00e9ger contre des risques sp\u00e9cifiques et d&rsquo;acc\u00e9der \u00e0 des secteurs que les investissements traditionnels ne couvrent pas.<\/p>\n\n<h2 class=\"wp-block-heading\"><a><\/a>Exemple d&rsquo;un portefeuille diversifi\u00e9 avec 5 000 euros<\/h2>\n\n<p>Supposons que vous ayez <strong>\u00e9pargn\u00e9 5 000 euros et que vous souhaitiez les investir aujourd&rsquo;hui.<\/strong> L&rsquo;id\u00e9e est de r\u00e9partir le capital entre diff\u00e9rents actifs afin de <strong>r\u00e9duire les risques et d&rsquo;augmenter les chances de rendement<\/strong>. Une r\u00e9partition possible, sans qu&rsquo;il s&rsquo;agisse d&rsquo;une recommandation concr\u00e8te, pourrait \u00eatre la suivante :  <\/p>\n\n<ul class=\"wp-block-list\">\n<li><strong>Actions &#8211; 1 500 euros (30%)<\/strong><\/li>\n<\/ul>\n\n<p>Si vous voulez apprendre \u00e0 g\u00e9rer les march\u00e9s boursiers, achetez des <strong>actions d&rsquo;entreprises solides \u00e0 la croissance stable <\/strong>. Il est conseill\u00e9 de se r\u00e9partir entre <strong>3 ou 4 entreprises de secteurs diff\u00e9rents<\/strong> (technologie, consommation, sant\u00e9) afin de ne pas \u00eatre d\u00e9pendant d&rsquo;un seul secteur. <\/p>\n\n<p>Logique : il offre un potentiel de croissance \u00e0 moyen\/long terme et permet de b\u00e9n\u00e9ficier de dividendes.<\/p>\n\n<p>Mais cela ne fonctionne que si vous \u00eates pr\u00eat \u00e0 investir le temps n\u00e9cessaire pour vous former \u00e0 l&rsquo;analyse correcte de chaque action et \u00e0 son suivi. Dans le cas contraire, les fonds constituent une option plus confortable et plus abordable. <\/p>\n\n<ul class=\"wp-block-list\">\n<li><strong>Fonds et ETF &#8211; 1 500 euros (30%)<\/strong><\/li>\n<\/ul>\n\n<p>Investissez dans <strong>diff\u00e9rents<\/strong> fonds, par exemple : un fonds qui r\u00e9plique un indice national et un indice international, ou combinez un <strong>ETF d&rsquo;actions<\/strong> avec un <strong>fonds d&rsquo;obligations<\/strong> pour \u00e9quilibrer le risque et la stabilit\u00e9 pour les profils mod\u00e9r\u00e9s.<\/p>\n\n<p>Logique : diversification automatique, commissions r\u00e9duites et liquidit\u00e9 imm\u00e9diate si vous avez besoin de retirer de l&rsquo;argent.<\/p>\n\n<ul class=\"wp-block-list\">\n<li><strong>Investissement immobilier &#8211; 1 000 euros (20 %)<\/strong><\/li>\n<\/ul>\n\n<p>Participation \u00e0 des <strong>projets de crowdfunding immobilier ou de crowdlending<\/strong>, en r\u00e9partissant le capital entre <strong>2 ou 3 projets<\/strong> pour r\u00e9duire le risque sp\u00e9cifique de chaque bien.<\/p>\n\n<p>Logique : acc\u00e8s au march\u00e9 de l&rsquo;immobilier sans acheter un appartement entier, g\u00e9n\u00e9ration de revenus passifs sous forme de loyers ou de plus-values.<\/p>\n\n<ul class=\"wp-block-list\">\n<li><strong>Investissements alternatifs &#8211; 500 euros (10%)<\/strong><\/li>\n<\/ul>\n\n<p>L<strong>&lsquo;or ou les crypto-monnaies<\/strong> pour se prot\u00e9ger contre l&rsquo;inflation et explorer les opportunit\u00e9s de croissance. Limitez l&rsquo;exposition pour <strong>\u00e9viter la forte volatilit\u00e9<\/strong> de ces actifs. <\/p>\n\n<p>Logique : une petite partie du capital pour \u00e9quilibrer le risque et les opportunit\u00e9s de croissance.<\/p>\n\n<p><strong>D\u00e9p\u00f4ts et comptes r\u00e9mun\u00e9r\u00e9s &#8211; 500 euros (10 %)<\/strong><\/p>\n\n<p>Argent sur des <strong>comptes r\u00e9mun\u00e9r\u00e9s<\/strong>avec une grande s\u00e9curit\u00e9 et une liquidit\u00e9 imm\u00e9diate. Une bonne option pour disposer de fonds sans risque. <\/p>\n\n<p>Logique : conserver un capital liquide et s\u00fbr pour les urgences ou les besoins \u00e0 court terme.<\/p>\n\n<p><strong>Aper\u00e7u du portefeuille :<\/strong><\/p>\n\n<ul class=\"wp-block-list\">\n<li>Actions : 1 500 euros (30%)<\/li>\n\n\n\n<li>Fonds et ETF : 1 500 euros (30%)<\/li>\n\n\n\n<li>Investissement immobilier : 1 000 euros (20%)<\/li>\n\n\n\n<li>Alternatives (or\/crypto\/REITs) : 500 EUR (10%)<\/li>\n\n\n\n<li>D\u00e9p\u00f4ts et comptes r\u00e9mun\u00e9r\u00e9s : 500 EUR (10 %)<\/li>\n<\/ul>\n\n<p>Gr\u00e2ce \u00e0 cette allocation, <strong>chaque classe d&rsquo;actifs remplit une fonction diff\u00e9rente<\/strong>, allant de la croissance et des dividendes \u00e0 la stabilit\u00e9, aux revenus passifs et \u00e0 la protection contre le risque. Il s&rsquo;agit \u00e9galement d&rsquo;une <strong>strat\u00e9gie flexible<\/strong>, qui peut \u00eatre ajust\u00e9e en fonction de vos objectifs, de votre tol\u00e9rance au risque et de votre horizon temporel. <\/p>\n\n<p>Lorsque vous vous demandez <strong>o\u00f9 investir 5 000 \u20ac de<\/strong> mani\u00e8re strat\u00e9gique, essayez de r\u00e9fl\u00e9chir \u00e0 une formule qui \u00e9quilibre le risque et le potentiel de croissance. Pour ce faire, vous pouvez r\u00e9partir votre capital entre des actions, des fonds d&rsquo;investissement, des projets immobiliers et des actifs de diversification tels que l&rsquo;or, les cryptomonnaies ou les FPI. <\/p>\n\n<p>De cette mani\u00e8re, votre capital peut profiter des opportunit\u00e9s offertes par les diff\u00e9rents march\u00e9s tout en \u00e9tant prot\u00e9g\u00e9 contre la volatilit\u00e9 des march\u00e9s. Avec wecity, vous avez la possibilit\u00e9 de participer \u00e0 des <a href=\"https:\/\/www.wecity.com\/fr\/oportunites\/\">opportunit\u00e9s immobili\u00e8res de<\/a> mani\u00e8re simple et accessible, une mani\u00e8re pratique de commencer \u00e0 construire un patrimoine solide et de faire vos premiers pas vers un avenir financier plus s\u00fbr. <\/p>\n","protected":false},"excerpt":{"rendered":"<p>Investir 5 000 euros aujourd&rsquo;hui est plus facile et plus accessible que jamais. Pour bien faire, il faut savoir o\u00f9 [&hellip;]<\/p>\n","protected":false},"author":18,"featured_media":20813,"parent":0,"menu_order":0,"comment_status":"closed","ping_status":"closed","template":"","meta":{"_acf_changed":false,"footnotes":""},"class_list":["post-20818","page","type-page","status-publish","has-post-thumbnail","hentry"],"acf":[],"_links":{"self":[{"href":"https:\/\/www.wecity.com\/fr\/wp-json\/wp\/v2\/pages\/20818","targetHints":{"allow":["GET"]}}],"collection":[{"href":"https:\/\/www.wecity.com\/fr\/wp-json\/wp\/v2\/pages"}],"about":[{"href":"https:\/\/www.wecity.com\/fr\/wp-json\/wp\/v2\/types\/page"}],"author":[{"embeddable":true,"href":"https:\/\/www.wecity.com\/fr\/wp-json\/wp\/v2\/users\/18"}],"replies":[{"embeddable":true,"href":"https:\/\/www.wecity.com\/fr\/wp-json\/wp\/v2\/comments?post=20818"}],"version-history":[{"count":1,"href":"https:\/\/www.wecity.com\/fr\/wp-json\/wp\/v2\/pages\/20818\/revisions"}],"predecessor-version":[{"id":20819,"href":"https:\/\/www.wecity.com\/fr\/wp-json\/wp\/v2\/pages\/20818\/revisions\/20819"}],"wp:featuredmedia":[{"embeddable":true,"href":"https:\/\/www.wecity.com\/fr\/wp-json\/wp\/v2\/media\/20813"}],"wp:attachment":[{"href":"https:\/\/www.wecity.com\/fr\/wp-json\/wp\/v2\/media?parent=20818"}],"curies":[{"name":"wp","href":"https:\/\/api.w.org\/{rel}","templated":true}]}}