{"id":20071,"date":"2025-07-17T12:21:38","date_gmt":"2025-07-17T10:21:38","guid":{"rendered":"https:\/\/www.wecity.com\/?page_id=20071"},"modified":"2025-09-16T10:24:07","modified_gmt":"2025-09-16T08:24:07","slug":"inversores-de-wecity","status":"publish","type":"page","link":"https:\/\/www.wecity.com\/fr\/inversores-de-wecity\/","title":{"rendered":"wecity investisseurs"},"content":{"rendered":"\n<div class=\"wp-block-group alignfull apertura_cnmv has-background\" style=\"background-color:#f4f5f7\"><div class=\"wp-block-group__inner-container is-layout-constrained wp-block-group-is-layout-constrained\">\n<p>R\u00e8glement (UE) 2020\/15033<\/p>\n\n\n\n<h1 class=\"wp-block-heading\">Article 8.2  <\/h1>\n\n\n\n<p>Conform\u00e9ment \u00e0 l&rsquo;article 8.2 du r\u00e8glement (UE) 2020\/1503 du Parlement europ\u00e9en et du Conseil du 7 octobre 2020 relatif aux fournisseurs europ\u00e9ens de financement participatif, nous vous informons que dans le cadre de cette opportunit\u00e9, <strong>les partenaires, les dirigeants et les employ\u00e9s de wecity peuvent investir.<\/strong> <\/p>\n<\/div><\/div>\n\n\n\n<p><\/p>\n","protected":false},"excerpt":{"rendered":"<p>R\u00e8glement (UE) 2020\/15033 Article 8.2 Conform\u00e9ment \u00e0 l&rsquo;article 8.2 du r\u00e8glement (UE) 2020\/1503 du Parlement europ\u00e9en et du Conseil du [&hellip;]<\/p>\n","protected":false},"author":1,"featured_media":0,"parent":0,"menu_order":0,"comment_status":"closed","ping_status":"closed","template":"template-cnmv.php","meta":{"_acf_changed":false,"footnotes":""},"class_list":["post-20071","page","type-page","status-publish","hentry"],"acf":[],"_links":{"self":[{"href":"https:\/\/www.wecity.com\/fr\/wp-json\/wp\/v2\/pages\/20071","targetHints":{"allow":["GET"]}}],"collection":[{"href":"https:\/\/www.wecity.com\/fr\/wp-json\/wp\/v2\/pages"}],"about":[{"href":"https:\/\/www.wecity.com\/fr\/wp-json\/wp\/v2\/types\/page"}],"author":[{"embeddable":true,"href":"https:\/\/www.wecity.com\/fr\/wp-json\/wp\/v2\/users\/1"}],"replies":[{"embeddable":true,"href":"https:\/\/www.wecity.com\/fr\/wp-json\/wp\/v2\/comments?post=20071"}],"version-history":[{"count":2,"href":"https:\/\/www.wecity.com\/fr\/wp-json\/wp\/v2\/pages\/20071\/revisions"}],"predecessor-version":[{"id":20952,"href":"https:\/\/www.wecity.com\/fr\/wp-json\/wp\/v2\/pages\/20071\/revisions\/20952"}],"wp:attachment":[{"href":"https:\/\/www.wecity.com\/fr\/wp-json\/wp\/v2\/media?parent=20071"}],"curies":[{"name":"wp","href":"https:\/\/api.w.org\/{rel}","templated":true}]}}