{"id":10554,"date":"2023-11-28T10:10:06","date_gmt":"2023-11-28T09:10:06","guid":{"rendered":"https:\/\/www.wecity.com\/?page_id=10554"},"modified":"2024-10-15T10:18:23","modified_gmt":"2024-10-15T08:18:23","slug":"cnmv","status":"publish","type":"page","link":"https:\/\/www.wecity.com\/fr\/cnmv\/","title":{"rendered":"CNMV"},"content":{"rendered":"\n    <div class=\"bloque bloque_apertura confoto alignfull\" style=\"background:#e7f0ee url(https:\/\/www.wecity.com\/wp-content\/uploads\/2023\/11\/wecity-cnmv-3.jpg) no-repeat right bottom;\">\n\n        <div class=\"bloque_apertura__contenedor\">\n\n            <div class=\"container\">\n\n                <div class=\"bloque_apertura__textos\">\n                    <div>\n\n                        <p>CNMV<\/p>\n                        <h1 >\n                            Commission nationale du march\u00e9 des valeurs                                                    <\/h1>\n\n                        <p><strong>wecity<\/strong> est un prestataire de services de financement participatif autoris\u00e9 par la Commission nationale du march\u00e9 des valeurs (Comisi\u00f3n Nacional del Mercado de Valores).<\/p>\n<p>Nous sommes transparents et travaillons dans le meilleur int\u00e9r\u00eat de nos clients.<\/p>\n                    <\/div>\n                <\/div><!-- \/ .bloque-apertura__textos -->\n\t\t\t\t            <\/div><!-- \/ .container -->\n\n        <\/div><!-- \/ .bloque_apertura__contenedor -->\n\n    <\/div><!-- \/ .bloque-apertura -->\n\n\n\n<div style=\"height:30px\" aria-hidden=\"true\" class=\"wp-block-spacer\"><\/div>\n\n\n\n<div style=\"height:30px\" aria-hidden=\"true\" class=\"wp-block-spacer\"><\/div>\n\n\n\n<div class=\"wp-block-columns is-layout-flex wp-container-core-columns-is-layout-9d6595d7 wp-block-columns-is-layout-flex\">\n<div class=\"wp-block-column is-layout-flow wp-block-column-is-layout-flow\"><\/div>\n\n\n\n<div class=\"wp-block-column is-layout-flow wp-block-column-is-layout-flow\" style=\"flex-basis:500px\">\n<p class=\"has-text-align-center\"><strong>La Comisi\u00f3n Nacional del Mercado de Valores<\/strong> est un organisme de r\u00e9gulation ind\u00e9pendant rattach\u00e9 au secr\u00e9taire d&rsquo;\u00c9tat \u00e0 l&rsquo;\u00e9conomie et au soutien aux entreprises du minist\u00e8re des affaires \u00e9conomiques et de la transformation num\u00e9rique.<\/p>\n<\/div>\n\n\n\n<div class=\"wp-block-column is-layout-flow wp-block-column-is-layout-flow\"><\/div>\n<\/div>\n\n\n\n<div style=\"height:30px\" aria-hidden=\"true\" class=\"wp-block-spacer\"><\/div>\n\n\n\n<div class=\"wp-block-columns is-style-carrusel is-style-sin-separacion is-layout-flex wp-container-core-columns-is-layout-9d6595d7 wp-block-columns-is-layout-flex\">\n<div class=\"wp-block-column is-layout-flow wp-block-column-is-layout-flow\" style=\"flex-basis:17.31%\"><\/div>\n\n\n\n<div class=\"wp-block-column is-layout-flow wp-block-column-is-layout-flow\" style=\"flex-basis:33%\"><div class=\"wp-block-image\">\n<figure class=\"aligncenter size-full is-resized\"><img decoding=\"async\" width=\"60\" height=\"60\" src=\"https:\/\/www.wecity.com\/wp-content\/uploads\/2023\/11\/wecity-cnmv.png\" alt=\"\" class=\"wp-image-8597\" style=\"object-fit:cover;width:50px;height:50px\" srcset=\"https:\/\/www.wecity.com\/wp-content\/uploads\/2023\/11\/wecity-cnmv.png 60w, https:\/\/www.wecity.com\/wp-content\/uploads\/2023\/11\/wecity-cnmv-48x48.png 48w\" sizes=\"(max-width: 60px) 100vw, 60px\" \/><\/figure>\n<\/div>\n\n\n<p class=\"has-text-align-center has-normal-font-size\"><strong>Licence n\u00b0 9<\/strong><\/p>\n\n\n\n<div style=\"height:30px\" aria-hidden=\"true\" class=\"wp-block-spacer\"><\/div>\n\n\n\n<div class=\"wp-block-group is-content-justification-center is-nowrap is-layout-flex wp-container-core-group-is-layout-94bc23d7 wp-block-group-is-layout-flex\">\n<div class=\"wp-block-buttons is-layout-flex wp-block-buttons-is-layout-flex\">\n<div class=\"wp-block-button is-style-outline is-style-outline--1\"><a class=\"wp-block-button__link has-text-align-center wp-element-button\" href=\"https:\/\/www.cnmv.es\/portal\/consultas\/servicios-financiacion-participativa\/proveedor.aspx?vista=0&amp;nreg=9&amp;nif=B88317003&amp;lang=en\" target=\"_blank\" rel=\"noreferrer noopener nofollow\">Voir<\/a><\/div>\n<\/div>\n<\/div>\n\n\n\n<div style=\"height:16px\" aria-hidden=\"true\" class=\"wp-block-spacer\"><\/div>\n<\/div>\n\n\n\n<div class=\"wp-block-column is-layout-flow wp-block-column-is-layout-flow\" style=\"flex-basis:33%\"><div class=\"wp-block-image\">\n<figure class=\"aligncenter size-full is-resized\"><img decoding=\"async\" width=\"60\" height=\"60\" src=\"https:\/\/www.wecity.com\/wp-content\/uploads\/2023\/11\/wecity-actividades.png\" alt=\"\" class=\"wp-image-8601\" style=\"object-fit:cover;width:50px;height:50px\" srcset=\"https:\/\/www.wecity.com\/wp-content\/uploads\/2023\/11\/wecity-actividades.png 60w, https:\/\/www.wecity.com\/wp-content\/uploads\/2023\/11\/wecity-actividades-48x48.png 48w\" sizes=\"(max-width: 60px) 100vw, 60px\" \/><\/figure>\n<\/div>\n\n\n<p class=\"has-text-align-center has-normal-font-size\"><strong>Programme d&rsquo;activit\u00e9s<\/strong><\/p>\n\n\n\n<div style=\"height:30px\" aria-hidden=\"true\" class=\"wp-block-spacer\"><\/div>\n\n\n\n<div class=\"wp-block-group is-style-default is-content-justification-center is-nowrap is-layout-flex wp-container-core-group-is-layout-94bc23d7 wp-block-group-is-layout-flex\">\n<div class=\"wp-block-buttons is-layout-flex wp-block-buttons-is-layout-flex\">\n<div class=\"wp-block-button is-style-outline is-style-outline--2\"><a class=\"wp-block-button__link has-text-align-center wp-element-button\" href=\"https:\/\/www.wecity.com\/wp-content\/uploads\/2023\/12\/Programa-actividades-Cityprive-PSFP-SL.pdf\">Voir<\/a><\/div>\n<\/div>\n<\/div>\n\n\n\n<div style=\"height:16px\" aria-hidden=\"true\" class=\"wp-block-spacer\"><\/div>\n<\/div>\n\n\n\n<div class=\"wp-block-column is-layout-flow wp-block-column-is-layout-flow\" style=\"flex-basis:25%\"><\/div>\n<\/div>\n\n\n\n<div class=\"wp-block-cover alignfull is-light\" style=\"min-height:430px;aspect-ratio:unset;\"><span aria-hidden=\"true\" class=\"wp-block-cover__background has-background-dim-30 has-background-dim\"><\/span><img decoding=\"async\" width=\"1446\" height=\"463\" class=\"wp-block-cover__image-background wp-image-8586\" alt=\"\" src=\"https:\/\/www.wecity.com\/wp-content\/uploads\/2023\/11\/wecity-cnmv.jpg\" data-object-fit=\"cover\" srcset=\"https:\/\/www.wecity.com\/wp-content\/uploads\/2023\/11\/wecity-cnmv.jpg 1446w, https:\/\/www.wecity.com\/wp-content\/uploads\/2023\/11\/wecity-cnmv-300x96.jpg 300w, https:\/\/www.wecity.com\/wp-content\/uploads\/2023\/11\/wecity-cnmv-1024x328.jpg 1024w, https:\/\/www.wecity.com\/wp-content\/uploads\/2023\/11\/wecity-cnmv-768x246.jpg 768w\" sizes=\"(max-width: 1446px) 100vw, 1446px\" \/><div class=\"wp-block-cover__inner-container is-layout-flow wp-block-cover-is-layout-flow\">\n<p class=\"has-text-align-center has-large-font-size\"><\/p>\n<\/div><\/div>\n\n\n\n<div style=\"height:24px\" aria-hidden=\"true\" class=\"wp-block-spacer\"><\/div>\n\n\n\n<div class=\"wp-block-group is-vertical is-content-justification-center is-layout-flex wp-container-core-group-is-layout-4b2eccd6 wp-block-group-is-layout-flex\">\n<p class=\"has-text-align-center\" style=\"font-size:24px\"><strong>Information financi\u00e8re<\/strong><\/p>\n<\/div>\n\n\n\n<div class=\"wp-block-columns is-layout-flex wp-container-core-columns-is-layout-9d6595d7 wp-block-columns-is-layout-flex\">\n<div class=\"wp-block-column is-layout-flow wp-block-column-is-layout-flow\"><\/div>\n\n\n\n<div class=\"wp-block-column is-layout-flow wp-block-column-is-layout-flow\" style=\"flex-basis:500px\">\n<p class=\"has-text-align-center\">Il s&rsquo;agit des comptes annuels et des rapports d&rsquo;audit que <strong>wecity<\/strong> a d\u00e9pos\u00e9s aupr\u00e8s des registres officiels de la CNMV.<\/p>\n<\/div>\n\n\n\n<div class=\"wp-block-column is-layout-flow wp-block-column-is-layout-flow\"><\/div>\n<\/div>\n\n\n\n<div style=\"height:30px\" aria-hidden=\"true\" class=\"wp-block-spacer\"><\/div>\n\n\n\n<div class=\"wp-block-columns is-style-carrusel is-style-sin-separacion is-layout-flex wp-container-core-columns-is-layout-9d6595d7 wp-block-columns-is-layout-flex\">\n<div class=\"wp-block-column is-layout-flow wp-block-column-is-layout-flow\" style=\"flex-basis:15%\"><\/div>\n\n\n\n<div class=\"wp-block-column is-layout-flow wp-block-column-is-layout-flow\" style=\"flex-basis:25%\"><div class=\"wp-block-image\">\n<figure class=\"aligncenter size-full is-resized\"><img decoding=\"async\" width=\"60\" height=\"60\" src=\"https:\/\/www.wecity.com\/wp-content\/uploads\/2023\/11\/wecity-auditoria.png\" alt=\"\" class=\"wp-image-8605\" style=\"object-fit:contain;width:50px;height:50px\" srcset=\"https:\/\/www.wecity.com\/wp-content\/uploads\/2023\/11\/wecity-auditoria.png 60w, https:\/\/www.wecity.com\/wp-content\/uploads\/2023\/11\/wecity-auditoria-48x48.png 48w\" sizes=\"(max-width: 60px) 100vw, 60px\" \/><\/figure>\n<\/div>\n\n\n<p class=\"has-text-align-center\"><strong>Audit 2020<\/strong><\/p>\n\n\n\n<div style=\"height:30px\" aria-hidden=\"true\" class=\"wp-block-spacer\"><\/div>\n\n\n\n<div class=\"wp-block-group is-content-justification-center is-nowrap is-layout-flex wp-container-core-group-is-layout-94bc23d7 wp-block-group-is-layout-flex\">\n<div class=\"wp-block-buttons is-layout-flex wp-block-buttons-is-layout-flex\">\n<div class=\"wp-block-button is-style-outline is-style-outline--3\"><a class=\"wp-block-button__link wp-element-button\" href=\"https:\/\/www.wecity.com\/wp-content\/uploads\/2023\/02\/Cityprive_auditoria2020.pdf\" target=\"_blank\" rel=\"noreferrer noopener\">T\u00e9l\u00e9charger<\/a><\/div>\n<\/div>\n<\/div>\n\n\n\n<div style=\"height:16px\" aria-hidden=\"true\" class=\"wp-block-spacer\"><\/div>\n\n\n\n<p class=\"has-text-align-center has-text-color has-normal-font-size\" style=\"color:#001136\"><\/p>\n<\/div>\n\n\n\n<div class=\"wp-block-column is-layout-flow wp-block-column-is-layout-flow\" style=\"flex-basis:25%\"><div class=\"wp-block-image\">\n<figure class=\"aligncenter size-full is-resized\"><img decoding=\"async\" width=\"60\" height=\"60\" src=\"https:\/\/www.wecity.com\/wp-content\/uploads\/2023\/11\/wecity-auditoria.png\" alt=\"\" class=\"wp-image-8605\" style=\"object-fit:cover;width:50px;height:50px\" srcset=\"https:\/\/www.wecity.com\/wp-content\/uploads\/2023\/11\/wecity-auditoria.png 60w, https:\/\/www.wecity.com\/wp-content\/uploads\/2023\/11\/wecity-auditoria-48x48.png 48w\" sizes=\"(max-width: 60px) 100vw, 60px\" \/><\/figure>\n<\/div>\n\n\n<p class=\"has-text-align-center\"><strong>Audit 2021<\/strong><\/p>\n\n\n\n<div style=\"height:30px\" aria-hidden=\"true\" class=\"wp-block-spacer\"><\/div>\n\n\n\n<div class=\"wp-block-group is-content-justification-center is-nowrap is-layout-flex wp-container-core-group-is-layout-94bc23d7 wp-block-group-is-layout-flex\">\n<div class=\"wp-block-buttons is-layout-flex wp-block-buttons-is-layout-flex\">\n<div class=\"wp-block-button is-style-outline is-style-outline--4\"><a class=\"wp-block-button__link wp-element-button\" href=\"https:\/\/www.wecity.com\/wp-content\/uploads\/2023\/02\/CUENTAS-ANUALES-2021.pdf\" target=\"_blank\" rel=\"noreferrer noopener\">T\u00e9l\u00e9charger<\/a><\/div>\n<\/div>\n<\/div>\n\n\n\n<div style=\"height:16px\" aria-hidden=\"true\" class=\"wp-block-spacer\"><\/div>\n\n\n\n<p class=\"has-text-align-center has-text-color has-normal-font-size\" style=\"color:#001136\"><\/p>\n<\/div>\n\n\n\n<div class=\"wp-block-column is-layout-flow wp-block-column-is-layout-flow\" style=\"flex-basis:25%\"><div class=\"wp-block-image\">\n<figure class=\"aligncenter size-full is-resized\"><img decoding=\"async\" width=\"60\" height=\"60\" src=\"https:\/\/www.wecity.com\/wp-content\/uploads\/2023\/11\/wecity-auditoria.png\" alt=\"\" class=\"wp-image-8605\" style=\"object-fit:cover;width:50px;height:50px\" srcset=\"https:\/\/www.wecity.com\/wp-content\/uploads\/2023\/11\/wecity-auditoria.png 60w, https:\/\/www.wecity.com\/wp-content\/uploads\/2023\/11\/wecity-auditoria-48x48.png 48w\" sizes=\"(max-width: 60px) 100vw, 60px\" \/><\/figure>\n<\/div>\n\n\n<p class=\"has-text-align-center\"><strong>Audit 2022<\/strong><\/p>\n\n\n\n<div style=\"height:30px\" aria-hidden=\"true\" class=\"wp-block-spacer\"><\/div>\n\n\n\n<div class=\"wp-block-group is-content-justification-center is-nowrap is-layout-flex wp-container-core-group-is-layout-94bc23d7 wp-block-group-is-layout-flex\">\n<div class=\"wp-block-buttons is-layout-flex wp-block-buttons-is-layout-flex\">\n<div class=\"wp-block-button is-style-outline is-style-outline--5\"><a class=\"wp-block-button__link wp-element-button\" href=\"https:\/\/www.wecity.com\/wp-content\/uploads\/2023\/11\/CITYPRIVE-2022-cuentas-anuales-auditadas.pdf\" target=\"_blank\" rel=\"noreferrer noopener\">T\u00e9l\u00e9charger<\/a><\/div>\n<\/div>\n<\/div>\n\n\n\n<div style=\"height:16px\" aria-hidden=\"true\" class=\"wp-block-spacer\"><\/div>\n\n\n\n<p class=\"has-text-align-center has-text-color has-normal-font-size\" style=\"color:#001136\"><\/p>\n<\/div>\n\n\n\n<div class=\"wp-block-column is-layout-flow wp-block-column-is-layout-flow\" style=\"flex-basis:25%\"><div class=\"wp-block-image\">\n<figure class=\"aligncenter size-full is-resized\"><img decoding=\"async\" width=\"60\" height=\"60\" src=\"https:\/\/www.wecity.com\/wp-content\/uploads\/2023\/11\/wecity-auditoria.png\" alt=\"\" class=\"wp-image-8605\" style=\"object-fit:cover;width:50px;height:50px\" srcset=\"https:\/\/www.wecity.com\/wp-content\/uploads\/2023\/11\/wecity-auditoria.png 60w, https:\/\/www.wecity.com\/wp-content\/uploads\/2023\/11\/wecity-auditoria-48x48.png 48w\" sizes=\"(max-width: 60px) 100vw, 60px\" \/><\/figure>\n<\/div>\n\n\n<p class=\"has-text-align-center\"><strong>Audit 2023<\/strong><\/p>\n\n\n\n<div style=\"height:30px\" aria-hidden=\"true\" class=\"wp-block-spacer\"><\/div>\n\n\n\n<div class=\"wp-block-group is-content-justification-center is-nowrap is-layout-flex wp-container-core-group-is-layout-94bc23d7 wp-block-group-is-layout-flex\">\n<div class=\"wp-block-buttons is-layout-flex wp-block-buttons-is-layout-flex\">\n<div class=\"wp-block-button is-style-outline is-style-outline--6\"><a class=\"wp-block-button__link wp-element-button\" href=\"https:\/\/www.wecity.com\/wp-content\/uploads\/2024\/10\/CITYPRIVE-2023-cuentas-anuales-auditadas.pdf\" target=\"_blank\" rel=\"noreferrer noopener\">T\u00e9l\u00e9charger<\/a><\/div>\n<\/div>\n<\/div>\n\n\n\n<div style=\"height:16px\" aria-hidden=\"true\" class=\"wp-block-spacer\"><\/div>\n\n\n\n<p class=\"has-text-align-center has-text-color has-normal-font-size\" style=\"color:#001136\"><\/p>\n<\/div>\n\n\n\n<div class=\"wp-block-column is-layout-flow wp-block-column-is-layout-flow\" style=\"flex-basis:15%\"><\/div>\n<\/div>\n\n\n\n<div style=\"height:40px\" aria-hidden=\"true\" class=\"wp-block-spacer\"><\/div>\n\n\n\n<p class=\"has-text-align-center\" style=\"font-size:24px\"><strong>Loi sur la promotion<\/strong><br><strong>du financement des entreprises<\/strong><\/p>\n\n\n\n<p><\/p>\n\n\n\n<div class=\"wp-block-columns is-layout-flex wp-container-core-columns-is-layout-9d6595d7 wp-block-columns-is-layout-flex\">\n<div class=\"wp-block-column is-layout-flow wp-block-column-is-layout-flow\"><\/div>\n\n\n\n<div class=\"wp-block-column is-vertically-aligned-center is-layout-flow wp-block-column-is-layout-flow\" style=\"flex-basis:800px\">\n<p class=\"has-text-align-center has-small-font-size\">wecity se conforme<a href=\"https:\/\/www.boe.es\/buscar\/act.php?id=BOE-A-2015-4607&amp;p=20230318&amp;tn=1\" rel=\"nofollow noopener\" target=\"_blank\"> \u00e0 la loi 5\/2015 sur la promotion du financement des entreprises<\/a>. Elle met en garde contre les risques li\u00e9s \u00e0 la participation \u00e0 la souscription d&rsquo;actions, de participations ou d&rsquo;autres titres repr\u00e9sentatifs de capital et d&rsquo;obligations, le risque de perte totale ou partielle du capital investi, le risque de ne pas obtenir le rendement mon\u00e9taire escompt\u00e9, le risque de manque de liquidit\u00e9, le risque de dilution de la participation, le risque de ne pas recevoir de dividendes et le risque de ne pas pouvoir influer sur la gestion. Elle n&rsquo;est pas une soci\u00e9t\u00e9 de services d&rsquo;investissement ni un \u00e9tablissement de cr\u00e9dit et n&rsquo;est pas membre d&rsquo;un fonds de garantie des investissements ou d&rsquo;un fonds de garantie des d\u00e9p\u00f4ts. Les opportunit\u00e9s ne sont pas soumises \u00e0 l&rsquo;autorisation ou \u00e0 la supervision de la CNMV ou de la Banque d&rsquo;Espagne et les informations fournies par le promoteur n&rsquo;ont pas \u00e9t\u00e9 examin\u00e9es par elles et, dans le cas de l&rsquo;\u00e9mission de titres, elles ne constituent pas un prospectus approuv\u00e9 par la Commission nationale du march\u00e9 des valeurs. L&rsquo;investissement dans l&rsquo;immobilier doit se faire dans le cadre d&rsquo;un portefeuille diversifi\u00e9. wecity s&rsquo;adresse \u00e0 des investisseurs ayant des connaissances suffisantes pour comprendre les risques li\u00e9s \u00e0 l&rsquo;investissement dans des entreprises en phase de d\u00e9marrage.<\/p>\n<\/div>\n\n\n\n<div class=\"wp-block-column is-layout-flow wp-block-column-is-layout-flow\"><\/div>\n<\/div>\n\n\n\n<div style=\"height:25px\" aria-hidden=\"true\" class=\"wp-block-spacer\"><\/div>\n","protected":false},"excerpt":{"rendered":"<p>La Comisi\u00f3n Nacional del Mercado de Valores est un organisme de r\u00e9gulation ind\u00e9pendant rattach\u00e9 au secr\u00e9taire d&rsquo;\u00c9tat \u00e0 l&rsquo;\u00e9conomie et [&hellip;]<\/p>\n","protected":false},"author":3,"featured_media":0,"parent":0,"menu_order":3,"comment_status":"closed","ping_status":"closed","template":"","meta":{"_acf_changed":false,"footnotes":""},"class_list":["post-10554","page","type-page","status-publish","hentry"],"acf":[],"_links":{"self":[{"href":"https:\/\/www.wecity.com\/fr\/wp-json\/wp\/v2\/pages\/10554","targetHints":{"allow":["GET"]}}],"collection":[{"href":"https:\/\/www.wecity.com\/fr\/wp-json\/wp\/v2\/pages"}],"about":[{"href":"https:\/\/www.wecity.com\/fr\/wp-json\/wp\/v2\/types\/page"}],"author":[{"embeddable":true,"href":"https:\/\/www.wecity.com\/fr\/wp-json\/wp\/v2\/users\/3"}],"replies":[{"embeddable":true,"href":"https:\/\/www.wecity.com\/fr\/wp-json\/wp\/v2\/comments?post=10554"}],"version-history":[{"count":2,"href":"https:\/\/www.wecity.com\/fr\/wp-json\/wp\/v2\/pages\/10554\/revisions"}],"predecessor-version":[{"id":16474,"href":"https:\/\/www.wecity.com\/fr\/wp-json\/wp\/v2\/pages\/10554\/revisions\/16474"}],"wp:attachment":[{"href":"https:\/\/www.wecity.com\/fr\/wp-json\/wp\/v2\/media?parent=10554"}],"curies":[{"name":"wp","href":"https:\/\/api.w.org\/{rel}","templated":true}]}}