{"id":10191,"date":"2024-01-22T16:02:46","date_gmt":"2024-01-22T15:02:46","guid":{"rendered":"https:\/\/www.wecity.com\/servicio-de-atencion-al-cliente\/"},"modified":"2026-03-23T12:48:41","modified_gmt":"2026-03-23T11:48:41","slug":"servicio-de-atencion-al-cliente","status":"publish","type":"page","link":"https:\/\/www.wecity.com\/fr\/servicio-de-atencion-al-cliente\/","title":{"rendered":"Service client"},"content":{"rendered":"\n    <div class=\"bloque bloque_apertura sinfoto alignfull\" style=\"background:#f5f7f6\">\n\n        <div class=\"bloque_apertura__contenedor\">\n\n            <div class=\"container\">\n\n                <div class=\"bloque_apertura__textos\">\n                    <div>\n\n                        <p>Service client<\/p>\n                        <h1 class=\"conicono\">\n                            Bienvenue au service client\u00e8le de wecity                            <img decoding=\"async\" src=\"https:\/\/www.wecity.com\/wp-content\/uploads\/2024\/01\/wecity_icon_client.png\" width=\"100\" height=\"100\" \/>                        <\/h1>\n\n                        <p>Les communications \u00e0 ce service sont r\u00e9serv\u00e9es aux plaintes ou r\u00e9clamations. Pour toute autre question, veuillez nous contacter par les canaux habituels.<\/p>\n                    <\/div>\n                <\/div><!-- \/ .bloque-apertura__textos -->\n\t\t\t\t            <\/div><!-- \/ .container -->\n\n        <\/div><!-- \/ .bloque_apertura__contenedor -->\n\n    <\/div><!-- \/ .bloque-apertura -->\n\n\n\n<h2 class=\"wp-block-heading\">Canal de r\u00e9clamations<\/h2>\n\n\n\n<p>Si vous souhaitez d\u00e9poser une plainte en tant que client-investisseur individuel, veuillez remplir le formulaire de plainte <a href=\"https:\/\/www.wecity.com\/wp-content\/uploads\/2024\/01\/wecity_Claim_Individual_EN.pdf\">pour les particuliers.<\/a><\/p>\n\n\n\n<p>Si vous souhaitez d\u00e9poser une plainte en tant que client-investisseur d&rsquo;une entreprise, veuillez remplir le formulaire de plainte <a href=\"https:\/\/www.wecity.com\/wp-content\/uploads\/2024\/01\/wecity_Claim_Company_EN.pdf\">pour les entreprises.<\/a><\/p>\n\n\n\n<p>Envoyez votre formulaire par les canaux de communication suivants :<\/p>\n\n\n\n<p><strong>Adresse e-mail :<\/strong><\/p>\n\n\n\n<p><a href=\"mailto:reclamaciones@wecity.com\" target=\"_blank\" rel=\"noreferrer noopener\">reclamaciones@wecity.com<\/a><\/p>\n\n\n\n<p><strong>Adresse postale:<\/strong><\/p>\n\n\n\n<p>Service client de Cityprive PSFP SLU<br>Paseo de la Castellana, 8 | 28046 | MADRID.<\/p>\n\n\n\n<p>WECITY est tenu de traiter et de r\u00e9soudre les plaintes dans un d\u00e9lai de 30 jours calendaires \u00e0 compter de la r\u00e9ception de la plainte. Pour plus d&rsquo;informations, veuillez consulter nos informations de base \u00e0 l&rsquo;intention des investisseurs.<\/p>\n\n\n\n<p><strong>Fonctions du service client<\/strong>:<\/p>\n\n\n\n<ol class=\"wp-block-list\">\n<li>L&rsquo;instruction des dossiers trait\u00e9s pour traiter et r\u00e9soudre les plaintes et r\u00e9clamations pr\u00e9sent\u00e9es par les clients de wecity, soit directement, soit par l&rsquo;interm\u00e9diaire d&rsquo;un repr\u00e9sentant. Conform\u00e9ment aux dispositions de (i) l&rsquo;article 2, point 2 de l&rsquo;ordonnance ECO\/734\/2004, les plaintes et r\u00e9clamations des clients doivent se r\u00e9f\u00e9rer \u00e0 leurs int\u00e9r\u00eats et droits l\u00e9galement reconnus, qu&rsquo;ils d\u00e9coulent de contrats, de r\u00e9glementations en mati\u00e8re de transparence et de protection de la client\u00e8le ou de bonnes pratiques financi\u00e8res et utilise, en particulier, le principe d&rsquo;\u00e9quit\u00e9, et (ii) l&rsquo;article 7 du r\u00e8glement (UE) 2020\/1503 du Parlement europ\u00e9en et du Conseil sur le PSFP.<\/li>\n\n\n\n<li>Pr\u00e9senter, formuler et faire des rapports, des recommandations et des propositions \u00e0 wecity sur les aspects qui rel\u00e8vent de sa comp\u00e9tence et qu&rsquo;il consid\u00e8re comme pouvant favoriser les relations d&rsquo;\u00e9quit\u00e9 et de confiance qui devraient exister entre wecity et ses clients.<\/li>\n\n\n\n<li>Prendre une d\u00e9cision motiv\u00e9e dans un d\u00e9lai de 30 jours calendrier \u00e0 compter de la date de notification par wecity \u00e0 l&rsquo;utilisateur de la r\u00e9ception de la plainte ou de la r\u00e9clamation susmentionn\u00e9e. Une fois ce d\u00e9lai \u00e9coul\u00e9, le client peut saisir le service des plaintes de la CNMV.<\/li>\n<\/ol>\n\n\n\n<p>R\u00e9f\u00e9rence \u00e0 la r\u00e9glementation en mati\u00e8re de transparence et de protection des clients :<\/p>\n\n\n\n<p>WECITY informe ses utilisateurs que la r\u00e9glementation applicable en mati\u00e8re de transparence et de protection des clients, sans \u00eatre exhaustive, sera celle pr\u00e9vue par le R\u00e8glement (UE) 2020\/1503 du Parlement europ\u00e9en et du Conseil sur le PSFP, par la loi 5\/2015, du 27 avril, sur la promotion du financement des entreprises, et son r\u00e8glement d&rsquo;application, la Loi 2\/2009, du 31 mars, r\u00e9glementant la conclusion avec les consommateurs de contrats de pr\u00eats ou de cr\u00e9dits hypoth\u00e9caires et de services d&rsquo;interm\u00e9diation pour la conclusion de contrats de pr\u00eats ou de cr\u00e9dits hypoth\u00e9caires et de services d&rsquo;interm\u00e9diation pour la conclusion de contrats de pr\u00eats ou de cr\u00e9dits, et la Loi 16\/2011 du 24 juin sur les contrats de cr\u00e9dit \u00e0 la consommation.<\/p>\n","protected":false},"excerpt":{"rendered":"<p>Canal de r\u00e9clamations Si vous souhaitez d\u00e9poser une plainte en tant que client-investisseur individuel, veuillez remplir le formulaire de plainte [&hellip;]<\/p>\n","protected":false},"author":2,"featured_media":0,"parent":0,"menu_order":0,"comment_status":"closed","ping_status":"closed","template":"","meta":{"_acf_changed":false,"footnotes":""},"class_list":["post-10191","page","type-page","status-publish","hentry"],"acf":[],"_links":{"self":[{"href":"https:\/\/www.wecity.com\/fr\/wp-json\/wp\/v2\/pages\/10191","targetHints":{"allow":["GET"]}}],"collection":[{"href":"https:\/\/www.wecity.com\/fr\/wp-json\/wp\/v2\/pages"}],"about":[{"href":"https:\/\/www.wecity.com\/fr\/wp-json\/wp\/v2\/types\/page"}],"author":[{"embeddable":true,"href":"https:\/\/www.wecity.com\/fr\/wp-json\/wp\/v2\/users\/2"}],"replies":[{"embeddable":true,"href":"https:\/\/www.wecity.com\/fr\/wp-json\/wp\/v2\/comments?post=10191"}],"version-history":[{"count":2,"href":"https:\/\/www.wecity.com\/fr\/wp-json\/wp\/v2\/pages\/10191\/revisions"}],"predecessor-version":[{"id":24578,"href":"https:\/\/www.wecity.com\/fr\/wp-json\/wp\/v2\/pages\/10191\/revisions\/24578"}],"wp:attachment":[{"href":"https:\/\/www.wecity.com\/fr\/wp-json\/wp\/v2\/media?parent=10191"}],"curies":[{"name":"wp","href":"https:\/\/api.w.org\/{rel}","templated":true}]}}