{"id":6957,"date":"2023-12-19T12:56:31","date_gmt":"2023-12-19T11:56:31","guid":{"rendered":"https:\/\/www.wecity.com\/?page_id=6957"},"modified":"2024-01-03T11:54:43","modified_gmt":"2024-01-03T10:54:43","slug":"sustainable_development_goals","status":"publish","type":"page","link":"https:\/\/www.wecity.com\/en\/sustainable_development_goals\/","title":{"rendered":"SDG"},"content":{"rendered":"\n    <div class=\"bloque bloque_apertura confoto alignfull\" style=\"background:#f4faff url(https:\/\/www.wecity.com\/wp-content\/uploads\/2023\/12\/wecity_ODS_2.jpg) no-repeat right bottom;background-size: 681px !important\">\n\n        <div class=\"bloque_apertura__contenedor\">\n\n            <div class=\"container\">\n\n                <div class=\"bloque_apertura__textos\">\n                    <div>\n\n                        <p>Objetivos de Desarrollo Sostenible<\/p>\n                        <h1 >\n                            Comprometidos<br>con los ODS                                                    <\/h1>\n\n                        <p>Canalizamos financiaci\u00f3n hacia proyectos del sector inmobiliario y energ\u00eda renovable, y estamos alineados con los <strong>Objetivos de Desarrollo Sostenible<\/strong> de las <strong>Naciones Unidas<\/strong>, contribuyendo a avanzar hacia un mundo m\u00e1s sostenible y equitativo.<\/p>\n                    <\/div>\n                <\/div><!-- \/ .bloque-apertura__textos -->\n\t\t\t\t            <\/div><!-- \/ .container -->\n\n        <\/div><!-- \/ .bloque_apertura__contenedor -->\n\n    <\/div><!-- \/ .bloque-apertura -->\n\n\n\n<div style=\"height:25px\" aria-hidden=\"true\" class=\"wp-block-spacer\"><\/div>\n\n\n\n<div class=\"wp-block-group is-vertical is-content-justification-center is-layout-flex wp-container-core-group-is-layout-4b2eccd6 wp-block-group-is-layout-flex\">\n<figure class=\"wp-block-image size-full\"><img decoding=\"async\" width=\"227\" height=\"86\" src=\"https:\/\/www.wecity.com\/wp-content\/uploads\/2023\/10\/Objetivos-de-desarrollo-sostenible_logo.jpg\" alt=\"\" class=\"wp-image-7034\" style=\"aspect-ratio:2.63953488372093;object-fit:contain\"\/><\/figure>\n<\/div>\n\n\n\n<div style=\"height:25px\" aria-hidden=\"true\" class=\"wp-block-spacer\"><\/div>\n\n\n\n<div class=\"wp-block-columns is-layout-flex wp-container-core-columns-is-layout-9d6595d7 wp-block-columns-is-layout-flex\">\n<div class=\"wp-block-column is-layout-flow wp-block-column-is-layout-flow\"><\/div>\n\n\n\n<div class=\"wp-block-column is-layout-flow wp-block-column-is-layout-flow\">\n<p>En 2015, todos los Estados Miembros de las Naciones Unidas aprobaron 17 Objetivos como parte de la Agenda 2030 para el Desarrollo Sostenible.<br><br>Los <a href=\"https:\/\/www.un.org\/sustainabledevelopment\/es\/objetivos-de-desarrollo-sostenible\/\" data-type=\"link\" data-id=\"https:\/\/www.un.org\/sustainabledevelopment\/es\/objetivos-de-desarrollo-sostenible\/\" rel=\"nofollow noopener\" target=\"_blank\">Objetivos de Desarrollo Sostenible<\/a> (ODS) constituyen un llamamiento universal a la acci\u00f3n para poner fin a la pobreza, proteger el planeta y mejorar las vidas y las perspectivas de las personas en todo el mundo<\/p>\n<\/div>\n\n\n\n<div class=\"wp-block-column is-layout-flow wp-block-column-is-layout-flow\"><\/div>\n<\/div>\n\n\n\n<div class=\"wp-block-cover alignfull is-light\" style=\"min-height:430px;aspect-ratio:unset;\"><span aria-hidden=\"true\" class=\"wp-block-cover__background has-background-dim-30 has-background-dim\"><\/span><img decoding=\"async\" width=\"1440\" height=\"1080\" class=\"wp-block-cover__image-background wp-image-7066\" alt=\"\" src=\"https:\/\/www.wecity.com\/wp-content\/uploads\/2023\/10\/wecity-objetivos-desarrollo-sostenible-2.jpg\" style=\"object-position:50% 50%\" data-object-fit=\"cover\" data-object-position=\"50% 50%\" srcset=\"https:\/\/www.wecity.com\/wp-content\/uploads\/2023\/10\/wecity-objetivos-desarrollo-sostenible-2.jpg 1440w, https:\/\/www.wecity.com\/wp-content\/uploads\/2023\/10\/wecity-objetivos-desarrollo-sostenible-2-300x225.jpg 300w, https:\/\/www.wecity.com\/wp-content\/uploads\/2023\/10\/wecity-objetivos-desarrollo-sostenible-2-1024x768.jpg 1024w, https:\/\/www.wecity.com\/wp-content\/uploads\/2023\/10\/wecity-objetivos-desarrollo-sostenible-2-768x576.jpg 768w\" sizes=\"(max-width: 1440px) 100vw, 1440px\" \/><div class=\"wp-block-cover__inner-container is-layout-flow wp-block-cover-is-layout-flow\">\n<p class=\"has-text-align-center has-large-font-size\"><\/p>\n<\/div><\/div>\n\n\n\n<div style=\"height:50px\" aria-hidden=\"true\" class=\"wp-block-spacer\"><\/div>\n\n\n\n<div class=\"wp-block-group is-vertical is-content-justification-center is-layout-flex wp-container-core-group-is-layout-4b2eccd6 wp-block-group-is-layout-flex\">\n<p class=\"has-text-align-center\" style=\"font-size:24px\"><strong>Objetivos con los que<\/strong><br><strong>estamos alineados<\/strong><\/p>\n<\/div>\n\n\n\n<div style=\"height:40px\" aria-hidden=\"true\" class=\"wp-block-spacer\"><\/div>\n\n\n\n<div class=\"wp-block-columns is-style-carrusel is-style-sin-separacion is-layout-flex wp-container-core-columns-is-layout-9d6595d7 wp-block-columns-is-layout-flex\">\n<div class=\"wp-block-column is-layout-flow wp-block-column-is-layout-flow\" style=\"flex-basis:15%\"><\/div>\n\n\n\n<div class=\"wp-block-column is-layout-flow wp-block-column-is-layout-flow\" style=\"flex-basis:25%\"><div class=\"wp-block-image\">\n<figure class=\"aligncenter size-full\"><img decoding=\"async\" width=\"101\" height=\"100\" src=\"https:\/\/www.wecity.com\/wp-content\/uploads\/2023\/10\/ODS-7-wecity-2.jpg\" alt=\"\" class=\"wp-image-7091\" srcset=\"https:\/\/www.wecity.com\/wp-content\/uploads\/2023\/10\/ODS-7-wecity-2.jpg 101w, https:\/\/www.wecity.com\/wp-content\/uploads\/2023\/10\/ODS-7-wecity-2-80x80.jpg 80w, https:\/\/www.wecity.com\/wp-content\/uploads\/2023\/10\/ODS-7-wecity-2-48x48.jpg 48w\" sizes=\"(max-width: 101px) 100vw, 101px\" \/><\/figure>\n<\/div>\n\n\n<p class=\"has-text-align-center has-normal-font-size\"><strong>ODS 7<\/strong><\/p>\n\n\n\n<p class=\"has-text-align-center\"><strong>Energ\u00eda asequible y no contaminante<\/strong><\/p>\n\n\n\n<div style=\"height:16px\" aria-hidden=\"true\" class=\"wp-block-spacer\"><\/div>\n\n\n\n<p class=\"has-text-align-center has-text-color has-normal-font-size\" style=\"color:#001136\">Financiamos proyectos de energ\u00edas renovables y contribuimos directamente a facilitar la inversi\u00f3n en fuentes de energ\u00eda limpia.<\/p>\n<\/div>\n\n\n\n<div class=\"wp-block-column is-layout-flow wp-block-column-is-layout-flow\" style=\"flex-basis:25%\"><div class=\"wp-block-image\">\n<figure class=\"aligncenter size-full\"><img decoding=\"async\" width=\"101\" height=\"100\" src=\"https:\/\/www.wecity.com\/wp-content\/uploads\/2023\/10\/ODS-8-wecity.jpg\" alt=\"\" class=\"wp-image-7097\" srcset=\"https:\/\/www.wecity.com\/wp-content\/uploads\/2023\/10\/ODS-8-wecity.jpg 101w, https:\/\/www.wecity.com\/wp-content\/uploads\/2023\/10\/ODS-8-wecity-80x80.jpg 80w, https:\/\/www.wecity.com\/wp-content\/uploads\/2023\/10\/ODS-8-wecity-48x48.jpg 48w\" sizes=\"(max-width: 101px) 100vw, 101px\" \/><\/figure>\n<\/div>\n\n\n<p class=\"has-text-align-center has-normal-font-size\"><strong>ODS 8<\/strong><\/p>\n\n\n\n<p class=\"has-text-align-center\"><strong>Trabajo decente y crecimiento econ\u00f3mico<\/strong><\/p>\n\n\n\n<div style=\"height:16px\" aria-hidden=\"true\" class=\"wp-block-spacer\"><\/div>\n\n\n\n<p class=\"has-text-align-center has-text-color has-normal-font-size\" style=\"color:#001136\">Participamos en la generaci\u00f3n de empleo, est\u00edmulo econ\u00f3mico local y diversificaci\u00f3n de oportunidades de inversi\u00f3n.<\/p>\n<\/div>\n\n\n\n<div class=\"wp-block-column is-layout-flow wp-block-column-is-layout-flow\" style=\"flex-basis:25%\"><div class=\"wp-block-image\">\n<figure class=\"aligncenter size-full\"><img decoding=\"async\" width=\"100\" height=\"100\" src=\"https:\/\/www.wecity.com\/wp-content\/uploads\/2023\/10\/ODS-9-wecity.jpg\" alt=\"\" class=\"wp-image-7100\" srcset=\"https:\/\/www.wecity.com\/wp-content\/uploads\/2023\/10\/ODS-9-wecity.jpg 100w, https:\/\/www.wecity.com\/wp-content\/uploads\/2023\/10\/ODS-9-wecity-80x80.jpg 80w, https:\/\/www.wecity.com\/wp-content\/uploads\/2023\/10\/ODS-9-wecity-48x48.jpg 48w\" sizes=\"(max-width: 100px) 100vw, 100px\" \/><\/figure>\n<\/div>\n\n\n<p class=\"has-text-align-center has-normal-font-size\"><strong>ODS 9<\/strong><\/p>\n\n\n\n<p class=\"has-text-align-center\"><strong>Industria, innovaci\u00f3n e infraestructura.<\/strong><\/p>\n\n\n\n<div style=\"height:16px\" aria-hidden=\"true\" class=\"wp-block-spacer\"><\/div>\n\n\n\n<p class=\"has-text-align-center has-text-color has-normal-font-size\" style=\"color:#001136\">Promovemos el crecimiento econ\u00f3mico sostenible y fomentamos la innovaci\u00f3n en infraestructura y tecnolog\u00eda<\/p>\n<\/div>\n\n\n\n<div class=\"wp-block-column is-layout-flow wp-block-column-is-layout-flow\" style=\"flex-basis:15%\"><\/div>\n<\/div>\n\n\n\n<div style=\"height:25px\" aria-hidden=\"true\" class=\"wp-block-spacer\"><\/div>\n","protected":false},"excerpt":{"rendered":"<p>En 2015, todos los Estados Miembros de las Naciones Unidas aprobaron 17 Objetivos como parte de la Agenda 2030 para el Desarrollo Sostenible. Los Objetivos de Desarrollo Sostenible (ODS) constituyen [&hellip;]<\/p>\n","protected":false},"author":2,"featured_media":0,"parent":0,"menu_order":3,"comment_status":"closed","ping_status":"closed","template":"","meta":{"_acf_changed":false,"footnotes":""},"class_list":["post-6957","page","type-page","status-publish","hentry"],"acf":[],"_links":{"self":[{"href":"https:\/\/www.wecity.com\/en\/wp-json\/wp\/v2\/pages\/6957","targetHints":{"allow":["GET"]}}],"collection":[{"href":"https:\/\/www.wecity.com\/en\/wp-json\/wp\/v2\/pages"}],"about":[{"href":"https:\/\/www.wecity.com\/en\/wp-json\/wp\/v2\/types\/page"}],"author":[{"embeddable":true,"href":"https:\/\/www.wecity.com\/en\/wp-json\/wp\/v2\/users\/2"}],"replies":[{"embeddable":true,"href":"https:\/\/www.wecity.com\/en\/wp-json\/wp\/v2\/comments?post=6957"}],"version-history":[{"count":2,"href":"https:\/\/www.wecity.com\/en\/wp-json\/wp\/v2\/pages\/6957\/revisions"}],"predecessor-version":[{"id":9605,"href":"https:\/\/www.wecity.com\/en\/wp-json\/wp\/v2\/pages\/6957\/revisions\/9605"}],"wp:attachment":[{"href":"https:\/\/www.wecity.com\/en\/wp-json\/wp\/v2\/media?parent=6957"}],"curies":[{"name":"wp","href":"https:\/\/api.w.org\/{rel}","templated":true}]}}