{"id":2901,"date":"2023-02-06T09:28:41","date_gmt":"2023-02-06T08:28:41","guid":{"rendered":"https:\/\/www.wecity.com\/?page_id=2901"},"modified":"2023-03-18T10:29:27","modified_gmt":"2023-03-18T09:29:27","slug":"charity-policy","status":"publish","type":"page","link":"https:\/\/www.wecity.com\/en\/charity-policy\/","title":{"rendered":"Charity Policy"},"content":{"rendered":"\n    <div class=\"bloque bloque_apertura sinfoto alignfull\" style=\"background:#f4f5f7\">\n\n        <div class=\"bloque_apertura__contenedor\">\n\n            <div class=\"container\">\n\n                <div class=\"bloque_apertura__textos\">\n                    <div>\n\n                        <p>Charity Policy<\/p>\n                        <h1 >\n                            <em>\u201cLa pregunta m\u00e1s urgente y persistente en la vida es: \u00bfQu\u00e9 est\u00e1s haciendo por los dem\u00e1s?\u201d <\/em>                                                    <\/h1>\n\n                        <p><strong>@Martin Luther King<\/strong><\/p>\n                    <\/div>\n                <\/div><!-- \/ .bloque-apertura__textos -->\n\t\t\t\t            <\/div><!-- \/ .container -->\n\n        <\/div><!-- \/ .bloque_apertura__contenedor -->\n\n    <\/div><!-- \/ .bloque-apertura -->\n\n\n\n<div class=\"wp-block-group\"><div class=\"wp-block-group__inner-container is-layout-constrained wp-block-group-is-layout-constrained\">\n<h2 class=\"has-text-align-center wp-block-heading\">Charity Policy<\/h2>\n\n\n\n<p class=\"has-text-align-center\">&#8220;Sentimiento o actitud que impulsa a interesarse por las dem\u00e1s personas y a querer ayudarlas, especialmente a las m\u00e1s necesitadas.&#8221;<\/p>\n\n\n\n<p class=\"has-text-align-center\"><strong>@RAE<\/strong><\/p>\n<\/div><\/div>\n\n\n\n    <div class=\"bloque bloque-tipos bloque-tipos--generico\" >\n\n        <div class=\"container\">\n\n\t\t\t\n\t\t\t\n\t\t\t\n                                <ul class=\"bloque-tipos__wrapper\">\n\t\t\t\t\t                            <li class=\"bloque-tipos__tipo\">\n\t\t\t\t\t\t\t\t                                    <img decoding=\"async\" src=\"https:\/\/www.wecity.com\/wp-content\/uploads\/2023\/02\/Cero-comisiones-wecity.png\"\n                                         width=\"395\"\n                                         height=\"395\"\n                                         alt=\"\"  loading=\"lazy\"\/>\n\t\t\t\t\t\t\t\t\t\t\t\t\t\t\t\t                                    <h3>Comisiones<\/h3>\n\t\t\t\t\t\t\t\t\t\t\t\t\t\t\t\t<p>Para proyectos de financiaci\u00f3n a oportunidades inmobiliarias ligadas al beneficio social.<\/p>\n                            <\/li>\n\t\t\t\t\t\t\t\t\t\t\t                            <li class=\"bloque-tipos__tipo\">\n\t\t\t\t\t\t\t\t                                    <img decoding=\"async\" src=\"https:\/\/www.wecity.com\/wp-content\/uploads\/2023\/02\/Banco-de-Espana-wecity.png\"\n                                         width=\"393\"\n                                         height=\"361\"\n                                         alt=\"\"  loading=\"lazy\"\/>\n\t\t\t\t\t\t\t\t\t\t\t\t\t\t\t\t                                    <h3>Beneficios<\/h3>\n\t\t\t\t\t\t\t\t\t\t\t\t\t\t\t\t<p><strong>wecity<\/strong>\u00a0donar\u00e1 un 3% de sus beneficios a proyectos solidarios<\/p>\n                            <\/li>\n\t\t\t\t\t\t\t\t\t\t\t                            <li class=\"bloque-tipos__tipo\">\n\t\t\t\t\t\t\t\t                                    <img decoding=\"async\" src=\"https:\/\/www.wecity.com\/wp-content\/uploads\/2023\/02\/3-por-ciento-wecity.png\"\n                                         width=\"395\"\n                                         height=\"395\"\n                                         alt=\"\"  loading=\"lazy\"\/>\n\t\t\t\t\t\t\t\t\t\t\t\t\t\t\t\t                                    <h3>Vivienda protegida<\/h3>\n\t\t\t\t\t\t\t\t\t\t\t\t\t\t\t\t<p><strong>wecity<\/strong> aportar\u00e1 su tecnolog\u00eda gratuitamente a todos los Ayuntamientos para la promoci\u00f3n de vivienda protegida<\/p>\n                            <\/li>\n\t\t\t\t\t\t\t\t\t\t\t                <\/ul>\n\n                \t\t\t\n\t\t\t\n\t\t\t        <\/div><!-- \/ .container -->\n    <\/div><!-- \/ .bloque-tipos -->\n\n\n\n<div class=\"wp-block-group alignfull has-background\" style=\"background-color:#dce2de\"><div class=\"wp-block-group__inner-container is-layout-constrained wp-block-group-is-layout-constrained\">\n<div style=\"height:20px\" aria-hidden=\"true\" class=\"wp-block-spacer\"><\/div>\n\n\n\n<h2 class=\"has-text-align-center wp-block-heading\">Are you city?<br>Yes, wecity!<\/h2>\n\n\n\n<div style=\"height:20px\" aria-hidden=\"true\" class=\"wp-block-spacer\"><\/div>\n<\/div><\/div>\n","protected":false},"excerpt":{"rendered":"<p>Charity Policy &#8220;Sentimiento o actitud que impulsa a interesarse por las dem\u00e1s personas y a querer ayudarlas, especialmente a las [&hellip;]<\/p>\n","protected":false},"author":1,"featured_media":0,"parent":0,"menu_order":15,"comment_status":"closed","ping_status":"closed","template":"","meta":{"_acf_changed":false,"footnotes":""},"class_list":["post-2901","page","type-page","status-publish","hentry"],"acf":[],"_links":{"self":[{"href":"https:\/\/www.wecity.com\/en\/wp-json\/wp\/v2\/pages\/2901","targetHints":{"allow":["GET"]}}],"collection":[{"href":"https:\/\/www.wecity.com\/en\/wp-json\/wp\/v2\/pages"}],"about":[{"href":"https:\/\/www.wecity.com\/en\/wp-json\/wp\/v2\/types\/page"}],"author":[{"embeddable":true,"href":"https:\/\/www.wecity.com\/en\/wp-json\/wp\/v2\/users\/1"}],"replies":[{"embeddable":true,"href":"https:\/\/www.wecity.com\/en\/wp-json\/wp\/v2\/comments?post=2901"}],"version-history":[{"count":2,"href":"https:\/\/www.wecity.com\/en\/wp-json\/wp\/v2\/pages\/2901\/revisions"}],"predecessor-version":[{"id":2903,"href":"https:\/\/www.wecity.com\/en\/wp-json\/wp\/v2\/pages\/2901\/revisions\/2903"}],"wp:attachment":[{"href":"https:\/\/www.wecity.com\/en\/wp-json\/wp\/v2\/media?parent=2901"}],"curies":[{"name":"wp","href":"https:\/\/api.w.org\/{rel}","templated":true}]}}